{"id":469,"date":"2015-05-25T12:14:56","date_gmt":"2015-05-25T10:14:56","guid":{"rendered":"http:\/\/pages.pedf.cuni.cz\/khv\/?page_id=469"},"modified":"2016-01-05T14:17:23","modified_gmt":"2016-01-05T13:17:23","slug":"hra-na-nastroj","status":"publish","type":"page","link":"https:\/\/pages.pedf.cuni.cz\/khv\/studium\/navazujici-mgr-studium\/hra-na-nastroj\/","title":{"rendered":"Hra na n\u00e1stroj"},"content":{"rendered":"<ul class=\"list-pages-shortcode child-pages\"><li class=\"page_item page-item-477 page_item_has_children\"><a href=\"https:\/\/pages.pedf.cuni.cz\/khv\/studium\/navazujici-mgr-studium\/hra-na-nastroj\/statni-zaverecni-zkouska\/\">St\u00e1tn\u00ed z\u00e1v\u011bre\u010dn\u00e1 zkou\u0161ka<\/a>\n<ul class='children'>\n\t<li class=\"page_item page-item-486\"><a href=\"https:\/\/pages.pedf.cuni.cz\/khv\/studium\/navazujici-mgr-studium\/hra-na-nastroj\/statni-zaverecni-zkouska\/hra-na-klavir\/\">Hra na klav\u00edr<\/a><\/li>\n\t<li class=\"page_item page-item-488\"><a href=\"https:\/\/pages.pedf.cuni.cz\/khv\/studium\/navazujici-mgr-studium\/hra-na-nastroj\/statni-zaverecni-zkouska\/hra-na-housle\/\">Hra na housle<\/a><\/li>\n<\/ul>\n<\/li>\n<\/ul>\n","protected":false},"excerpt":{"rendered":"","protected":false},"author":422,"featured_media":0,"parent":431,"menu_order":2,"comment_status":"closed","ping_status":"closed","template":"","meta":{"footnotes":""},"class_list":["post-469","page","type-page","status-publish","hentry"],"_links":{"self":[{"href":"https:\/\/pages.pedf.cuni.cz\/khv\/wp-json\/wp\/v2\/pages\/469","targetHints":{"allow":["GET"]}}],"collection":[{"href":"https:\/\/pages.pedf.cuni.cz\/khv\/wp-json\/wp\/v2\/pages"}],"about":[{"href":"https:\/\/pages.pedf.cuni.cz\/khv\/wp-json\/wp\/v2\/types\/page"}],"author":[{"embeddable":true,"href":"https:\/\/pages.pedf.cuni.cz\/khv\/wp-json\/wp\/v2\/users\/422"}],"replies":[{"embeddable":true,"href":"https:\/\/pages.pedf.cuni.cz\/khv\/wp-json\/wp\/v2\/comments?post=469"}],"version-history":[{"count":0,"href":"https:\/\/pages.pedf.cuni.cz\/khv\/wp-json\/wp\/v2\/pages\/469\/revisions"}],"up":[{"embeddable":true,"href":"https:\/\/pages.pedf.cuni.cz\/khv\/wp-json\/wp\/v2\/pages\/431"}],"wp:attachment":[{"href":"https:\/\/pages.pedf.cuni.cz\/khv\/wp-json\/wp\/v2\/media?parent=469"}],"curies":[{"name":"wp","href":"https:\/\/api.w.org\/{rel}","templated":true}]}}