{"id":517,"date":"2015-05-25T14:14:05","date_gmt":"2015-05-25T12:14:05","guid":{"rendered":"http:\/\/pages.pedf.cuni.cz\/khv\/?page_id=517"},"modified":"2019-11-20T17:40:02","modified_gmt":"2019-11-20T16:40:02","slug":"bakalarske-a-diplomove-prace","status":"publish","type":"page","link":"https:\/\/pages.pedf.cuni.cz\/khv\/jine\/bakalarske-a-diplomove-prace\/","title":{"rendered":"Bakal\u00e1\u0159sk\u00e9 a diplomov\u00e9 pr\u00e1ce"},"content":{"rendered":"<p>[child pages]<\/p>\n","protected":false},"excerpt":{"rendered":"<p>[child pages]<\/p>\n","protected":false},"author":422,"featured_media":0,"parent":684,"menu_order":0,"comment_status":"closed","ping_status":"closed","template":"","meta":{"footnotes":""},"class_list":["post-517","page","type-page","status-publish","hentry"],"_links":{"self":[{"href":"https:\/\/pages.pedf.cuni.cz\/khv\/wp-json\/wp\/v2\/pages\/517","targetHints":{"allow":["GET"]}}],"collection":[{"href":"https:\/\/pages.pedf.cuni.cz\/khv\/wp-json\/wp\/v2\/pages"}],"about":[{"href":"https:\/\/pages.pedf.cuni.cz\/khv\/wp-json\/wp\/v2\/types\/page"}],"author":[{"embeddable":true,"href":"https:\/\/pages.pedf.cuni.cz\/khv\/wp-json\/wp\/v2\/users\/422"}],"replies":[{"embeddable":true,"href":"https:\/\/pages.pedf.cuni.cz\/khv\/wp-json\/wp\/v2\/comments?post=517"}],"version-history":[{"count":1,"href":"https:\/\/pages.pedf.cuni.cz\/khv\/wp-json\/wp\/v2\/pages\/517\/revisions"}],"predecessor-version":[{"id":3081,"href":"https:\/\/pages.pedf.cuni.cz\/khv\/wp-json\/wp\/v2\/pages\/517\/revisions\/3081"}],"up":[{"embeddable":true,"href":"https:\/\/pages.pedf.cuni.cz\/khv\/wp-json\/wp\/v2\/pages\/684"}],"wp:attachment":[{"href":"https:\/\/pages.pedf.cuni.cz\/khv\/wp-json\/wp\/v2\/media?parent=517"}],"curies":[{"name":"wp","href":"https:\/\/api.w.org\/{rel}","templated":true}]}}