{"id":532,"date":"2015-05-25T15:40:34","date_gmt":"2015-05-25T13:40:34","guid":{"rendered":"http:\/\/pages.pedf.cuni.cz\/khv\/?page_id=532"},"modified":"2015-05-25T15:50:54","modified_gmt":"2015-05-25T13:50:54","slug":"hurnikova-katerina","status":"publish","type":"page","link":"https:\/\/pages.pedf.cuni.cz\/khv\/profil-katedry\/pracovnici-katedry\/profily-vyucujicich\/hurnikova-katerina\/","title":{"rendered":"Hurn\u00edkov\u00e1 Kate\u0159ina, PhDr., Ph.D."},"content":{"rendered":"<table class=\"contentpaneopen\">\n<tbody>\n<tr>\n<td colspan=\"2\" valign=\"top\">\nKate\u0159ina Hurn\u00edkov\u00e1 po maturit\u011b na St\u0159edn\u00ed pedagogick\u00e9 \u0161kole absolvovala Pedagogickou fakultu UK v Praze, obor hudebn\u00ed v\u00fdchova &#8211; \u010desk\u00fd jazyk (1990). Na Akademii star\u00e9 hudby p\u0159i Filozofick\u00e9 fakult\u011b MU v Brn\u011b vystudovala hru na zobcovou fl\u00e9tnu v r\u00e1mci oboru teorie a provozovac\u00ed praxe star\u00e9 hudby (2003). Ve h\u0159e na tento n\u00e1troj se zdokonalovala i jako \u00fa\u010dastn\u00edk interpreta\u010dn\u00edch kurz\u016f pod veden\u00edm na\u0161ich i zahrani\u010dn\u00edch lektor\u016f (P. Zejfarta, R. Bakkera, P. Holtslaga, T. van Baarsela). V roce 2008 ukon\u010dila doktorandsk\u00e9 studium hudebn\u00ed teorie a pedagogiky na Pedagogick\u00e9 fakult\u011b UK obhajobou diserta\u010dn\u00ed pr\u00e1ce na t\u00e9ma V\u00fduka hry na zobcovou fl\u00e9tnu &#8211; od metodick\u00fdch probl\u00e9m\u016f k rozv\u00edjen\u00ed tvo\u0159ivosti.<\/p>\n<p>Vyu\u010dovala \u010de\u0161tinu a hudebn\u00ed v\u00fdchovu na St\u0159edn\u00ed pedagogick\u00e9 \u0161kole a Gymn\u00e1ziu v Praze 6, p\u016fsobila i jako pedagog na ZU\u0160 v Praze 9 a v Praze 8, kde u\u010dila hru na zobcovou fl\u00e9tnu a hudebn\u00ed nauku. Od roku 2001 p\u016fsob\u00ed na Pedagogick\u00e9 fakult\u011b UK, kde vyu\u010duje v oborech u\u010ditelstv\u00ed pro 1. stupe\u0148 (hudebn\u011bv\u00fdchovn\u00fd semin\u00e1\u0159, hra na zobcovou fl\u00e9tnu, d\u011bjiny hudby), u\u010ditelstv\u00ed pro mate\u0159sk\u00e9 \u0161koly (hra na Orffovy hudebn\u00ed n\u00e1stroje, hudebn\u011b poslechov\u00fd semin\u00e1\u0159) i u\u010ditelstv\u00ed VVP pro Z\u0160 a pro S\u0160 (d\u011bjiny \u010desk\u00e9 hudby, nauka o hudebn\u00edch n\u00e1stroj\u00edch, hra na altovou zobcovou fl\u00e9tnu).<\/p>\n<p>Vedle pedagogick\u00e9 pr\u00e1ce se v\u011bnuje i interpreta\u010dn\u00ed \u010dinnosti. Jako fl\u00e9tnistka se specializuje p\u0159edev\u0161\u00edm na hudbu barokn\u00ed a soudobou. Spolupracuje s komorn\u00edm souborem Harmonia delectabilis (CD v roce 2006). P\u016fsobila v porot\u011b Interpeta\u010dn\u00ed sout\u011b\u017ee pedagogick\u00fdch fakult (Praha 2008).<\/td>\n<\/tr>\n<\/tbody>\n<\/table>\n<p>&nbsp;<\/p>\n","protected":false},"excerpt":{"rendered":"<p>Kate\u0159ina Hurn\u00edkov\u00e1 po maturit\u011b na St\u0159edn\u00ed pedagogick\u00e9 \u0161kole absolvovala Pedagogickou fakultu UK v Praze, obor hudebn\u00ed v\u00fdchova &#8211; \u010desk\u00fd jazyk (1990). Na Akademii star\u00e9 hudby p\u0159i Filozofick\u00e9 fakult\u011b MU v Brn\u011b vystudovala hru na zobcovou fl\u00e9tnu v r\u00e1mci oboru teorie a provozovac\u00ed praxe star\u00e9 hudby (2003). Ve h\u0159e na tento n\u00e1troj se zdokonalovala i jako [&hellip;]<\/p>\n","protected":false},"author":422,"featured_media":0,"parent":271,"menu_order":3,"comment_status":"closed","ping_status":"closed","template":"","meta":{"footnotes":""},"class_list":["post-532","page","type-page","status-publish","hentry"],"_links":{"self":[{"href":"https:\/\/pages.pedf.cuni.cz\/khv\/wp-json\/wp\/v2\/pages\/532","targetHints":{"allow":["GET"]}}],"collection":[{"href":"https:\/\/pages.pedf.cuni.cz\/khv\/wp-json\/wp\/v2\/pages"}],"about":[{"href":"https:\/\/pages.pedf.cuni.cz\/khv\/wp-json\/wp\/v2\/types\/page"}],"author":[{"embeddable":true,"href":"https:\/\/pages.pedf.cuni.cz\/khv\/wp-json\/wp\/v2\/users\/422"}],"replies":[{"embeddable":true,"href":"https:\/\/pages.pedf.cuni.cz\/khv\/wp-json\/wp\/v2\/comments?post=532"}],"version-history":[{"count":0,"href":"https:\/\/pages.pedf.cuni.cz\/khv\/wp-json\/wp\/v2\/pages\/532\/revisions"}],"up":[{"embeddable":true,"href":"https:\/\/pages.pedf.cuni.cz\/khv\/wp-json\/wp\/v2\/pages\/271"}],"wp:attachment":[{"href":"https:\/\/pages.pedf.cuni.cz\/khv\/wp-json\/wp\/v2\/media?parent=532"}],"curies":[{"name":"wp","href":"https:\/\/api.w.org\/{rel}","templated":true}]}}