{"id":557,"date":"2015-05-25T16:15:04","date_gmt":"2015-05-25T14:15:04","guid":{"rendered":"http:\/\/pages.pedf.cuni.cz\/khv\/?page_id=557"},"modified":"2015-05-25T16:15:33","modified_gmt":"2015-05-25T14:15:33","slug":"perglerova-marka-doc-mga","status":"publish","type":"page","link":"https:\/\/pages.pedf.cuni.cz\/khv\/profil-katedry\/pracovnici-katedry\/profily-vyucujicich\/perglerova-marka-doc-mga\/","title":{"rendered":"Perglerov\u00e1 Marka, doc. MgA."},"content":{"rendered":"<p class=\"normalni\">nar. 7.3.1948<\/p>\n<p class=\"normalni\">Odborn\u00e9 vzd\u011bl\u00e1n\u00ed:<\/p>\n<p class=\"normalni\">St\u00e1tn\u00ed konzervato\u0159 Praha 1963-1969, obor hra na housle<\/p>\n<p class=\"normalni\">Hudebn\u00ed fakulta AMU Praha 1969-1973, obor hra na housle<\/p>\n<p class=\"normalni\">Habilitace: AMU Praha 1988, obor hra na housle<\/p>\n<p class=\"normalni\">Od roku 1974 p\u016fsob\u00ed na kated\u0159e hudebn\u00ed v\u00fdchovy Pedagogick\u00e9 fakulty Univerzity Karlovy v\u00a0Praze, kde vyu\u010duje hru na housle, improvizaci, komorn\u00ed hru, vede orchestr\u00e1ln\u00ed praxi a interpreta\u010dn\u00ed semin\u00e1\u0159e. Za v\u00fdznamnou aktivitu pova\u017euje veden\u00ed studentsk\u00e9ho komorn\u00edho orchestru COLLEGIUM PAEDAGOGICUM, se kter\u00fdm reprezentuje fakultu doma i v\u00a0zahrani\u010d\u00ed. S\u00a0t\u00edmto orchestrem vystupuje tak\u00e9 jako s\u00f3listka. O vysok\u00e9 \u00farovni souboru sv\u011bd\u010d\u00ed rozhlasov\u00e9 a televizn\u00ed nahr\u00e1vky. D\u00e1le se intenzivn\u011b v\u011bnuje p\u0159\u00edprav\u011b nejlep\u0161\u00edch student\u016f na celost\u00e1tn\u00ed sout\u011b\u017ee, takt\u00e9\u017e se skv\u011bl\u00fdmi v\u00fdsledky. P\u016fsob\u00ed tak\u00e9 jako lektorka na mimopra\u017esk\u00fdch setk\u00e1n\u00edch a festivalech amat\u00e9rsk\u00fdch komorn\u00edch soubor\u016f.<\/p>\n","protected":false},"excerpt":{"rendered":"<p>nar. 7.3.1948 Odborn\u00e9 vzd\u011bl\u00e1n\u00ed: St\u00e1tn\u00ed konzervato\u0159 Praha 1963-1969, obor hra na housle Hudebn\u00ed fakulta AMU Praha 1969-1973, obor hra na housle Habilitace: AMU Praha 1988, obor hra na housle Od roku 1974 p\u016fsob\u00ed na kated\u0159e hudebn\u00ed v\u00fdchovy Pedagogick\u00e9 fakulty Univerzity Karlovy v\u00a0Praze, kde vyu\u010duje hru na housle, improvizaci, komorn\u00ed hru, vede orchestr\u00e1ln\u00ed praxi a interpreta\u010dn\u00ed [&hellip;]<\/p>\n","protected":false},"author":422,"featured_media":0,"parent":271,"menu_order":10,"comment_status":"closed","ping_status":"closed","template":"","meta":{"footnotes":""},"class_list":["post-557","page","type-page","status-publish","hentry"],"_links":{"self":[{"href":"https:\/\/pages.pedf.cuni.cz\/khv\/wp-json\/wp\/v2\/pages\/557","targetHints":{"allow":["GET"]}}],"collection":[{"href":"https:\/\/pages.pedf.cuni.cz\/khv\/wp-json\/wp\/v2\/pages"}],"about":[{"href":"https:\/\/pages.pedf.cuni.cz\/khv\/wp-json\/wp\/v2\/types\/page"}],"author":[{"embeddable":true,"href":"https:\/\/pages.pedf.cuni.cz\/khv\/wp-json\/wp\/v2\/users\/422"}],"replies":[{"embeddable":true,"href":"https:\/\/pages.pedf.cuni.cz\/khv\/wp-json\/wp\/v2\/comments?post=557"}],"version-history":[{"count":0,"href":"https:\/\/pages.pedf.cuni.cz\/khv\/wp-json\/wp\/v2\/pages\/557\/revisions"}],"up":[{"embeddable":true,"href":"https:\/\/pages.pedf.cuni.cz\/khv\/wp-json\/wp\/v2\/pages\/271"}],"wp:attachment":[{"href":"https:\/\/pages.pedf.cuni.cz\/khv\/wp-json\/wp\/v2\/media?parent=557"}],"curies":[{"name":"wp","href":"https:\/\/api.w.org\/{rel}","templated":true}]}}