{"id":575,"date":"2015-05-25T16:57:59","date_gmt":"2015-05-25T14:57:59","guid":{"rendered":"http:\/\/pages.pedf.cuni.cz\/khv\/?page_id=575"},"modified":"2015-05-25T16:57:59","modified_gmt":"2015-05-25T14:57:59","slug":"volava-iva-mga-mgr","status":"publish","type":"page","link":"https:\/\/pages.pedf.cuni.cz\/khv\/profil-katedry\/pracovnici-katedry\/profily-vyucujicich\/volava-iva-mga-mgr\/","title":{"rendered":"Volav\u00e1 Iva, MgA. Mgr."},"content":{"rendered":"<p>MgA. Mgr. Iva Volav\u00e1 vyu\u010duje zp\u011bv na kated\u0159e hudebn\u00ed v\u00fdchovy Pedagogick\u00e9 fakulty University Karlovy v Praze.<\/p>\n<p>Po ukon\u010den\u00ed studia na P\u0159\u00edrodov\u011bdeck\u00e9 fakult\u011b Univerzity Jana Evangelisty Purkyn\u011b v Brn\u011b (dne\u0161n\u00ed Masarykovy univezity) a kr\u00e1tk\u00e9 praxi st\u0159edo\u0161kolsk\u00e9 profesorky fyziky vystudovala s\u00f3lov\u00fd zp\u011bv na Akademii muzick\u00fdch um\u011bn\u00ed v Praze ve t\u0159\u00edd\u011b doc. Teodora \u0160ruba\u0159e. P\u011bveck\u00e9 vzd\u011bl\u00e1n\u00ed roz\u0161\u00ed\u0159ila um\u011bleckou aspiranturou\u00a0 na AMU v Praze (\u0161kolitel Jarmila Vrchotov\u00e1-P\u00e1tov\u00e1) a v\u00fdb\u011brovou st\u00e1\u017e\u00ed ministerstva kultury \u010cSSR u p\u0159edn\u00ed s\u00f3listky opery v Bukure\u0161ti Marany Stoicy.<\/p>\n<p>Spolu s pedagogickou \u010dinnost\u00ed odborn\u00e9 asistentky se v\u011bnuje\u00a0 s\u00f3lov\u00e9 p\u011bveck\u00e9 koncertn\u00ed praxi v \u010cR\u00a0 i v zahrani\u010d\u00ed (Belgie, Slovensk\u00e1 republika, USA). Premi\u00e9rov\u011b nastudovala sc\u00e9nu z opery Eleny Petrov\u00e9 Kdyby se slunce nevr\u00e1tilo, \u010cty\u0159i japonsk\u00e9 p\u00edsn\u011b Seisko Tzukahary. Z nahr\u00e1vek pro \u010deskoslovensk\u00fd rozhlas jmenujme cyklus pro sopr\u00e1n a klav\u00edr Seven sonnets of Michelangelo od Benjamina Brittena, Tre poemi Luigi Dallapiccoly pro sopr\u00e1n a komorn\u00ed orchestr, p\u00eds\u0148ov\u00fd cyklus Zp\u00edv\u00e1no d\u011btem Lubom\u00edra Sluky.<\/p>\n<p>Pedagogick\u00e1 pr\u00e1ce je spojena s dlouholet\u00fdm veden\u00edm p\u011bveck\u00e9ho odd\u011blen\u00ed na kated\u0159e hudebn\u00ed v\u00fdchovy, p\u0159\u00edpravou student\u016f nejen na povol\u00e1n\u00ed u\u010ditele, tak\u00e9 pro uplatn\u011bn\u00ed na presti\u017en\u00edch s\u00f3lov\u00fdch p\u011bveck\u00fdch sout\u011b\u017e\u00edch a dal\u0161\u00ed s\u00f3lov\u00e9 p\u011bveck\u00e9 dr\u00e1ze. Je zv\u00e1na do porot p\u011bveck\u00fdch sout\u011b\u017e\u00ed, p\u016fsob\u00ed lektorsky na letn\u00edch p\u011bveck\u00fdch kurzech, nap\u0159.:<\/p>\n<ul>\n<li>2000\u20132005 \u2013 Mezin\u00e1rodn\u00ed p\u011bveck\u00fd kurz po\u0159\u00e1dan\u00fd v Praze ve spolupr\u00e1ci s Mnichovskou akademi\u00ed hudby<\/li>\n<li>2007 \u2013 Rota (\u0160pan\u011blsko)<\/li>\n<li>2010 Liberec \u2013 Letn\u00ed kurzy u\u010ditel\u016f hudebn\u00ed v\u00fdchovy<\/li>\n<li>2012 \u2013 Plze\u0148, Podpora talentu<\/li>\n<\/ul>\n","protected":false},"excerpt":{"rendered":"<p>MgA. Mgr. Iva Volav\u00e1 vyu\u010duje zp\u011bv na kated\u0159e hudebn\u00ed v\u00fdchovy Pedagogick\u00e9 fakulty University Karlovy v Praze. Po ukon\u010den\u00ed studia na P\u0159\u00edrodov\u011bdeck\u00e9 fakult\u011b Univerzity Jana Evangelisty Purkyn\u011b v Brn\u011b (dne\u0161n\u00ed Masarykovy univezity) a kr\u00e1tk\u00e9 praxi st\u0159edo\u0161kolsk\u00e9 profesorky fyziky vystudovala s\u00f3lov\u00fd zp\u011bv na Akademii muzick\u00fdch um\u011bn\u00ed v Praze ve t\u0159\u00edd\u011b doc. Teodora \u0160ruba\u0159e. P\u011bveck\u00e9 vzd\u011bl\u00e1n\u00ed roz\u0161\u00ed\u0159ila um\u011bleckou [&hellip;]<\/p>\n","protected":false},"author":422,"featured_media":0,"parent":271,"menu_order":18,"comment_status":"closed","ping_status":"closed","template":"","meta":{"footnotes":""},"class_list":["post-575","page","type-page","status-publish","hentry"],"_links":{"self":[{"href":"https:\/\/pages.pedf.cuni.cz\/khv\/wp-json\/wp\/v2\/pages\/575","targetHints":{"allow":["GET"]}}],"collection":[{"href":"https:\/\/pages.pedf.cuni.cz\/khv\/wp-json\/wp\/v2\/pages"}],"about":[{"href":"https:\/\/pages.pedf.cuni.cz\/khv\/wp-json\/wp\/v2\/types\/page"}],"author":[{"embeddable":true,"href":"https:\/\/pages.pedf.cuni.cz\/khv\/wp-json\/wp\/v2\/users\/422"}],"replies":[{"embeddable":true,"href":"https:\/\/pages.pedf.cuni.cz\/khv\/wp-json\/wp\/v2\/comments?post=575"}],"version-history":[{"count":0,"href":"https:\/\/pages.pedf.cuni.cz\/khv\/wp-json\/wp\/v2\/pages\/575\/revisions"}],"up":[{"embeddable":true,"href":"https:\/\/pages.pedf.cuni.cz\/khv\/wp-json\/wp\/v2\/pages\/271"}],"wp:attachment":[{"href":"https:\/\/pages.pedf.cuni.cz\/khv\/wp-json\/wp\/v2\/media?parent=575"}],"curies":[{"name":"wp","href":"https:\/\/api.w.org\/{rel}","templated":true}]}}