{"id":773,"date":"2015-10-25T13:56:16","date_gmt":"2015-10-25T12:56:16","guid":{"rendered":"http:\/\/pages.pedf.cuni.cz\/khv\/?page_id=773"},"modified":"2015-10-25T13:56:16","modified_gmt":"2015-10-25T12:56:16","slug":"predskolni-pedagogika-a-vychovatelstvi","status":"publish","type":"page","link":"https:\/\/pages.pedf.cuni.cz\/khv\/studium\/predskolni-pedagogika-a-vychovatelstvi\/","title":{"rendered":"P\u0159ed\u0161koln\u00ed pedagogika a Vychovatelstv\u00ed"},"content":{"rendered":"<ul class=\"list-pages-shortcode child-pages\"><li class=\"page_item page-item-819 page_item_has_children\"><a href=\"https:\/\/pages.pedf.cuni.cz\/khv\/studium\/predskolni-pedagogika-a-vychovatelstvi\/ucitelstvi-pro-ms\/\">Bakal\u00e1\u0159sk\u00e9 studium &#8211; U\u010ditelstv\u00ed pro M\u0160<\/a>\n<ul class='children'>\n\t<li class=\"page_item page-item-821\"><a href=\"https:\/\/pages.pedf.cuni.cz\/khv\/studium\/predskolni-pedagogika-a-vychovatelstvi\/ucitelstvi-pro-ms\/studijni-materialy-ke-stazeni\/\">Studijn\u00ed materi\u00e1ly ke sta\u017een\u00ed<\/a><\/li>\n<\/ul>\n<\/li>\n<\/ul>\n","protected":false},"excerpt":{"rendered":"","protected":false},"author":422,"featured_media":0,"parent":27,"menu_order":4,"comment_status":"closed","ping_status":"closed","template":"","meta":{"footnotes":""},"class_list":["post-773","page","type-page","status-publish","hentry"],"_links":{"self":[{"href":"https:\/\/pages.pedf.cuni.cz\/khv\/wp-json\/wp\/v2\/pages\/773","targetHints":{"allow":["GET"]}}],"collection":[{"href":"https:\/\/pages.pedf.cuni.cz\/khv\/wp-json\/wp\/v2\/pages"}],"about":[{"href":"https:\/\/pages.pedf.cuni.cz\/khv\/wp-json\/wp\/v2\/types\/page"}],"author":[{"embeddable":true,"href":"https:\/\/pages.pedf.cuni.cz\/khv\/wp-json\/wp\/v2\/users\/422"}],"replies":[{"embeddable":true,"href":"https:\/\/pages.pedf.cuni.cz\/khv\/wp-json\/wp\/v2\/comments?post=773"}],"version-history":[{"count":0,"href":"https:\/\/pages.pedf.cuni.cz\/khv\/wp-json\/wp\/v2\/pages\/773\/revisions"}],"up":[{"embeddable":true,"href":"https:\/\/pages.pedf.cuni.cz\/khv\/wp-json\/wp\/v2\/pages\/27"}],"wp:attachment":[{"href":"https:\/\/pages.pedf.cuni.cz\/khv\/wp-json\/wp\/v2\/media?parent=773"}],"curies":[{"name":"wp","href":"https:\/\/api.w.org\/{rel}","templated":true}]}}