{"id":95,"date":"2015-03-26T08:35:23","date_gmt":"2015-03-26T08:35:23","guid":{"rendered":"http:\/\/pages.pedf.cuni.cz\/khv\/?page_id=95"},"modified":"2026-01-31T16:52:54","modified_gmt":"2026-01-31T15:52:54","slug":"kontakt","status":"publish","type":"page","link":"https:\/\/pages.pedf.cuni.cz\/khv\/kontakt-2\/kontakt\/","title":{"rendered":"Kontakty"},"content":{"rendered":"\n<p>Katedra hudebn\u00ed v\u00fdchovy<br>Magdal\u00e9ny Rettigov\u00e9 4<br>116 39 Praha 1<\/p>\n\n\n\n<div class=\"wp-block-columns is-layout-flex wp-container-core-columns-is-layout-9d6595d7 wp-block-columns-is-layout-flex\">\n<div class=\"wp-block-column is-layout-flow wp-block-column-is-layout-flow\" style=\"flex-basis:100%\">\n<figure class=\"wp-block-table  alignleft\"><table class=\"has-fixed-layout\"><thead><tr><td>&nbsp;<\/td><td>telefon&nbsp;&nbsp;&nbsp;&nbsp;&nbsp;&nbsp;&nbsp;&nbsp;&nbsp;&nbsp;&nbsp;&nbsp;&nbsp;&nbsp;&nbsp;&nbsp;&nbsp;&nbsp;&nbsp;<\/td><td>e-mail<\/td><\/tr><tr><td>vedouc\u00ed katedry<\/td><td>+420 221 900 164<\/td><td><a href=\"mailto:marek.valasek@pedf.cuni.cz\" target=\"_blank\" rel=\"noopener noreferrer\">marek.valasek@pedf.cuni.cz<\/a><\/td><\/tr><tr><td>z\u00e1stupce vedouc\u00edho<\/td><td>+420 221 900 164<\/td><td><a href=\"mailto:leona.striteska@pedf.cuni.cz\">leona.striteska@pedf.cuni.cz<\/a><\/td><\/tr><tr><td>tajemn\u00edk katedry<\/td><td>+420 221 900 433<\/td><td><a href=\"mailto:milena.sejvlova@pedf.cuni.cz\">milena.sejvlova@pedf.cuni.cz<\/a><\/td><\/tr><tr><td>tajemn\u00edk katedry<\/td><td>+420 221 900 433<\/td><td><a href=\"mailto:zuzana.selcanova@pedf.cuni.cz\" target=\"_blank\" rel=\"noopener noreferrer\">zuzana.vitova@pedf.cuni.cz<\/a><\/td><\/tr><tr><td>kontaktn\u00ed osoba pro studenty se specifick\u00fdmi pot\u0159ebami<p><\/p>\n<p>Erasmus koordin\u00e1tor<\/p>\n<\/td><td><\/td><td><br><p><a href=\"mailto:magdalena.salakova@pedf.cuni.cz\">magdalena.salakova@pedf.cuni.cz<\/a><\/p><br><p><a href=\"mailto:gabriela.kubatova@pedf.cuni.cz\">gabriela.kubatova@pedf.cuni.cz <\/a><\/p><br><\/td><\/tr><tr><td>pracovna KHV<\/td><td>+420 221 900 284<\/td><td>&nbsp;<\/td><\/tr><\/thead><\/table><\/figure>\n<\/div>\n<\/div>\n\n\n\n<p><\/p>\n","protected":false},"excerpt":{"rendered":"<p>Katedra hudebn\u00ed v\u00fdchovyMagdal\u00e9ny Rettigov\u00e9 4116 39 Praha 1 &nbsp; telefon&nbsp;&nbsp;&nbsp;&nbsp;&nbsp;&nbsp;&nbsp;&nbsp;&nbsp;&nbsp;&nbsp;&nbsp;&nbsp;&nbsp;&nbsp;&nbsp;&nbsp;&nbsp;&nbsp; e-mail vedouc\u00ed katedry +420 221 900 164 marek.valasek@pedf.cuni.cz z\u00e1stupce vedouc\u00edho +420 221 900 164 leona.striteska@pedf.cuni.cz tajemn\u00edk katedry +420 221 900 433 milena.sejvlova@pedf.cuni.cz tajemn\u00edk katedry +420 221 900 433 zuzana.vitova@pedf.cuni.cz kontaktn\u00ed osoba pro studenty se specifick\u00fdmi pot\u0159ebami Erasmus koordin\u00e1tor magdalena.salakova@pedf.cuni.cz gabriela.kubatova@pedf.cuni.cz pracovna KHV +420 221 900 [&hellip;]<\/p>\n","protected":false},"author":421,"featured_media":0,"parent":229,"menu_order":1,"comment_status":"closed","ping_status":"closed","template":"","meta":{"footnotes":""},"class_list":["post-95","page","type-page","status-publish","hentry"],"_links":{"self":[{"href":"https:\/\/pages.pedf.cuni.cz\/khv\/wp-json\/wp\/v2\/pages\/95","targetHints":{"allow":["GET"]}}],"collection":[{"href":"https:\/\/pages.pedf.cuni.cz\/khv\/wp-json\/wp\/v2\/pages"}],"about":[{"href":"https:\/\/pages.pedf.cuni.cz\/khv\/wp-json\/wp\/v2\/types\/page"}],"author":[{"embeddable":true,"href":"https:\/\/pages.pedf.cuni.cz\/khv\/wp-json\/wp\/v2\/users\/421"}],"replies":[{"embeddable":true,"href":"https:\/\/pages.pedf.cuni.cz\/khv\/wp-json\/wp\/v2\/comments?post=95"}],"version-history":[{"count":46,"href":"https:\/\/pages.pedf.cuni.cz\/khv\/wp-json\/wp\/v2\/pages\/95\/revisions"}],"predecessor-version":[{"id":6472,"href":"https:\/\/pages.pedf.cuni.cz\/khv\/wp-json\/wp\/v2\/pages\/95\/revisions\/6472"}],"up":[{"embeddable":true,"href":"https:\/\/pages.pedf.cuni.cz\/khv\/wp-json\/wp\/v2\/pages\/229"}],"wp:attachment":[{"href":"https:\/\/pages.pedf.cuni.cz\/khv\/wp-json\/wp\/v2\/media?parent=95"}],"curies":[{"name":"wp","href":"https:\/\/api.w.org\/{rel}","templated":true}]}}