{"id":25,"date":"2018-05-18T23:30:23","date_gmt":"2018-05-18T21:30:23","guid":{"rendered":"http:\/\/pages.pedf.cuni.cz\/konference-ctu\/?page_id=25"},"modified":"2024-05-20T22:37:24","modified_gmt":"2024-05-20T20:37:24","slug":"prihlasovani","status":"publish","type":"page","link":"https:\/\/pages.pedf.cuni.cz\/konference-ctu\/prihlasovani\/","title":{"rendered":"P\u0159ihla\u0161ov\u00e1n\u00ed"},"content":{"rendered":"<p><span style=\"color: #dc143c\"><b><span style=\"color: #0000ff\"><b><strong>Aktu\u00e1ln\u011b p\u0159ipravujeme nadch\u00e1zej\u00edc\u00ed konferenci Po\u010d\u00e1te\u010dn\u00ed \u010dten\u00ed: \u010dtu a st\u00e1v\u00e1m se \u010dten\u00e1\u0159em, kter\u00e1 se uskute\u010dn\u00ed 25.9. 2024.<\/strong><\/b><\/span><br \/>\n<\/b><\/span><\/p>\n<p><strong>P\u0159ihla\u0161ov\u00e1n\u00ed<\/strong><\/p>\n<ul>\n<li>P\u0159ihl\u00e1\u0161en\u00ed k aktivn\u00ed \u00fa\u010dasti na konferenci do 12.7.2024<\/li>\n<li>Zasl\u00e1n\u00ed abstrakt\u016f v\u010detn\u011b posterov\u00e9 sekce do 12.7.2024<\/li>\n<li>Potvrzen\u00ed o p\u0159ijet\u00ed p\u0159\u00edsp\u011bvku do 31.7.2024<\/li>\n<li>Program konference bude zve\u0159ejn\u011bn 26.8.2024<\/li>\n<li>P\u0159ihl\u00e1\u0161en\u00ed k pasivn\u00ed \u00fa\u010dasti na konferenci do 9.9.2024<\/li>\n<\/ul>\n<p><strong>Registrace k aktivn\u00ed \u00fa\u010dasti <a href=\"https:\/\/docs.google.com\/forms\/d\/e\/1FAIpQLSeyjNoQwzA40it3IsWTR2RC055V2fVkECR7BY8Y1563X0fs1g\/viewform\"><span style=\"color: #0000ff\">zde<\/span><\/a>.<br \/>\n<\/strong><\/p>\n<p><strong>Registrace k pasivn\u00ed \u00fa\u010dasti <span style=\"color: #0000ff\"><a style=\"color: #0000ff\" href=\"https:\/\/docs.google.com\/forms\/d\/e\/1FAIpQLScTbhXEmg0LqaitNPYosLTMywODzSsPKrufMuLlrGs2Kj-7Dw\/viewform\">zde<\/a><\/span>.<br \/>\n<\/strong><\/p>\n<p><strong>Konference je vhodn\u00e1<\/strong>\u00a0nejen pro\u00a0<strong>akademick\u00e9 pracovn\u00edky, studenty magistersk\u00fdch a doktorsk\u00fdch program\u016f a\u00a0pracovn\u00edky odborn\u00e9 praxe<\/strong>\u00a0\u2013 u\u010ditele mate\u0159sk\u00fdch a z\u00e1kladn\u00edch \u0161kol, vychovatele, pracovn\u00edky \u0161koln\u00edch poradensk\u00fdch pracovi\u0161\u0165 a \u0161kolsk\u00fdch poradensk\u00fdch za\u0159\u00edzen\u00ed, pracovn\u00edky knihoven, ale tak\u00e9 pro v\u0161echny ostatn\u00ed, kter\u00e9 rozvoj gramotnosti v\u00a0nej\u0161ir\u0161\u00edm pojet\u00ed a \u010dten\u00e1\u0159stv\u00ed na\u0161ich d\u011bt\u00ed a \u017e\u00e1k\u016f zaj\u00edm\u00e1.<\/p>\n<ul>\n<li><strong>\u00da\u010dastnick\u00fd poplatek 500 K\u010d (\u00fahrada do 9. 9. 2024): <\/strong><\/li>\n<li><strong>\u010d\u00edslo \u00fa\u010dtu: 85236011\/ 0100, <\/strong><\/li>\n<li><strong>variabiln\u00ed symbol<\/strong><strong>: 8-933-24<\/strong><\/li>\n<li><strong>pozn\u00e1mka: jm\u00e9no \u00fa\u010dastn\u00edka.<\/strong><\/li>\n<\/ul>\n<p><strong>Majitel \u00fa\u010dtu:<\/strong><\/p>\n<ul>\n<li>Univerzita Karlova, Pedagogick\u00e1 fakulta, Magdal\u00e9ny Rettigov\u00e9 4, 116 39 Praha 1<\/li>\n<li>Banka: Komer\u010dn\u00ed banka, a.s.<\/li>\n<li>Adresa banky: Sp\u00e1len\u00e1 51, 110 00 Praha 1<\/li>\n<\/ul>\n<p><strong>Kontrola platby: p\u0159i registraci<\/strong><\/p>\n","protected":false},"excerpt":{"rendered":"<p>Aktu\u00e1ln\u011b p\u0159ipravujeme nadch\u00e1zej\u00edc\u00ed konferenci Po\u010d\u00e1te\u010dn\u00ed \u010dten\u00ed: \u010dtu a st\u00e1v\u00e1m se \u010dten\u00e1\u0159em, kter\u00e1 se uskute\u010dn\u00ed 25.9. 2024. P\u0159ihla\u0161ov\u00e1n\u00ed P\u0159ihl\u00e1\u0161en\u00ed k aktivn\u00ed \u00fa\u010dasti na konferenci do 12.7.2024 Zasl\u00e1n\u00ed abstrakt\u016f v\u010detn\u011b posterov\u00e9 sekce do 12.7.2024 Potvrzen\u00ed o p\u0159ijet\u00ed p\u0159\u00edsp\u011bvku do 31.7.2024 Program konference &hellip; <a href=\"https:\/\/pages.pedf.cuni.cz\/konference-ctu\/prihlasovani\/\">Cel\u00fd p\u0159\u00edsp\u011bvek <span class=\"meta-nav\">&rarr;<\/span><\/a><\/p>\n","protected":false},"author":448,"featured_media":0,"parent":0,"menu_order":0,"comment_status":"closed","ping_status":"closed","template":"","meta":{"footnotes":""},"class_list":["post-25","page","type-page","status-publish","hentry"],"_links":{"self":[{"href":"https:\/\/pages.pedf.cuni.cz\/konference-ctu\/wp-json\/wp\/v2\/pages\/25","targetHints":{"allow":["GET"]}}],"collection":[{"href":"https:\/\/pages.pedf.cuni.cz\/konference-ctu\/wp-json\/wp\/v2\/pages"}],"about":[{"href":"https:\/\/pages.pedf.cuni.cz\/konference-ctu\/wp-json\/wp\/v2\/types\/page"}],"author":[{"embeddable":true,"href":"https:\/\/pages.pedf.cuni.cz\/konference-ctu\/wp-json\/wp\/v2\/users\/448"}],"replies":[{"embeddable":true,"href":"https:\/\/pages.pedf.cuni.cz\/konference-ctu\/wp-json\/wp\/v2\/comments?post=25"}],"version-history":[{"count":52,"href":"https:\/\/pages.pedf.cuni.cz\/konference-ctu\/wp-json\/wp\/v2\/pages\/25\/revisions"}],"predecessor-version":[{"id":483,"href":"https:\/\/pages.pedf.cuni.cz\/konference-ctu\/wp-json\/wp\/v2\/pages\/25\/revisions\/483"}],"wp:attachment":[{"href":"https:\/\/pages.pedf.cuni.cz\/konference-ctu\/wp-json\/wp\/v2\/media?parent=25"}],"curies":[{"name":"wp","href":"https:\/\/api.w.org\/{rel}","templated":true}]}}