{"id":27,"date":"2018-05-18T23:30:51","date_gmt":"2018-05-18T21:30:51","guid":{"rendered":"http:\/\/pages.pedf.cuni.cz\/konference-ctu\/?page_id=27"},"modified":"2024-08-26T20:33:58","modified_gmt":"2024-08-26T18:33:58","slug":"sekce","status":"publish","type":"page","link":"https:\/\/pages.pedf.cuni.cz\/konference-ctu\/sekce\/","title":{"rendered":"Sekce"},"content":{"rendered":"<p><strong>Dopoledn\u00ed program:<\/strong><\/p>\n<p>Plen\u00e1rn\u00ed zased\u00e1n\u00ed \u2013 zvan\u00e9 refer\u00e1ty<\/p>\n<p><strong>Odpoledn\u00ed program\/sekce:<\/strong><\/p>\n<ul>\n<li><span dir=\"ltr\" role=\"presentation\">Did<\/span><span dir=\"ltr\" role=\"presentation\">a<\/span><span dir=\"ltr\" role=\"presentation\">ktick\u00e9<\/span> <span dir=\"ltr\" role=\"presentation\">a<\/span><span dir=\"ltr\" role=\"presentation\">spekty gr<\/span><span dir=\"ltr\" role=\"presentation\">a<\/span><span dir=\"ltr\" role=\"presentation\">motnostn\u00edch dovednost\u00ed, metody<\/span><br role=\"presentation\" \/><span dir=\"ltr\" role=\"presentation\">a metodiky<\/span><\/li>\n<li><span dir=\"ltr\" role=\"presentation\">Aktivity \u0161kol, rodi<\/span><span dir=\"ltr\" role=\"presentation\">\u010d\u016f<\/span> <span dir=\"ltr\" role=\"presentation\">a org<\/span><span dir=\"ltr\" role=\"presentation\">a<\/span><span dir=\"ltr\" role=\"presentation\">niz<\/span><span dir=\"ltr\" role=\"presentation\">a<\/span><span dir=\"ltr\" role=\"presentation\">c\u00ed k podpo<\/span><span dir=\"ltr\" role=\"presentation\">\u0159<\/span><span dir=\"ltr\" role=\"presentation\">e<\/span> <span dir=\"ltr\" role=\"presentation\">\u010d<\/span><span dir=\"ltr\" role=\"presentation\">ten\u00ed a<\/span> <span dir=\"ltr\" role=\"presentation\">\u010d<\/span><span dir=\"ltr\" role=\"presentation\">ten\u00e1<\/span><span dir=\"ltr\" role=\"presentation\">\u0159<\/span><span dir=\"ltr\" role=\"presentation\">stv\u00ed<\/span><\/li>\n<li><span dir=\"ltr\" role=\"presentation\">Porozum<\/span><span dir=\"ltr\" role=\"presentation\">\u011b<\/span><span dir=\"ltr\" role=\"presentation\">n\u00ed j<\/span><span dir=\"ltr\" role=\"presentation\">a<\/span><span dir=\"ltr\" role=\"presentation\">ko f<\/span><span dir=\"ltr\" role=\"presentation\">a<\/span><span dir=\"ltr\" role=\"presentation\">ktor rozvoje gr<\/span><span dir=\"ltr\" role=\"presentation\">a<\/span><span dir=\"ltr\" role=\"presentation\">motnosti<\/span><\/li>\n<li><span dir=\"ltr\" role=\"presentation\">Podpora rozvoje v obl<\/span><span dir=\"ltr\" role=\"presentation\">a<\/span><span dir=\"ltr\" role=\"presentation\">sti um<\/span><span dir=\"ltr\" role=\"presentation\">\u011b<\/span><span dir=\"ltr\" role=\"presentation\">leck\u00e9 gr<\/span><span dir=\"ltr\" role=\"presentation\">a<\/span><span dir=\"ltr\" role=\"presentation\">motnosti<\/span><\/li>\n<li><span dir=\"ltr\" role=\"presentation\">N\u00e1m<\/span><span dir=\"ltr\" role=\"presentation\">\u011b<\/span><span dir=\"ltr\" role=\"presentation\">ty pro pr\u00e1ci por<\/span><span dir=\"ltr\" role=\"presentation\">a<\/span><span dir=\"ltr\" role=\"presentation\">densk\u00fdch pr<\/span><span dir=\"ltr\" role=\"presentation\">a<\/span><span dir=\"ltr\" role=\"presentation\">covn\u00edk<\/span><span dir=\"ltr\" role=\"presentation\">\u016f<\/span> <span dir=\"ltr\" role=\"presentation\">v obl<\/span><span dir=\"ltr\" role=\"presentation\">a<\/span><span dir=\"ltr\" role=\"presentation\">sti di<\/span><span dir=\"ltr\" role=\"presentation\">a<\/span><span dir=\"ltr\" role=\"presentation\">gnostiky<\/span><br role=\"presentation\" \/><span dir=\"ltr\" role=\"presentation\">ve \u0161kol\u00e1ch i \u0161kolsk\u00fdch por<\/span><span dir=\"ltr\" role=\"presentation\">a<\/span><span dir=\"ltr\" role=\"presentation\">densk\u00fdch z<\/span><span dir=\"ltr\" role=\"presentation\">a<\/span><span dir=\"ltr\" role=\"presentation\">\u0159<\/span><span dir=\"ltr\" role=\"presentation\">\u00edzen\u00edch<\/span><\/li>\n<li><span dir=\"ltr\" role=\"presentation\">Podpora a rozvoj gr<\/span><span dir=\"ltr\" role=\"presentation\">a<\/span><span dir=\"ltr\" role=\"presentation\">motnostn\u00edch dovednost\u00ed ve \u0161kol\u00e1ch<\/span><br role=\"presentation\" \/><span dir=\"ltr\" role=\"presentation\">a \u0161kolsk\u00fdch por<\/span><span dir=\"ltr\" role=\"presentation\">a<\/span><span dir=\"ltr\" role=\"presentation\">densk\u00fdch z<\/span><span dir=\"ltr\" role=\"presentation\">a<\/span><span dir=\"ltr\" role=\"presentation\">\u0159<\/span><span dir=\"ltr\" role=\"presentation\">\u00edzen\u00edch<\/span><\/li>\n<\/ul>\n\n\n<p><\/p>\n","protected":false},"excerpt":{"rendered":"<p>Dopoledn\u00ed program: Plen\u00e1rn\u00ed zased\u00e1n\u00ed \u2013 zvan\u00e9 refer\u00e1ty Odpoledn\u00ed program\/sekce: Didaktick\u00e9 aspekty gramotnostn\u00edch dovednost\u00ed, metodya metodiky Aktivity \u0161kol, rodi\u010d\u016f a organizac\u00ed k podpo\u0159e \u010dten\u00ed a \u010dten\u00e1\u0159stv\u00ed Porozum\u011bn\u00ed jako faktor rozvoje gramotnosti Podpora rozvoje v oblasti um\u011bleck\u00e9 gramotnosti N\u00e1m\u011bty pro pr\u00e1ci poradensk\u00fdch &hellip; <a href=\"https:\/\/pages.pedf.cuni.cz\/konference-ctu\/sekce\/\">Cel\u00fd p\u0159\u00edsp\u011bvek <span class=\"meta-nav\">&rarr;<\/span><\/a><\/p>\n","protected":false},"author":448,"featured_media":0,"parent":0,"menu_order":0,"comment_status":"closed","ping_status":"closed","template":"","meta":{"footnotes":""},"class_list":["post-27","page","type-page","status-publish","hentry"],"_links":{"self":[{"href":"https:\/\/pages.pedf.cuni.cz\/konference-ctu\/wp-json\/wp\/v2\/pages\/27","targetHints":{"allow":["GET"]}}],"collection":[{"href":"https:\/\/pages.pedf.cuni.cz\/konference-ctu\/wp-json\/wp\/v2\/pages"}],"about":[{"href":"https:\/\/pages.pedf.cuni.cz\/konference-ctu\/wp-json\/wp\/v2\/types\/page"}],"author":[{"embeddable":true,"href":"https:\/\/pages.pedf.cuni.cz\/konference-ctu\/wp-json\/wp\/v2\/users\/448"}],"replies":[{"embeddable":true,"href":"https:\/\/pages.pedf.cuni.cz\/konference-ctu\/wp-json\/wp\/v2\/comments?post=27"}],"version-history":[{"count":16,"href":"https:\/\/pages.pedf.cuni.cz\/konference-ctu\/wp-json\/wp\/v2\/pages\/27\/revisions"}],"predecessor-version":[{"id":494,"href":"https:\/\/pages.pedf.cuni.cz\/konference-ctu\/wp-json\/wp\/v2\/pages\/27\/revisions\/494"}],"wp:attachment":[{"href":"https:\/\/pages.pedf.cuni.cz\/konference-ctu\/wp-json\/wp\/v2\/media?parent=27"}],"curies":[{"name":"wp","href":"https:\/\/api.w.org\/{rel}","templated":true}]}}