{"id":29,"date":"2018-05-18T23:31:19","date_gmt":"2018-05-18T21:31:19","guid":{"rendered":"http:\/\/pages.pedf.cuni.cz\/konference-ctu\/?page_id=29"},"modified":"2024-09-24T14:44:17","modified_gmt":"2024-09-24T12:44:17","slug":"program","status":"publish","type":"page","link":"https:\/\/pages.pedf.cuni.cz\/konference-ctu\/program\/","title":{"rendered":""},"content":{"rendered":"\n<p><strong>Program konference ke sta\u017een\u00ed zde:<\/strong><\/p>\n\n\n\n<div data-wp-interactive=\"core\/file\" class=\"wp-block-file\"><object data-wp-bind--hidden=\"!state.hasPdfPreview\" hidden class=\"wp-block-file__embed\" data=\"https:\/\/pages.pedf.cuni.cz\/konference-ctu\/files\/2024\/08\/konference_program.pdf\" type=\"application\/pdf\" style=\"width:100%;height:600px\" aria-label=\"Vlo\u017eit z Konference_program.\"><\/object><a id=\"wp-block-file--media-da97724a-00a9-4450-81fe-8002bca472c5\" href=\"https:\/\/pages.pedf.cuni.cz\/konference-ctu\/files\/2024\/08\/konference_program.pdf\">Konference_program<\/a><a href=\"https:\/\/pages.pedf.cuni.cz\/konference-ctu\/files\/2024\/08\/konference_program.pdf\" class=\"wp-block-file__button wp-element-button\" download aria-describedby=\"wp-block-file--media-da97724a-00a9-4450-81fe-8002bca472c5\">St\u00e1hnout<\/a><\/div>\n\n\n\n<p><\/p>\n\n\n\n<p><strong>Sborn\u00edk anotac\u00ed ke sta\u017een\u00ed zde<\/strong>: <\/p>\n\n\n\n<div data-wp-interactive=\"core\/file\" class=\"wp-block-file\"><object data-wp-bind--hidden=\"!state.hasPdfPreview\" hidden class=\"wp-block-file__embed\" data=\"https:\/\/pages.pedf.cuni.cz\/konference-ctu\/files\/2024\/09\/sbornik_anotaci3.pdf\" type=\"application\/pdf\" style=\"width:100%;height:600px\" aria-label=\"Vlo\u017eit z sbornik_anotaci3.\"><\/object><a id=\"wp-block-file--media-b53d6670-7f05-4396-a61c-0e88ce43f211\" href=\"https:\/\/pages.pedf.cuni.cz\/konference-ctu\/files\/2024\/09\/sbornik_anotaci3.pdf\">sbornik_anotaci3<\/a><a href=\"https:\/\/pages.pedf.cuni.cz\/konference-ctu\/files\/2024\/09\/sbornik_anotaci3.pdf\" class=\"wp-block-file__button wp-element-button\" download aria-describedby=\"wp-block-file--media-b53d6670-7f05-4396-a61c-0e88ce43f211\">St\u00e1hnout<\/a><\/div>\n","protected":false},"excerpt":{"rendered":"<p style=\"text-align: left\"><a href=\"https:\/\/pages.pedf.cuni.cz\/konference-ctu\/files\/2022\/08\/konference_program2.pdf\">zde<\/a><\/p>\n<p> <a href=\"https:\/\/pages.pedf.cuni.cz\/konference-ctu\/program\/\">Cel\u00fd p\u0159\u00edsp\u011bvek <span class=\"meta-nav\">&rarr;<\/span><\/a><\/p>\n","protected":false},"author":448,"featured_media":0,"parent":0,"menu_order":0,"comment_status":"closed","ping_status":"closed","template":"","meta":{"footnotes":""},"class_list":["post-29","page","type-page","status-publish","hentry"],"_links":{"self":[{"href":"https:\/\/pages.pedf.cuni.cz\/konference-ctu\/wp-json\/wp\/v2\/pages\/29","targetHints":{"allow":["GET"]}}],"collection":[{"href":"https:\/\/pages.pedf.cuni.cz\/konference-ctu\/wp-json\/wp\/v2\/pages"}],"about":[{"href":"https:\/\/pages.pedf.cuni.cz\/konference-ctu\/wp-json\/wp\/v2\/types\/page"}],"author":[{"embeddable":true,"href":"https:\/\/pages.pedf.cuni.cz\/konference-ctu\/wp-json\/wp\/v2\/users\/448"}],"replies":[{"embeddable":true,"href":"https:\/\/pages.pedf.cuni.cz\/konference-ctu\/wp-json\/wp\/v2\/comments?post=29"}],"version-history":[{"count":41,"href":"https:\/\/pages.pedf.cuni.cz\/konference-ctu\/wp-json\/wp\/v2\/pages\/29\/revisions"}],"predecessor-version":[{"id":500,"href":"https:\/\/pages.pedf.cuni.cz\/konference-ctu\/wp-json\/wp\/v2\/pages\/29\/revisions\/500"}],"wp:attachment":[{"href":"https:\/\/pages.pedf.cuni.cz\/konference-ctu\/wp-json\/wp\/v2\/media?parent=29"}],"curies":[{"name":"wp","href":"https:\/\/api.w.org\/{rel}","templated":true}]}}