{"id":33,"date":"2018-05-18T23:32:57","date_gmt":"2018-05-18T21:32:57","guid":{"rendered":"http:\/\/pages.pedf.cuni.cz\/konference-ctu\/?page_id=33"},"modified":"2022-04-29T12:59:42","modified_gmt":"2022-04-29T10:59:42","slug":"2018-2","status":"publish","type":"page","link":"https:\/\/pages.pedf.cuni.cz\/konference-ctu\/2018-2\/","title":{"rendered":"2018"},"content":{"rendered":"<p><b><strong>Po\u010d\u00e1te\u010dn\u00ed \u010dten\u00ed: \u010dtu a st\u00e1v\u00e1m se \u010dten\u00e1\u0159em (Cesty propojen\u00ed v\u00fdzkumu a praxe)<\/strong><\/b><\/p>\n<p><b><strong>26. 9. 2018<\/strong><\/b><\/p>\n<p><b>PedF UK, Magdal\u00e9ny Rettigov\u00e9 4, Praha 1<\/b><\/p>\n<p><b>Pedagogick\u00e1 fakulta UK, katedra psychologie, katedra preprim\u00e1rn\u00ed a prim\u00e1rn\u00ed pedagogiky a \u00dastav v\u00fdzkumu a rozvoje vzd\u011bl\u00e1v\u00e1n\u00ed<\/b><\/p>\n<p><strong>Program konference s anotacemi<\/strong> je\u00a0 zve\u0159ejn\u011bn \u00a0<strong><b><a href=\"https:\/\/pages.pedf.cuni.cz\/konference-ctu\/files\/2019\/02\/Program-s-anotacemi.pdf\">zde<\/a><\/b><\/strong><\/p>\n<p><strong>Program konference<\/strong> <a href=\"https:\/\/pages.pedf.cuni.cz\/konference-ctu\/files\/2019\/02\/Program_bez-anotac\u00ed.pdf\"><strong><b>zde<\/b><\/strong><\/a><\/p>\n<p>Fotky z konference Po\u010d\u00e1te\u010dn\u00ed \u010dten\u00ed: \u010dtu a st\u00e1v\u00e1m se \u010dten\u00e1\u0159em (Cesty propojen\u00ed v\u00fdzkumu a praxe) si m\u016f\u017eete prohl\u00e9dnout <strong><a href=\"https:\/\/www.flickr.com\/photos\/145636261@N02\/sets\/72157674007701298\">zde<\/a>.<\/strong><\/p>\n<p>Uskute\u010dn\u011bn\u00e1 konference navazovala na ji\u017e realizovan\u00e9 konference v letech 2014 a\u00a02016. Jej\u00edm c\u00edlem bylo p\u0159edstavit nov\u00e9 poznatky vze\u0161l\u00e9 z\u00a0v\u00fdzkum\u016f a projekt\u016f, ale tak\u00e9 d\u00e1t prostor praktick\u00fdm zku\u0161enostem a osv\u011bd\u010den\u00fdm postup\u016fm ze v\u0161ech aktivit podporuj\u00edc\u00edch rozvoj \u010dten\u00e1\u0159sk\u00e9 gramotnosti a \u010dten\u00e1\u0159stv\u00ed u na\u0161ich \u017e\u00e1k\u016f, z\u00a0pohledu r\u016fzn\u00fdch v\u011bdn\u00edch discipl\u00edn (prim\u00e1rn\u00ed a p\u0159ed\u0161koln\u00ed pedagogika, pedagogick\u00e1 psychologie, speci\u00e1ln\u00ed pedagogika, lingvistika, aj.). Reagujeme tak na pot\u0159ebu vz\u00e1jemn\u00e9ho kontaktu a\u00a0ovliv\u0148ov\u00e1n\u00ed v\u00fdzkumu, teorie a praxe \u2013 jak do pedagogick\u00e9, tak poradensk\u00e9. Pravideln\u011b tak d\u00e1v\u00e1me prostor pro setk\u00e1v\u00e1n\u00ed odborn\u00edk\u016f z vysok\u00fdch \u0161kol i profesion\u00e1l\u016f z praxe, kter\u00e9 spojuje z\u00e1jem o problematiku rozvoje \u010dten\u00ed a \u010dten\u00e1\u0159stv\u00ed a souvisej\u00edc\u00edch gramotnostn\u00edch dovednost\u00ed.<\/p>\n<p><strong>Konference uv\u00edtala p\u0159\u00edsp\u011bvky v\u00a0aktu\u00e1ln\u00edch t\u00e9matech pro rok 2018, kter\u00e9 byly p\u0159edstaveny v\u00a0p\u0159\u00edslu\u0161n\u00fdch sekc\u00edch: <\/strong><\/p>\n<ul>\n<li>Rozvoj \u010dten\u00e1\u0159sk\u00e9 gramotnosti a pregramotnosti prost\u0159ednictv\u00edm projekt\u016f OP VVV \u201eSpole\u010denstv\u00ed praxe\u201c<\/li>\n<li>Didaktick\u00e9 aspekty rozvoje \u010dten\u00e1\u0159sk\u00e9 gramotnosti<\/li>\n<li>D\u011btsk\u00e1 literatura a \u010dten\u00e1\u0159stv\u00ed<\/li>\n<li>Psychologick\u00e9 a psycholingvistick\u00e9 pojet\u00ed \u010dten\u00e1\u0159sk\u00e9 gramotnosti<\/li>\n<li>Interven\u010dn\u00ed programy pro rozvoj gramotnosti<\/li>\n<li>Rodina a \u0161kola \u2013 podpora rozvoje gramotnosti a pregramotnosti<\/li>\n<li>Psan\u00ed, p\u00edsa\u0159sk\u00e9 a pisatelsk\u00e9 dovednosti a jejich role v rozvoji gramotnosti<\/li>\n<li>Rozvoj \u010dten\u00e1\u0159sk\u00e9 gramotnosti a pregramotnosti v rizikov\u00fdch skupin\u00e1ch, \u010dten\u00e1\u0159sk\u00e1 gramotnost a inkluzivn\u00ed vzd\u011bl\u00e1v\u00e1n\u00ed<\/li>\n<\/ul>\n<p>Dopoledn\u00ed \u010d\u00e1st programu byla realizov\u00e1na formou <strong>plen\u00e1rn\u00edho zased\u00e1n\u00ed<\/strong>. Jako <strong>invite speakers p\u0159ijaly hostov\u00e1n\u00ed prof. Olga Z\u00e1poto\u010dn\u00e1 a prof. Mar\u00edna Mikulajov\u00e1 ze Slovenska. <\/strong>Odpoledn\u00ed \u010d\u00e1st programu prob\u011bhla <strong>v\u00a0sekc\u00edch <\/strong>a pl\u00e1nov\u00e1na byla tak\u00e9 <strong>posterov\u00e1 sekce<\/strong>. D\u00e1le se tak\u00e9 uskute\u010dnil program zaji\u0161t\u011bn\u00fd studenty. V\u00a0pr\u016fb\u011bhu konference prob\u011bhlo tak\u00e9 zased\u00e1n\u00ed redak\u010dn\u00ed rady \u010dasopisu <strong><a href=\"https:\/\/pages.pedf.cuni.cz\/gramotnost\/\"><strong>Gramotnost, pregramotnost a vzd\u011bl\u00e1v\u00e1n\u00ed.<\/strong> <\/a><\/strong><\/p>\n<p><strong>Konference je vhodn\u00e1<\/strong>\u00a0nejen pro\u00a0<strong>akademick\u00e9 pracovn\u00edky a studenty magistersk\u00fdch a doktorsk\u00fdch program\u016f<\/strong>, ale tak\u00e9\u00a0<strong>pro pracovn\u00edky odborn\u00e9 praxe<\/strong>\u00a0\u2013 u\u010ditele mate\u0159sk\u00fdch a z\u00e1kladn\u00edch \u0161kol, vychovatele, pracovn\u00edky \u0161koln\u00edch poradensk\u00fdch pracovi\u0161\u0165 a \u0161kolsk\u00fdch poradensk\u00fdch za\u0159\u00edzen\u00ed, ale tak\u00e9 pro v\u0161echny ostatn\u00ed, kter\u00e9 rozvoj gramotnosti, \u010dten\u00ed a \u010dten\u00e1\u0159stv\u00ed na\u0161ich d\u011bt\u00ed zaj\u00edmaj\u00ed.<\/p>\n<p><strong>\u00da\u010dastnick\u00fd poplatek 400 K\u010d\u00a0(\u00fahrada do 15. 9. 2018): \u010d\u00edslo \u00fa\u010dtu: 85236011 \/ 0100, variabiln\u00ed symbol: <\/strong><strong>8-933-18<\/strong><strong>, pozn\u00e1mka: jm\u00e9no \u00fa\u010dastn\u00edka.<\/strong><\/p>\n<p><strong>Majitel \u00fa\u010dtu:<\/strong><br \/>Univerzita Karlova, Pedagogick\u00e1 fakulta, Magdal\u00e9ny Rettigov\u00e9 4, 116 39 Praha 1<br \/>Banka: Komer\u010dn\u00ed banka, a.s.<br \/>Adresa banky: Sp\u00e1len\u00e1 51, 110 00 Praha 1<br \/><strong>Kontrola platby: p\u0159i registraci<\/strong><\/p>\n<p><span style=\"color: #333333\"><b>Odborn\u00e1 garance konference<\/b><\/span><\/p>\n<ul>\n<li>doc. PhDr. PaedDr. Anna Kucharsk\u00e1, Ph.D.<\/li>\n<li>prof. PaedDr. Radka Wildov\u00e1, CSc.<\/li>\n<\/ul>\n<p><span style=\"color: #333333\"><b>Organiza\u010dn\u00ed v\u00fdbor konference:<\/b><\/span><\/p>\n<ul>\n<li>PhDr. Kl\u00e1ra \u0160pa\u010dkov\u00e1, Ph.D.<\/li>\n<li>PhDr. Hana Sot\u00e1kov\u00e1<\/li>\n<li>PhDr. Veronika Laufkov\u00e1, Ph.D.<\/li>\n<li>Mgr. Jolana Ronkov\u00e1, Ph.D.<\/li>\n<li>Mgr. Monika Kadrno\u017ekov\u00e1, Ph.D.<\/li>\n<li>Terezie \u0160turmov\u00e1<\/li>\n<\/ul>\n<p><strong>Konference je organizov\u00e1na v r\u00e1mci projektu Univerzity Karlovy PROGRES P15 Q17 P\u0159\u00edprava u\u010ditele a u\u010ditelsk\u00e1 profese v kontextu v\u011bdy a v\u00fdzkumu.<\/strong><\/p>\n<p>\u00a0<\/p>\n\n\n<p><\/p>\n","protected":false},"excerpt":{"rendered":"<p>Po\u010d\u00e1te\u010dn\u00ed \u010dten\u00ed: \u010dtu a st\u00e1v\u00e1m se \u010dten\u00e1\u0159em (Cesty propojen\u00ed v\u00fdzkumu a praxe) 26. 9. 2018 PedF UK, Magdal\u00e9ny Rettigov\u00e9 4, Praha 1 Pedagogick\u00e1 fakulta UK, katedra psychologie, katedra preprim\u00e1rn\u00ed a prim\u00e1rn\u00ed pedagogiky a \u00dastav v\u00fdzkumu a rozvoje vzd\u011bl\u00e1v\u00e1n\u00ed Program konference &hellip; <a href=\"https:\/\/pages.pedf.cuni.cz\/konference-ctu\/2018-2\/\">Cel\u00fd p\u0159\u00edsp\u011bvek <span class=\"meta-nav\">&rarr;<\/span><\/a><\/p>\n","protected":false},"author":448,"featured_media":0,"parent":0,"menu_order":0,"comment_status":"closed","ping_status":"closed","template":"","meta":{"footnotes":""},"class_list":["post-33","page","type-page","status-publish","hentry"],"_links":{"self":[{"href":"https:\/\/pages.pedf.cuni.cz\/konference-ctu\/wp-json\/wp\/v2\/pages\/33","targetHints":{"allow":["GET"]}}],"collection":[{"href":"https:\/\/pages.pedf.cuni.cz\/konference-ctu\/wp-json\/wp\/v2\/pages"}],"about":[{"href":"https:\/\/pages.pedf.cuni.cz\/konference-ctu\/wp-json\/wp\/v2\/types\/page"}],"author":[{"embeddable":true,"href":"https:\/\/pages.pedf.cuni.cz\/konference-ctu\/wp-json\/wp\/v2\/users\/448"}],"replies":[{"embeddable":true,"href":"https:\/\/pages.pedf.cuni.cz\/konference-ctu\/wp-json\/wp\/v2\/comments?post=33"}],"version-history":[{"count":16,"href":"https:\/\/pages.pedf.cuni.cz\/konference-ctu\/wp-json\/wp\/v2\/pages\/33\/revisions"}],"predecessor-version":[{"id":217,"href":"https:\/\/pages.pedf.cuni.cz\/konference-ctu\/wp-json\/wp\/v2\/pages\/33\/revisions\/217"}],"wp:attachment":[{"href":"https:\/\/pages.pedf.cuni.cz\/konference-ctu\/wp-json\/wp\/v2\/media?parent=33"}],"curies":[{"name":"wp","href":"https:\/\/api.w.org\/{rel}","templated":true}]}}