{"id":37,"date":"2018-05-18T23:34:59","date_gmt":"2018-05-18T21:34:59","guid":{"rendered":"http:\/\/pages.pedf.cuni.cz\/konference-ctu\/?page_id=37"},"modified":"2022-04-29T13:01:09","modified_gmt":"2022-04-29T11:01:09","slug":"2014-2","status":"publish","type":"page","link":"https:\/\/pages.pedf.cuni.cz\/konference-ctu\/2014-2\/","title":{"rendered":"2014"},"content":{"rendered":"<h3>Po\u010d\u00e1te\u010dn\u00ed \u010dten\u00ed: \u010dtu a st\u00e1v\u00e1m se \u010dten\u00e1\u0159em (Cesty propojen\u00ed v\u00fdzkumu a praxe)<\/h3>\n<h5>PedF UK, Magdal\u00e9ny Rettigov\u00e9 4, Praha 1<\/h5>\n<h5>po\u0159\u00e1d\u00e1: Pedagogick\u00e1 fakulta UK, katedra psychologie a katedra prim\u00e1rn\u00ed pedagogiky ve spolupr\u00e1ci s International Symposium on Educational Literacy (ISEL)<\/h5>\n<p align=\"left\"><strong>Program konference <a href=\"https:\/\/pages.pedf.cuni.cz\/konference-ctu\/files\/2018\/05\/Konference-Po\u00dften\u00dd-ten\u00dd-2014-programfinal.pdf\">zde<\/a><\/strong><\/p>\n<p align=\"left\"><strong>Conference Programme <a href=\"https:\/\/pages.pedf.cuni.cz\/konference-ctu\/files\/2018\/05\/Workshop-SILE-Praga-2014_final-version-tisk.pdf\">PDF<\/a><\/strong><\/p>\n<p align=\"left\"><strong>Abstrakty p\u0159\u00edsp\u011bvk\u016f<\/strong> <a href=\"https:\/\/pages.pedf.cuni.cz\/konference-ctu\/files\/2018\/05\/Konference-Po\u00dften\u00dd-ten\u00dd-2014-sborn\u00ddk-abstrakt.pdf\"><strong>zde<\/strong><\/a><\/p>\n<div>\n<p align=\"left\">V\u00fdzkum po\u010d\u00e1te\u010dn\u00ed \u010dten\u00e1\u0159sk\u00e9 gramotnosti a z\u00e1jem o obt\u00ed\u017ee v jej\u00edm rozvoji p\u0159edstavuje jedno z nejv\u00fdznamn\u011bj\u0161\u00edch t\u00e9mat sou\u010dasn\u00e9 prim\u00e1rn\u00ed pedagogiky, pedagogick\u00e9 psychologie, v\u00fdvojov\u00e9 psycholingvistiky i poradensk\u00e9 psychologie.<\/p>\n<p><strong>C\u00edlem konference<\/strong> je prezentovat sou\u010dasn\u00fd v\u00fdzkum po\u010d\u00e1te\u010dn\u00ed gramotnosti v pedagogice a psychologii a p\u0159\u00edbuzn\u00fdch humanitn\u00edch v\u011bd\u00e1ch a vytvo\u0159it tak prostor pro transfer poznatk\u016f z\u00e1kladn\u00edho i aplikovan\u00e9ho v\u00fdzkumu do pedagogick\u00e9 i poradensk\u00e9 praxe. Chceme vytvo\u0159it prostor pro setk\u00e1n\u00ed odborn\u00edk\u016f z vysok\u00fdch \u0161kol i profesion\u00e1l\u016f z praxe, kter\u00e9 spojuje z\u00e1jem o problematiku rozvoje \u010dten\u00ed a \u010dten\u00e1\u0159stv\u00ed a souvisej\u00edc\u00edch gramotnostn\u00edch dovednost\u00ed.<\/p>\n<p>Konference v\u00edt\u00e1 <strong>p\u0159\u00edsp\u011bvky z oblasti<\/strong> v\u00fdzkumu po\u010d\u00e1te\u010dn\u00ed gramotnosti u d\u011bt\u00ed prvn\u00edho stupn\u011b z\u00e1kladn\u00edch \u0161kol, v\u00fduky \u010dten\u00ed v prim\u00e1rn\u00edm vzd\u011bl\u00e1v\u00e1n\u00ed, podpory \u010dten\u00e1\u0159stv\u00ed, d\u00e1le p\u0159\u00edsp\u011bvky k t\u00e9matu prevence i \u0159e\u0161en\u00ed obt\u00ed\u017e\u00ed v rozvoji \u010dten\u00e1\u0159sk\u00fdch dovednost\u00ed a intervenc\u00ed v t\u00e9to oblasti. <strong>Konference je vhodn\u00e1<\/strong> nejen pro <strong>akademick\u00e9 pracovn\u00edky a studenty magistersk\u00fdch a doktorsk\u00fdch program\u016f<\/strong>, ale tak\u00e9 <strong>pro pracovn\u00edky odborn\u00e9 praxe<\/strong> &#8211; u\u010ditele mate\u0159sk\u00fdch a z\u00e1kladn\u00edch \u0161kol, vychovatele, pracovn\u00edky \u0161koln\u00edch poradensk\u00fdch pracovi\u0161\u0165 a \u0161kolsk\u00fdch poradensk\u00fdch za\u0159\u00edzen\u00ed, ale tak\u00e9 pro v\u0161echny ostatn\u00ed, kter\u00e9 rozvoj gramotnosti, \u010dten\u00ed a \u010dten\u00e1\u0159stv\u00ed na\u0161ich d\u011bt\u00ed zaj\u00edmaj\u00ed.<\/p>\n<p>V r\u00e1mci konference bude prob\u00edhat <strong>workshop mezin\u00e1rodn\u00ed pracovn\u00ed skupiny SILE\/ISEL <\/strong>(International symposium on educational literacy \/ Symposium international sur la literatie \u00e1 l\u00b4\u00e9cole), kter\u00e1 v samostatn\u00e9m programu konference (24.9.2014) zve z\u00e1jemce o \u00fa\u010dast.<br \/>\nIdeou spole\u010denstv\u00ed je propojit mezin\u00e1rodn\u00ed v\u00fdzkumn\u00e9 pracovn\u00edky r\u016fzn\u00fdch obor\u016f (vzd\u011bl\u00e1n\u00ed, psychologie, lingvistika, literatura, zdravotnictv\u00ed), kte\u0159\u00ed se zaj\u00edmaj\u00ed o podporu rozvoje pregramotnosti i gramotnosti, v mate\u0159sk\u00e9 i z\u00e1kladn\u00ed \u0161kole. Hlavn\u00ed pozornost je v\u011bnov\u00e1na \u010dty\u0159em t\u00e9mat\u016fm: pregramotnost a po\u010d\u00e1te\u010dn\u00ed gramotnost: v\u00fdukov\u00e9 postupy a intervence, \u010dten\u00ed a psan\u00ed v prim\u00e1rn\u00ed \u0161kole, podpora \u017e\u00e1k\u016f s probl\u00e9my ve \u010dten\u00ed a psan\u00ed, technologie pro podporu \u010dten\u00ed a psan\u00ed. Prvn\u00ed ro\u010dn\u00edk symposia ISEL \/ SILE se konal v listopadu 2013 v Lisabonu (Portugalsko). Druh\u00fd ro\u010dn\u00edk se bude konat v Kanad\u011b (Orford &#8211; Sherbrooke) v srpnu 2015.<br \/>\nP\u0159ipravovan\u00fd workshop v Praze je mimo\u0159\u00e1dnou akc\u00ed spole\u010denstv\u00ed. Jednac\u00edm jazykem bude angli\u010dtina. \u00da\u010dast je vhodn\u00e1 zejm\u00e9na pro ty kolegy, kte\u0159\u00ed maj\u00ed z\u00e1jem z\u00edskat informace o zahrani\u010dn\u00edch trendech i v\u00fdsledc\u00edch v\u00fdzkumu v oblasti \u010dten\u00e1\u0159sk\u00e9 gramotnosti a cht\u011bj\u00ed tak\u00e9 nav\u00e1zat kontakty pro p\u0159\u00edpadnou mezin\u00e1rodn\u00ed spolupr\u00e1ci.<br \/>\ntento text bude modr\u00fd<\/p>\n<p align=\"left\"><strong>Konference je organizov\u00e1na v r\u00e1mci projektu PRVOUK P15 &#8222;\u0160kola a u\u010ditelsk\u00e1 profese v kontextu rostouc\u00edch n\u00e1rok\u016f na vzd\u011bl\u00e1v\u00e1n\u00ed&#8220; a projektu GA\u010cR P407\/13-20678S &#8222;Porozum\u011bn\u00ed \u010dten\u00e9mu &#8211; typick\u00fd v\u00fdvoj a jeho rizika&#8220; a pod z\u00e1\u0161titou d\u011bkanky PedF UK v Praze doc. PaedDr. Radky Wildov\u00e9, CSc.<\/strong><\/p>\n<\/div>\n","protected":false},"excerpt":{"rendered":"<p>Po\u010d\u00e1te\u010dn\u00ed \u010dten\u00ed: \u010dtu a st\u00e1v\u00e1m se \u010dten\u00e1\u0159em (Cesty propojen\u00ed v\u00fdzkumu a praxe) PedF UK, Magdal\u00e9ny Rettigov\u00e9 4, Praha 1 po\u0159\u00e1d\u00e1: Pedagogick\u00e1 fakulta UK, katedra psychologie a katedra prim\u00e1rn\u00ed pedagogiky ve spolupr\u00e1ci s International Symposium on Educational Literacy (ISEL) Program konference &hellip; <a href=\"https:\/\/pages.pedf.cuni.cz\/konference-ctu\/2014-2\/\">Cel\u00fd p\u0159\u00edsp\u011bvek <span class=\"meta-nav\">&rarr;<\/span><\/a><\/p>\n","protected":false},"author":448,"featured_media":0,"parent":0,"menu_order":0,"comment_status":"closed","ping_status":"closed","template":"","meta":{"footnotes":""},"class_list":["post-37","page","type-page","status-publish","hentry"],"_links":{"self":[{"href":"https:\/\/pages.pedf.cuni.cz\/konference-ctu\/wp-json\/wp\/v2\/pages\/37","targetHints":{"allow":["GET"]}}],"collection":[{"href":"https:\/\/pages.pedf.cuni.cz\/konference-ctu\/wp-json\/wp\/v2\/pages"}],"about":[{"href":"https:\/\/pages.pedf.cuni.cz\/konference-ctu\/wp-json\/wp\/v2\/types\/page"}],"author":[{"embeddable":true,"href":"https:\/\/pages.pedf.cuni.cz\/konference-ctu\/wp-json\/wp\/v2\/users\/448"}],"replies":[{"embeddable":true,"href":"https:\/\/pages.pedf.cuni.cz\/konference-ctu\/wp-json\/wp\/v2\/comments?post=37"}],"version-history":[{"count":9,"href":"https:\/\/pages.pedf.cuni.cz\/konference-ctu\/wp-json\/wp\/v2\/pages\/37\/revisions"}],"predecessor-version":[{"id":219,"href":"https:\/\/pages.pedf.cuni.cz\/konference-ctu\/wp-json\/wp\/v2\/pages\/37\/revisions\/219"}],"wp:attachment":[{"href":"https:\/\/pages.pedf.cuni.cz\/konference-ctu\/wp-json\/wp\/v2\/media?parent=37"}],"curies":[{"name":"wp","href":"https:\/\/api.w.org\/{rel}","templated":true}]}}