{"id":7,"date":"2014-10-24T10:13:56","date_gmt":"2014-10-24T10:13:56","guid":{"rendered":"http:\/\/pages.pedf.cuni.cz\/konference-ctu\/?page_id=7"},"modified":"2024-05-19T22:16:37","modified_gmt":"2024-05-19T20:16:37","slug":"lide","status":"publish","type":"page","link":"https:\/\/pages.pedf.cuni.cz\/konference-ctu\/lide\/","title":{"rendered":"Po\u0159adatel\u00e9"},"content":{"rendered":"\n<p>Pedagogick\u00e1 fakulta Univerzity Karlovy \u2013 Katedra psychologie, Katedra preprim\u00e1rn\u00ed a prim\u00e1rn\u00ed pedagogiky a Katedra \u010desk\u00e9 literatury ve spolupr\u00e1ci s \u010ceskou spole\u010dnost\u00ed &#8222;Dyslexie&#8220; a Spole\u010dnost\u00ed pro podporu a rozvoj \u010dten\u00e1\u0159stv\u00ed (CzechRA).<\/p>\n\n\n\n<p><strong>Odborn\u00e1 garance konference<\/strong><\/p>\n\n\n\n<ul class=\"wp-block-list\">\n<li>doc. PhDr. PaedDr. Anna Kucharsk\u00e1, Ph.D.<\/li>\n\n\n\n<li>PhDr. Veronika Laufkov\u00e1, Ph.D.<\/li>\n\n\n\n<li>prof. PaedDr. Radka Wildov\u00e1, CSc.<\/li>\n\n\n\n<li>PhDr. Kl\u00e1ra \u0160pa\u010dkov\u00e1, Ph.D.<\/li>\n<\/ul>\n\n\n\n<p><strong>Organiza\u010dn\u00ed v\u00fdbor konference:<\/strong><\/p>\n\n\n\n<ul class=\"wp-block-list\">\n<li>PhDr. Olga Ku\u010derov\u00e1, Ph.D.<\/li>\n\n\n\n<li>PhDr. Monika Kadrno\u017ekov\u00e1, Ph.D.<\/li>\n\n\n\n<li>PaedDr. Eva Battistov\u00e1<\/li>\n\n\n\n<li>Bc. Veronika Chalupov\u00e1<\/li>\n<\/ul>\n\n\n\n<p><strong><em>Konference je po\u0159\u00e1d\u00e1na s odbornou podporou Univerzity Karlovy v programu Cooperatio: Psychological Sciences a General Education and Pedagogy.<\/em><\/strong><\/p>\n","protected":false},"excerpt":{"rendered":"<p>Pedagogick\u00e1 fakulta Univerzity Karlovy \u2013 Katedra psychologie, Katedra preprim\u00e1rn\u00ed a prim\u00e1rn\u00ed pedagogiky a Katedra \u010desk\u00e9 literatury ve spolupr\u00e1ci s \u010ceskou spole\u010dnost\u00ed &#8222;Dyslexie&#8220; a Spole\u010dnost\u00ed pro podporu a rozvoj \u010dten\u00e1\u0159stv\u00ed (CzechRA). Odborn\u00e1 garance konference Organiza\u010dn\u00ed v\u00fdbor konference: Konference je po\u0159\u00e1d\u00e1na s &hellip; <a href=\"https:\/\/pages.pedf.cuni.cz\/konference-ctu\/lide\/\">Cel\u00fd p\u0159\u00edsp\u011bvek <span class=\"meta-nav\">&rarr;<\/span><\/a><\/p>\n","protected":false},"author":1,"featured_media":0,"parent":0,"menu_order":0,"comment_status":"closed","ping_status":"closed","template":"","meta":{"footnotes":""},"class_list":["post-7","page","type-page","status-publish","hentry"],"_links":{"self":[{"href":"https:\/\/pages.pedf.cuni.cz\/konference-ctu\/wp-json\/wp\/v2\/pages\/7","targetHints":{"allow":["GET"]}}],"collection":[{"href":"https:\/\/pages.pedf.cuni.cz\/konference-ctu\/wp-json\/wp\/v2\/pages"}],"about":[{"href":"https:\/\/pages.pedf.cuni.cz\/konference-ctu\/wp-json\/wp\/v2\/types\/page"}],"author":[{"embeddable":true,"href":"https:\/\/pages.pedf.cuni.cz\/konference-ctu\/wp-json\/wp\/v2\/users\/1"}],"replies":[{"embeddable":true,"href":"https:\/\/pages.pedf.cuni.cz\/konference-ctu\/wp-json\/wp\/v2\/comments?post=7"}],"version-history":[{"count":11,"href":"https:\/\/pages.pedf.cuni.cz\/konference-ctu\/wp-json\/wp\/v2\/pages\/7\/revisions"}],"predecessor-version":[{"id":457,"href":"https:\/\/pages.pedf.cuni.cz\/konference-ctu\/wp-json\/wp\/v2\/pages\/7\/revisions\/457"}],"wp:attachment":[{"href":"https:\/\/pages.pedf.cuni.cz\/konference-ctu\/wp-json\/wp\/v2\/media?parent=7"}],"curies":[{"name":"wp","href":"https:\/\/api.w.org\/{rel}","templated":true}]}}