{"id":131,"date":"2012-09-06T22:29:29","date_gmt":"2012-09-06T22:29:29","guid":{"rendered":"http:\/\/zeldar.thosting.cz\/wp-test\/?page_id=131"},"modified":"2026-02-23T13:16:00","modified_gmt":"2026-02-23T12:16:00","slug":"pro-uchazece","status":"publish","type":"page","link":"https:\/\/pages.pedf.cuni.cz\/kpg\/pro-uchazece\/","title":{"rendered":"Pro uchaze\u010de"},"content":{"rendered":"<h4><a href=\"http:\/\/www.pedf.cuni.cz\/PEDF-65.html\" target=\"_blank\" rel=\"noopener\">V\u0161eobecn\u00e9 informace pro uchaze\u010de o studium\u00a0 na PedF UK v Praze<\/a><\/h4>\n<h4 style=\"text-align: left\"><a href=\"https:\/\/is.cuni.cz\/studium\/prijimacky\/index.php\" target=\"_blank\" rel=\"noopener\">Ofici\u00e1ln\u00ed datab\u00e1ze p\u0159ij\u00edmac\u00edho \u0159\u00edzen\u00ed UK PedF &#8211; podm\u00ednky p\u0159ij\u00edmac\u00edho \u0159\u00edzen\u00ed<\/a><\/h4>\n<ul>\n<li><a href=\"https:\/\/pedf.cuni.cz\/PEDF-3314.html\">Modelov\u00e9 p\u00edsemn\u00e9 testy z p\u0159edchoz\u00edho p\u0159ij\u00edmac\u00edho \u0159\u00edzen\u00ed<\/a><\/li>\n<\/ul>\n<ul>\n<li style=\"list-style-type: none\">\n<ul>\n<li style=\"list-style-type: none\"><\/li>\n<\/ul>\n<\/li>\n<\/ul>\n<ul>\n<li style=\"list-style-type: none\"><\/li>\n<\/ul>\n<h3><\/h3>\n","protected":false},"excerpt":{"rendered":"<p>V\u0161eobecn\u00e9 informace pro uchaze\u010de o studium\u00a0 na PedF UK v Praze Ofici\u00e1ln\u00ed datab\u00e1ze p\u0159ij\u00edmac\u00edho \u0159\u00edzen\u00ed UK PedF &#8211; podm\u00ednky p\u0159ij\u00edmac\u00edho \u0159\u00edzen\u00ed Modelov\u00e9 p\u00edsemn\u00e9 testy z p\u0159edchoz\u00edho p\u0159ij\u00edmac\u00edho \u0159\u00edzen\u00ed<\/p>\n","protected":false},"author":35,"featured_media":0,"parent":0,"menu_order":0,"comment_status":"closed","ping_status":"open","template":"","meta":{"footnotes":""},"class_list":["post-131","page","type-page","status-publish","hentry"],"_links":{"self":[{"href":"https:\/\/pages.pedf.cuni.cz\/kpg\/wp-json\/wp\/v2\/pages\/131","targetHints":{"allow":["GET"]}}],"collection":[{"href":"https:\/\/pages.pedf.cuni.cz\/kpg\/wp-json\/wp\/v2\/pages"}],"about":[{"href":"https:\/\/pages.pedf.cuni.cz\/kpg\/wp-json\/wp\/v2\/types\/page"}],"author":[{"embeddable":true,"href":"https:\/\/pages.pedf.cuni.cz\/kpg\/wp-json\/wp\/v2\/users\/35"}],"replies":[{"embeddable":true,"href":"https:\/\/pages.pedf.cuni.cz\/kpg\/wp-json\/wp\/v2\/comments?post=131"}],"version-history":[{"count":8,"href":"https:\/\/pages.pedf.cuni.cz\/kpg\/wp-json\/wp\/v2\/pages\/131\/revisions"}],"predecessor-version":[{"id":7630,"href":"https:\/\/pages.pedf.cuni.cz\/kpg\/wp-json\/wp\/v2\/pages\/131\/revisions\/7630"}],"wp:attachment":[{"href":"https:\/\/pages.pedf.cuni.cz\/kpg\/wp-json\/wp\/v2\/media?parent=131"}],"curies":[{"name":"wp","href":"https:\/\/api.w.org\/{rel}","templated":true}]}}