{"id":136,"date":"2012-09-06T22:40:44","date_gmt":"2012-09-06T22:40:44","guid":{"rendered":"http:\/\/zeldar.thosting.cz\/wp-test\/?page_id=136"},"modified":"2024-10-07T12:15:23","modified_gmt":"2024-10-07T10:15:23","slug":"pro-studenty","status":"publish","type":"page","link":"https:\/\/pages.pedf.cuni.cz\/kpg\/pro-studenty\/","title":{"rendered":"Pro studenty"},"content":{"rendered":"<p><a href=\"https:\/\/pages.pedf.cuni.cz\/kpg\/category\/zmeny\/\">Zm\u011bny a vzkazy student\u016fm<\/a><\/p>\n<p><a href=\"http:\/\/www.pedf.cuni.cz\/PEDF-214-version1-pedinfo_2015_v2.pdf\" target=\"_blank\" rel=\"noopener\">Pro (nejen) 1. ro\u010dn\u00edky: p\u0159\u00edru\u010dka PedInfo<\/a><\/p>\n<p><a href=\"https:\/\/pages.pedf.cuni.cz\/kpg\/studenti-se-specialnimi-potrebami\/\">Studenti se specifick\u00fdmi pot\u0159ebami<\/a><\/p>\n<p><a href=\"http:\/\/www.cuni.cz\/UK-4926.html\">Pravidla pro organizaci studia<\/a><\/p>\n<p><a href=\"https:\/\/cuni.cz\/uk-3952.html\" target=\"_blank\" rel=\"noopener\">Harmonogram akademick\u00e9ho roku<\/a><\/p>\n<p><a href=\"bakalarske-a-diplomove-prace\">Bakal\u00e1\u0159sk\u00e9 a diplomov\u00e9 pr\u00e1ce<\/a><\/p>\n<p><a href=\"http:\/\/www.pedf.cuni.cz\/PEDF-219.html\" target=\"_blank\" rel=\"noopener\">Promoce<\/a><\/p>\n<p><a href=\"https:\/\/pedf.cuni.cz\/PEDF-428.html\" target=\"_blank\" rel=\"noopener\">Erasmus &#8211; LLP mobilita<\/a><\/p>\n","protected":false},"excerpt":{"rendered":"<p>Zm\u011bny a vzkazy student\u016fm Pro (nejen) 1. ro\u010dn\u00edky: p\u0159\u00edru\u010dka PedInfo Studenti se specifick\u00fdmi pot\u0159ebami Pravidla pro organizaci studia Harmonogram akademick\u00e9ho roku Bakal\u00e1\u0159sk\u00e9 a diplomov\u00e9 pr\u00e1ce Promoce Erasmus &#8211; LLP mobilita<\/p>\n","protected":false},"author":35,"featured_media":0,"parent":0,"menu_order":0,"comment_status":"closed","ping_status":"open","template":"","meta":{"footnotes":""},"class_list":["post-136","page","type-page","status-publish","hentry"],"_links":{"self":[{"href":"https:\/\/pages.pedf.cuni.cz\/kpg\/wp-json\/wp\/v2\/pages\/136","targetHints":{"allow":["GET"]}}],"collection":[{"href":"https:\/\/pages.pedf.cuni.cz\/kpg\/wp-json\/wp\/v2\/pages"}],"about":[{"href":"https:\/\/pages.pedf.cuni.cz\/kpg\/wp-json\/wp\/v2\/types\/page"}],"author":[{"embeddable":true,"href":"https:\/\/pages.pedf.cuni.cz\/kpg\/wp-json\/wp\/v2\/users\/35"}],"replies":[{"embeddable":true,"href":"https:\/\/pages.pedf.cuni.cz\/kpg\/wp-json\/wp\/v2\/comments?post=136"}],"version-history":[{"count":3,"href":"https:\/\/pages.pedf.cuni.cz\/kpg\/wp-json\/wp\/v2\/pages\/136\/revisions"}],"predecessor-version":[{"id":7186,"href":"https:\/\/pages.pedf.cuni.cz\/kpg\/wp-json\/wp\/v2\/pages\/136\/revisions\/7186"}],"wp:attachment":[{"href":"https:\/\/pages.pedf.cuni.cz\/kpg\/wp-json\/wp\/v2\/media?parent=136"}],"curies":[{"name":"wp","href":"https:\/\/api.w.org\/{rel}","templated":true}]}}