{"id":2458,"date":"2013-12-16T01:50:31","date_gmt":"2013-12-16T01:50:31","guid":{"rendered":"http:\/\/userweb.pedf.cuni.cz\/wp\/kssp\/?page_id=2458"},"modified":"2014-03-31T13:11:36","modified_gmt":"2014-03-31T13:11:36","slug":"prof-paeddr-stanislav-bendl-ph-d","status":"publish","type":"page","link":"https:\/\/pages.pedf.cuni.cz\/kpg\/prof-paeddr-stanislav-bendl-ph-d\/","title":{"rendered":"Prof. PaedDr. Stanislav Bendl, Ph.D."},"content":{"rendered":"<table border=\"0\">\n<tbody>\n<tr>\n<td>\u00a0<img loading=\"lazy\" decoding=\"async\" class=\"aligncenter\" alt=\"Stanislav Bendl\" src=\"http:\/\/upload.wikimedia.org\/wikipedia\/commons\/f\/fb\/Stanislav_Bendl.jpg\" width=\"82\" height=\"122\" \/><\/td>\n<td><span style=\"line-height: 18px\">Email: stanislav.bendl@pedf.cuni.cz<\/span><br \/>\n<span style=\"line-height: 18px\">Telefon: +420 221 900 188<\/span><br \/>\n<span style=\"line-height: 18px\">Pracovna: M. D. Rettigov\u00e9, 2. patro 219<\/span><br \/>\n<a style=\"line-height: 18px\" href=\"https:\/\/is.cuni.cz\/studium\/predmety\/index.php?do=ucit&amp;kod=02763\" target=\"_blank\">Vyu\u010dovan\u00e9 p\u0159edm\u011bty a rozvrh<\/a><\/p>\n<p><span style=\"line-height: 18px\">\u00a0\u00a0<\/span><br \/>\n<a style=\"line-height: 18px\" href=\"http:\/\/www.volny.cz\/bendls\/\" target=\"_blank\">Osobn\u00ed webov\u00e9 str\u00e1nky<\/a><\/td>\n<\/tr>\n<\/tbody>\n<tbody>\n<tr>\n<td>\u00a0Profesn\u00ed \u017eivotopis<\/td>\n<td><strong style=\"line-height: 18px\"><span style=\"line-height: 18px;color: #888888\">Vzd\u011bl\u00e1n\u00ed:<\/span><\/strong><br \/>\n<span style=\"line-height: 18px\">Mgr.: u\u010ditelstv\u00ed pro prvn\u00ed stupe\u0148 z\u00e1kladn\u00ed \u0161koly, PedF UK v Praze (1987)<\/span><br \/>\n<span style=\"line-height: 18px\">PaedDr.: rigor\u00f3zn\u00ed zkou\u0161ka na PedF UK v Praze (1991)<\/span><br \/>\n<span style=\"line-height: 18px\">Ph.D.: studijn\u00ed obor pedagogika, PedF UK v Praze (1999)<\/span><br \/>\n<span style=\"line-height: 18px\">Doc.: obor pedagogika, habilita\u010dn\u00ed \u0159\u00edzen\u00ed na PedF UK v Praze (2003)<\/span><br \/>\n<span style=\"line-height: 18px\">Prof.: obor pedagogika, profesorsk\u00e9 \u0159\u00edzen\u00ed na UKF v Nit\u0159e (2013)<\/span><br \/>\n<strong style=\"line-height: 18px\"><span style=\"line-height: 18px;color: #888888\">Praxe:<\/span><\/strong><br \/>\n<span style=\"line-height: 18px\">u\u010ditel na Z\u0160 Nebu\u0161ice, Praha 6 (1988-1994)<\/span><br \/>\n<span style=\"line-height: 18px\">vyu\u010duj\u00edc\u00ed na kated\u0159e pedagogiky PedF UK v Praze (od 1994)<\/span><br \/>\n<span style=\"line-height: 18px\">vedouc\u00ed katedry pedagogiky PedF UK v Praze (od 2004)<\/span><\/td>\n<\/tr>\n<tr>\n<td>Vybran\u00e9 publikace<\/td>\n<td><strong style=\"line-height: 18px\"><span style=\"color: #888888\">Monografie:<\/span><\/strong><br \/>\n<span style=\"line-height: 18px\">BENDL, S. \u0160koln\u00ed k\u00e1ze\u0148: Metody a strategie. Praha: ISV, 2001.<\/span><br \/>\n<span style=\"line-height: 18px\">BENDL, S. Prevence a \u0159e\u0161en\u00ed \u0161ikany ve \u0161kole. Praha: ISV, 2003.\u00a0<\/span><br \/>\n<span style=\"line-height: 18px\">BENDL, S. K\u00e1ze\u0148sk\u00e9 probl\u00e9my ve \u0161kole. Aktualizovan\u00e9 a dopln\u011bn\u00e9 vyd\u00e1n\u00ed. Praha: TRITON, 2011.<\/span><br \/>\n<strong style=\"line-height: 18px\"><span style=\"color: #888888\">U\u010debnice:<\/span><\/strong><br \/>\n<span style=\"line-height: 18px\">BENDL, S. Jak p\u0159edch\u00e1zet nek\u00e1zni aneb k\u00e1ze\u0148sk\u00e9 prost\u0159edky. Praha: ISV, 2004.<\/span><br \/>\n<span style=\"line-height: 18px\">BENDL, S. \u0160koln\u00ed k\u00e1ze\u0148 v teorii a praxi. U\u010debnice pro studenty u\u010ditelstv\u00ed. Praha: Triton, 2011.<\/span><br \/>\n<strong style=\"line-height: 18px\"><span style=\"color: #888888\">P\u016fvodn\u00ed v\u011bdeck\u00e9 pr\u00e1ce v odborn\u00fdch \u010dasopisech:<\/span><\/strong><br \/>\n<span style=\"line-height: 18px\">BENDL, S. Dotazn\u00edkov\u00e9 \u0161et\u0159en\u00ed o subjektivn\u00ed obt\u00ed\u017enosti u\u010ditelsk\u00fdch \u010dinnost\u00ed. Pedagogika, 1997, ro\u010d. 47, \u010d. 1, s. 54-64.<\/span><br \/>\n<span style=\"line-height: 18px\">BENDL, S. Vliv v\u00fdchovy v rodin\u011b na k\u00e1ze\u0148 \u017e\u00e1k\u016f ve \u0161kole. Pedagogick\u00e1 orientace, 2004, \u010d. 3, s. 2-20.<\/span><br \/>\n<span style=\"line-height: 18px\">BENDL, S. Reinterpretace k\u00e1zn\u011b v sou\u010dasn\u00e9 \u0161kole. Pedagogick\u00e1 orientace, 2005, \u010d. 2, s. 2-14.\u00a0<\/span><br \/>\n<span style=\"line-height: 18px\">BENDL, S. Charakteristiky u\u010ditele p\u0159isp\u00edvaj\u00edc\u00ed ke k\u00e1zni \u017e\u00e1k\u016f. Pedagogick\u00e1 revue, 2002, ro\u010d. 54, \u010d. 4, s. 312-325.\u00a0<\/span><br \/>\n<span style=\"line-height: 18px\">BENDL, S. Disziplin als Schutz des Kindes in der Schule. Bildung und Erziehung. 2007, ro\u010d. 60, \u010d. 1, s. 97-109.<\/span><span style=\"line-height: 18px\"><br \/>\n<\/span><\/td>\n<\/tr>\n<tr>\n<td><span style=\"line-height: 18px\">\u010clenstv\u00ed<\/span><br \/>\n<span style=\"line-height: 18px\">v odborn\u00fdch spole\u010dnostech<\/span><\/td>\n<td><span style=\"line-height: 18px\">\u010cesk\u00e1 asociace pedagogick\u00e9ho v\u00fdzkumu<\/span><br \/>\n<span style=\"line-height: 18px\">\u010cesk\u00e1 pedagogick\u00e1 spole\u010dnost<\/span><br \/>\n<span style=\"line-height: 18px\">Asociace slovansk\u00fdch profesor\u016f<\/span><\/td>\n<\/tr>\n<tr>\n<td><span style=\"line-height: 18px\">Dal\u0161\u00ed odborn\u00e9<\/span><br \/>\n<span style=\"line-height: 18px\">aktivity<\/span><\/td>\n<td><span style=\"line-height: 18px\">\u010dlen v\u011bdeck\u00e9 rady PedF UK<\/span><br \/>\n<span style=\"line-height: 18px\">\u010dlen redak\u010dn\u00edch rad \u010dasopis\u016f\u00a0Soci\u00e1ln\u00ed pedagogika, Speci\u00e1ln\u00ed pedagogika, Studia z Teorii Wychowania, Studia Edukacyjne<\/span><\/td>\n<\/tr>\n<\/tbody>\n<\/table>\n","protected":false},"excerpt":{"rendered":"<p>\u00a0 Email: stanislav.bendl@pedf.cuni.cz Telefon: +420 221 900 188 Pracovna: M. D. Rettigov\u00e9, 2. patro 219 Vyu\u010dovan\u00e9 p\u0159edm\u011bty a rozvrh \u00a0\u00a0 Osobn\u00ed webov\u00e9 str\u00e1nky \u00a0Profesn\u00ed \u017eivotopis Vzd\u011bl\u00e1n\u00ed: Mgr.: u\u010ditelstv\u00ed pro prvn\u00ed stupe\u0148 z\u00e1kladn\u00ed \u0161koly, PedF UK v Praze (1987) PaedDr.: rigor\u00f3zn\u00ed zkou\u0161ka na PedF UK v Praze (1991) Ph.D.: studijn\u00ed obor pedagogika, PedF UK v Praze [&hellip;]<\/p>\n","protected":false},"author":35,"featured_media":0,"parent":0,"menu_order":0,"comment_status":"closed","ping_status":"closed","template":"","meta":{"footnotes":""},"class_list":["post-2458","page","type-page","status-publish","hentry"],"_links":{"self":[{"href":"https:\/\/pages.pedf.cuni.cz\/kpg\/wp-json\/wp\/v2\/pages\/2458","targetHints":{"allow":["GET"]}}],"collection":[{"href":"https:\/\/pages.pedf.cuni.cz\/kpg\/wp-json\/wp\/v2\/pages"}],"about":[{"href":"https:\/\/pages.pedf.cuni.cz\/kpg\/wp-json\/wp\/v2\/types\/page"}],"author":[{"embeddable":true,"href":"https:\/\/pages.pedf.cuni.cz\/kpg\/wp-json\/wp\/v2\/users\/35"}],"replies":[{"embeddable":true,"href":"https:\/\/pages.pedf.cuni.cz\/kpg\/wp-json\/wp\/v2\/comments?post=2458"}],"version-history":[{"count":0,"href":"https:\/\/pages.pedf.cuni.cz\/kpg\/wp-json\/wp\/v2\/pages\/2458\/revisions"}],"wp:attachment":[{"href":"https:\/\/pages.pedf.cuni.cz\/kpg\/wp-json\/wp\/v2\/media?parent=2458"}],"curies":[{"name":"wp","href":"https:\/\/api.w.org\/{rel}","templated":true}]}}