{"id":27,"date":"2012-09-01T21:33:40","date_gmt":"2012-09-01T21:33:40","guid":{"rendered":"http:\/\/zeldar.thosting.cz\/wp-test\/?page_id=27"},"modified":"2026-02-23T13:44:58","modified_gmt":"2026-02-23T12:44:58","slug":"vychovatelstvi","status":"publish","type":"page","link":"https:\/\/pages.pedf.cuni.cz\/kpg\/vychovatelstvi\/","title":{"rendered":"Vychovatelstv\u00ed"},"content":{"rendered":"<p><a href=\"kssp\/charakteristika-vychovatelstvi\">Charakteristika<\/a><\/p>\n<p><a href=\"https:\/\/pedf.cuni.cz\/PEDF-2913.html\">Studijn\u00ed pl\u00e1n<\/a><\/p>\n<p><a href=\"kssp\/vychovatelstvi-materialy-pro-vyuku\">Praxe<\/a><\/p>\n<p><a href=\"https:\/\/pages.pedf.cuni.cz\/kpg\/szz-vych-bc-web-2020\/\">St\u00e1tn\u00ed z\u00e1v\u011bre\u010dn\u00e1 zkou\u0161ka &#8211; zku\u0161ebn\u00ed okruhy (dob\u00edhaj\u00edc\u00ed studium)<\/a><\/p>\n<p><a href=\"https:\/\/pages.pedf.cuni.cz\/kpg\/files\/2023\/09\/VYCH-Bc-2024-ZPPV-web.pdf\">St\u00e1tn\u00ed z\u00e1v\u011bre\u010dn\u00e1 zkou\u0161ka &#8211; zku\u0161ebn\u00ed okruhy pro studenty, kte\u0159\u00ed studuj\u00ed dle pl\u00e1nu OKBVYC20 &#8211; \u010d\u00e1st Z\u00e1klady pedagogiky a psychologie pro vychovatele<\/a><\/p>\n<p><a href=\"https:\/\/pages.pedf.cuni.cz\/kpg\/files\/2023\/09\/VYCH-Bc-2024-MVVC-web.pdf\">St\u00e1tn\u00ed z\u00e1v\u011bre\u010dn\u00e1 zkou\u0161ka &#8211; zku\u0161ebn\u00ed okruhy pro studenty, kte\u0159\u00ed studuj\u00ed dle pl\u00e1nu OKBVYC20 &#8211; \u010d\u00e1st Metodika v\u00fdchovy ve voln\u00e9m \u010dase<\/a><\/p>\n<p><a href=\"kssp\/vychovatelstvi-bakalarske-prace\">Bakal\u00e1\u0159sk\u00e9 pr\u00e1ce<\/a><\/p>\n<p>&nbsp;<\/p>\n<p><strong>Informace ke studiu Vychovatelstv\u00ed (C\u017dV) pros\u00edm hledejte v sekci <a href=\"https:\/\/pages.pedf.cuni.cz\/kpg\/celozivotni-vzdelavani-dps\/\">&#8222;Celo\u017eivotn\u00ed vzd\u011bl\u00e1v\u00e1n\u00ed&#8220;<\/a><\/strong><\/p>\n","protected":false},"excerpt":{"rendered":"<p>Charakteristika Studijn\u00ed pl\u00e1n Praxe St\u00e1tn\u00ed z\u00e1v\u011bre\u010dn\u00e1 zkou\u0161ka &#8211; zku\u0161ebn\u00ed okruhy (dob\u00edhaj\u00edc\u00ed studium) St\u00e1tn\u00ed z\u00e1v\u011bre\u010dn\u00e1 zkou\u0161ka &#8211; zku\u0161ebn\u00ed okruhy pro studenty, kte\u0159\u00ed studuj\u00ed dle pl\u00e1nu OKBVYC20 &#8211; \u010d\u00e1st Z\u00e1klady pedagogiky a psychologie pro vychovatele St\u00e1tn\u00ed z\u00e1v\u011bre\u010dn\u00e1 zkou\u0161ka &#8211; zku\u0161ebn\u00ed okruhy pro studenty, kte\u0159\u00ed studuj\u00ed dle pl\u00e1nu OKBVYC20 &#8211; \u010d\u00e1st Metodika v\u00fdchovy ve voln\u00e9m \u010dase Bakal\u00e1\u0159sk\u00e9 pr\u00e1ce [&hellip;]<\/p>\n","protected":false},"author":35,"featured_media":0,"parent":0,"menu_order":0,"comment_status":"closed","ping_status":"closed","template":"","meta":{"footnotes":""},"class_list":["post-27","page","type-page","status-publish","hentry"],"_links":{"self":[{"href":"https:\/\/pages.pedf.cuni.cz\/kpg\/wp-json\/wp\/v2\/pages\/27","targetHints":{"allow":["GET"]}}],"collection":[{"href":"https:\/\/pages.pedf.cuni.cz\/kpg\/wp-json\/wp\/v2\/pages"}],"about":[{"href":"https:\/\/pages.pedf.cuni.cz\/kpg\/wp-json\/wp\/v2\/types\/page"}],"author":[{"embeddable":true,"href":"https:\/\/pages.pedf.cuni.cz\/kpg\/wp-json\/wp\/v2\/users\/35"}],"replies":[{"embeddable":true,"href":"https:\/\/pages.pedf.cuni.cz\/kpg\/wp-json\/wp\/v2\/comments?post=27"}],"version-history":[{"count":8,"href":"https:\/\/pages.pedf.cuni.cz\/kpg\/wp-json\/wp\/v2\/pages\/27\/revisions"}],"predecessor-version":[{"id":7639,"href":"https:\/\/pages.pedf.cuni.cz\/kpg\/wp-json\/wp\/v2\/pages\/27\/revisions\/7639"}],"wp:attachment":[{"href":"https:\/\/pages.pedf.cuni.cz\/kpg\/wp-json\/wp\/v2\/media?parent=27"}],"curies":[{"name":"wp","href":"https:\/\/api.w.org\/{rel}","templated":true}]}}