{"id":29,"date":"2012-09-01T21:33:59","date_gmt":"2012-09-01T21:33:59","guid":{"rendered":"http:\/\/zeldar.thosting.cz\/wp-test\/?page_id=29"},"modified":"2023-09-30T16:13:26","modified_gmt":"2023-09-30T14:13:26","slug":"ucitelstvi-pv-a-ov","status":"publish","type":"page","link":"https:\/\/pages.pedf.cuni.cz\/kpg\/ucitelstvi-pv-a-ov\/","title":{"rendered":"U\u010ditelstv\u00ed PV a OV"},"content":{"rendered":"<ul>\n<li><strong><a href=\"https:\/\/pages.pedf.cuni.cz\/kpg\/aktuality-upvov\/\">Aktu\u00e1ln\u00ed informace pro studenty oboru UPVOV<\/a><\/strong><\/li>\n<\/ul>\n<p><a href=\"charakteristika-ucitelstvi-praktickeho-vyucovani-a-odborneho-vycviku\">Charakteristika<\/a><\/p>\n<p><a href=\"https:\/\/pedf.cuni.cz\/PEDF-2604.html\">Studijn\u00ed pl\u00e1n<\/a><\/p>\n<p><a href=\"https:\/\/pages.pedf.cuni.cz\/kpg\/szz-upvov-bc-web-2020\/\">St\u00e1tn\u00ed z\u00e1v\u011bre\u010dn\u00e1 zkou\u0161ka &#8211; zku\u0161ebn\u00ed okruhy pro studenty, kte\u0159\u00ed studuj\u00ed dle pl\u00e1nu OKBPRA17 (dob\u00edhaj\u00edc\u00ed studium)<\/a><\/p>\n<p><a href=\"https:\/\/pages.pedf.cuni.cz\/kpg\/files\/2023\/09\/UPVOV-Bc-2024-ZPPU-web.pdf\">St\u00e1tn\u00ed z\u00e1v\u011bre\u010dn\u00e1 zkou\u0161ka &#8211; zku\u0161ebn\u00ed okruhy pro studenty, kte\u0159\u00ed studuj\u00ed dle pl\u00e1nu OKBPRA20 &#8211; \u010d\u00e1st Z\u00e1klady pedagogiky a psychologie pro u\u010ditele<\/a><\/p>\n<p><a href=\"https:\/\/pages.pedf.cuni.cz\/kpg\/files\/2023\/09\/UPVOV-Bc-2024-DOV-web.pdf\">St\u00e1tn\u00ed z\u00e1v\u011bre\u010dn\u00e1 zkou\u0161ka &#8211; zku\u0161ebn\u00ed okruhy pro studenty, kte\u0159\u00ed studuj\u00ed dle pl\u00e1nu OKBPRA20 &#8211; \u010d\u00e1st Didaktika odborn\u00e9ho vzd\u011bl\u00e1v\u00e1n\u00ed<\/a><\/p>\n<p><a href=\"https:\/\/pages.pedf.cuni.cz\/kpg\/files\/2014\/11\/Vyhl\u00e1\u0161ka-portfolio-UPVOV.pdf\">BP jako portfolio profesn\u00edho rozvoje<\/a><\/p>\n<p><a href=\"https:\/\/pages.pedf.cuni.cz\/kpg\/files\/2020\/01\/Podklady-do-SIS-BP-DP.docx\">Podklady pro z\u00e1znam bakal\u00e1\u0159sk\u00e9 pr\u00e1ce v SIS<\/a><\/p>\n","protected":false},"excerpt":{"rendered":"<p>Aktu\u00e1ln\u00ed informace pro studenty oboru UPVOV Charakteristika Studijn\u00ed pl\u00e1n St\u00e1tn\u00ed z\u00e1v\u011bre\u010dn\u00e1 zkou\u0161ka &#8211; zku\u0161ebn\u00ed okruhy pro studenty, kte\u0159\u00ed studuj\u00ed dle pl\u00e1nu OKBPRA17 (dob\u00edhaj\u00edc\u00ed studium) St\u00e1tn\u00ed z\u00e1v\u011bre\u010dn\u00e1 zkou\u0161ka &#8211; zku\u0161ebn\u00ed okruhy pro studenty, kte\u0159\u00ed studuj\u00ed dle pl\u00e1nu OKBPRA20 &#8211; \u010d\u00e1st Z\u00e1klady pedagogiky a psychologie pro u\u010ditele St\u00e1tn\u00ed z\u00e1v\u011bre\u010dn\u00e1 zkou\u0161ka &#8211; zku\u0161ebn\u00ed okruhy pro studenty, kte\u0159\u00ed studuj\u00ed [&hellip;]<\/p>\n","protected":false},"author":35,"featured_media":0,"parent":0,"menu_order":0,"comment_status":"closed","ping_status":"closed","template":"","meta":{"footnotes":""},"class_list":["post-29","page","type-page","status-publish","hentry"],"_links":{"self":[{"href":"https:\/\/pages.pedf.cuni.cz\/kpg\/wp-json\/wp\/v2\/pages\/29","targetHints":{"allow":["GET"]}}],"collection":[{"href":"https:\/\/pages.pedf.cuni.cz\/kpg\/wp-json\/wp\/v2\/pages"}],"about":[{"href":"https:\/\/pages.pedf.cuni.cz\/kpg\/wp-json\/wp\/v2\/types\/page"}],"author":[{"embeddable":true,"href":"https:\/\/pages.pedf.cuni.cz\/kpg\/wp-json\/wp\/v2\/users\/35"}],"replies":[{"embeddable":true,"href":"https:\/\/pages.pedf.cuni.cz\/kpg\/wp-json\/wp\/v2\/comments?post=29"}],"version-history":[{"count":13,"href":"https:\/\/pages.pedf.cuni.cz\/kpg\/wp-json\/wp\/v2\/pages\/29\/revisions"}],"predecessor-version":[{"id":6931,"href":"https:\/\/pages.pedf.cuni.cz\/kpg\/wp-json\/wp\/v2\/pages\/29\/revisions\/6931"}],"wp:attachment":[{"href":"https:\/\/pages.pedf.cuni.cz\/kpg\/wp-json\/wp\/v2\/media?parent=29"}],"curies":[{"name":"wp","href":"https:\/\/api.w.org\/{rel}","templated":true}]}}