{"id":3028,"date":"2014-10-09T04:55:49","date_gmt":"2014-10-09T02:55:49","guid":{"rendered":"http:\/\/userweb.pedf.cuni.cz\/wp\/kssp\/?page_id=3028"},"modified":"2023-04-20T12:16:23","modified_gmt":"2023-04-20T10:16:23","slug":"3028-2","status":"publish","type":"page","link":"https:\/\/pages.pedf.cuni.cz\/kpg\/","title":{"rendered":"\u00davod"},"content":{"rendered":"<p style=\"text-align: justify\">Katedra pedagogiky je vzd\u011bl\u00e1vac\u00ed a v\u011bdecko-v\u00fdzkumn\u00e9 pracovi\u0161t\u011b zam\u011b\u0159en\u00e9 na \u0161irok\u00e9 spektrum pedagogick\u00fdch discipl\u00edn. Navazuje p\u0159itom na \u010dinnost \u00fatvaru, jen\u017e pod r\u016fzn\u00fdmi n\u00e1zvy pe\u010doval o rozvoj pedagogick\u00fdch v\u011bd na Pedagogick\u00e9 fakult\u011b UK od prvopo\u010d\u00e1tk\u016f jej\u00ed existence. V sou\u010dasn\u00e9 dob\u011b je pracovi\u0161t\u011bm modern\u00edm, reflektuj\u00edc\u00edm soudob\u00e9 trendy ve v\u00fdchov\u011b a vzd\u011bl\u00e1v\u00e1n\u00ed, a to p\u0159i zachov\u00e1n\u00ed nejlep\u0161\u00edch tradic \u010desk\u00e9 i evropsk\u00e9 pedagogiky. \u010clenov\u00e9 katedry usiluj\u00ed p\u0159edev\u0161\u00edm o kvalitn\u00ed profesn\u00ed p\u0159\u00edpravu pedagogick\u00fdch pracovn\u00edk\u016f, zalo\u017eenou na \u010dinorod\u00e9m propojen\u00ed zku\u0161enost\u00ed z v\u00fdchovn\u00e9 praxe a v\u00fdsledk\u016f v\u011bdeck\u00e9ho b\u00e1d\u00e1n\u00ed.<\/p>\n<div style=\"text-align: center\"><a href=\"https:\/\/pages.pedf.cuni.cz\/kpg\/pro-uchazece\/\"><img loading=\"lazy\" decoding=\"async\" class=\"alignnone wp-image-6719\" style=\"border: 0px\" src=\"https:\/\/pages.pedf.cuni.cz\/kpg\/files\/2023\/04\/Pro-uchazece_final-1-260x300.png\" alt=\"\" width=\"240\" height=\"276\" srcset=\"https:\/\/pages.pedf.cuni.cz\/kpg\/files\/2023\/04\/Pro-uchazece_final-1-260x300.png 260w, https:\/\/pages.pedf.cuni.cz\/kpg\/files\/2023\/04\/Pro-uchazece_final-1-889x1024.png 889w, https:\/\/pages.pedf.cuni.cz\/kpg\/files\/2023\/04\/Pro-uchazece_final-1-768x885.png 768w, https:\/\/pages.pedf.cuni.cz\/kpg\/files\/2023\/04\/Pro-uchazece_final-1-1333x1536.png 1333w, https:\/\/pages.pedf.cuni.cz\/kpg\/files\/2023\/04\/Pro-uchazece_final-1-1778x2048.png 1778w, https:\/\/pages.pedf.cuni.cz\/kpg\/files\/2023\/04\/Pro-uchazece_final-1.png 1784w\" sizes=\"auto, (max-width: 240px) 100vw, 240px\" \/><\/a><a href=\"https:\/\/pages.pedf.cuni.cz\/kpg\/pro-studenty\/\"><img loading=\"lazy\" decoding=\"async\" class=\"alignnone wp-image-6720\" style=\"border: 0px\" src=\"https:\/\/pages.pedf.cuni.cz\/kpg\/files\/2023\/04\/Pro-studenty_final-1-260x300.png\" alt=\"\" width=\"240\" height=\"277\" srcset=\"https:\/\/pages.pedf.cuni.cz\/kpg\/files\/2023\/04\/Pro-studenty_final-1-260x300.png 260w, https:\/\/pages.pedf.cuni.cz\/kpg\/files\/2023\/04\/Pro-studenty_final-1-886x1024.png 886w, https:\/\/pages.pedf.cuni.cz\/kpg\/files\/2023\/04\/Pro-studenty_final-1-768x887.png 768w, https:\/\/pages.pedf.cuni.cz\/kpg\/files\/2023\/04\/Pro-studenty_final-1-1330x1536.png 1330w, https:\/\/pages.pedf.cuni.cz\/kpg\/files\/2023\/04\/Pro-studenty_final-1.png 1740w\" sizes=\"auto, (max-width: 240px) 100vw, 240px\" \/><\/a><a href=\"https:\/\/pages.pedf.cuni.cz\/kpg\/category\/zmeny\/\"><img loading=\"lazy\" decoding=\"async\" class=\"alignnone wp-image-6715\" style=\"border: 0px\" src=\"https:\/\/pages.pedf.cuni.cz\/kpg\/files\/2023\/04\/Aktualni-zmeny-a-vzkazy-253x300.png\" alt=\"\" width=\"240\" height=\"284\" srcset=\"https:\/\/pages.pedf.cuni.cz\/kpg\/files\/2023\/04\/Aktualni-zmeny-a-vzkazy-253x300.png 253w, https:\/\/pages.pedf.cuni.cz\/kpg\/files\/2023\/04\/Aktualni-zmeny-a-vzkazy-865x1024.png 865w, https:\/\/pages.pedf.cuni.cz\/kpg\/files\/2023\/04\/Aktualni-zmeny-a-vzkazy-768x909.png 768w, https:\/\/pages.pedf.cuni.cz\/kpg\/files\/2023\/04\/Aktualni-zmeny-a-vzkazy-1297x1536.png 1297w, https:\/\/pages.pedf.cuni.cz\/kpg\/files\/2023\/04\/Aktualni-zmeny-a-vzkazy-1730x2048.png 1730w, https:\/\/pages.pedf.cuni.cz\/kpg\/files\/2023\/04\/Aktualni-zmeny-a-vzkazy.png 1784w\" sizes=\"auto, (max-width: 240px) 100vw, 240px\" \/><\/a><\/div>\n<div style=\"text-align: center\"><a href=\"https:\/\/pages.pedf.cuni.cz\/kpg\/pedagogicko-psychologicka-priprava\/\"><img loading=\"lazy\" decoding=\"async\" class=\"alignnone wp-image-6745\" style=\"border: 0px\" src=\"https:\/\/pages.pedf.cuni.cz\/kpg\/files\/2023\/04\/Ped-psych_2-261x300.png\" alt=\"\" width=\"247\" height=\"284\" srcset=\"https:\/\/pages.pedf.cuni.cz\/kpg\/files\/2023\/04\/Ped-psych_2-261x300.png 261w, https:\/\/pages.pedf.cuni.cz\/kpg\/files\/2023\/04\/Ped-psych_2-892x1024.png 892w, https:\/\/pages.pedf.cuni.cz\/kpg\/files\/2023\/04\/Ped-psych_2-768x882.png 768w, https:\/\/pages.pedf.cuni.cz\/kpg\/files\/2023\/04\/Ped-psych_2-1338x1536.png 1338w, https:\/\/pages.pedf.cuni.cz\/kpg\/files\/2023\/04\/Ped-psych_2.png 1784w\" sizes=\"auto, (max-width: 247px) 100vw, 247px\" \/><\/a><a href=\"https:\/\/pages.pedf.cuni.cz\/kpg\/vybrane-publikace-pracovniku-katedry\/\"><img loading=\"lazy\" decoding=\"async\" class=\"alignnone wp-image-6714\" style=\"border: 0px\" src=\"https:\/\/pages.pedf.cuni.cz\/kpg\/files\/2023\/04\/Vybrane-publikace-253x300.png\" alt=\"\" width=\"240\" height=\"284\" srcset=\"https:\/\/pages.pedf.cuni.cz\/kpg\/files\/2023\/04\/Vybrane-publikace-253x300.png 253w, https:\/\/pages.pedf.cuni.cz\/kpg\/files\/2023\/04\/Vybrane-publikace-865x1024.png 865w, https:\/\/pages.pedf.cuni.cz\/kpg\/files\/2023\/04\/Vybrane-publikace-768x909.png 768w, https:\/\/pages.pedf.cuni.cz\/kpg\/files\/2023\/04\/Vybrane-publikace-1297x1536.png 1297w, https:\/\/pages.pedf.cuni.cz\/kpg\/files\/2023\/04\/Vybrane-publikace-1730x2048.png 1730w, https:\/\/pages.pedf.cuni.cz\/kpg\/files\/2023\/04\/Vybrane-publikace.png 1784w\" sizes=\"auto, (max-width: 240px) 100vw, 240px\" \/><\/a><a href=\"https:\/\/pages.pedf.cuni.cz\/AnCER\/\"><img loading=\"lazy\" decoding=\"async\" class=\"alignnone wp-image-6716\" style=\"border: 0px\" src=\"https:\/\/pages.pedf.cuni.cz\/kpg\/files\/2023\/04\/Anchoring-center_2.png\" alt=\"\" width=\"240\" height=\"284\" \/><\/a><\/div>\n","protected":false},"excerpt":{"rendered":"<p>Katedra pedagogiky je vzd\u011bl\u00e1vac\u00ed a v\u011bdecko-v\u00fdzkumn\u00e9 pracovi\u0161t\u011b zam\u011b\u0159en\u00e9 na \u0161irok\u00e9 spektrum pedagogick\u00fdch discipl\u00edn. Navazuje p\u0159itom na \u010dinnost \u00fatvaru, jen\u017e pod r\u016fzn\u00fdmi n\u00e1zvy pe\u010doval o rozvoj pedagogick\u00fdch v\u011bd na Pedagogick\u00e9 fakult\u011b UK od prvopo\u010d\u00e1tk\u016f jej\u00ed existence. V sou\u010dasn\u00e9 dob\u011b je pracovi\u0161t\u011bm modern\u00edm, reflektuj\u00edc\u00edm soudob\u00e9 trendy ve v\u00fdchov\u011b a vzd\u011bl\u00e1v\u00e1n\u00ed, a to p\u0159i zachov\u00e1n\u00ed nejlep\u0161\u00edch tradic \u010desk\u00e9 [&hellip;]<\/p>\n","protected":false},"author":268,"featured_media":0,"parent":0,"menu_order":0,"comment_status":"closed","ping_status":"closed","template":"","meta":{"footnotes":""},"class_list":["post-3028","page","type-page","status-publish","hentry"],"_links":{"self":[{"href":"https:\/\/pages.pedf.cuni.cz\/kpg\/wp-json\/wp\/v2\/pages\/3028","targetHints":{"allow":["GET"]}}],"collection":[{"href":"https:\/\/pages.pedf.cuni.cz\/kpg\/wp-json\/wp\/v2\/pages"}],"about":[{"href":"https:\/\/pages.pedf.cuni.cz\/kpg\/wp-json\/wp\/v2\/types\/page"}],"author":[{"embeddable":true,"href":"https:\/\/pages.pedf.cuni.cz\/kpg\/wp-json\/wp\/v2\/users\/268"}],"replies":[{"embeddable":true,"href":"https:\/\/pages.pedf.cuni.cz\/kpg\/wp-json\/wp\/v2\/comments?post=3028"}],"version-history":[{"count":23,"href":"https:\/\/pages.pedf.cuni.cz\/kpg\/wp-json\/wp\/v2\/pages\/3028\/revisions"}],"predecessor-version":[{"id":6764,"href":"https:\/\/pages.pedf.cuni.cz\/kpg\/wp-json\/wp\/v2\/pages\/3028\/revisions\/6764"}],"wp:attachment":[{"href":"https:\/\/pages.pedf.cuni.cz\/kpg\/wp-json\/wp\/v2\/media?parent=3028"}],"curies":[{"name":"wp","href":"https:\/\/api.w.org\/{rel}","templated":true}]}}