{"id":3073,"date":"2012-09-06T15:52:00","date_gmt":"2012-09-06T15:52:00","guid":{"rendered":"http:\/\/zeldar.thosting.cz\/wp-test\/?page_id=81"},"modified":"2026-02-26T11:32:21","modified_gmt":"2026-02-26T10:32:21","slug":"na-koho-se-obratit-2","status":"publish","type":"page","link":"https:\/\/pages.pedf.cuni.cz\/kpg\/na-koho-se-obratit-2\/","title":{"rendered":"Na koho se obr\u00e1tit"},"content":{"rendered":"<h1><strong>Kompetence \u010dlen\u016f katedry<\/strong><\/h1>\n<h3>prof. PaedDr. Stanislav Bendl, Ph.D., vedouc\u00ed katedry<\/h3>\n<ul>\n<li>Garant bakal\u00e1\u0159sk\u00e9ho studijn\u00edho programu V\u00fdchova ke zdrav\u00ed se zam\u011b\u0159en\u00edm na vzd\u011bl\u00e1v\u00e1n\u00ed.<\/li>\n<li>Garant navazuj\u00edc\u00edho magistersk\u00e9ho programu U\u010ditelstv\u00ed v\u00fdchovy ke zdrav\u00ed pro 2. stupe\u0148 z\u00e1kladn\u00ed \u0161koly a st\u0159edn\u00ed \u0161koly.<\/li>\n<li>Garant programu celo\u017eivotn\u00edho vzd\u011bl\u00e1v\u00e1n\u00ed Studium pedagogiky pro vychovatele.<\/li>\n<li>Odpov\u011bdnost za rigor\u00f3zn\u00ed \u0159\u00edzen\u00ed (PhDr.) pro program U\u010ditelstv\u00ed v\u00fdchovy ke zdrav\u00ed.<\/li>\n<li>Odpov\u011bdnost za <a href=\"doktorske-studium\">doktorsk\u00e9 studium (Ph.D.)<\/a> uskute\u010d\u0148ovan\u00e9 na kated\u0159e.<\/li>\n<\/ul>\n<hr \/>\n<h3>Alena Bendlov\u00e1, sekret\u00e1\u0159ka katedry<\/h3>\n<ul>\n<li>Omlouv\u00e1n\u00ed student\u016f ze st\u00e1tn\u00edch z\u00e1v\u011bre\u010dn\u00fdch zkou\u0161ek.<\/li>\n<li>Potvrzov\u00e1n\u00ed sylab\u016f absolvovan\u00fdch p\u0159edm\u011bt\u016f (pro pot\u0159eby studia na jin\u00fdch V\u0160).<\/li>\n<li>Rezervace m\u00edstnost\u00ed pro pot\u0159eby zkou\u0161en\u00ed, konzultac\u00ed, n\u00e1hradn\u00ed v\u00fduka apod.<\/li>\n<\/ul>\n<hr \/>\n<h3>PhDr. Veronika Bla\u017ekov\u00e1, Ph.D., tajemnice katedry<\/h3>\n<ul>\n<li>Garant bakal\u00e1\u0159sk\u00e9ho studijn\u00edho programu Vychovatelstv\u00ed.<\/li>\n<li>Koordin\u00e1tor podpory pro studenty se specifick\u00fdmi pot\u0159ebami.<\/li>\n<li>Koordin\u00e1tor p\u0159ij\u00edmac\u00edho \u0159\u00edzen\u00ed na kated\u0159e (mimo programy v\u00fdchovy ke zdrav\u00ed).<\/li>\n<li>Zodpov\u011bdnost za organizaci dne otev\u0159en\u00fdch dve\u0159\u00ed a informa\u010dn\u00edho odpoledne.<\/li>\n<li>Kontaktn\u00ed osoba pro studentskou oborovou radu oboru Pedagogika.<\/li>\n<li>Vy\u0159izov\u00e1n\u00ed \u017e\u00e1dost\u00ed student\u016f (uzn\u00e1v\u00e1n\u00ed p\u0159edm\u011bt\u016f, individu\u00e1ln\u00ed studijn\u00ed pl\u00e1ny apod.).<\/li>\n<li>Delegov\u00e1n\u00ed pracovn\u00edk\u016f katedry na imatrikulace, promoce, p\u0159ij\u00edmac\u00ed zkou\u0161ky apod.<\/li>\n<li>Vedouc\u00ed spisov\u00e9ho uzlu ESS na kated\u0159e.<\/li>\n<\/ul>\n<hr \/>\n<h3>Ing. Karolina Duschinsk\u00e1, Ph.D.<\/h3>\n<ul>\n<li>Odpov\u011bdnost za person\u00e1ln\u00ed bibliografii (spr\u00e1vce OBD na kated\u0159e).<\/li>\n<\/ul>\n<hr \/>\n<h3>PaedDr. Zde\u0148ka Hankov\u00e1, Ph.D.<\/h3>\n<ul>\n<li>Tajemn\u00edk bakal\u00e1\u0159sk\u00e9ho studijn\u00edho programu Vychovatelstv\u00ed*).<\/li>\n<\/ul>\n<hr \/>\n<h3>PhDr. Jaroslava Hanu\u0161ov\u00e1, Ph.D.<\/h3>\n<ul>\n<li>Tajemn\u00edk bakal\u00e1\u0159sk\u00e9ho studijn\u00edho programu V\u00fdchova ke zdrav\u00ed se zam\u011b\u0159en\u00edm na vzd\u011bl\u00e1v\u00e1n\u00ed*).<\/li>\n<li>Tajemn\u00edk navazuj\u00edc\u00edho magistersk\u00e9ho programu U\u010ditelstv\u00ed v\u00fdchovy ke zdrav\u00ed pro 2. stupe\u0148 z\u00e1kladn\u00ed \u0161koly a st\u0159edn\u00ed \u0161koly*).<\/li>\n<li>Koordin\u00e1tor p\u0159ij\u00edmac\u00edho \u0159\u00edzen\u00ed na kated\u0159e (programy v\u00fdchovy ke zdrav\u00ed).<\/li>\n<li>Katedrov\u00fd koordin\u00e1tor institucion\u00e1ln\u00ed akreditace (programy v\u00fdchovy ke zdrav\u00ed).<\/li>\n<li>Kontaktn\u00ed osoba pro studentskou oborovou radu programu V\u00fdchova ke zdrav\u00ed.<\/li>\n<\/ul>\n<hr \/>\n<h3>PhDr. Jana Ko\u010d\u00ed, Ph.D.<\/h3>\n<ul>\n<li>Erasmus a koordinace zahrani\u010dn\u00edch styk\u016f.<\/li>\n<\/ul>\n<hr \/>\n<h3>Mgr. Petr M\u00e1cha<\/h3>\n<ul>\n<li>\u010clen fakultn\u00ed pracovn\u00ed skupiny pro vyu\u017e\u00edv\u00e1n\u00ed generativn\u00ed AI ve vzd\u011bl\u00e1v\u00e1n\u00ed.<\/li>\n<\/ul>\n<hr \/>\n<h3>PhDr. Magdalena Richterov\u00e1, Ph.D.<\/h3>\n<ul>\n<li>Garant pedagogick\u00fdch prax\u00ed na kated\u0159e, spolupr\u00e1ce s Centrem pro podporu a rozvoj pedagogick\u00fdch prax\u00ed.<\/li>\n<\/ul>\n<hr \/>\n<h3>PhDr. Jaroslav \u0160aroch, Ph.D.<\/h3>\n<ul>\n<li>Tajemn\u00edk bakal\u00e1\u0159sk\u00e9ho studijn\u00edho programu Pedagogika*).<\/li>\n<li>Tajemn\u00edk navazuj\u00edc\u00edho magistersk\u00e9ho programu U\u010ditelstv\u00ed pedagogiky pro st\u0159edn\u00ed \u0161koly*).<\/li>\n<li>Koncepce webov\u00fdch str\u00e1nek katedry a odpov\u011bdnost za aktualizaci jejich obsahu.<\/li>\n<li>Propagace katedry a spolupr\u00e1ce s odd\u011blen\u00edm komunikace a marketingu PedF UK.<\/li>\n<li>Poskytov\u00e1n\u00ed podpory pro pou\u017e\u00edv\u00e1n\u00ed LMS Moodle v r\u00e1mci katedry.<\/li>\n<li>Koordin\u00e1tor projektov\u00fdch aktivit katedry (rozvojov\u00e9 projekty).<\/li>\n<\/ul>\n<hr \/>\n<h3>PhDr. Alena Thorovsk\u00e1<\/h3>\n<ul>\n<li>Zodpov\u011bdnost za organizaci programu celo\u017eivotn\u00edho vzd\u011bl\u00e1v\u00e1n\u00ed Studium pedagogiky pro vychovatele.<\/li>\n<\/ul>\n<hr \/>\n<h3>Ing. Bc. Alena V\u00e1chov\u00e1, Ph.D.<\/h3>\n<ul>\n<li>Koordin\u00e1tor pr\u00e1ce s absolventy katedry, spolupr\u00e1ce s fakultn\u00edm klubem Alumni.<\/li>\n<\/ul>\n<hr \/>\n<h3>prof. RNDr. PhDr. Hana Vo\u0148kov\u00e1, Ph.D. et Ph.D.<\/h3>\n<ul>\n<li>Garant bakal\u00e1\u0159sk\u00e9ho studijn\u00edho programu Pedagogika.<\/li>\n<li>Garant navazuj\u00edc\u00edho magistersk\u00e9ho programu U\u010ditelstv\u00ed pedagogiky pro st\u0159edn\u00ed \u0161koly.<\/li>\n<li>Odpov\u011bdnost za <a href=\"rigorozni-rizeni\/\">rigor\u00f3zn\u00ed \u0159\u00edzen\u00ed (PhDr.) pro obor pedagogika<\/a> na kated\u0159e.<\/li>\n<li>Koordin\u00e1tor projektov\u00fdch aktivit katedry (v\u011bdecko-v\u00fdzkumn\u00e9 projekty).<\/li>\n<li>Koordin\u00e1tor zahrani\u010dn\u00edch post-doktorand\u016f.<\/li>\n<\/ul>\n<hr \/>\n<h3>Mgr. Zbyn\u011bk Zicha, Ph.D.<\/h3>\n<ul>\n<li>Tajemn\u00edk bakal\u00e1\u0159sk\u00e9ho studijn\u00edho programu U\u010ditelstv\u00ed praktick\u00e9ho vyu\u010dov\u00e1n\u00ed a odborn\u00e9ho v\u00fdcviku*).<\/li>\n<li>Kontaktn\u00ed osoba pro zahrani\u010dn\u00ed studenty &#8211; samopl\u00e1tce.<\/li>\n<\/ul>\n<hr \/>\n<h3>PhDr. Michal Zv\u00edrotsk\u00fd, Ph.D.<\/h3>\n<ul>\n<li>Garant bakal\u00e1\u0159sk\u00e9ho studijn\u00edho programu U\u010ditelstv\u00ed praktick\u00e9ho vyu\u010dov\u00e1n\u00ed a odborn\u00e9ho v\u00fdcviku.<\/li>\n<li>Koordin\u00e1tor institucion\u00e1ln\u00ed akreditace (pedagogicko-psychologick\u00e1 p\u0159\u00edprava, obory pedagogika, vychovatelstv\u00ed, u\u010ditelstv\u00ed praktick\u00e9ho vyu\u010dov\u00e1n\u00ed a odborn\u00e9ho v\u00fdcviku).<\/li>\n<li>Zpracov\u00e1v\u00e1n\u00ed podklad\u016f pro \u00favazky a zapojov\u00e1n\u00ed extern\u00edch pracovn\u00edk\u016f do v\u00fduky (ve spolupr\u00e1ci s garanty a tajemn\u00edky studijn\u00edch program\u016f).<\/li>\n<li>Administrace zku\u0161ebn\u00edch komis\u00ed pro st\u00e1tn\u00ed z\u00e1v\u011bre\u010dn\u00e9 zkou\u0161ky a z\u00e1v\u011bre\u010dn\u00e9 zkou\u0161ky C\u017dV.<\/li>\n<li>Garant celo\u017eivotn\u00edho vzd\u011bl\u00e1v\u00e1n\u00ed na kated\u0159e.<\/li>\n<li>\u010clen koordina\u010dn\u00ed rady pro mikrocertifik\u00e1ty za KPG.<\/li>\n<\/ul>\n<p>*) Tajemn\u00edk studijn\u00edho programu spolupracuje s\u00a0garantem studijn\u00edho programu na p\u0159\u00edprav\u011b podklad\u016f pro rozvrh (aktualizace rozvrhov\u00fdch l\u00edstk\u016f), kontrole a aktualizaci studijn\u00edch pl\u00e1n\u016f, p\u0159\u00edprav\u011b a realizaci p\u0159ij\u00edmac\u00edho \u0159\u00edzen\u00ed, aktualizaci zku\u0161ebn\u00edch okruh\u016f SZZ a na dal\u0161\u00edch organiza\u010dn\u00edch a administrativn\u00edch z\u00e1le\u017eitostech spojen\u00fdch s\u00a0uskute\u010d\u0148ov\u00e1n\u00edm a evaluac\u00ed studijn\u00edho programu.<\/p>\n<hr \/>\n","protected":false},"excerpt":{"rendered":"<p>Kompetence \u010dlen\u016f katedry prof. PaedDr. Stanislav Bendl, Ph.D., vedouc\u00ed katedry Garant bakal\u00e1\u0159sk\u00e9ho studijn\u00edho programu V\u00fdchova ke zdrav\u00ed se zam\u011b\u0159en\u00edm na vzd\u011bl\u00e1v\u00e1n\u00ed. Garant navazuj\u00edc\u00edho magistersk\u00e9ho programu U\u010ditelstv\u00ed v\u00fdchovy ke zdrav\u00ed pro 2. stupe\u0148 z\u00e1kladn\u00ed \u0161koly a st\u0159edn\u00ed \u0161koly. Garant programu celo\u017eivotn\u00edho vzd\u011bl\u00e1v\u00e1n\u00ed Studium pedagogiky pro vychovatele. Odpov\u011bdnost za rigor\u00f3zn\u00ed \u0159\u00edzen\u00ed (PhDr.) pro program U\u010ditelstv\u00ed v\u00fdchovy ke [&hellip;]<\/p>\n","protected":false},"author":274,"featured_media":0,"parent":0,"menu_order":0,"comment_status":"closed","ping_status":"closed","template":"","meta":{"footnotes":""},"class_list":["post-3073","page","type-page","status-publish","hentry"],"_links":{"self":[{"href":"https:\/\/pages.pedf.cuni.cz\/kpg\/wp-json\/wp\/v2\/pages\/3073","targetHints":{"allow":["GET"]}}],"collection":[{"href":"https:\/\/pages.pedf.cuni.cz\/kpg\/wp-json\/wp\/v2\/pages"}],"about":[{"href":"https:\/\/pages.pedf.cuni.cz\/kpg\/wp-json\/wp\/v2\/types\/page"}],"author":[{"embeddable":true,"href":"https:\/\/pages.pedf.cuni.cz\/kpg\/wp-json\/wp\/v2\/users\/274"}],"replies":[{"embeddable":true,"href":"https:\/\/pages.pedf.cuni.cz\/kpg\/wp-json\/wp\/v2\/comments?post=3073"}],"version-history":[{"count":7,"href":"https:\/\/pages.pedf.cuni.cz\/kpg\/wp-json\/wp\/v2\/pages\/3073\/revisions"}],"predecessor-version":[{"id":7649,"href":"https:\/\/pages.pedf.cuni.cz\/kpg\/wp-json\/wp\/v2\/pages\/3073\/revisions\/7649"}],"wp:attachment":[{"href":"https:\/\/pages.pedf.cuni.cz\/kpg\/wp-json\/wp\/v2\/media?parent=3073"}],"curies":[{"name":"wp","href":"https:\/\/api.w.org\/{rel}","templated":true}]}}