{"id":31,"date":"2012-09-01T21:34:19","date_gmt":"2012-09-01T21:34:19","guid":{"rendered":"http:\/\/zeldar.thosting.cz\/wp-test\/?page_id=31"},"modified":"2026-03-04T22:34:22","modified_gmt":"2026-03-04T21:34:22","slug":"celozivotni-vzdelavani-dps","status":"publish","type":"page","link":"https:\/\/pages.pedf.cuni.cz\/kpg\/celozivotni-vzdelavani-dps\/","title":{"rendered":"Celo\u017eivotn\u00ed vzd\u011bl\u00e1v\u00e1n\u00ed"},"content":{"rendered":"<p><a href=\"http:\/\/www.pedf.cuni.cz\/PEDF-66.html\" target=\"_blank\" rel=\"noopener noreferrer\">V\u0161eobecn\u00e9 informace k celo\u017eivotn\u00edmu vzd\u011bl\u00e1v\u00e1n\u00ed na PedF UK<\/a><\/p>\n<p><strong>Otev\u00edran\u00fd program:<\/strong><\/p>\n<h5><span style=\"color: #a04577\"><strong>Studium pedagogiky pro vychovatele\u00a0 <\/strong>(dopl\u0148uj\u00edc\u00ed pedagogick\u00e9 studium v rozsahu 250 hodin)<\/span><\/h5>\n<p>Datum zah\u00e1jen\u00ed kurzu v akademick\u00e9m roce 2026\/2027: <span style=\"color: #a04577\"><strong><span style=\"color: #993366\">29. 9.<\/span>\u00a02026<\/strong><\/span><\/p>\n<p>P\u0159ihl\u00e1\u0161ky p\u0159ij\u00edm\u00e1 <span style=\"color: #a04577\"><strong>od 1. 3. 2026 do 15. 5. 2026<\/strong><\/span>\u00a0<a href=\"https:\/\/pages.pedf.cuni.cz\/czv\/?page_id=4665\">Centrum celo\u017eivotn\u00edho vzd\u011bl\u00e1v\u00e1n\u00ed PedF UK<\/a><\/p>\n<p><a href=\"https:\/\/is.cuni.cz\/studium\/prijimacky\/index.php?do=detail_kurz&amp;cid=11384\">Detail programu<\/a><\/p>\n<p><a href=\"https:\/\/is.cuni.cz\/studium\/predmety\/index.php?do=prohl&amp;fak=11410&amp;oborplan=OCDP21VY&amp;vyuc=&amp;oborsims=\">Studijn\u00ed pl\u00e1n<\/a><\/p>\n<p>&nbsp;<\/p>\n<p><strong>P\u0159ipravovan\u00fd program:<\/strong><\/p>\n<h5><span style=\"color: #a04577\"><strong>Studium k roz\u0161\u00ed\u0159en\u00ed odborn\u00e9 kvalifikace k z\u00edsk\u00e1n\u00ed kvalifikace soci\u00e1ln\u00edho pedagoga (roz\u0161i\u0159uj\u00edc\u00ed studium v rozsahu 250 hodin)<\/strong><\/span><\/h5>\n<p><a href=\"https:\/\/pages.pedf.cuni.cz\/kpg\/files\/2026\/03\/Socialni-pedagog-kvalifikacni-studium.pdf\">Informace o programu<\/a><\/p>\n<h2><span style=\"color: #ff9900\"><em>\u00a0<\/em><\/span><\/h2>\n","protected":false},"excerpt":{"rendered":"<p>V\u0161eobecn\u00e9 informace k celo\u017eivotn\u00edmu vzd\u011bl\u00e1v\u00e1n\u00ed na PedF UK Otev\u00edran\u00fd program: Studium pedagogiky pro vychovatele\u00a0 (dopl\u0148uj\u00edc\u00ed pedagogick\u00e9 studium v rozsahu 250 hodin) Datum zah\u00e1jen\u00ed kurzu v akademick\u00e9m roce 2026\/2027: 29. 9.\u00a02026 P\u0159ihl\u00e1\u0161ky p\u0159ij\u00edm\u00e1 od 1. 3. 2026 do 15. 5. 2026\u00a0Centrum celo\u017eivotn\u00edho vzd\u011bl\u00e1v\u00e1n\u00ed PedF UK Detail programu Studijn\u00ed pl\u00e1n &nbsp; P\u0159ipravovan\u00fd program: Studium k roz\u0161\u00ed\u0159en\u00ed odborn\u00e9 [&hellip;]<\/p>\n","protected":false},"author":35,"featured_media":0,"parent":0,"menu_order":0,"comment_status":"closed","ping_status":"open","template":"","meta":{"footnotes":""},"class_list":["post-31","page","type-page","status-publish","hentry"],"_links":{"self":[{"href":"https:\/\/pages.pedf.cuni.cz\/kpg\/wp-json\/wp\/v2\/pages\/31","targetHints":{"allow":["GET"]}}],"collection":[{"href":"https:\/\/pages.pedf.cuni.cz\/kpg\/wp-json\/wp\/v2\/pages"}],"about":[{"href":"https:\/\/pages.pedf.cuni.cz\/kpg\/wp-json\/wp\/v2\/types\/page"}],"author":[{"embeddable":true,"href":"https:\/\/pages.pedf.cuni.cz\/kpg\/wp-json\/wp\/v2\/users\/35"}],"replies":[{"embeddable":true,"href":"https:\/\/pages.pedf.cuni.cz\/kpg\/wp-json\/wp\/v2\/comments?post=31"}],"version-history":[{"count":8,"href":"https:\/\/pages.pedf.cuni.cz\/kpg\/wp-json\/wp\/v2\/pages\/31\/revisions"}],"predecessor-version":[{"id":7656,"href":"https:\/\/pages.pedf.cuni.cz\/kpg\/wp-json\/wp\/v2\/pages\/31\/revisions\/7656"}],"wp:attachment":[{"href":"https:\/\/pages.pedf.cuni.cz\/kpg\/wp-json\/wp\/v2\/media?parent=31"}],"curies":[{"name":"wp","href":"https:\/\/api.w.org\/{rel}","templated":true}]}}