{"id":393,"date":"2012-09-01T21:31:55","date_gmt":"2012-09-01T21:31:55","guid":{"rendered":"http:\/\/zeldar.thosting.cz\/wp-test\/?page_id=19"},"modified":"2026-02-23T13:51:35","modified_gmt":"2026-02-23T12:51:35","slug":"pedagogika","status":"publish","type":"page","link":"https:\/\/pages.pedf.cuni.cz\/kpg\/pedagogika\/","title":{"rendered":"Pedagogika"},"content":{"rendered":"<ul>\n<li><strong><a href=\"aktuality-pedagogika\/\">Aktu\u00e1ln\u00ed informace pro studenty oboru pedagogika<\/a><\/strong><\/li>\n<\/ul>\n<h4><span style=\"color: #a04577\"><strong>Bakal\u00e1\u0159sk\u00e9 studium<\/strong><\/span><\/h4>\n<p><a href=\"kssp\/charakteristika-pedagogika\/\">Charakteristika<\/a><\/p>\n<p><a href=\"https:\/\/pedf.cuni.cz\/PEDF-2891.html\">Studijn\u00ed pl\u00e1ny pro prezen\u010dn\u00ed studium<\/a><\/p>\n<p><a href=\"https:\/\/pedf.cuni.cz\/PEDF-2907.html\">Studijn\u00ed pl\u00e1ny pro kombinovan\u00e9 studium<\/a><\/p>\n<p><a href=\"https:\/\/pages.pedf.cuni.cz\/kpg\/szz-pg-bc-web-2020\/\">St\u00e1tn\u00ed z\u00e1v\u011bre\u010dn\u00e9 zkou\u0161ky &#8211; okruhy pro dob\u00edhaj\u00edc\u00ed studium<\/a><\/p>\n<p><a href=\"https:\/\/pages.pedf.cuni.cz\/kpg\/files\/2023\/09\/PG-Bc-2024-na-web.pdf\">St\u00e1tn\u00ed z\u00e1v\u011bre\u010dn\u00e9 zkou\u0161ky &#8211; zku\u0161ebn\u00ed okruhy pro studenty, kte\u0159\u00ed nastoupili ke studiu v roce 2021 a pozd\u011bji<\/a><\/p>\n<p><a href=\"https:\/\/pages.pedf.cuni.cz\/kpg\/temata-bakalarskych-praci\/\">T\u00e9mata bakal\u00e1\u0159sk\u00fdch prac\u00ed\u00a0(prezen\u010dn\u00ed i kombinovan\u00e1 forma)<\/a><\/p>\n<p>&nbsp;<\/p>\n<h4><strong><span style=\"color: #a04577\">Navazuj\u00edc\u00ed magistersk\u00e9 studium<\/span>\u00a0<\/strong><\/h4>\n<p><a href=\"kssp\/charakteristika-pedagogika-nmgr\">Charakteristika<\/a><\/p>\n<p><a href=\"https:\/\/pedf.cuni.cz\/PEDF-3517.html\">Studijn\u00ed pl\u00e1ny<\/a><\/p>\n<p><strong>T\u00e9mata diplomov\u00fdch prac\u00ed:<\/strong><\/p>\n<ul>\n<li><a href=\"https:\/\/pages.pedf.cuni.cz\/kpg\/temata-diplomovych-praci-socialni-pedagogika\/\">DP vypisovan\u00e9 na kated\u0159e pedagogiky (KPG)<\/a><\/li>\n<\/ul>\n<ul>\n<li><a href=\"https:\/\/pages.pedf.cuni.cz\/kpg\/temata-diplomovych-praci-skolni-pedagogika\/\">DP vypisovan\u00e9 na \u00dastavu v\u00fdzkumu a rozvoje vzd\u011bl\u00e1v\u00e1n\u00ed (\u00daVRV)<\/a><\/li>\n<\/ul>\n<p><a href=\"https:\/\/pages.pedf.cuni.cz\/kpg\/szz-pg-nmgr-web-2020\/\">Tematick\u00e9 okruhy ke SZZ v programu U\u010ditelstv\u00ed pedagogiky (plat\u00ed pro studenty, kte\u0159\u00ed zah\u00e1jili studium p\u0159ed rokem 2021)<\/a><\/p>\n<p><a href=\"https:\/\/pages.pedf.cuni.cz\/kpg\/files\/2022\/09\/SZZ-Pg-NMgr-2022.pdf\">Tematick\u00e9 okruhy ke SZZ v programu U\u010ditelstv\u00ed pedagogiky &#8211; maior, minor, pln\u00fd pl\u00e1n (plat\u00ed pro studenty, kte\u0159\u00ed zah\u00e1jili studium v roce 2021 a pozd\u011bji)<\/a><\/p>\n<p>&nbsp;<\/p>\n<h4><span style=\"color: #a04577\"><strong>Navazuj\u00edc\u00ed magistersk\u00e9 studium &#8211; jednooborov\u00e9<\/strong><\/span><\/h4>\n<p><a href=\"https:\/\/pages.pedf.cuni.cz\/kpg\/charakteristika-pg1\/\">Charakteristika<\/a><\/p>\n<p><a href=\"http:\/\/userweb.pedf.cuni.cz\/kch\/karolinka\/2014\/ON1PG14.html\">Studijn\u00ed pl\u00e1n ON1PG14<\/a><\/p>\n<p><a href=\"https:\/\/pages.pedf.cuni.cz\/kpg\/temata-diplomovych-praci-socialni-pedagogika\/\">T\u00e9mata diplomov\u00fdch prac\u00ed<\/a><\/p>\n<p><a href=\"https:\/\/pages.pedf.cuni.cz\/kpg\/szz-pg-nmgr-jednoobor-ad-web-2020\/\">SZZ &#8211; pedagogick\u00e9 v\u011bdy v antropologick\u00e9 perspektiv\u011b<\/a><\/p>\n<p><a href=\"https:\/\/pages.pedf.cuni.cz\/kpg\/szz-pg-nmgr-jednoobor-dp-web-2020\/\">SZZ &#8211; didaktika pedagogiky<\/a><\/p>\n<p><a href=\"https:\/\/pages.pedf.cuni.cz\/kpg\/files\/2022\/09\/SZZ-Pg-NMgr-2022.pdf\">Tematick\u00e9 okruhy ke SZZ v programu U\u010ditelstv\u00ed pedagogiky &#8211; maior, minor, pln\u00fd pl\u00e1n (plat\u00ed pro studenty, kte\u0159\u00ed zah\u00e1jili studium v roce 2021 a pozd\u011bji)<\/a><\/p>\n<p><a href=\"https:\/\/pages.pedf.cuni.cz\/kpg\/files\/2022\/09\/SZZ-Pg-J-NMgr-2022.pdf\">Tematick\u00e9 okruhy ke SZZ v programu U\u010ditelstv\u00ed pedagogiky &#8211; pln\u00fd pl\u00e1n (plat\u00ed pro studenty, kte\u0159\u00ed zah\u00e1jili studium v roce 2021 a pozd\u011bji)<\/a><\/p>\n<p>&nbsp;<\/p>\n<h4><strong><span style=\"color: #a04577\">Rigor\u00f3zn\u00ed \u0159\u00edzen\u00ed pro absolventy oboru pedagogika\u00a0<\/span><\/strong><\/h4>\n<p><a href=\"https:\/\/pages.pedf.cuni.cz\/kpg\/rigorozni-rizeni\/\">Podm\u00ednky rigor\u00f3zn\u00edho \u0159\u00edzen\u00ed<\/a><\/p>\n<p><a href=\"https:\/\/pages.pedf.cuni.cz\/kpg\/files\/2026\/01\/Okruhy-k-rigorozni-zkousce-pedagogika.pdf\">Okruhy k rigor\u00f3zn\u00ed zkou\u0161ce z obecn\u00e9 pedagogiky a didaktiky pedagogiky<\/a><\/p>\n","protected":false},"excerpt":{"rendered":"<p>Aktu\u00e1ln\u00ed informace pro studenty oboru pedagogika Bakal\u00e1\u0159sk\u00e9 studium Charakteristika Studijn\u00ed pl\u00e1ny pro prezen\u010dn\u00ed studium Studijn\u00ed pl\u00e1ny pro kombinovan\u00e9 studium St\u00e1tn\u00ed z\u00e1v\u011bre\u010dn\u00e9 zkou\u0161ky &#8211; okruhy pro dob\u00edhaj\u00edc\u00ed studium St\u00e1tn\u00ed z\u00e1v\u011bre\u010dn\u00e9 zkou\u0161ky &#8211; zku\u0161ebn\u00ed okruhy pro studenty, kte\u0159\u00ed nastoupili ke studiu v roce 2021 a pozd\u011bji T\u00e9mata bakal\u00e1\u0159sk\u00fdch prac\u00ed\u00a0(prezen\u010dn\u00ed i kombinovan\u00e1 forma) &nbsp; Navazuj\u00edc\u00ed magistersk\u00e9 studium\u00a0 Charakteristika [&hellip;]<\/p>\n","protected":false},"author":35,"featured_media":0,"parent":0,"menu_order":0,"comment_status":"closed","ping_status":"closed","template":"","meta":{"footnotes":""},"class_list":["post-393","page","type-page","status-publish","hentry"],"_links":{"self":[{"href":"https:\/\/pages.pedf.cuni.cz\/kpg\/wp-json\/wp\/v2\/pages\/393","targetHints":{"allow":["GET"]}}],"collection":[{"href":"https:\/\/pages.pedf.cuni.cz\/kpg\/wp-json\/wp\/v2\/pages"}],"about":[{"href":"https:\/\/pages.pedf.cuni.cz\/kpg\/wp-json\/wp\/v2\/types\/page"}],"author":[{"embeddable":true,"href":"https:\/\/pages.pedf.cuni.cz\/kpg\/wp-json\/wp\/v2\/users\/35"}],"replies":[{"embeddable":true,"href":"https:\/\/pages.pedf.cuni.cz\/kpg\/wp-json\/wp\/v2\/comments?post=393"}],"version-history":[{"count":8,"href":"https:\/\/pages.pedf.cuni.cz\/kpg\/wp-json\/wp\/v2\/pages\/393\/revisions"}],"predecessor-version":[{"id":7641,"href":"https:\/\/pages.pedf.cuni.cz\/kpg\/wp-json\/wp\/v2\/pages\/393\/revisions\/7641"}],"wp:attachment":[{"href":"https:\/\/pages.pedf.cuni.cz\/kpg\/wp-json\/wp\/v2\/media?parent=393"}],"curies":[{"name":"wp","href":"https:\/\/api.w.org\/{rel}","templated":true}]}}