{"id":395,"date":"2012-09-09T14:52:23","date_gmt":"2012-09-09T14:52:23","guid":{"rendered":"http:\/\/zeldar.thosting.cz\/wp-test\/?page_id=227"},"modified":"2018-10-12T00:11:20","modified_gmt":"2018-10-11T22:11:20","slug":"duschinska","status":"publish","type":"page","link":"https:\/\/pages.pedf.cuni.cz\/kpg\/duschinska\/","title":{"rendered":"Ing. Karolina Duschinsk\u00e1, Ph.D."},"content":{"rendered":"<table>\n<tbody>\n<tr>\n<td><a href=\"https:\/\/pages.pedf.cuni.cz\/kpg\/files\/2012\/09\/Duschin_portret5.jpg\"><img loading=\"lazy\" decoding=\"async\" class=\"alignnone wp-image-3241\" src=\"https:\/\/pages.pedf.cuni.cz\/kpg\/files\/2012\/09\/Duschin_portret5-200x300.jpg\" alt=\"Duschin_portret\" width=\"105\" height=\"158\" srcset=\"https:\/\/pages.pedf.cuni.cz\/kpg\/files\/2012\/09\/Duschin_portret5-200x300.jpg 200w, https:\/\/pages.pedf.cuni.cz\/kpg\/files\/2012\/09\/Duschin_portret5.jpg 480w\" sizes=\"auto, (max-width: 105px) 100vw, 105px\" \/><\/a><\/td>\n<td><span style=\"line-height: 18px\"><span style=\"line-height: 18px\">Email: karolina.duschinska@pedf.cuni.cz \u00a0 \u00a0 \u00a0 \u00a0 \u00a0 \u00a0 \u00a0 \u00a0 \u00a0 \u00a0 \u00a0 \u00a0 \u00a0 \u00a0 \u00a0 \u00a0 \u00a0 \u00a0 \u00a0 \u00a0 \u00a0 \u00a0 \u00a0 \u00a0 \u00a0 \u00a0 \u00a0 \u00a0 \u00a0 \u00a0 \u00a0 \u00a0 \u00a0 \u00a0 \u00a0 \u00a0 \u00a0 \u00a0 \u00a0 \u00a0 \u00a0 \u00a0 \u00a0 \u00a0 \u00a0 \u00a0 \u00a0 \u00a0 \u00a0 \u00a0 \u00a0 \u00a0\u00a0<a href=\"https:\/\/twitter.com\/duschinska\" target=\"_blank\" rel=\"noopener\"><img loading=\"lazy\" decoding=\"async\" id=\"irc_mi\" class=\"alignnone\" src=\"https:\/\/g.twimg.com\/Twitter_logo_blue.png\" alt=\"Twitter\" width=\"18\" height=\"15\" \/><\/a><br \/>\n<\/span><\/span><br \/>\n<span style=\"line-height: 18px\">Telefon: +420 221 900 109<\/span><br \/>\n<span style=\"line-height: 18px\">Pracovna: Magdal\u00e9ny Rettigov\u00e9 4, 2. patro 221<\/span><\/p>\n<p><a style=\"line-height: 18px\" href=\"https:\/\/is.cuni.cz\/studium\/predmety\/index.php?do=ucit&amp;kod=02545\" target=\"_blank\" rel=\"noopener\">Vyu\u010dovan\u00e9 p\u0159edm\u011bty a rozvrh<\/a><\/td>\n<\/tr>\n<\/tbody>\n<tbody>\n<tr>\n<td>Profesn\u00ed \u017eivotopis<\/td>\n<td><span style=\"color: #999999\">Vzd\u011bl\u00e1n\u00ed:<\/span><\/p>\n<p>UK v Praze, Pedagogick\u00e1 fakulta (Ph.D. 2010). Diserta\u010dn\u00ed pr\u00e1ce <em>Mentoring v procesu st\u00e1v\u00e1n\u00ed se u\u010ditelem<\/em>, \u0161kolitelka Doc. Jaroslava Va\u0161utov\u00e1<br \/>\nV\u0160CHT Praha, Fakulta chemick\u00e9ho in\u017een\u00fdrstv\u00ed (Ing. 1987)<\/p>\n<p><span style=\"color: #999999\">Praxe:<\/span><\/p>\n<p>UK v Praze, PedF, katedra pedagogiky: odborn\u00e1 asistentka (2002- dosud)<br \/>\nV\u0160CHT Praha, \u00dastav u\u010ditelstv\u00ed a humanitn\u00edch v\u011bd: odborn\u00e1 asistentka (2015- dosud)<br \/>\nGymn\u00e1zium Pod Vy\u0161ehradem: vyu\u010duj\u00edc\u00ed chemie (1993-2002)<\/td>\n<\/tr>\n<tr>\n<td>Vybran\u00e9 publikace<\/td>\n<td><span style=\"color: #808080\">Odborn\u00e9 monografie:<\/span><br \/>\nStar\u00fd, K., Dvo\u0159\u00e1k, D., Greger, D., Duschinsk\u00e1, K. (2012).<em> <a href=\"http:\/\/cupress.cuni.cz\/ink2_stat\/index.jsp?include=podrobnosti&amp;id=8211\" target=\"_blank\" rel=\"noopener\">Profesn\u00ed rozvoj u\u010ditel\u016f: Podpora u\u010ditel\u016f pro zlep\u0161ov\u00e1n\u00ed v\u00fdsledk\u016f \u017e\u00e1k\u016f.<\/a><\/em> Praha: Karolinum.<br \/>\nP\u00ed\u0161ov\u00e1, M. Duschinsk\u00e1, K. (2011). <em>Mentoring v u\u010ditelstv\u00ed.<\/em> Praha: UK PedF. <a href=\"http:\/\/www.ped.muni.cz\/pedor\/archiv\/2012\/PedOr12_3_Recenze.pdf\" target=\"_blank\" rel=\"noopener\">Recenze<\/a> v \u010dasopise Pedagogick\u00e1 orientace \u010d. 3\/2012, str. 463-467.<span style=\"color: #808080\">\u010cl\u00e1nky v recenzovan\u00fdch \u010dasopisech a sborn\u00edc\u00edch:<\/span><\/p>\n<p><span id=\"E1017\" class=\"qowt-font3-Arial\">Duschinsk\u00e1, K. <\/span><span id=\"E1018\" class=\"qowt-font3-Arial\">&amp; <\/span><span id=\"E1019\" class=\"qowt-font3-Arial\">Hig<\/span><span id=\"E1020\" class=\"qowt-font3-Arial\">h<\/span><span id=\"E1021\" class=\"qowt-font3-Arial\">, R.<\/span><span id=\"E1022\" class=\"qowt-font3-Arial\"> (2018). <\/span><span id=\"E1023\" class=\"qowt-font3-Arial\"> <\/span><span id=\"E1024\" class=\"qowt-font3-Arial\">How to Motivate New University Teachers for Student-centered Learning.<\/span><span id=\"E1025\" class=\"qowt-font3-Arial\"> In<\/span><span id=\"E1026\" class=\"qowt-font3-Arial\"> Heijnen, M. <\/span><span id=\"E1027\" class=\"qowt-font3-Arial\">&amp; <\/span><span id=\"E1028\" class=\"qowt-font3-Arial\">de Hei, M.<\/span><span id=\"E1029\" class=\"qowt-font3-Arial\"> &amp; van Ginkel, S<\/span><span id=\"E1030\" class=\"qowt-font3-Arial\">. <\/span><em><span id=\"E1031\" class=\"qowt-font3-Arial\"> Proceedings of the ATEE winter konference 2018: Technology and innovative learning<\/span><\/em><span id=\"E1032\" class=\"qowt-font3-Arial\"><em>.<\/em> Archimedes Institute, Utrecht University of Applied Sciences and Association of Teacher Education in Europe (ATEE)<\/span><span id=\"E1033\" class=\"qowt-font3-Arial\">. <\/span><span id=\"E1034\" class=\"qowt-font3-Arial\">ISBN: 978-90-8928-129-6.<\/span><\/p>\n<p>Chv\u00e1l, M., Dvo\u0159\u00e1k, D. Star\u00fd, K. Markov\u00e1, K. (2008). <a href=\"http:\/\/www.orbisscholae.cz\/archiv\/2008\/2008_3_07.pdf\" target=\"_blank\" rel=\"noopener\">Design-based research p\u0159i hled\u00e1n\u00ed cest dal\u0161\u00edho vzd\u011bl\u00e1v\u00e1n\u00ed u\u010ditel\u016f<\/a>. <em>Orbis scholae<\/em>. Ro\u010d. 2, \u010d. 3. Praha: UK PedF.<span style=\"color: #808080\">Vybran\u00e1 vystoupen\u00ed na konferenc\u00edch:<\/span><\/p>\n<p>Duschinsk\u00e1, K., High, R.\u00a0<em>Rozvoj didaktick\u00e9ho potenci\u00e1lu V\u0160 u\u010ditel\u016f prost\u0159ednictv\u00edm dvou discipl\u00edn: jak se st\u0159et\u00e1vaj\u00ed pedagogika a psychologie.<\/em>\u00a0Transdiciplinarita v\u00a0pedagogick\u00fdch v\u011bd\u00e1ch, XXVI. ro\u010dn\u00edk konference \u010cAPV. 13.-14.9.2018 Zl\u00edn, \u010cAPV a FHS UTB ve Zl\u00edn\u011b.<\/p>\n<p>Duschinsk\u00e1, K., High, R.\u00a0<em>Active Course Development Teaching Methods for University Educators.<\/em>\u00a0Pedagogical Innovation: Adapting Practice to Evolving Cultures. Annual Conference of the Society for Teaching and Learning in Higher Education. 19.-22.6.2018 Sherbrooke, Canada, STLHE a University of Sherbrooke.<\/p>\n<p>Duschinsk\u00e1, K., High, R.\u00a0<em>Program rozvoje pedagogick\u00fdch dovednost\u00ed na Univerzit\u011b Karlov\u011b: didaktika vysoko\u0161kolsk\u00e9 v\u00fduky a p\u0159esahy do dal\u0161\u00edch discipl\u00edn.<\/em>\u00a0Vysoko\u0161kolsk\u00fd u\u010ditel znovu studentem: Kurzy rozvoje pedagogick\u00fdch kompetenc\u00ed v \u010cesk\u00e9 a Slovensk\u00e9 republice. Konference Centra rozvoje pedagogick\u00fdch kompetenc\u00ed MU v\u00a0Brn\u011b, 13.6.2018 Brno, Masarykova Univerzita (zvan\u00e1 p\u0159edn\u00e1\u0161ka).<\/p>\n<p>ECER 2012 Cadiz (ES): <em>Understanding Mentoring Practices: From a National to an International Perspective.<\/em> Symposium.<br \/>\n<span style=\"color: #000000\">\u010cAPV 2011 Brno:<em> <a href=\"http:\/\/www.ped.muni.cz\/capv2011\/index.php?option=com_content&amp;view=article&amp;id=82&amp;Itemid=104\" target=\"_blank\" rel=\"noopener\">Podpora profesn\u00edho rozvoje za\u010d\u00ednaj\u00edc\u00edch u\u010ditel\u016f v sedmi evropsk\u00fdch zem\u00edch<\/a>.<\/em> Poster.<\/span><br \/>\nECER 2011 Berlin (DE): <em>Mentoring Models in the Process of Becoming a Teacher<\/em>. Paper.<\/td>\n<\/tr>\n<tr>\n<td>Projekty<\/td>\n<td><a href=\"http:\/\/www.csr-online.cz\/podpora\/mentoring-zacinajicich-ucitelu\/\" target=\"_blank\" rel=\"noopener\">Mentoring za\u010d\u00ednaj\u00edc\u00edch u\u010ditel\u016f<\/a>, Bussiness Leaders Forum (2014-2015)<\/p>\n<p>SoNetTE: Social Networks in Teacher Education (2012-2015)<\/p>\n<p><a href=\"http:\/\/eacea.ec.europa.eu\/LLp\/project_reports\/documents\/comenius\/all\/com_nw_503108_innote.pdf\" target=\"_blank\" rel=\"noopener\">INNOTE<\/a>: Induction for Novice Teachers (2010-2012)<\/p>\n<p>JoCiTE: Joint Curriculum In Teacher Education (2007-2010)<\/p>\n<p>SPriTE: Shared Practice in Teacher Education (2007-2009)<\/p>\n<p>INOSKOP: Inovativn\u00ed \u0161koly Praha (2006-2008)<\/p>\n<p><a href=\"http:\/\/www.cuni.cz\/IFORUM-5160.html\" target=\"_blank\" rel=\"noopener\">PedPraxe<\/a>: Koncepce a ov\u011b\u0159en\u00ed nov\u00e9ho modelu pedagogick\u00e9 praxe<\/p>\n<p>PedPsy: Zkvalitn\u011bn\u00ed pedagogicko-psychologick\u00e9 p\u0159\u00edpravy budouc\u00edch u\u010ditel\u016f<\/td>\n<\/tr>\n<tr>\n<td>Dal\u0161\u00ed odborn\u00e9 aktivity<\/td>\n<td>koncepce, p\u0159\u00edprava programu a lektorsk\u00e1 \u010dinnost v t\u00fddenn\u00edm mezin\u00e1rodn\u00edm vzd\u011bl\u00e1vac\u00edm kurzu pro mentory (EU datab\u00e1ze)<br \/>\nrecenzn\u00ed \u010dinnost pro \u010dasopisy Pedagogika, Pedagogick\u00e1 orientace, Aula<br \/>\nrecenzn\u00ed \u010dinnost pro Estonian Studies in Education series<\/td>\n<\/tr>\n<\/tbody>\n<\/table>\n","protected":false},"excerpt":{"rendered":"<p>Email: karolina.duschinska@pedf.cuni.cz \u00a0 \u00a0 \u00a0 \u00a0 \u00a0 \u00a0 \u00a0 \u00a0 \u00a0 \u00a0 \u00a0 \u00a0 \u00a0 \u00a0 \u00a0 \u00a0 \u00a0 \u00a0 \u00a0 \u00a0 \u00a0 \u00a0 \u00a0 \u00a0 \u00a0 \u00a0 \u00a0 \u00a0 \u00a0 \u00a0 \u00a0 \u00a0 \u00a0 \u00a0 \u00a0 \u00a0 \u00a0 \u00a0 \u00a0 \u00a0 \u00a0 \u00a0 \u00a0 \u00a0 \u00a0 \u00a0 \u00a0 \u00a0 \u00a0 \u00a0 \u00a0 \u00a0\u00a0 Telefon: [&hellip;]<\/p>\n","protected":false},"author":35,"featured_media":0,"parent":0,"menu_order":0,"comment_status":"closed","ping_status":"closed","template":"","meta":{"footnotes":""},"class_list":["post-395","page","type-page","status-publish","hentry"],"_links":{"self":[{"href":"https:\/\/pages.pedf.cuni.cz\/kpg\/wp-json\/wp\/v2\/pages\/395","targetHints":{"allow":["GET"]}}],"collection":[{"href":"https:\/\/pages.pedf.cuni.cz\/kpg\/wp-json\/wp\/v2\/pages"}],"about":[{"href":"https:\/\/pages.pedf.cuni.cz\/kpg\/wp-json\/wp\/v2\/types\/page"}],"author":[{"embeddable":true,"href":"https:\/\/pages.pedf.cuni.cz\/kpg\/wp-json\/wp\/v2\/users\/35"}],"replies":[{"embeddable":true,"href":"https:\/\/pages.pedf.cuni.cz\/kpg\/wp-json\/wp\/v2\/comments?post=395"}],"version-history":[{"count":10,"href":"https:\/\/pages.pedf.cuni.cz\/kpg\/wp-json\/wp\/v2\/pages\/395\/revisions"}],"predecessor-version":[{"id":5505,"href":"https:\/\/pages.pedf.cuni.cz\/kpg\/wp-json\/wp\/v2\/pages\/395\/revisions\/5505"}],"wp:attachment":[{"href":"https:\/\/pages.pedf.cuni.cz\/kpg\/wp-json\/wp\/v2\/media?parent=395"}],"curies":[{"name":"wp","href":"https:\/\/api.w.org\/{rel}","templated":true}]}}