{"id":5872,"date":"2020-01-24T14:55:55","date_gmt":"2020-01-24T13:55:55","guid":{"rendered":"http:\/\/pages.pedf.cuni.cz\/kssp\/?page_id=5872"},"modified":"2021-06-01T13:23:01","modified_gmt":"2021-06-01T11:23:01","slug":"projekty","status":"publish","type":"page","link":"https:\/\/pages.pedf.cuni.cz\/kpg\/projekty\/","title":{"rendered":"Projekty"},"content":{"rendered":"<h3><a href=\"https:\/\/otevreno.org\/otevrena-vyzva\/r1\/\">Didaktika ze \u010dty\u0159 perspektiv<\/a><\/h3>\n<p>Otev\u0159en\u00e1 v\u00fdzva hnut\u00ed Otev\u0159eno a Nada\u010dn\u00edho fondu Abakus<\/p>\n<h3><\/h3>\n<h3><a href=\"https:\/\/pages.pedf.cuni.cz\/prevzd\/\"><img loading=\"lazy\" decoding=\"async\" class=\"header-image\" src=\"https:\/\/pages.pedf.cuni.cz\/prevzd\/files\/2019\/07\/zahlavi4.png\" alt=\"Podpora pregradu\u00e1ln\u00edho vzd\u011bl\u00e1v\u00e1n\u00ed na PedF UK\" width=\"900\" height=\"110\" \/><\/a>\u00a0 <a href=\"https:\/\/pages.pedf.cuni.cz\/prevzd\/\">Podpora pregradu\u00e1ln\u00edho vzd\u011bl\u00e1v\u00e1n\u00ed na PedF UK\u00a0 <span style=\"display: inline !important;float: none;background-color: #ffffff;color: #333333;font-family: 'Open Sans',sans-serif;font-size: 14px;font-style: normal;font-variant: normal;font-weight: 400;letter-spacing: normal;text-align: left;text-decoration: none;text-indent: 0px;text-transform: none\">CZ.02.3.68\/0.0\/0.0\/16_038\/0006965<\/span><\/a><\/h3>\n","protected":false},"excerpt":{"rendered":"<p>Didaktika ze \u010dty\u0159 perspektiv Otev\u0159en\u00e1 v\u00fdzva hnut\u00ed Otev\u0159eno a Nada\u010dn\u00edho fondu Abakus \u00a0 Podpora pregradu\u00e1ln\u00edho vzd\u011bl\u00e1v\u00e1n\u00ed na PedF UK\u00a0 CZ.02.3.68\/0.0\/0.0\/16_038\/0006965<\/p>\n","protected":false},"author":35,"featured_media":0,"parent":0,"menu_order":0,"comment_status":"closed","ping_status":"closed","template":"","meta":{"footnotes":""},"class_list":["post-5872","page","type-page","status-publish","hentry"],"_links":{"self":[{"href":"https:\/\/pages.pedf.cuni.cz\/kpg\/wp-json\/wp\/v2\/pages\/5872","targetHints":{"allow":["GET"]}}],"collection":[{"href":"https:\/\/pages.pedf.cuni.cz\/kpg\/wp-json\/wp\/v2\/pages"}],"about":[{"href":"https:\/\/pages.pedf.cuni.cz\/kpg\/wp-json\/wp\/v2\/types\/page"}],"author":[{"embeddable":true,"href":"https:\/\/pages.pedf.cuni.cz\/kpg\/wp-json\/wp\/v2\/users\/35"}],"replies":[{"embeddable":true,"href":"https:\/\/pages.pedf.cuni.cz\/kpg\/wp-json\/wp\/v2\/comments?post=5872"}],"version-history":[{"count":3,"href":"https:\/\/pages.pedf.cuni.cz\/kpg\/wp-json\/wp\/v2\/pages\/5872\/revisions"}],"predecessor-version":[{"id":6102,"href":"https:\/\/pages.pedf.cuni.cz\/kpg\/wp-json\/wp\/v2\/pages\/5872\/revisions\/6102"}],"wp:attachment":[{"href":"https:\/\/pages.pedf.cuni.cz\/kpg\/wp-json\/wp\/v2\/media?parent=5872"}],"curies":[{"name":"wp","href":"https:\/\/api.w.org\/{rel}","templated":true}]}}