{"id":69,"date":"2012-09-06T15:47:31","date_gmt":"2012-09-06T15:47:31","guid":{"rendered":"http:\/\/zeldar.thosting.cz\/wp-test\/?page_id=69"},"modified":"2025-05-23T10:25:33","modified_gmt":"2025-05-23T08:25:33","slug":"lide","status":"publish","type":"page","link":"https:\/\/pages.pedf.cuni.cz\/kpg\/lide\/","title":{"rendered":"Pracovn\u00edci"},"content":{"rendered":"<p><strong>\u010clenov\u00e9 katedry<\/strong><\/p>\n<table style=\"border: 2px solid #000000;height: 1068px\" width=\"675\">\n<tbody>\n<tr style=\"border-bottom: 2px solid #000\">\n<td width=\"258\"><strong>Jm\u00e9no<\/strong><\/td>\n<td width=\"42\"><strong>\u010c\u00edslo dve\u0159\u00ed<\/strong><\/td>\n<td width=\"236\"><strong>Mail<\/strong><\/td>\n<td width=\"84\"><strong>Telefon<\/strong><\/td>\n<\/tr>\n<tr>\n<td width=\"619\"><strong>vedouc\u00ed katedry:<\/strong><\/td>\n<\/tr>\n<tr style=\"border-bottom: 2px solid #000\">\n<td width=\"258\"><a title=\"informace a materi\u00e1ly ke kurs\u016fm, kter\u00e9 vyu\u010duji apod.\" href=\"https:\/\/pages.pedf.cuni.cz\/kpg\/prof-paeddr-stanislav-bendl-ph-d\/\">prof. PaedDr. Stanislav Bendl, Ph.D.<\/a><\/td>\n<td width=\"42\">219<\/td>\n<td width=\"236\"><a href=\"mailto:stanislav.bendl@pedf.cuni.cz\">stanislav.bendl@pedf.cuni.cz<\/a><\/td>\n<td width=\"84\">221 900 188<\/td>\n<\/tr>\n<tr>\n<td width=\"619\"><strong>z\u00e1stupce vedouc\u00edho katedry:<\/strong><\/td>\n<\/tr>\n<tr style=\"border-bottom: 2px solid #000\">\n<td width=\"258\">PhDr. Michal Zv\u00edrotsk\u00fd, Ph.D.<\/td>\n<td width=\"42\">228<\/td>\n<td width=\"236\"><a href=\"mailto:michal.zvirotsky@pedf.cuni.cz\">michal.zvirotsky@pedf.cuni.cz<\/a><\/td>\n<td width=\"84\">221 900 219<\/td>\n<\/tr>\n<tr>\n<td width=\"619\"><strong>tajemnice katedry a <\/strong><strong><span data-olk-copy-source=\"MessageBody\">koordin\u00e1tor podpory pro studenty se SP<\/span>:<\/strong><\/td>\n<\/tr>\n<tr style=\"border-bottom: 2px solid #000\">\n<td width=\"258\">PhDr. Veronika Bla\u017ekov\u00e1, Ph.D.<\/td>\n<td width=\"42\">219<\/td>\n<td width=\"236\"><a href=\"mailto:veronika.blazkova@pedf.cuni.cz\">veronika.blazkova@pedf.cuni.cz<\/a><\/td>\n<td width=\"84\">221 900 188<\/td>\n<\/tr>\n<tr>\n<td width=\"619\"><strong>organiza\u010dn\u00ed pracovnice \u2013 sekretari\u00e1t:<\/strong><\/td>\n<\/tr>\n<tr style=\"border-bottom: 2px solid #000\">\n<td width=\"258\">Alena Bendlov\u00e1<\/td>\n<td width=\"42\">219<\/td>\n<td width=\"236\"><a href=\"mailto:alena.bendlova@pedf.cuni.cz\">alena.bendlova@pedf.cuni.cz<\/a><\/td>\n<td width=\"84\">221 900 189<\/td>\n<\/tr>\n<tr>\n<td width=\"619\"><strong>intern\u00ed vyu\u010duj\u00edc\u00ed:<\/strong><\/td>\n<\/tr>\n<tr>\n<td width=\"258\">Mgr. Martin Bo\u0161ko<\/td>\n<td width=\"42\">222<\/td>\n<td width=\"236\"><a href=\"mailto:martin.bosko@pedf.cuni.cz\">martin.bosko@pedf.cuni.cz<\/a><\/td>\n<td width=\"84\"><\/td>\n<\/tr>\n<tr>\n<td width=\"258\">Ing. Lucie \u010cern\u00e1<\/td>\n<td width=\"42\">221<\/td>\n<td width=\"236\"><a href=\"mailto:lucie.cerna@seznam.cz\">lucie.cerna@pedf.cuni.cz<\/a><\/td>\n<td width=\"84\">221 900 109<\/td>\n<\/tr>\n<tr>\n<td width=\"258\"><a href=\"duschinska\/\">Ing. Karolina Duschinsk\u00e1, Ph.D.<\/a><\/td>\n<td width=\"42\">221<\/td>\n<td width=\"236\"><a href=\"mailto:karolina.duschinska@pedf.cuni.cz\">karolina.duschinska@pedf.cuni.cz<\/a><\/td>\n<td width=\"84\">221 900 109<\/td>\n<\/tr>\n<tr>\n<td width=\"258\">PaedDr. Zde\u0148ka Hankov\u00e1, Ph.D.<\/td>\n<td width=\"42\">221<\/td>\n<td width=\"236\"><a href=\"mailto:zdenka.hankova@pedf.cuni.cz\">zdenka.hankova@pedf.cuni.cz<\/a><\/td>\n<td width=\"84\">221 900 109<\/td>\n<\/tr>\n<tr>\n<td width=\"258\">PhDr. Jaroslava Hanu\u0161ov\u00e1, Ph.D.<\/td>\n<td width=\"42\">228<\/td>\n<td width=\"236\"><a href=\"mailto:jaroslava.hanusova@pedf.cuni.cz\">jaroslava.hanusova@pedf.cuni.cz<\/a><\/td>\n<td width=\"84\">221 900 123<\/td>\n<\/tr>\n<tr>\n<td width=\"258\">PhDr. Lenka Kollerov\u00e1, Ph.D.<\/td>\n<td width=\"42\">221<\/td>\n<td width=\"236\"><a href=\"mailto:lenka.kollerova@pedf.cuni.cz\">lenka.kollerova@pedf.cuni.cz<\/a><\/td>\n<td width=\"84\">221 900123<\/td>\n<\/tr>\n<tr>\n<td width=\"258\">PhDr. Jana Ko\u010d\u00ed, Ph.D.<\/td>\n<td width=\"42\">220<\/td>\n<td width=\"236\"><a href=\"mailto:jana.koci@pedf.cuni.cz\">jana.koci@pedf.cuni.cz<\/a><\/td>\n<td width=\"84\">221 900107<\/td>\n<\/tr>\n<tr>\n<td width=\"258\">PhDr. Kate\u0159ina Kr\u00e1lov\u00e1, Ph.D.<\/td>\n<td width=\"42\">222<\/td>\n<td width=\"236\"><a href=\"mailto:katerina.kralova@pedf.cuni.cz\">katerina.kralova@pedf.cuni.cz<\/a><\/td>\n<td width=\"84\">221 900 109<\/td>\n<\/tr>\n<tr>\n<td width=\"258\">PhDr. Marie Linkov\u00e1, Ph.D.<\/td>\n<td width=\"42\">228<\/td>\n<td width=\"236\"><a href=\"mailto:marie.linkova@pedf.cuni.cz\">marie.linkova@pedf.cuni.cz<\/a><\/td>\n<td width=\"84\">221 900 219<\/td>\n<\/tr>\n<tr>\n<td width=\"258\">Mgr. Petr M\u00e1cha<\/td>\n<td width=\"42\">228<\/td>\n<td width=\"236\"><a href=\"mailto:petr.macha@pedf.cuni.cz\">petr.macha@pedf.cuni.cz<\/a><\/td>\n<td width=\"84\">221 900 219<\/td>\n<\/tr>\n<tr>\n<td width=\"258\">Mgr. Kate\u0159ina Machovcov\u00e1, Ph.D.<\/td>\n<td width=\"42\">M404<\/td>\n<td width=\"236\"><a href=\"mailto:katerina.machovcova@pedf.cuni.cz\">katerina.machovcova@pedf.cuni.cz<\/a><\/td>\n<td width=\"84\">221 900 123<\/td>\n<\/tr>\n<tr>\n<td width=\"258\">PhDr. Ond\u0159ej Papajoanu, Ph.D.<\/td>\n<td width=\"42\">222<\/td>\n<td width=\"236\"><a href=\"mailto:ondrej.papajoanu@pedf.cuni.cz\">ondrej.papajoanu@pedf.cuni.cz<\/a><\/td>\n<td width=\"84\">221 900 109<\/td>\n<\/tr>\n<tr>\n<td width=\"258\">doc. PhDr. Ji\u0159\u00ed Prokop, Ph.D.<\/td>\n<td width=\"42\">220<\/td>\n<td width=\"236\"><a href=\"mailto:jiri.prokop@pedf.cuni.cz\">jiri.prokop@pedf.cuni.cz<\/a><\/td>\n<td width=\"84\">221 900 107<\/td>\n<\/tr>\n<tr>\n<td width=\"258\">PhDr. Magdalena Richterov\u00e1, Ph.D.<\/td>\n<td width=\"42\">220<\/td>\n<td width=\"236\"><a href=\"mailto:magdalena.richterova@pedf.cuni.cz\">magdalena.richterova@pedf.cuni.cz<\/a><\/td>\n<td width=\"84\">221 900 107<\/td>\n<\/tr>\n<tr>\n<td width=\"258\">PhDr. Jaroslav \u0160aroch, Ph.D.<\/td>\n<td width=\"42\">228<\/td>\n<td width=\"236\"><a href=\"mailto:jaroslav.saroch@pedf.cuni.cz\">jaroslav.saroch@pedf.cuni.cz<\/a><\/td>\n<td width=\"84\">221 900 219<\/td>\n<\/tr>\n<tr>\n<td width=\"258\">PhDr. Alena Thorovsk\u00e1<\/td>\n<td width=\"42\">221<\/td>\n<td width=\"236\"><a href=\"mailto:alena.thorovska@seznam.cz\">alena.thorovska@pedf.cuni.cz<\/a><\/td>\n<td width=\"84\">221 900 109<\/td>\n<\/tr>\n<tr>\n<td width=\"258\">Ing. Bc. Alena V\u00e1chov\u00e1, Ph.D.<\/td>\n<td width=\"42\">228<\/td>\n<td width=\"236\"><a href=\"mailto:alena.vachova@pedr.cuni.cz\">alena.vachova@pedf.cuni.cz<\/a><\/td>\n<td width=\"84\">221 900 228<\/td>\n<\/tr>\n<tr>\n<td width=\"258\"><a href=\"http:\/\/www.vonkova.com\/\" target=\"_blank\" rel=\"noopener noreferrer\">prof. PhDr. RNDr. Hana Vo\u0148kov\u00e1, Ph.D. et Ph.D.<\/a><\/td>\n<td width=\"42\">222<\/td>\n<td width=\"236\"><a href=\"mailto:h.vonkova@gmail.com\">hana.vonkova@pedf.cuni.cz<\/a><\/td>\n<td width=\"84\">221 900 109<\/td>\n<\/tr>\n<tr>\n<td width=\"258\">Mgr. Zbyn\u011bk Zicha, Ph.D.<\/td>\n<td width=\"42\">221<\/td>\n<td width=\"236\"><a href=\"mailto:zbynek.zicha@pedf.cuni.cz&quot;\">zbynek.zicha@pedf.cuni.cz<\/a><\/td>\n<td width=\"84\"><\/td>\n<\/tr>\n<\/tbody>\n<\/table>\n<p><strong>Extern\u00ed vyu\u010duj\u00edc\u00ed<\/strong><\/p>\n<table style=\"border: 2px solid #000\">\n<tbody>\n<tr style=\"border-bottom: 2px solid #000\">\n<td width=\"258\"><strong>Jm\u00e9no<\/strong><\/td>\n<td width=\"236\"><strong>Mail<\/strong><\/td>\n<\/tr>\n<tr>\n<td width=\"258\">PhDr. Pavla Ban\u00fdrov\u00e1<\/td>\n<td width=\"236\">banyrova.pavla@gmail.com<\/td>\n<\/tr>\n<tr>\n<td width=\"258\">PhDr. Miroslava Kova\u0159\u00edkov\u00e1, Ph.D.<\/td>\n<td width=\"236\">miroslava.kovarikova@pedf.cuni.cz<\/td>\n<\/tr>\n<tr>\n<td width=\"258\">PhDr. Ivo Sy\u0159i\u0161t\u011b, Ph.D.<\/td>\n<td width=\"236\">syriste001@seznam.cz<\/td>\n<\/tr>\n<tr>\n<td width=\"258\">PhDr. Helena Marinkov\u00e1, Ph.D.<\/td>\n<td width=\"236\">helena.marinkova@nuv.cz<\/td>\n<\/tr>\n<tr>\n<td width=\"258\">Mgr. Jaroslava Matulov\u00e1<\/td>\n<td width=\"236\">jaroslavamatulova@volny.cz<\/td>\n<\/tr>\n<tr>\n<td width=\"258\">Mgr. R\u00e1chel Maz\u00fachov\u00e1<\/td>\n<td width=\"236\">mazuchova@pedf.cuni.cz<\/td>\n<\/tr>\n<tr>\n<td width=\"258\">Mgr. Roman Musil<\/td>\n<td width=\"236\">dranrom@gmail.cz<\/td>\n<\/tr>\n<\/tbody>\n<\/table>\n<p><strong>Doktorandi a post-doktorandi<br \/>\n<\/strong><\/p>\n<table style=\"border: 2px solid #000\">\n<tbody>\n<tr style=\"border-bottom: 2px solid #000\">\n<td width=\"258\"><strong>Jm\u00e9no<\/strong><\/td>\n<td width=\"236\"><strong>Mail<\/strong><\/td>\n<\/tr>\n<tr>\n<td width=\"258\">Mgr. Ad\u00e9la Mare\u0161ov\u00e1<\/td>\n<td width=\"236\">adela.maresova@uhk.cz<\/td>\n<\/tr>\n<\/tbody>\n<\/table>\n","protected":false},"excerpt":{"rendered":"<p>\u010clenov\u00e9 katedry Jm\u00e9no \u010c\u00edslo dve\u0159\u00ed Mail Telefon vedouc\u00ed katedry: prof. PaedDr. Stanislav Bendl, Ph.D. 219 stanislav.bendl@pedf.cuni.cz 221 900 188 z\u00e1stupce vedouc\u00edho katedry: PhDr. Michal Zv\u00edrotsk\u00fd, Ph.D. 228 michal.zvirotsky@pedf.cuni.cz 221 900 219 tajemnice katedry a koordin\u00e1tor podpory pro studenty se SP: PhDr. Veronika Bla\u017ekov\u00e1, Ph.D. 219 veronika.blazkova@pedf.cuni.cz 221 900 188 organiza\u010dn\u00ed pracovnice \u2013 sekretari\u00e1t: Alena Bendlov\u00e1 [&hellip;]<\/p>\n","protected":false},"author":35,"featured_media":0,"parent":0,"menu_order":0,"comment_status":"closed","ping_status":"open","template":"","meta":{"footnotes":""},"class_list":["post-69","page","type-page","status-publish","hentry"],"_links":{"self":[{"href":"https:\/\/pages.pedf.cuni.cz\/kpg\/wp-json\/wp\/v2\/pages\/69","targetHints":{"allow":["GET"]}}],"collection":[{"href":"https:\/\/pages.pedf.cuni.cz\/kpg\/wp-json\/wp\/v2\/pages"}],"about":[{"href":"https:\/\/pages.pedf.cuni.cz\/kpg\/wp-json\/wp\/v2\/types\/page"}],"author":[{"embeddable":true,"href":"https:\/\/pages.pedf.cuni.cz\/kpg\/wp-json\/wp\/v2\/users\/35"}],"replies":[{"embeddable":true,"href":"https:\/\/pages.pedf.cuni.cz\/kpg\/wp-json\/wp\/v2\/comments?post=69"}],"version-history":[{"count":83,"href":"https:\/\/pages.pedf.cuni.cz\/kpg\/wp-json\/wp\/v2\/pages\/69\/revisions"}],"predecessor-version":[{"id":7400,"href":"https:\/\/pages.pedf.cuni.cz\/kpg\/wp-json\/wp\/v2\/pages\/69\/revisions\/7400"}],"wp:attachment":[{"href":"https:\/\/pages.pedf.cuni.cz\/kpg\/wp-json\/wp\/v2\/media?parent=69"}],"curies":[{"name":"wp","href":"https:\/\/api.w.org\/{rel}","templated":true}]}}