{"id":71,"date":"2012-09-06T15:48:00","date_gmt":"2012-09-06T15:48:00","guid":{"rendered":"http:\/\/zeldar.thosting.cz\/wp-test\/?page_id=71"},"modified":"2023-04-04T09:27:44","modified_gmt":"2023-04-04T07:27:44","slug":"vyuka","status":"publish","type":"page","link":"https:\/\/pages.pedf.cuni.cz\/kpg\/vyuka\/","title":{"rendered":"Studium"},"content":{"rendered":"<p style=\"text-align: justify\">Katedra garantuje \u0161est studijn\u00edch obor\u016f v prezen\u010dn\u00ed a kombinovan\u00e9 form\u011b, dva obory celo\u017eivotn\u00edho vzd\u011bl\u00e1v\u00e1n\u00ed a pod\u00edl\u00ed se na v\u00fduce pedagogicko-psychologick\u00e9 p\u0159\u00edpravy v\u00a0\u0159ad\u011b obor\u016f jin\u00fdch kateder. Pedagogick\u00e1 \u010dinnost katedry se dynamicky vyv\u00edj\u00ed a v\u00a0p\u0159\u00edprav\u011b jsou i dal\u0161\u00ed studijn\u00ed obory, p\u0159edev\u0161\u00edm v\u00a0kombinovan\u00e9 form\u011b. V\u00a0sou\u010dasn\u00e9 dob\u011b je katedrou garantov\u00e1no bakal\u00e1\u0159sk\u00e9 prezen\u010dn\u00ed i kombinovan\u00e9 studium oboru pedagogika a oboru v\u00fdchova ke zdrav\u00ed se zam\u011b\u0159en\u00edm na vzd\u011bl\u00e1v\u00e1n\u00ed, navazuj\u00edc\u00ed magistersk\u00e9 studium u\u010ditelstv\u00ed pro Z\u0160 a S\u0160 v\u00a0oborech pedagogika a v\u00fdchova ke zdrav\u00ed, bakal\u00e1\u0159sk\u00e9 kombinovan\u00e9 studium oboru vychovatelstv\u00ed, bakal\u00e1\u0159sk\u00e9 kombinovan\u00e9 studium oboru u\u010ditelstv\u00ed praktick\u00e9ho vyu\u010dov\u00e1n\u00ed a odborn\u00e9ho v\u00fdcviku, \u0161estisemestrov\u00e9 kombinovan\u00e9 studium v\u00fdchova ke zdrav\u00ed a t\u0159\u00edsemestrov\u00e9 kombinovan\u00e9 studium pro pedagogy voln\u00e9ho \u010dasu. Katedra se v\u00fdznamn\u00fdm zp\u016fsobem pod\u00edl\u00ed na rigor\u00f3zn\u00edm \u0159\u00edzen\u00ed ve v\u0161ech oborech u\u010ditelstv\u00ed a je \u0161kolic\u00edm pracovi\u0161t\u011bm doktorand\u016f oboru pedagogika.<\/p>\n","protected":false},"excerpt":{"rendered":"<p>Katedra garantuje \u0161est studijn\u00edch obor\u016f v prezen\u010dn\u00ed a kombinovan\u00e9 form\u011b, dva obory celo\u017eivotn\u00edho vzd\u011bl\u00e1v\u00e1n\u00ed a pod\u00edl\u00ed se na v\u00fduce pedagogicko-psychologick\u00e9 p\u0159\u00edpravy v\u00a0\u0159ad\u011b obor\u016f jin\u00fdch kateder. Pedagogick\u00e1 \u010dinnost katedry se dynamicky vyv\u00edj\u00ed a v\u00a0p\u0159\u00edprav\u011b jsou i dal\u0161\u00ed studijn\u00ed obory, p\u0159edev\u0161\u00edm v\u00a0kombinovan\u00e9 form\u011b. V\u00a0sou\u010dasn\u00e9 dob\u011b je katedrou garantov\u00e1no bakal\u00e1\u0159sk\u00e9 prezen\u010dn\u00ed i kombinovan\u00e9 studium oboru pedagogika a oboru [&hellip;]<\/p>\n","protected":false},"author":35,"featured_media":0,"parent":0,"menu_order":0,"comment_status":"closed","ping_status":"open","template":"","meta":{"footnotes":""},"class_list":["post-71","page","type-page","status-publish","hentry"],"_links":{"self":[{"href":"https:\/\/pages.pedf.cuni.cz\/kpg\/wp-json\/wp\/v2\/pages\/71","targetHints":{"allow":["GET"]}}],"collection":[{"href":"https:\/\/pages.pedf.cuni.cz\/kpg\/wp-json\/wp\/v2\/pages"}],"about":[{"href":"https:\/\/pages.pedf.cuni.cz\/kpg\/wp-json\/wp\/v2\/types\/page"}],"author":[{"embeddable":true,"href":"https:\/\/pages.pedf.cuni.cz\/kpg\/wp-json\/wp\/v2\/users\/35"}],"replies":[{"embeddable":true,"href":"https:\/\/pages.pedf.cuni.cz\/kpg\/wp-json\/wp\/v2\/comments?post=71"}],"version-history":[{"count":2,"href":"https:\/\/pages.pedf.cuni.cz\/kpg\/wp-json\/wp\/v2\/pages\/71\/revisions"}],"predecessor-version":[{"id":6672,"href":"https:\/\/pages.pedf.cuni.cz\/kpg\/wp-json\/wp\/v2\/pages\/71\/revisions\/6672"}],"wp:attachment":[{"href":"https:\/\/pages.pedf.cuni.cz\/kpg\/wp-json\/wp\/v2\/media?parent=71"}],"curies":[{"name":"wp","href":"https:\/\/api.w.org\/{rel}","templated":true}]}}