{"id":73,"date":"2012-09-06T15:48:11","date_gmt":"2012-09-06T15:48:11","guid":{"rendered":"http:\/\/zeldar.thosting.cz\/wp-test\/?page_id=73"},"modified":"2012-09-24T12:47:12","modified_gmt":"2012-09-24T12:47:12","slug":"veda","status":"publish","type":"page","link":"https:\/\/pages.pedf.cuni.cz\/kpg\/veda\/","title":{"rendered":"V\u011bda a v\u00fdzkum"},"content":{"rendered":"<p>Na kated\u0159e je uskute\u010d\u0148ov\u00e1na rozs\u00e1hl\u00e1 v\u011bdecko-v\u00fdzkumn\u00e1 \u010dinnost v\u00a0mnoha z\u00e1kladn\u00edch pedagogick\u00fdch discipl\u00edn\u00e1ch, p\u0159edev\u0161\u00edm ve \u0161koln\u00ed a soci\u00e1ln\u00ed pedagogice a d\u00e1le v\u00a0oblasti v\u00fdchovy ke zdrav\u00ed. Na t\u011bchto aktivit\u00e1ch se pod veden\u00edm sv\u00fdch \u0161kolitel\u016f pod\u00edlej\u00ed i studenti doktorsk\u00fdch a magistersk\u00fdch studijn\u00edch program\u016f. \u010clenov\u00e9 katedry jsou \u0159e\u0161iteli nejr\u016fzn\u011bj\u0161\u00edch grantov\u00fdch projekt\u016f, pod\u00edlej\u00ed se na \u010dinnosti v\u011bdeck\u00fdch organizac\u00ed, \u00fa\u010dastn\u00ed se tuzemsk\u00fdch i zahrani\u010dn\u00edch konferenc\u00ed a vykazuj\u00ed bohatou publika\u010dn\u00ed \u010dinnost.<\/p>\n","protected":false},"excerpt":{"rendered":"<p>Na kated\u0159e je uskute\u010d\u0148ov\u00e1na rozs\u00e1hl\u00e1 v\u011bdecko-v\u00fdzkumn\u00e1 \u010dinnost v\u00a0mnoha z\u00e1kladn\u00edch pedagogick\u00fdch discipl\u00edn\u00e1ch, p\u0159edev\u0161\u00edm ve \u0161koln\u00ed a soci\u00e1ln\u00ed pedagogice a d\u00e1le v\u00a0oblasti v\u00fdchovy ke zdrav\u00ed. Na t\u011bchto aktivit\u00e1ch se pod veden\u00edm sv\u00fdch \u0161kolitel\u016f pod\u00edlej\u00ed i studenti doktorsk\u00fdch a magistersk\u00fdch studijn\u00edch program\u016f. \u010clenov\u00e9 katedry jsou \u0159e\u0161iteli nejr\u016fzn\u011bj\u0161\u00edch grantov\u00fdch projekt\u016f, pod\u00edlej\u00ed se na \u010dinnosti v\u011bdeck\u00fdch organizac\u00ed, \u00fa\u010dastn\u00ed se tuzemsk\u00fdch [&hellip;]<\/p>\n","protected":false},"author":35,"featured_media":0,"parent":0,"menu_order":0,"comment_status":"closed","ping_status":"open","template":"","meta":{"footnotes":""},"class_list":["post-73","page","type-page","status-publish","hentry"],"_links":{"self":[{"href":"https:\/\/pages.pedf.cuni.cz\/kpg\/wp-json\/wp\/v2\/pages\/73","targetHints":{"allow":["GET"]}}],"collection":[{"href":"https:\/\/pages.pedf.cuni.cz\/kpg\/wp-json\/wp\/v2\/pages"}],"about":[{"href":"https:\/\/pages.pedf.cuni.cz\/kpg\/wp-json\/wp\/v2\/types\/page"}],"author":[{"embeddable":true,"href":"https:\/\/pages.pedf.cuni.cz\/kpg\/wp-json\/wp\/v2\/users\/35"}],"replies":[{"embeddable":true,"href":"https:\/\/pages.pedf.cuni.cz\/kpg\/wp-json\/wp\/v2\/comments?post=73"}],"version-history":[{"count":0,"href":"https:\/\/pages.pedf.cuni.cz\/kpg\/wp-json\/wp\/v2\/pages\/73\/revisions"}],"wp:attachment":[{"href":"https:\/\/pages.pedf.cuni.cz\/kpg\/wp-json\/wp\/v2\/media?parent=73"}],"curies":[{"name":"wp","href":"https:\/\/api.w.org\/{rel}","templated":true}]}}