{"id":7409,"date":"2025-05-29T22:26:00","date_gmt":"2025-05-29T20:26:00","guid":{"rendered":"https:\/\/pages.pedf.cuni.cz\/kpg\/?page_id=7409"},"modified":"2025-06-05T22:47:46","modified_gmt":"2025-06-05T20:47:46","slug":"erasmus-informace-pro-zamestnance","status":"publish","type":"page","link":"https:\/\/pages.pedf.cuni.cz\/kpg\/erasmus-informace-pro-zamestnance\/","title":{"rendered":"Erasmus+ \u2013 informace pro zam\u011bstnance"},"content":{"rendered":"\n<p><strong>Pro zam\u011bstnance: Akademick\u00e1 a zam\u011bstnaneck\u00e1 mobilita<\/strong><\/p>\n\n\n\n<p>Pedagogick\u00e1 fakulta UK podporuje zahrani\u010dn\u00ed mobilitu sv\u00fdch zam\u011bstnanc\u016f prost\u0159ednictv\u00edm programu&nbsp;<strong>Erasmus+ Staff Mobility<\/strong>.&nbsp;Tento program umo\u017e\u0148uje akademick\u00fdm i neakademick\u00fdm pracovn\u00edk\u016fm vycestovat do zahrani\u010d\u00ed za \u00fa\u010delem v\u00fduky nebo \u0161kolen\u00ed, \u010d\u00edm\u017e p\u0159isp\u00edv\u00e1 k profesn\u00edmu rozvoji a mezin\u00e1rodn\u00ed spolupr\u00e1ci.<\/p>\n\n\n\n<p><strong>Term\u00edny p\u0159ihl\u00e1\u0161ek<\/strong><\/p>\n\n\n\n<ul class=\"wp-block-list\">\n<li><strong>P\u0159ihla\u0161ov\u00e1n\u00ed prob\u00edh\u00e1 od 2. kv\u011btna (6:00) do 31. kv\u011btna (15:00)<\/strong>&nbsp;pro v\u00fdjezdy v obdob\u00ed&nbsp;<strong>srpen a\u017e b\u0159ezen<\/strong> n\u00e1sleduj\u00edc\u00edho akademick\u00e9ho roku.<\/li>\n<\/ul>\n\n\n\n<p><strong>Finan\u010dn\u00ed podpora<\/strong><\/p>\n\n\n\n<p>Erasmus+ poskytuje dvouslo\u017ekov\u00fd grant:<\/p>\n\n\n\n<ol start=\"1\" class=\"wp-block-list\">\n<li><strong>Pobytov\u00fd grant<\/strong>&nbsp;\u2013&nbsp;p\u0159\u00edsp\u011bvek na ubytov\u00e1n\u00ed, stravn\u00e9 a dal\u0161\u00ed nezbytn\u00e9 v\u00fddaje.<\/li>\n\n\n\n<li><strong>Cestovn\u00ed grant<\/strong>&nbsp;\u2013&nbsp;p\u0159\u00edsp\u011bvek na dopravu, jeho\u017e v\u00fd\u0161e z\u00e1vis\u00ed na vzd\u00e1lenosti mezi domovskou a hostitelskou instituc\u00ed.<\/li>\n<\/ol>\n\n\n\n<p>Maxim\u00e1ln\u00ed v\u00fd\u0161e grantu se odv\u00edj\u00ed od po\u010dtu dn\u00ed opr\u00e1vn\u011bn\u00fdch aktivit a pau\u0161\u00e1ln\u00edch sazeb stanoven\u00fdch pro c\u00edlovou zemi.<\/p>\n\n\n\n<p><strong>Opr\u00e1vn\u011bn\u00e9 aktivity<\/strong><\/p>\n\n\n\n<ul class=\"wp-block-list\">\n<li><strong>V\u00fdukov\u00fd pobyt<\/strong>:&nbsp;minim\u00e1ln\u011b 8 hodin v\u00fduky za t\u00fdden (nebo krat\u0161\u00ed mobilitu), zahrnuj\u00edc\u00ed p\u0159edn\u00e1\u0161ky, semin\u00e1\u0159e \u010di konzultace.<\/li>\n\n\n\n<li><strong>\u0160kolen\u00ed<\/strong>:&nbsp;jazykov\u00e9 kurzy, odborn\u00e1 \u0161kolen\u00ed, job shadowing, \u00fa\u010dast na staff week apod.<\/li>\n<\/ul>\n\n\n\n<p>Pozn\u00e1mka: \u00da\u010dast na konferenc\u00edch nen\u00ed v r\u00e1mci programu Erasmus+ pova\u017eov\u00e1na za opr\u00e1vn\u011bnou aktivitu.&nbsp;<\/p>\n\n\n\n<p><strong>Dal\u0161\u00ed informace a p\u0159ihl\u00e1\u0161ky<\/strong><\/p>\n\n\n\n<p>Podrobn\u00e9 informace, manu\u00e1l k zam\u011bstnaneck\u00e9 mobilit\u011b a p\u0159ihla\u0161ovac\u00ed formul\u00e1\u0159e naleznete na webu Odd\u011blen\u00ed pro zahrani\u010dn\u00ed vztahy PedF UK: <a href=\"https:\/\/pedf.cuni.cz\/PEDF-2657.html\">https:\/\/pedf.cuni.cz\/PEDF-2657.html<\/a><\/p>\n\n\n\n<p><strong>Fond mobility Univerzity Karlovy pro zam\u011bstnance<\/strong><\/p>\n\n\n\n<p>Fond mobility UK nab\u00edz\u00ed finan\u010dn\u00ed podporu tak\u00e9 pro&nbsp;<strong>v\u00fdjezdy zam\u011bstnanc\u016f<\/strong>&nbsp;Pedagogick\u00e9 fakulty do zahrani\u010d\u00ed mimo program Erasmus+. Jedn\u00e1 se zejm\u00e9na o&nbsp;<strong>kr\u00e1tkodob\u00e9 v\u00fdukov\u00e9 nebo \u0161kol\u00edc\u00ed pobyty<\/strong>, \u00fa\u010dast na workshopech \u010di zapojen\u00ed do mezin\u00e1rodn\u00edch projekt\u016f a s\u00edt\u00ed. Podpora je poskytov\u00e1na formou&nbsp;<strong>stipendia na pokryt\u00ed n\u00e1klad\u016f spojen\u00fdch s mobilitou<\/strong> (nap\u0159. doprava, ubytov\u00e1n\u00ed).<\/p>\n\n\n\n<p><strong>P\u0159ihl\u00e1\u0161ky se pod\u00e1vaj\u00ed online<\/strong>&nbsp;v aplikaci UK a term\u00edny v\u00fdzev jsou n\u011bkolikr\u00e1t ro\u010dn\u011b.<br>Ve\u0161ker\u00e9 informace, aktu\u00e1ln\u00ed podm\u00ednky a postup pod\u00e1n\u00ed \u017e\u00e1dosti najdete zde:&nbsp;<a href=\"https:\/\/pedf.cuni.cz\/PEDF-2659.html\">pedf.cuni.cz\/PEDF-2659.html<\/a><\/p>\n\n\n<p>Koordinace a kontakty<br \/>Katedern\u00ed koordin\u00e1torka:<br \/>PhDr. Jana Ko\u010d\u00ed, Ph.D.<br \/>\ud83d\udce7 jana.koci@pedf.cuni.cz<br \/>\ud83d\udcde +420 221 900 275<br \/>\ud83d\udccd M. Rettigov\u00e9 4<\/p>\n<p>Katedern\u00ed koordin\u00e1tor:<br \/>doc. PaedDr. Ji\u0159\u00ed Prokop, Ph.D.<br \/>\ud83d\udce7 jiri.prokop@pedf.cuni.cz<br \/>\ud83d\udcde +420 221 900 275<br \/>\ud83d\udccd M. D. Rettigov\u00e9 4, m\u00edstnost 220<\/p>\n\n\n<p><\/p>\n\n\n\n<p><\/p>\n\n\n\n<p><\/p>\n","protected":false},"excerpt":{"rendered":"<p>Pro zam\u011bstnance: Akademick\u00e1 a zam\u011bstnaneck\u00e1 mobilita Pedagogick\u00e1 fakulta UK podporuje zahrani\u010dn\u00ed mobilitu sv\u00fdch zam\u011bstnanc\u016f prost\u0159ednictv\u00edm programu&nbsp;Erasmus+ Staff Mobility.&nbsp;Tento program umo\u017e\u0148uje akademick\u00fdm i neakademick\u00fdm pracovn\u00edk\u016fm vycestovat do zahrani\u010d\u00ed za \u00fa\u010delem v\u00fduky nebo \u0161kolen\u00ed, \u010d\u00edm\u017e p\u0159isp\u00edv\u00e1 k profesn\u00edmu rozvoji a mezin\u00e1rodn\u00ed spolupr\u00e1ci. Term\u00edny p\u0159ihl\u00e1\u0161ek Finan\u010dn\u00ed podpora Erasmus+ poskytuje dvouslo\u017ekov\u00fd grant: Maxim\u00e1ln\u00ed v\u00fd\u0161e grantu se odv\u00edj\u00ed od po\u010dtu [&hellip;]<\/p>\n","protected":false},"author":452,"featured_media":0,"parent":0,"menu_order":0,"comment_status":"closed","ping_status":"closed","template":"","meta":{"footnotes":""},"class_list":["post-7409","page","type-page","status-publish","hentry"],"_links":{"self":[{"href":"https:\/\/pages.pedf.cuni.cz\/kpg\/wp-json\/wp\/v2\/pages\/7409","targetHints":{"allow":["GET"]}}],"collection":[{"href":"https:\/\/pages.pedf.cuni.cz\/kpg\/wp-json\/wp\/v2\/pages"}],"about":[{"href":"https:\/\/pages.pedf.cuni.cz\/kpg\/wp-json\/wp\/v2\/types\/page"}],"author":[{"embeddable":true,"href":"https:\/\/pages.pedf.cuni.cz\/kpg\/wp-json\/wp\/v2\/users\/452"}],"replies":[{"embeddable":true,"href":"https:\/\/pages.pedf.cuni.cz\/kpg\/wp-json\/wp\/v2\/comments?post=7409"}],"version-history":[{"count":2,"href":"https:\/\/pages.pedf.cuni.cz\/kpg\/wp-json\/wp\/v2\/pages\/7409\/revisions"}],"predecessor-version":[{"id":7415,"href":"https:\/\/pages.pedf.cuni.cz\/kpg\/wp-json\/wp\/v2\/pages\/7409\/revisions\/7415"}],"wp:attachment":[{"href":"https:\/\/pages.pedf.cuni.cz\/kpg\/wp-json\/wp\/v2\/media?parent=7409"}],"curies":[{"name":"wp","href":"https:\/\/api.w.org\/{rel}","templated":true}]}}