{"id":7418,"date":"2025-06-05T22:55:41","date_gmt":"2025-06-05T20:55:41","guid":{"rendered":"https:\/\/pages.pedf.cuni.cz\/kpg\/?page_id=7418"},"modified":"2025-11-23T13:58:13","modified_gmt":"2025-11-23T12:58:13","slug":"vyjed-do-zahranici","status":"publish","type":"page","link":"https:\/\/pages.pedf.cuni.cz\/kpg\/vyjed-do-zahranici\/","title":{"rendered":"Vyje\u010f do zahrani\u010d\u00ed"},"content":{"rendered":"\n<p><strong>Pro studenty:<\/strong><\/p>\n\n\n\n<p><a href=\"https:\/\/pages.pedf.cuni.cz\/kpg\/vyjed-informace-pro-studenty\/\" data-type=\"page\" data-id=\"7406\">Studuj nebo st\u00e1\u017euj v zahrani\u010d\u00ed s ERASMUS+<\/a><\/p>\n\n\n\n<p><\/p>\n\n\n\n<p><strong>Pro zam\u011bstnance: <\/strong><\/p>\n\n\n\n<p><a href=\"https:\/\/pages.pedf.cuni.cz\/kpg\/erasmus-informace-pro-zamestnance\/\" data-type=\"page\" data-id=\"7409\">Akademick\u00e1 a zam\u011bstnaneck\u00e1 mobilita<\/a><\/p>\n\n\n\n<p><strong>Jak a kam vyjet<\/strong><\/p>\n\n\n\n<p><a href=\"https:\/\/pages.pedf.cuni.cz\/kpg\/jak-a-kam-vyjet\/\" data-type=\"page\" data-id=\"7480\">N\u00e1vod, jak si vybrat a za\u0159\u00eddit Erasmus st\u00e1\u017e \u010di badatelsk\u00fd pobyt<\/a><\/p>\n\n\n\n<p><\/p>\n\n\n\n<p><\/p>\n\n\n\n<p><\/p>\n\n\n\n<p><\/p>\n","protected":false},"excerpt":{"rendered":"<p>Pro studenty: Studuj nebo st\u00e1\u017euj v zahrani\u010d\u00ed s ERASMUS+ Pro zam\u011bstnance: Akademick\u00e1 a zam\u011bstnaneck\u00e1 mobilita Jak a kam vyjet N\u00e1vod, jak si vybrat a za\u0159\u00eddit Erasmus st\u00e1\u017e \u010di badatelsk\u00fd pobyt<\/p>\n","protected":false},"author":452,"featured_media":0,"parent":0,"menu_order":0,"comment_status":"closed","ping_status":"closed","template":"","meta":{"footnotes":""},"class_list":["post-7418","page","type-page","status-publish","hentry"],"_links":{"self":[{"href":"https:\/\/pages.pedf.cuni.cz\/kpg\/wp-json\/wp\/v2\/pages\/7418","targetHints":{"allow":["GET"]}}],"collection":[{"href":"https:\/\/pages.pedf.cuni.cz\/kpg\/wp-json\/wp\/v2\/pages"}],"about":[{"href":"https:\/\/pages.pedf.cuni.cz\/kpg\/wp-json\/wp\/v2\/types\/page"}],"author":[{"embeddable":true,"href":"https:\/\/pages.pedf.cuni.cz\/kpg\/wp-json\/wp\/v2\/users\/452"}],"replies":[{"embeddable":true,"href":"https:\/\/pages.pedf.cuni.cz\/kpg\/wp-json\/wp\/v2\/comments?post=7418"}],"version-history":[{"count":2,"href":"https:\/\/pages.pedf.cuni.cz\/kpg\/wp-json\/wp\/v2\/pages\/7418\/revisions"}],"predecessor-version":[{"id":7488,"href":"https:\/\/pages.pedf.cuni.cz\/kpg\/wp-json\/wp\/v2\/pages\/7418\/revisions\/7488"}],"wp:attachment":[{"href":"https:\/\/pages.pedf.cuni.cz\/kpg\/wp-json\/wp\/v2\/media?parent=7418"}],"curies":[{"name":"wp","href":"https:\/\/api.w.org\/{rel}","templated":true}]}}