{"id":7480,"date":"2025-11-23T13:15:36","date_gmt":"2025-11-23T12:15:36","guid":{"rendered":"https:\/\/pages.pedf.cuni.cz\/kpg\/?page_id=7480"},"modified":"2025-11-24T12:34:53","modified_gmt":"2025-11-24T11:34:53","slug":"jak-a-kam-vyjet","status":"publish","type":"page","link":"https:\/\/pages.pedf.cuni.cz\/kpg\/jak-a-kam-vyjet\/","title":{"rendered":"Jak a kam vyjet"},"content":{"rendered":"\n<p><strong>N\u00e1vod, jak si vybrat a za\u0159\u00eddit Erasmus st\u00e1\u017e \u010di badatelsk\u00fd pobyt<\/strong><\/p>\n\n\n\n<p>Kr\u00e1sn\u00fd den v\u0161em, mil\u00e9 studentky, mil\u00ed studenti, mil\u00e9 kolegyn\u011b, mil\u00ed kolegov\u00e9,<\/p>\n\n\n\n<p>katedra pedagogiky pro v\u00e1s p\u0159ipravila p\u0159ehlednou tabulku partnersk\u00fdch pracovi\u0161\u0165 v r\u00e1mci Evropsk\u00e9 unie. Najdete v n\u00ed v\u0161echny mo\u017enosti, kter\u00e9 m\u00e1te k dispozici, a tabulka je vytvo\u0159en\u00e1 tak, abyste se v n\u00ed snadno zorientovali a mohli hned za\u010d\u00edt pl\u00e1novat sv\u016fj pobyt.<\/p>\n\n\n\n<p>V tabulce jsou dv\u011b skupiny instituc\u00ed.<\/p>\n\n\n\n<p>Prvn\u00ed skupinu tvo\u0159\u00ed pracovi\u0161t\u011b, kde m\u00e1me uzav\u0159en\u00e9 bilater\u00e1ln\u00ed smlouvy p\u0159\u00edmo p\u0159es na\u0161i katedru pedagogiky KPG.<br>Na tato m\u00edsta mohou na\u0161i studenti i kolegov\u00e9 vyj\u00ed\u017ed\u011bt p\u0159\u00edmo a standardn\u00edm zp\u016fsobem.<\/p>\n\n\n\n<p>Druhou skupinu tvo\u0159\u00ed univerzity zapojen\u00e9 do meziuniverzitn\u00edch alianc\u00ed 4EU+.<\/p>\n\n\n\n<p>Na tato pracovi\u0161t\u011b mohou na\u0161i studenti i kolegov\u00e9 vyj\u00ed\u017ed\u011bt stejn\u00fdm zp\u016fsobem, jako kdybychom m\u011bli bilater\u00e1ln\u00ed smlouvu. Aliance tuto mo\u017enost pokr\u00fdv\u00e1 syst\u00e9mov\u011b, tak\u017ee proces v\u00fdjezdu je pro v\u00e1s toto\u017en\u00fd jako u b\u011b\u017en\u00fdch partnersk\u00fdch m\u00edst a nen\u00ed pot\u0159eba \u0159e\u0161it nic dal\u0161\u00edho.<\/p>\n\n\n\n<p>Cel\u00e1 tabulka v\u00e1m slou\u017e\u00ed jako kompletn\u00ed a velmi srozumiteln\u00fd p\u0159ehled v\u0161ech m\u00edst v r\u00e1mci EU, kam je mo\u017en\u00e9 vyjet bez nutnosti \u0159e\u0161it administrativu kolem smluv. Je p\u0159ipraven\u00e1 tak, aby v\u00e1m co nejv\u00edce usnadnila prvn\u00ed kroky, podpo\u0159ila rozhodov\u00e1n\u00ed a umo\u017enila v\u00e1m plynule za\u010d\u00edt pl\u00e1novat v\u00e1\u0161 pobyt.<\/p>\n\n\n\n<figure class=\"wp-block-table\"><table><thead><tr><th>Univerzita<\/th><th>St\u00e1t<\/th><th>Status<\/th><th>Univerzitn\u00ed web<\/th><th>Odkazy na pedagogickou fakultu\/katedry\/odd\u011blen\u00ed<\/th><\/tr><\/thead><tbody><tr><td>Burgas Prof. Dr. Asen Zlatarov University<\/td><td>Bulharsko<\/td><td>Aktivn\u00ed smlouva<\/td><td><a href=\"https:\/\/btu.bg\/index.php\/en\/\" data-type=\"link\" data-id=\"https:\/\/btu.bg\/index.php\/en\/\">Web <\/a><\/td><td><a href=\"https:\/\/btu.bg\/index.php\/en\/education-m-bg-en\/erasmus-plus-m-en\" data-type=\"link\" data-id=\"https:\/\/btu.bg\/index.php\/en\/education-m-bg-en\/erasmus-plus-m-en\">Erasmus<\/a><\/td><\/tr><tr><td>Sofia University &#8218;St. Kliment Ohridski&#8216;<\/td><td>Bulharsko<\/td><td>Aktivn\u00ed smlouva<\/td><td><a href=\"https:\/\/uni-sofia.bg\/index.php\/eng\">Web<\/a><\/td><td><a href=\"https:\/\/www.uni-sofia.bg\/index.php\/eng\/the_university\/faculties\/faculty_of_education\" data-type=\"link\" data-id=\"https:\/\/www.uni-sofia.bg\/index.php\/eng\/the_university\/faculties\/faculty_of_education\">Faculty of Education<\/a><br><a href=\"https:\/\/www.uni-sofia.bg\/index.php\/eng\/the_university\/faculties\/faculty_of_medicine2\" data-type=\"link\" data-id=\"https:\/\/www.uni-sofia.bg\/index.php\/eng\/the_university\/faculties\/faculty_of_medicine2\">Faculty of Medicine<\/a><\/td><\/tr><tr><td>University of Zagreb<\/td><td>Chorvatsko<\/td><td>Aktivn\u00ed smlouva<\/td><td><a href=\"https:\/\/www.unizg.hr\/homepage\/\" data-type=\"link\" data-id=\"https:\/\/www.unizg.hr\/homepage\/\">Web<\/a><\/td><td><a href=\"https:\/\/www.ufzg.unizg.hr\/en\/faculty-of-teacher-education\/?utm\">Faculty of Teacher Education<\/a><br><a href=\"https:\/\/www.erf.unizg.hr\/en\/?utm\" data-type=\"link\" data-id=\"https:\/\/www.erf.unizg.hr\/en\/?utm\">Faculty of Education and Rehabilitation Sciences<\/a><\/td><\/tr><tr><td>University of Bordeaux<\/td><td>Francie<\/td><td>Aktivn\u00ed smlouva<\/td><td><a href=\"https:\/\/www.u-bordeaux.fr\/en\" data-type=\"link\" data-id=\"https:\/\/www.u-bordeaux.fr\/en\">Web<\/a><\/td><td><a href=\"https:\/\/www.u-bordeaux.fr\/en\/about-us\/organisation-operations\/training-components\/college-of-human-sciences\/faculty-of-educational-science?utm\" data-type=\"link\" data-id=\"https:\/\/www.u-bordeaux.fr\/en\/about-us\/organisation-operations\/training-components\/college-of-human-sciences\/faculty-of-educational-science?utm\">Education Science Faculty<\/a><\/td><\/tr><tr><td>Catholic University in Ruzomberok<\/td><td>Slovensko<\/td><td>Aktivn\u00ed smlouva<\/td><td><a href=\"https:\/\/www.ku.sk\" data-type=\"link\" data-id=\"https:\/\/www.ku.sk\">Web<\/a><\/td><td><a href=\"https:\/\/www.ku.sk\/en\/faculties\/faculty-of-education\/departments\/?utm\" data-type=\"link\" data-id=\"https:\/\/www.ku.sk\/en\/faculties\/faculty-of-education\/departments\/?utm\">Departments<\/a><\/td><\/tr><tr><td>Constantine the Philosopher University in Nitra<\/td><td>Slovensko<\/td><td>Aktivn\u00ed smlouva<\/td><td><a href=\"https:\/\/www.ukf.sk\/en\/university\">Web<\/a><\/td><td><a href=\"https:\/\/www.ukf.sk\/en\/faculty-of-education?utm\"><\/a><a href=\"https:\/\/www.ukf.sk\/en\/faculty-of-education?utm\" data-type=\"link\" data-id=\"https:\/\/www.ukf.sk\/en\/faculty-of-education?utm\">Faculty of Education<\/a><\/td><\/tr><tr><td>Comenius University in Bratislava<\/td><td>Slovensko<\/td><td>Aktivn\u00ed smlouva<\/td><td><a href=\"https:\/\/uniba.sk\/en\" data-type=\"link\" data-id=\"https:\/\/uniba.sk\/en\">Web<\/a><\/td><td><a href=\"https:\/\/www.fedu.uniba.sk\/en?utm\" data-type=\"link\" data-id=\"https:\/\/www.fedu.uniba.sk\/en?utm\">Faculty of Education<\/a><br><a href=\"https:\/\/www.fedu.uniba.sk\/en\/faculty-structure\/departments\/department-of-pedagogy\/?utm\" data-type=\"link\" data-id=\"https:\/\/www.fedu.uniba.sk\/en\/faculty-structure\/departments\/department-of-pedagogy\/?utm\">Department of Pedagogy<\/a><\/td><\/tr><tr><td>Heidelberg Universit\u00e4t<\/td><td>N\u011bmecko<\/td><td>4EU+ aliance<\/td><td><a href=\"https:\/\/www.uni-heidelberg.de\/en\" data-type=\"link\" data-id=\"https:\/\/www.uni-heidelberg.de\/en\">Web<\/a><\/td><td><a href=\"https:\/\/www.ibw.uni-heidelberg.de\/en?utm\" data-type=\"link\" data-id=\"https:\/\/www.ibw.uni-heidelberg.de\/en?utm\">Insitute of Educational Science<\/a><\/td><\/tr><tr><td>Paris-Panth\u00e9on-Assas University<\/td><td>Francie<\/td><td>4EU+ aliance<\/td><td><a href=\"https:\/\/www.assas-universite.fr\/en\" data-type=\"link\" data-id=\"https:\/\/www.assas-universite.fr\/en\">Web<\/a><\/td><td><a href=\"https:\/\/www.assas-universite.fr\/en\/about\/faculty-members\" data-type=\"link\" data-id=\"https:\/\/www.assas-universite.fr\/en\/about\/faculty-members\">Faculty members<\/a><\/td><\/tr><tr><td>Sorbonne Universit\u00e9<\/td><td>Francie<\/td><td>4EU+ aliance<\/td><td><a href=\"http:\/\/www.sorbonne-universite.fr\" data-type=\"link\" data-id=\"www.sorbonne-universite.fr\">Web<\/a><\/td><td><a href=\"https:\/\/www.sorbonne-universite.fr\/en\/university\/governance-and-organization\/faculties\/faculty-arts-and-humanities?utm\" data-type=\"link\" data-id=\"https:\/\/www.sorbonne-universite.fr\/en\/university\/governance-and-organization\/faculties\/faculty-arts-and-humanities?utm\">Faculty of Arts and Humanities<\/a><br><a href=\"https:\/\/sante.sorbonne-universite.fr\/en\/faculty-medicine\/divisions\/health-courses-division\/pedagogy-support-office?utm\" data-type=\"link\" data-id=\"https:\/\/sante.sorbonne-universite.fr\/en\/faculty-medicine\/divisions\/health-courses-division\/pedagogy-support-office?utm\">Faculty of Medicine &#8211; Pedagogy Support<\/a><\/td><\/tr><tr><td>University of Copenhagen<\/td><td>D\u00e1nsko<\/td><td>4EU+ aliance<\/td><td><a href=\"https:\/\/www.ku.dk\/en\">Web<\/a><\/td><td><a href=\"https:\/\/www.ind.ku.dk\/english\/course_overview\/teacher_training\/?utm\" data-type=\"link\" data-id=\"https:\/\/www.ind.ku.dk\/english\/course_overview\/teacher_training\/?utm\">Department of Science Education &#8211; Teacher Training<\/a><br><a href=\"https:\/\/humanities.ku.dk\/about\/administration\/all2\/teach\/teaching-and-learning\/?utm\" data-type=\"link\" data-id=\"https:\/\/humanities.ku.dk\/about\/administration\/all2\/teach\/teaching-and-learning\/?utm\">Teaching and Learning<\/a><br><a href=\"https:\/\/samf.ku.dk\/pcs\/english\/forteachers\/tlhe\/?utm\" data-type=\"link\" data-id=\"https:\/\/samf.ku.dk\/pcs\/english\/forteachers\/tlhe\/?utm\">The Educational Advisor<\/a><br><\/td><\/tr><tr><td>Universit\u00e9 de Gen\u00e8ve<\/td><td>\u0160v\u00fdcarsko<\/td><td>4EU+ aliance<\/td><td><a href=\"https:\/\/www.unige.ch\" data-type=\"link\" data-id=\"https:\/\/www.unige.ch\">Web<\/a><\/td><td> <a href=\"https:\/\/tecfa.unige.ch\/en\/teaching\/?utm\" data-type=\"link\" data-id=\"https:\/\/tecfa.unige.ch\/en\/teaching\/?utm\">Teaching<\/a><\/td><\/tr><tr><td>Universit\u00e0 degli Studi di Milano<\/td><td>It\u00e1lie<\/td><td>4EU+ aliance<\/td><td><a href=\"https:\/\/www.unimi.it\/it\">Web<\/a><\/td><td><a href=\"https:\/\/www.unimi.it\/en\/education\/bachelor\/professional-education?utm=\" data-type=\"link\" data-id=\"https:\/\/www.unimi.it\/en\/education\/bachelor\/professional-education?utm=\">Professional Education<\/a><\/td><\/tr><tr><td>University of Warsaw<\/td><td>Polsko<\/td><td>Aktivn\u00ed smlouva<\/td><td><a href=\"https:\/\/en.uw.edu.pl\" data-type=\"link\" data-id=\"https:\/\/en.uw.edu.pl\">Web<\/a><\/td><td><a href=\"https:\/\/www.pedagog.uw.edu.pl\/english-version\/faculty-of-education-university-of-warsaw\/?utm\" data-type=\"link\" data-id=\"https:\/\/www.pedagog.uw.edu.pl\/english-version\/faculty-of-education-university-of-warsaw\/?utm\">Faculty of Education<\/a><\/td><\/tr><tr><td>Radboud University Nijmegen<\/td><td>Holandsko<\/td><td>Aktivn\u00ed smlouva<\/td><td><a href=\"https:\/\/www.ru.nl\/en\">Web<\/a><\/td><td>Miss Soraya Hasselbach<br><a href=\"mailto:postelein@pwo.ru.nl\">postelein@pwo.ru.nl<\/a><\/td><\/tr><\/tbody><\/table><\/figure>\n\n\n\n<p><strong>N\u00e1sleduj\u00edc\u00ed kroky<\/strong><\/p>\n\n\n\n<p>1. Vyberete si pracovi\u0161t\u011b a kontaktujete jej<\/p>\n\n\n\n<p>V tabulce si najdete univerzitu a z jej\u00edch podstr\u00e1nek si vyberete&nbsp;konkr\u00e9tn\u00ed odd\u011blen\u00ed, kter\u00e9 v\u00e1m sed\u00ed oborov\u011b. Pomoc\u00ed odkaz\u016f v tabulce si otev\u0159ete str\u00e1nky odd\u011blen\u00ed a dohled\u00e1te si&nbsp;konkr\u00e9tn\u00ed kontaktn\u00ed osobu, kter\u00e9 nap\u00ed\u0161ete. S touto osobou n\u00e1sledn\u011b domluv\u00edte mo\u017enost absolvovat st\u00e1\u017e, studijn\u00ed pobyt nebo badatelskou spolupr\u00e1ci. Komunikaci je dobr\u00e9 za\u010d\u00edt s p\u0159edstihem, proto\u017ee m\u016f\u017ee chv\u00edli trvat.<\/p>\n\n\n\n<p>2. \u017d\u00e1dost na zahrani\u010dn\u00edm odd\u011blen\u00ed<\/p>\n\n\n\n<p>Studenti ide\u00e1ln\u011b za\u010d\u00ednaj\u00ed vy\u0159izovat \u017e\u00e1dost ve spolupr\u00e1ci se zahrani\u010dn\u00edm odd\u011blen\u00edm.<br>Akademi\u010dt\u00ed pracovn\u00edci ide\u00e1ln\u011b semestr dop\u0159edu.<\/p>\n\n\n\n<p>Kontaktujete pros\u00edm zahrani\u010dn\u00ed odd\u011blen\u00ed fakulty, kter\u00e9 v\u00e1s navede na konkr\u00e9tn\u00ed kroky, formul\u00e1\u0159e a term\u00edny. Ve\u0161ker\u00e9 informace a podklady najdete tak\u00e9 na jejich webu.<\/p>\n\n\n\n<p>3. Pro studenty: p\u0159\u00edprava povinn\u00fdch dokument\u016f<\/p>\n\n\n\n<p>Motiva\u010dn\u00ed dopis<\/p>\n\n\n\n<p>Pop\u00ed\u0161ete, pro\u010d chcete vyjet, jak pobyt souvis\u00ed s va\u0161\u00edm studiem a co o\u010dek\u00e1v\u00e1te.<\/p>\n\n\n\n<p>Pl\u00e1n studia neboli Learning Agreement<br>\u2022 vyberete si p\u0159edm\u011bty, kter\u00e9 chcete studovat v zahrani\u010d\u00ed<br>\u2022 ke ka\u017ed\u00e9mu uvedete p\u0159edm\u011bt z na\u0161eho rozvrhu, kter\u00fd si t\u00edmto pobytem nahrad\u00edte<br>\u2022 dokument mus\u00ed p\u0159ed pod\u00e1n\u00edm p\u0159ihl\u00e1\u0161ky schv\u00e1lit vyu\u010duj\u00edc\u00ed dan\u00fdch p\u0159edm\u011bt\u016f<\/p>\n\n\n\n<p>Letter of Invitation<\/p>\n\n\n\n<p>Slou\u017e\u00ed jako potvrzen\u00ed va\u0161\u00ed pl\u00e1novan\u00e9 st\u00e1\u017ee.<br>Zajist\u00edte si jej p\u0159\u00edmo u kontaktn\u00ed osoby na zahrani\u010dn\u00ed instituci. Ve v\u011bt\u0161in\u011b p\u0159\u00edpad\u016f sta\u010d\u00ed jednoduch\u00e9 potvrzen\u00ed e-mailem.<\/p>\n\n\n\n<p>4. Pro studenty: schv\u00e1len\u00ed pobytu na kated\u0159e<\/p>\n\n\n\n<p>Ne\u017e ode\u0161lete fin\u00e1ln\u00ed p\u0159ihl\u00e1\u0161ku na zahrani\u010dn\u00ed odd\u011blen\u00ed fakulty, je pot\u0159eba m\u00edt pobyt schv\u00e1len\u00fd na kated\u0159e.<\/p>\n\n\n\n<p>\u017d\u00e1dost pos\u00edl\u00e1te na Dr. Ko\u010d\u00ed, nebo na doc. Prokopa.<\/p>\n\n\n\n<p>Pobyt je nutn\u00e9 nechat schv\u00e1lit ide\u00e1ln\u011b semestr dop\u0159edu.<\/p>\n\n\n\n<p>5. Dokon\u010den\u00ed form\u00e1ln\u00ed p\u0159ihl\u00e1\u0161ky<\/p>\n\n\n\n<p>Jakmile m\u00e1te:<br>a) domluven\u00e9 pracovi\u0161t\u011b<br>b) p\u0159ipraven\u00e9 dokumenty<br>c) schv\u00e1len\u00fd pl\u00e1n studia<br>d) souhlas katedry<\/p>\n\n\n\n<p>finalizujte pros\u00edm p\u0159ihl\u00e1\u0161ku na zahrani\u010dn\u00edm odd\u011blen\u00ed fakulty a pokra\u010dujte podle jejich instrukc\u00ed.<\/p>\n\n\n\n<p>\u0160\u0165astnou cestu V\u00e1m za katedru pedagogiky p\u0159eje Jana Ko\u010d\u00ed.<\/p>\n","protected":false},"excerpt":{"rendered":"<p>N\u00e1vod, jak si vybrat a za\u0159\u00eddit Erasmus st\u00e1\u017e \u010di badatelsk\u00fd pobyt Kr\u00e1sn\u00fd den v\u0161em, mil\u00e9 studentky, mil\u00ed studenti, mil\u00e9 kolegyn\u011b, mil\u00ed kolegov\u00e9, katedra pedagogiky pro v\u00e1s p\u0159ipravila p\u0159ehlednou tabulku partnersk\u00fdch pracovi\u0161\u0165 v r\u00e1mci Evropsk\u00e9 unie. Najdete v n\u00ed v\u0161echny mo\u017enosti, kter\u00e9 m\u00e1te k dispozici, a tabulka je vytvo\u0159en\u00e1 tak, abyste se v n\u00ed snadno zorientovali [&hellip;]<\/p>\n","protected":false},"author":452,"featured_media":0,"parent":0,"menu_order":0,"comment_status":"closed","ping_status":"closed","template":"","meta":{"footnotes":""},"class_list":["post-7480","page","type-page","status-publish","hentry"],"_links":{"self":[{"href":"https:\/\/pages.pedf.cuni.cz\/kpg\/wp-json\/wp\/v2\/pages\/7480","targetHints":{"allow":["GET"]}}],"collection":[{"href":"https:\/\/pages.pedf.cuni.cz\/kpg\/wp-json\/wp\/v2\/pages"}],"about":[{"href":"https:\/\/pages.pedf.cuni.cz\/kpg\/wp-json\/wp\/v2\/types\/page"}],"author":[{"embeddable":true,"href":"https:\/\/pages.pedf.cuni.cz\/kpg\/wp-json\/wp\/v2\/users\/452"}],"replies":[{"embeddable":true,"href":"https:\/\/pages.pedf.cuni.cz\/kpg\/wp-json\/wp\/v2\/comments?post=7480"}],"version-history":[{"count":9,"href":"https:\/\/pages.pedf.cuni.cz\/kpg\/wp-json\/wp\/v2\/pages\/7480\/revisions"}],"predecessor-version":[{"id":7497,"href":"https:\/\/pages.pedf.cuni.cz\/kpg\/wp-json\/wp\/v2\/pages\/7480\/revisions\/7497"}],"wp:attachment":[{"href":"https:\/\/pages.pedf.cuni.cz\/kpg\/wp-json\/wp\/v2\/media?parent=7480"}],"curies":[{"name":"wp","href":"https:\/\/api.w.org\/{rel}","templated":true}]}}