{"id":76,"date":"2012-09-06T15:49:51","date_gmt":"2012-09-06T15:49:51","guid":{"rendered":"http:\/\/zeldar.thosting.cz\/wp-test\/?page_id=76"},"modified":"2026-02-23T13:28:52","modified_gmt":"2026-02-23T12:28:52","slug":"rigorozni-rizeni","status":"publish","type":"page","link":"https:\/\/pages.pedf.cuni.cz\/kpg\/rigorozni-rizeni\/","title":{"rendered":"Rigor\u00f3zn\u00ed \u0159\u00edzen\u00ed"},"content":{"rendered":"<h1>St\u00e1tn\u00ed rigor\u00f3zn\u00ed zkou\u0161ky (SRZ)<\/h1>\n<p>Z\u00e1jemci o vykon\u00e1n\u00ed rigor\u00f3zn\u00ed zkou\u0161ky na PedF UK postupuj\u00ed podle pokyn\u016f studijn\u00edho odd\u011blen\u00ed, <a href=\"http:\/\/www.pedf.cuni.cz\/PEDF-126.html\" target=\"_blank\" rel=\"noopener noreferrer\">kter\u00e9 jsou k\u00a0dispozici zde<\/a>. Katedra pedagogiky participuje na rigor\u00f3zn\u00edm \u0159\u00edzen\u00ed ve v\u0161ech programech u\u010ditelstv\u00ed a garantuje rigor\u00f3zn\u00ed \u0159\u00edzen\u00ed pro programy u\u010ditelstv\u00ed pedagogiky a u\u010ditelstv\u00ed v\u00fdchovy ke zdrav\u00ed.<\/p>\n<h5><strong><span style=\"color: #a04577\">Rigor\u00f3zn\u00ed \u0159\u00edzen\u00ed pro absolventy v\u0161ech program\u016f u\u010ditelstv\u00ed pro 2. stupe\u0148\u00a0 Z\u0160 a S\u0160\u00a0\u00a0<\/span><\/strong><\/h5>\n<p>Sou\u010d\u00e1st\u00ed st\u00e1tn\u00ed rigor\u00f3zn\u00ed zkou\u0161ky pro v\u0161echny programy u\u010ditelstv\u00ed pro 2. stupe\u0148 Z\u0160 a S\u0160 je zkou\u0161ka z<strong> p\u0159edm\u011btu pedagogika<\/strong> <strong>a<\/strong> <strong>filozofie v\u00fdchovy<\/strong>. Pro tuto zkou\u0161ku stanovila katedra pedagogiky v jednotliv\u00fdch st\u00e1tn\u00edch zku\u0161ebn\u00edch komis\u00edch sv\u00e9 st\u00e1l\u00e9 z\u00e1stupce. Uchaze\u010di mohou <span data-olk-copy-source=\"MessageBody\">pro p\u0159\u00edpravu k t\u00e9to \u010d\u00e1sti rigor\u00f3zn\u00ed zkou\u0161ky vyu\u017e\u00edt <a href=\"https:\/\/pages.pedf.cuni.cz\/kpg\/files\/2025\/07\/SRZ-KPg-2025.pdf\">zku\u0161ebn\u00ed okruhy a doporu\u010denou literaturu<\/a>.<\/span><\/p>\n<table style=\"height: 605px\" width=\"919\">\n<tbody>\n<tr>\n<th>Pov\u011b\u0159en\u00fd \u010dlen KPg<\/th>\n<th>Katedra garantuj\u00edc\u00ed p\u0159\u00edslu\u0161n\u00fd obor SRZ<\/th>\n<\/tr>\n<tr>\n<td width=\"250\">prof. PaedDr. Stanislav Bendl, Ph.D.<\/td>\n<td>katedra anglick\u00e9ho jazyka a literatury<\/td>\n<\/tr>\n<tr>\n<td width=\"250\">PhDr. Veronika Bla\u017ekov\u00e1, Ph.D.<\/td>\n<td>katedra hudebn\u00ed v\u00fdchovy, katedra t\u011blesn\u00e9 v\u00fdchovy<\/td>\n<\/tr>\n<tr>\n<td>Ing. Karolina Duschinsk\u00e1, Ph.D.<\/td>\n<td>katedra chemie a didaktiky chemie<\/td>\n<\/tr>\n<tr>\n<td>PhDr. Marie Linkov\u00e1, Ph.D.<\/td>\n<td>katedra rusistiky a lingvodidaktiky, katedra francouzsk\u00e9ho jazyka a literatury<\/td>\n<\/tr>\n<tr>\n<td>doc. PhDr. Ji\u0159\u00ed Prokop, Ph.D.<\/td>\n<td>katedra germanistiky, katedra informa\u010dn\u00edch technologi\u00ed a technick\u00e9 v\u00fdchovy<\/td>\n<\/tr>\n<tr>\n<td>PhDr. Ivo Sy\u0159i\u0161t\u011b, Ph.D.<\/td>\n<td>katedra v\u00fdtvarn\u00e9 v\u00fdchovy, katedra d\u011bjin a didaktiky d\u011bjepisu<\/td>\n<\/tr>\n<tr>\n<td>prof. RNDr. PhDr. Hana Vo\u0148kov\u00e1, Ph.D.<\/td>\n<td>katedra matematiky a didaktiky matematiky<\/td>\n<\/tr>\n<tr>\n<td>PhDr. Michal Zv\u00edrotsk\u00fd, Ph.D.<\/td>\n<td>katedra biologie a environment\u00e1ln\u00edch studi\u00ed, katedra \u010desk\u00e9ho jazyka a \u010desk\u00e9 literatury<\/td>\n<\/tr>\n<\/tbody>\n<\/table>\n<h5><strong><span style=\"color: #a04577\">Rigor\u00f3zn\u00ed \u0159\u00edzen\u00ed pro absolventy oboru pedagogika\u00a0<\/span><\/strong><\/h5>\n<p><a href=\"https:\/\/pages.pedf.cuni.cz\/kpg\/files\/2026\/01\/Okruhy-k-rigorozni-zkousce-pedagogika.pdf\">Okruhy k rigor\u00f3zn\u00ed zkou\u0161ce z obecn\u00e9 pedagogiky a didaktiky pedagogiky<\/a><\/p>\n<h5><strong><span style=\"color: #a04577\">Rigor\u00f3zn\u00ed \u0159\u00edzen\u00ed pro absolventy oboru v\u00fdchova ke zdrav\u00ed\u00a0<\/span><\/strong><\/h5>\n<p><a href=\"https:\/\/pages.pedf.cuni.cz\/kpg\/files\/2025\/12\/Okruhy-k-rigorozni-zkousce-VZ.pdf\">Okruhy k rigor\u00f3zn\u00ed zkou\u0161ce z v\u00fdchovy ke zdrav\u00ed s didaktikou<\/a><\/p>\n","protected":false},"excerpt":{"rendered":"<p>St\u00e1tn\u00ed rigor\u00f3zn\u00ed zkou\u0161ky (SRZ) Z\u00e1jemci o vykon\u00e1n\u00ed rigor\u00f3zn\u00ed zkou\u0161ky na PedF UK postupuj\u00ed podle pokyn\u016f studijn\u00edho odd\u011blen\u00ed, kter\u00e9 jsou k\u00a0dispozici zde. Katedra pedagogiky participuje na rigor\u00f3zn\u00edm \u0159\u00edzen\u00ed ve v\u0161ech programech u\u010ditelstv\u00ed a garantuje rigor\u00f3zn\u00ed \u0159\u00edzen\u00ed pro programy u\u010ditelstv\u00ed pedagogiky a u\u010ditelstv\u00ed v\u00fdchovy ke zdrav\u00ed. Rigor\u00f3zn\u00ed \u0159\u00edzen\u00ed pro absolventy v\u0161ech program\u016f u\u010ditelstv\u00ed pro 2. stupe\u0148\u00a0 Z\u0160 [&hellip;]<\/p>\n","protected":false},"author":35,"featured_media":0,"parent":0,"menu_order":0,"comment_status":"closed","ping_status":"open","template":"","meta":{"footnotes":""},"class_list":["post-76","page","type-page","status-publish","hentry"],"_links":{"self":[{"href":"https:\/\/pages.pedf.cuni.cz\/kpg\/wp-json\/wp\/v2\/pages\/76","targetHints":{"allow":["GET"]}}],"collection":[{"href":"https:\/\/pages.pedf.cuni.cz\/kpg\/wp-json\/wp\/v2\/pages"}],"about":[{"href":"https:\/\/pages.pedf.cuni.cz\/kpg\/wp-json\/wp\/v2\/types\/page"}],"author":[{"embeddable":true,"href":"https:\/\/pages.pedf.cuni.cz\/kpg\/wp-json\/wp\/v2\/users\/35"}],"replies":[{"embeddable":true,"href":"https:\/\/pages.pedf.cuni.cz\/kpg\/wp-json\/wp\/v2\/comments?post=76"}],"version-history":[{"count":8,"href":"https:\/\/pages.pedf.cuni.cz\/kpg\/wp-json\/wp\/v2\/pages\/76\/revisions"}],"predecessor-version":[{"id":7637,"href":"https:\/\/pages.pedf.cuni.cz\/kpg\/wp-json\/wp\/v2\/pages\/76\/revisions\/7637"}],"wp:attachment":[{"href":"https:\/\/pages.pedf.cuni.cz\/kpg\/wp-json\/wp\/v2\/media?parent=76"}],"curies":[{"name":"wp","href":"https:\/\/api.w.org\/{rel}","templated":true}]}}