{"id":78,"date":"2012-09-06T15:50:40","date_gmt":"2012-09-06T15:50:40","guid":{"rendered":"http:\/\/zeldar.thosting.cz\/wp-test\/?page_id=78"},"modified":"2025-04-25T22:25:31","modified_gmt":"2025-04-25T20:25:31","slug":"doktorske-studium","status":"publish","type":"page","link":"https:\/\/pages.pedf.cuni.cz\/kpg\/doktorske-studium\/","title":{"rendered":"Doktorsk\u00e9 studium"},"content":{"rendered":"<div>\n<p>Katedra pedagogiky je \u0161kolic\u00edm pracovi\u0161t\u011bm doktorand\u016f ve studijn\u00edm programu Pedagogika (v\u00fduka v \u010de\u0161tin\u011b) a ve studijn\u00edm programu Education (v\u00fduka v angli\u010dtin\u011b). Doktorand\u016fm t\u011bchto program\u016f, v\u010d. t\u011bch, kte\u0159\u00ed jsou \u0161koleni na jin\u00fdch pracovi\u0161t\u00edch PedF a FF, nab\u00edz\u00ed t\u00e9\u017e n\u011bkolik povinn\u011b voliteln\u00fdch p\u0159edm\u011bt\u016f. Komplexn\u00ed informace o doktorsk\u00e9m studiu na PedF UK jsou k dispozici na str\u00e1nk\u00e1ch <a href=\"http:\/\/www.pedf.cuni.cz\/PEDF-107.html\" target=\"_blank\" rel=\"noopener noreferrer\">odd\u011blen\u00ed pro v\u011bdeckou \u010dinnost<\/a>, kde jsou zve\u0159e\u0148ov\u00e1ny i aktu\u00e1ln\u00ed podm\u00ednky <a href=\"http:\/\/www.pedf.cuni.cz\/PEDF-87.html\" target=\"_blank\" rel=\"noopener noreferrer\">p\u0159ij\u00edmac\u00edho \u0159\u00edzen\u00ed.<\/a> Doktorandi \u0161kolen\u00ed na kated\u0159e pedagogiky jsou zapojov\u00e1ni do v\u011bdecko-v\u00fdzkumn\u00fdch aktivit katedry, v\u010d. zahrani\u010dn\u00edch, ale tak\u00e9 do v\u00fduky v r\u00e1mci bakal\u00e1\u0159sk\u00e9ho a navazuj\u00edc\u00edho magistersk\u00e9ho studia. V z\u00e1vislosti na form\u011b studia (prezen\u010dn\u00ed nebo kombinovan\u00e9) se mohou dle sv\u00e9ho z\u00e1jmu a mo\u017enost\u00ed \u00fa\u010dastnit rozmanit\u00fdch \u010dinnost\u00ed katedry, zapojovat se do v\u011bdeck\u00fdch i rozvojov\u00fdch projekt\u016f, populariza\u010dn\u00ed \u010dinnosti, spolupr\u00e1ce se z\u00e1kladn\u00edmi a st\u0159edn\u00edmi \u0161kolami apod.<\/p>\n<h2>N\u00e1m\u011bty t\u00e9mat diserta\u010dn\u00edch prac\u00ed<\/h2>\n<p>Uchaze\u010d o doktorsk\u00e9 studium p\u0159edkl\u00e1d\u00e1 ji\u017e v r\u00e1mci p\u0159ij\u00edmac\u00edho \u0159\u00edzen\u00ed projekt zam\u00fd\u0161len\u00e9 diserta\u010dn\u00ed pr\u00e1ce. P\u0159i volb\u011b t\u00e9matu m\u016f\u017ee vych\u00e1zet z okruh\u016f, kter\u00e9 nab\u00edzej\u00ed jednotliv\u00ed \u0161kolitel\u00e9 anebo t\u00e9ma formulovat samostatn\u011b a projednat jej se \u0161kolitelem, s jeho\u017e odborn\u00fdm zam\u011b\u0159en\u00edm t\u00e9ma koresponduje. V sou\u010dasn\u00e9 dob\u011b p\u016fsob\u00ed na kated\u0159e pedagogiky \u0161est \u0161kolitel\u016f, s nimi\u017e mohou uchaze\u010di sv\u00e9 z\u00e1m\u011bry konzultovat.<\/p>\n<h3>prof. PaedDr. Stanislav Bendl, Ph.D.<\/h3>\n<p>Zab\u00fdv\u00e1 se obecnou a soci\u00e1ln\u00ed pedagogikou, teori\u00ed v\u00fdchovy a pedeutologi\u00ed, p\u0159edev\u0161\u00edm problematikou soci\u00e1ln\u00edch deviac\u00ed ve \u0161koln\u00edm prost\u0159ed\u00ed, \u0161koln\u00ed k\u00e1zn\u00ed a autoritou u\u010ditele. Konkr\u00e9tn\u00ed n\u00e1m\u011bty t\u00e9mat diserta\u010dn\u00edch prac\u00ed:<\/p>\n<ul>\n<li>V\u00fdchova jako specifick\u00fd p\u0159\u00edpad manipulace.<\/li>\n<li>\n<p align=\"left\">Jak u\u010ditel z\u00edsk\u00e1v\u00e1 a ztr\u00e1c\u00ed autoritu.<\/p>\n<\/li>\n<li>\n<p align=\"left\">Autorita vrstevn\u00edk\u016f jako \u00fa\u010dinn\u00fd n\u00e1stroj ovliv\u0148ov\u00e1n\u00ed chov\u00e1n\u00ed skupiny.<\/p>\n<\/li>\n<li>\n<p align=\"left\">\u017d\u00e1kovsk\u00e1 samospr\u00e1va jako prost\u0159edek v\u00fdchovy (cesta) k demokracii, k\u00e1zni a mravnosti (n\u00e1vrh modelu \u017e\u00e1kovsk\u00e9 samospr\u00e1vy a jeho praktick\u00e1 realizace (aplikace) na vybran\u00e9 \u0161kole).<\/p>\n<\/li>\n<li>\n<p align=\"left\">\u0160koln\u00ed k\u00e1ze\u0148 v postkomunistick\u00fdch zem\u00edch (srovn\u00e1vac\u00ed studie).<\/p>\n<\/li>\n<\/ul>\n<\/div>\n<h3>Ing. Karolina Duschinsk\u00e1, Ph.D.<\/h3>\n<p>Zab\u00fdv\u00e1 se obecnou didaktikou, kvalitou pedagogick\u00e9 praxe student\u016f u\u010ditelstv\u00ed, mentoringem za\u010d\u00ednaj\u00edc\u00edch u\u010ditel\u016f a profesn\u00edm rozvojem pedagogick\u00fdch pracovn\u00edk\u016f. Vede kurzy pedagogick\u00fdch dovednost\u00ed pro vysoko\u0161kolsk\u00e9 u\u010ditele. Konkr\u00e9tn\u00ed n\u00e1m\u011bty t\u00e9mat diserta\u010dn\u00edch prac\u00ed:<\/p>\n<ul>\n<li>Didaktika vysoko\u0161kolsk\u00e9 v\u00fduky.<\/li>\n<li>Pedagogick\u00e1 praxe student\u016f u\u010ditelstv\u00ed.<\/li>\n<li>Mentoring za\u010d\u00ednaj\u00edc\u00edch u\u010ditel\u016f.<\/li>\n<\/ul>\n<h3>PhDr. Marie Linkov\u00e1, Ph.D.<\/h3>\n<p>Zab\u00fdv\u00e1 se pedagogicko-psychologickou diagnostikou a poradenstv\u00edm. P\u016fsob\u00ed t\u00e9\u017e jako psycholo\u017eka v pedagogicko-psychologick\u00e9 poradn\u011b. Konkr\u00e9tn\u00ed n\u00e1m\u011bty t\u00e9mat diserta\u010dn\u00edch pr\u00e1c\u00ed:<\/p>\n<ul>\n<li>\n<p align=\"left\">Klima \u0161koln\u00ed t\u0159\u00eddy (se z\u0159etelem ke spole\u010dn\u00e9mu vzd\u011bl\u00e1v\u00e1n\u00ed).<\/p>\n<\/li>\n<li>\n<p align=\"left\">Podp\u016frn\u00e1 opat\u0159en\u00ed (jejich realizace a vyhodnocov\u00e1n\u00ed efektivity).<\/p>\n<\/li>\n<li>\n<p align=\"left\">Spolupr\u00e1ce \u0161koly a \u0160PZ (PPP, SPC).<\/p>\n<\/li>\n<\/ul>\n<div>\n<h3>doc. PhDr. Ji\u0159\u00ed Prokop, Ph.D.<\/h3>\n<p>Zab\u00fdv\u00e1 se teori\u00ed v\u00fdchovy, sociologi\u00ed v\u00fdchovy a srovn\u00e1vac\u00ed pedagogikou. Konkr\u00e9tn\u00ed n\u00e1m\u011bty t\u00e9mat diserta\u010dn\u00edch pr\u00e1c\u00ed:<\/p>\n<ul>\n<li>\n<p align=\"left\">Proces resocializace nezletil\u00fdch ve v\u00fdchovn\u00fdch \u00fastavech.<\/p>\n<\/li>\n<\/ul>\n<h3>prof. PhDr. RNDr. Hana Vo\u0148kov\u00e1, Ph.D. et Ph.D.<\/h3>\n<p>Zab\u00fdv\u00e1 se metodologi\u00ed pedagogick\u00e9ho a spole\u010denskov\u011bdn\u00edho v\u00fdzkumu, p\u0159edev\u0161\u00edm aplikovanou statistikou, kvantitativn\u00ed metodologi\u00ed a zp\u016fsoby zvy\u0161ov\u00e1n\u00ed validity v\u00fdzkumn\u00fdch n\u00e1stroj\u016f. Zalo\u017eila a vede v\u00fdzkumnou platformu AnCER. Konkr\u00e9tn\u00ed n\u00e1m\u011bty t\u00e9mat diserta\u010dn\u00edch prac\u00ed:<\/p>\n<ul>\n<li>Po\u010d\u00edta\u010dov\u00e9 adaptivn\u00ed testov\u00e1n\u00ed (Computerized adaptive testing, CAT).<\/li>\n<li>Vyu\u017eit\u00ed metody ukotvuj\u00edc\u00edch vin\u011bt v pedagogice a p\u0159\u00edbuzn\u00fdch soci\u00e1ln\u00edch v\u011bd\u00e1ch.<\/li>\n<li>Vyu\u017eit\u00ed experiment\u00e1ln\u00edch v\u00fdzkum\u016f v pedagogice.<\/li>\n<li>Efektivita program\u016f prim\u00e1rn\u00ed prevence na \u017e\u00e1ky z\u00e1kladn\u00edch \u0161kol.<\/li>\n<li>M\u011b\u0159en\u00ed subjektivn\u00ed du\u0161evn\u00ed pohody (subjective well-being) u\u010ditel\u016f.<\/li>\n<li>M\u011b\u0159en\u00ed p\u0159idan\u00e9 hodnoty \u0161koly s vyu\u017eit\u00edm panelov\u00fdch dat.<\/li>\n<li>M\u011b\u0159en\u00ed \u0161koln\u00ed k\u00e1zn\u011b.<\/li>\n<\/ul>\n<p>Podrobn\u011bj\u0161\u00ed popis jednotliv\u00fdch tematick\u00fdch zam\u011b\u0159en\u00ed \u0161kolitelky dr. Hany Vo\u0148kov\u00e9 <a href=\"https:\/\/pages.pedf.cuni.cz\/kpg\/phdr-rndr-hana-vonkova-ph-d-et-ph-d-temata-disertaci\/\">zde.<\/a><\/p>\n<h3>PhDr. Michal Zv\u00edrotsk\u00fd, Ph.D.<\/h3>\n<p>Zav\u00fdv\u00e1 se interdisciplin\u00e1rn\u00edmi ot\u00e1zkami zdrav\u00ed, (ne)moci a n\u00e1sil\u00ed. V\u011bnuje se mj. prevenci \u0161koln\u00edho \u0161ikanov\u00e1n\u00ed a teoretick\u00fdm i praktick\u00fdm ot\u00e1zk\u00e1m sebev\u00fdchovy (zejm\u00e9na metod\u011b autogenn\u00edho tr\u00e9ninku). Konkr\u00e9tn\u00ed n\u00e1m\u011bty t\u00e9mat diserta\u010dn\u00edch prac\u00ed:<\/p>\n<ul>\n<li>Diagnostika, prevence a \u0159e\u0161en\u00ed \u0161ikany v konkr\u00e9tn\u00ed \u0161kole (ak\u010dn\u00ed v\u00fdzkum).<\/li>\n<li>Reflexe sebev\u00fdchovy v rozhovorech se seniory (p\u0159\u00edpadov\u00e1 studie, resp. biografie).<\/li>\n<li>Teoretick\u00e1 a metodologick\u00e1 v\u00fdchodiska oboru v\u00fdchova ke zdrav\u00ed (teoretick\u00e1 studie).<\/li>\n<\/ul>\n<h2>Nab\u00eddka p\u0159edm\u011bt\u016f pro doktorandy<\/h2>\n<p>V sou\u010dasn\u00e9 dob\u011b zaji\u0161\u0165uje katedra pedagogiky v\u00fduku t\u0159\u00ed povinn\u011b voliteln\u00fdch p\u0159edm\u011bt\u016f pro doktorandy programu Pedagogika (dle studijn\u00edho pl\u00e1nu <a href=\"https:\/\/is.cuni.cz\/studium\/predmety\/index.php?do=prohl&amp;oborplan=OD1PG20&amp;graficky=0&amp;fak=11410&gt;\" target=\"_blank\" rel=\"noopener noreferrer\">OD1PG20<\/a>). Doktorandi se do p\u0159edm\u011bt\u016f hl\u00e1s\u00ed bu\u010f sami prost\u0159ednictv\u00edm Studijn\u00edho informa\u010dn\u00edho syst\u00e9mu anebo prost\u0159ednictv\u00edm sv\u00e9ho odd\u011blen\u00ed pro v\u011bdeckou \u010dinnost (studenti z jin\u00fdch fakult).<\/p>\n<p><strong>Obecn\u00e1 pedagogika<\/strong> (<a href=\"https:\/\/is.cuni.cz\/studium\/predmety\/index.php?do=predmet&amp;kod=OPDQ1P109B\" target=\"_blank\" rel=\"noopener noreferrer\">OPDQ1P109B<\/a>) &#8211; vyu\u010duj\u00edc\u00ed prof. PaedDr. Stanislav Bendl, Ph.D.<\/p>\n<p><strong>Teorie v\u00fdchovy<\/strong> (<a href=\"https:\/\/is.cuni.cz\/studium\/predmety\/index.php?do=predmet&amp;kod=OPDQ1P110B\" target=\"_blank\" rel=\"noopener noreferrer\">OPDQ1P110B<\/a>) &#8211; vyu\u010duj\u00edc\u00ed doc. PhDr. Ji\u0159\u00ed Prokop, Ph.D.<\/p>\n<p><strong>Zdravotn\u00ed gramotnost v interdisciplin\u00e1rn\u00edm diskurzu<\/strong> (<a href=\"https:\/\/is.cuni.cz\/studium\/predmety\/index.php?do=predmet&amp;kod=OPDQ1P124B\" target=\"_blank\" rel=\"noopener noreferrer\">OPDQ1P124B<\/a>) &#8211; vyu\u010duj\u00edc\u00ed PhDr. Michal Zv\u00edrotsk\u00fd, Ph.D.<\/p>\n<\/div>\n<p><strong>\u00a0<\/strong><\/p>\n<div><\/div>\n","protected":false},"excerpt":{"rendered":"<p>Katedra pedagogiky je \u0161kolic\u00edm pracovi\u0161t\u011bm doktorand\u016f ve studijn\u00edm programu Pedagogika (v\u00fduka v \u010de\u0161tin\u011b) a ve studijn\u00edm programu Education (v\u00fduka v angli\u010dtin\u011b). Doktorand\u016fm t\u011bchto program\u016f, v\u010d. t\u011bch, kte\u0159\u00ed jsou \u0161koleni na jin\u00fdch pracovi\u0161t\u00edch PedF a FF, nab\u00edz\u00ed t\u00e9\u017e n\u011bkolik povinn\u011b voliteln\u00fdch p\u0159edm\u011bt\u016f. Komplexn\u00ed informace o doktorsk\u00e9m studiu na PedF UK jsou k dispozici na str\u00e1nk\u00e1ch odd\u011blen\u00ed [&hellip;]<\/p>\n","protected":false},"author":35,"featured_media":0,"parent":0,"menu_order":0,"comment_status":"closed","ping_status":"open","template":"","meta":{"footnotes":""},"class_list":["post-78","page","type-page","status-publish","hentry"],"_links":{"self":[{"href":"https:\/\/pages.pedf.cuni.cz\/kpg\/wp-json\/wp\/v2\/pages\/78","targetHints":{"allow":["GET"]}}],"collection":[{"href":"https:\/\/pages.pedf.cuni.cz\/kpg\/wp-json\/wp\/v2\/pages"}],"about":[{"href":"https:\/\/pages.pedf.cuni.cz\/kpg\/wp-json\/wp\/v2\/types\/page"}],"author":[{"embeddable":true,"href":"https:\/\/pages.pedf.cuni.cz\/kpg\/wp-json\/wp\/v2\/users\/35"}],"replies":[{"embeddable":true,"href":"https:\/\/pages.pedf.cuni.cz\/kpg\/wp-json\/wp\/v2\/comments?post=78"}],"version-history":[{"count":19,"href":"https:\/\/pages.pedf.cuni.cz\/kpg\/wp-json\/wp\/v2\/pages\/78\/revisions"}],"predecessor-version":[{"id":7397,"href":"https:\/\/pages.pedf.cuni.cz\/kpg\/wp-json\/wp\/v2\/pages\/78\/revisions\/7397"}],"wp:attachment":[{"href":"https:\/\/pages.pedf.cuni.cz\/kpg\/wp-json\/wp\/v2\/media?parent=78"}],"curies":[{"name":"wp","href":"https:\/\/api.w.org\/{rel}","templated":true}]}}