{"id":792,"date":"2012-09-27T20:00:38","date_gmt":"2012-09-27T20:00:38","guid":{"rendered":"http:\/\/userweb.pedf.cuni.cz\/wp\/kssp\/?page_id=792"},"modified":"2023-10-01T13:21:32","modified_gmt":"2023-10-01T11:21:32","slug":"aktuality-upvov","status":"publish","type":"page","link":"https:\/\/pages.pedf.cuni.cz\/kpg\/aktuality-upvov\/","title":{"rendered":"Aktu\u00e1ln\u00ed informace pro studenty UPVOV"},"content":{"rendered":"<ul>\n<li>V\u00fdukov\u00fdm dnem pro v\u0161echny ro\u010dn\u00edky bude v tomto akademick\u00e9m roce\u00a0 <strong>\u010dtvrtek<\/strong> (v ka\u017ed\u00e9m semestru bude v\u00fduka nasazena do 5 &#8211; 7 celodenn\u00edch blok\u016f, vyu\u017e\u00edv\u00e1ny budou lich\u00e9 i sud\u00e9 t\u00fddny, v\u00fduka bude prob\u00edhat zejm\u00e9na v hlavn\u00ed budov\u011b fakulty (Magdal\u00e9ny Rettigov\u00e9 4 a 8), v\u00fdjime\u010dn\u011b v Brand\u00fdse nad Labem (Kralovick\u00e1 915). Povinn\u011b voliteln\u00e9 a voliteln\u00e9 p\u0159edm\u011bty mohou b\u00fdt vyu\u010dov\u00e1ny i v jin\u00fdch term\u00ednech, typicky nap\u0159. v sobotu.<\/li>\n<li>Bakal\u00e1\u0159skou pr\u00e1ci by si m\u011bli studenti zadat nejpozd\u011bji \u0161est m\u011bs\u00edc\u016f p\u0159ed pl\u00e1novan\u00fdm term\u00ednem obhajoby. Doporu\u010denou formou bakal\u00e1\u0159sk\u00e9 pr\u00e1ce je tzv. portfolio profesn\u00edho rozvoje, nicm\u00e9n\u011b studenti mohou navrhnout t\u00e9\u017e vlastn\u00ed t\u00e9ma a pojet\u00ed bakal\u00e1\u0159sk\u00e9 pr\u00e1ce.<\/li>\n<li>St\u00e1tn\u00ed z\u00e1v\u011bre\u010dn\u00e1 zkou\u0161ka m\u00e1 t\u0159i \u010d\u00e1sti &#8211; obhajoba bakal\u00e1\u0159sk\u00e9 pr\u00e1ce, z\u00e1klady pedagogiky a psychologie pro u\u010ditele a didaktika odborn\u00e9ho vzd\u011bl\u00e1v\u00e1n\u00ed. Po\u0159ad\u00ed skl\u00e1d\u00e1n\u00ed t\u011bchto \u010d\u00e1st\u00ed SZZ nen\u00ed stanoveno.<\/li>\n<li>Studenti si mohou vyb\u00edrat voliteln\u00e9 p\u0159edm\u011bty z nab\u00eddky v\u0161ech kateder PedF UK, ale t\u00e9\u017e z nab\u00eddky jin\u00fdch fakult. Ve studijn\u00edm pl\u00e1nu jsou uvedeny doporu\u010den\u00e9 voliteln\u00e9 p\u0159edm\u011bty, u kter\u00fdch maj\u00ed studenti programu p\u0159i z\u00e1pisu p\u0159ednost.<\/li>\n<\/ul>\n","protected":false},"excerpt":{"rendered":"<p>V\u00fdukov\u00fdm dnem pro v\u0161echny ro\u010dn\u00edky bude v tomto akademick\u00e9m roce\u00a0 \u010dtvrtek (v ka\u017ed\u00e9m semestru bude v\u00fduka nasazena do 5 &#8211; 7 celodenn\u00edch blok\u016f, vyu\u017e\u00edv\u00e1ny budou lich\u00e9 i sud\u00e9 t\u00fddny, v\u00fduka bude prob\u00edhat zejm\u00e9na v hlavn\u00ed budov\u011b fakulty (Magdal\u00e9ny Rettigov\u00e9 4 a 8), v\u00fdjime\u010dn\u011b v Brand\u00fdse nad Labem (Kralovick\u00e1 915). Povinn\u011b voliteln\u00e9 a voliteln\u00e9 p\u0159edm\u011bty mohou [&hellip;]<\/p>\n","protected":false},"author":272,"featured_media":0,"parent":0,"menu_order":0,"comment_status":"closed","ping_status":"closed","template":"","meta":{"footnotes":""},"class_list":["post-792","page","type-page","status-publish","hentry"],"_links":{"self":[{"href":"https:\/\/pages.pedf.cuni.cz\/kpg\/wp-json\/wp\/v2\/pages\/792","targetHints":{"allow":["GET"]}}],"collection":[{"href":"https:\/\/pages.pedf.cuni.cz\/kpg\/wp-json\/wp\/v2\/pages"}],"about":[{"href":"https:\/\/pages.pedf.cuni.cz\/kpg\/wp-json\/wp\/v2\/types\/page"}],"author":[{"embeddable":true,"href":"https:\/\/pages.pedf.cuni.cz\/kpg\/wp-json\/wp\/v2\/users\/272"}],"replies":[{"embeddable":true,"href":"https:\/\/pages.pedf.cuni.cz\/kpg\/wp-json\/wp\/v2\/comments?post=792"}],"version-history":[{"count":2,"href":"https:\/\/pages.pedf.cuni.cz\/kpg\/wp-json\/wp\/v2\/pages\/792\/revisions"}],"predecessor-version":[{"id":6958,"href":"https:\/\/pages.pedf.cuni.cz\/kpg\/wp-json\/wp\/v2\/pages\/792\/revisions\/6958"}],"wp:attachment":[{"href":"https:\/\/pages.pedf.cuni.cz\/kpg\/wp-json\/wp\/v2\/media?parent=792"}],"curies":[{"name":"wp","href":"https:\/\/api.w.org\/{rel}","templated":true}]}}