{"id":83,"date":"2012-09-06T15:54:44","date_gmt":"2012-09-06T15:54:44","guid":{"rendered":"http:\/\/zeldar.thosting.cz\/wp-test\/?page_id=83"},"modified":"2026-03-04T10:06:22","modified_gmt":"2026-03-04T09:06:22","slug":"konzultacni-hodiny","status":"publish","type":"page","link":"https:\/\/pages.pedf.cuni.cz\/kpg\/konzultacni-hodiny\/","title":{"rendered":"Konzulta\u010dn\u00ed hodiny v letn\u00edm semestru"},"content":{"rendered":"<p><strong>Pros\u00edme sledujte <a href=\"https:\/\/pages.pedf.cuni.cz\/kpg\/category\/zmeny\/\">zm\u011bny a vzkazy student\u016fm<\/a> na webu nebo na n\u00e1st\u011bnk\u00e1ch p\u0159\u00edslu\u0161n\u00fdch vyu\u010duj\u00edc\u00edch!<\/strong><\/p>\n<table style=\"border: 2px solid #000000;height: 884px\" width=\"692\">\n<tbody>\n<tr>\n<td style=\"width: 300px\"><strong>Jm\u00e9no<\/strong><\/td>\n<td style=\"width: 37px\"><strong>\u010d\u00edslo dve\u0159\u00ed<\/strong><\/td>\n<td><strong>mail<\/strong><\/td>\n<td style=\"width: 80px\"><strong>telefon<\/strong><\/td>\n<td style=\"width: 180px\"><strong>konzulta\u010dn\u00ed hodiny<\/strong><\/td>\n<\/tr>\n<tr style=\"border-top: 2px solid #000000\">\n<td>prof. PaedDr. Stanislav Bendl, Ph.D.<\/td>\n<td>219<\/td>\n<td><a href=\"mailto:Stanislav.Bendl@pedf.cuni.cz\">stanislav.bendl@pedf.cuni.cz<\/a><\/td>\n<td>221 900 188<\/td>\n<td>\n<p>\u00a0konzulta\u010dn\u00ed hodiny se konaj\u00ed po p\u0159edchoz\u00ed domluv\u011b online formou v aplikaci ZOOM<\/p>\n<\/td>\n<\/tr>\n<tr style=\"border-top: 2px solid #000000\">\n<td>PhDr. Veronika Bla\u017ekov\u00e1, Ph.D.<\/td>\n<td>222<\/td>\n<td><a href=\"mailto:veronika.blazkova@pedf.cuni.cz\">veronika.blazkova@pedf.cuni.cz<\/a><\/td>\n<td>221 900 188<\/td>\n<td>\n<p>st\u0159eda:<\/p>\n<p>13:00 &#8211; 14:00<\/p>\n<\/td>\n<\/tr>\n<tr style=\"border-top: 2px solid #000000\">\n<td>Mgr. Martin Bo\u0161ko<\/td>\n<td>221<\/td>\n<td>martin.bo\u0161ko@pedf.cuni.cz<\/td>\n<td>\u00a0<\/td>\n<td>\n<p>&nbsp;<\/p>\n<p>dle dohody mailem<\/p>\n<\/td>\n<\/tr>\n<tr style=\"border-top: 2px solid #000000\">\n<td>Ing. Lucie \u010cern\u00e1<\/td>\n<td>222<\/td>\n<td>lucie.cerna@pedf.cuni.cz<\/td>\n<td>221 900 109<\/td>\n<td>\n<p>dle dohody mailem<\/p>\n<\/td>\n<\/tr>\n<tr style=\"border-top: 2px solid #000000\">\n<td>Ing. Karolina Duschinsk\u00e1, Ph.D.<\/td>\n<td>221<\/td>\n<td><a href=\"mailto:karolina.duschinska@pedf.cuni.cz\">karolina.duschinska@pedf.cuni.cz<\/a><\/td>\n<td>\u00a0<\/td>\n<td>\u00a0<\/td>\n<\/tr>\n<tr style=\"border-top: 2px solid #000000\">\n<td>PaedDr. Zde\u0148ka Hankov\u00e1, Ph.D.<\/td>\n<td>221<\/td>\n<td><a href=\"mailto:zdenka.hankova@pedf.cuni.cz\">zdenka.hankova@pedf.cuni.cz<\/a><\/td>\n<td>221 900 109<\/td>\n<td>\n<p>pond\u011bl\u00ed:<\/p>\n<p>12:00 &#8211; 13:00<\/p>\n<p>dle dohody mailem<\/p>\n<\/td>\n<\/tr>\n<tr style=\"border-top: 2px solid #000000\">\n<td>PhDr. Jaroslava Hanu\u0161ov\u00e1, Ph.D.<\/td>\n<td>228<\/td>\n<td><a href=\"mailto:jaroslava.hanusova@pedf.cuni.cz\">jaroslava.hanusova@pedf.cuni.cz<\/a><\/td>\n<td>\u00a0<\/td>\n<td colspan=\"3\" width=\"270\">\n<p>16.2.\u00a0 12:45 &#8211; 13:45<\/p>\n<p>23.2.\u00a0 12:45 &#8211; 13:45<\/p>\n<p>3.3. &#8211; 31.3. 9:50-10:50<\/p>\n<p>1.4.\u00a0 \u00a0 9:50 &#8211; 10:50<\/p>\n<p>8.4.\u00a0 \u00a0 9:50 &#8211; 10:50<\/p>\n<p>15.4.\u00a0 14:30 &#8211; 15:30<\/p>\n<p>24.4. 10:30 &#8211; 11:30<\/p>\n<p>6.5.\u00a0 \u00a0 11:15 &#8211; 13:15<\/p>\n<\/td>\n<\/tr>\n<tr style=\"border-top: 2px solid #000000\">\n<td>\u00a0<\/td>\n<td>\u00a0<\/td>\n<td>\u00a0<\/td>\n<td>\u00a0<\/td>\n<td>\u00a0<\/td>\n<\/tr>\n<tr style=\"border-top: 2px solid #000000\">\n<td>PhDr. Kate\u0159ina Kr\u00e1lov\u00e1, Ph.D.<\/td>\n<td>221<\/td>\n<td><a href=\"mailto:katerina.kralova@pedf.cuni.cz\">katerina.kralova@pedf.cuni.cz<\/a><\/td>\n<td>221 900 120<\/td>\n<td>dle dohody mailem<\/td>\n<\/tr>\n<tr style=\"border-top: 2px solid #000000\">\n<td>PhDr. Jana Ko\u010d\u00ed, Ph.D.<\/td>\n<td>220<\/td>\n<td><a href=\"mailto:jana.koci@pedf.cuni.cz\">jana.koci@pedf.cuni.cz<\/a><\/td>\n<td>221 900 107<\/td>\n<td>\n<p>\u010dtvrtek:<\/p>\n<p>12:30 &#8211; 13:30<\/p>\n<\/td>\n<\/tr>\n<tr style=\"border-top: 2px solid #000000\">\n<td>PhDr. Lenka Kollerov\u00e1, Ph.D.<\/td>\n<td>221<\/td>\n<td><a href=\"mailto:klara.horackova@pedf.cuni.cz\">lenka.kollerova@pedf.cuni.cz<\/a><\/td>\n<td>\u00a0<\/td>\n<td>\n<p>pond\u011bl\u00ed:<\/p>\n<p>13:00 &#8211; 14:00<\/p>\n<\/td>\n<\/tr>\n<tr style=\"border-top: 2px solid #000000\">\n<td>PhDr. Marie Linkov\u00e1, Ph.D.<\/td>\n<td>228<\/td>\n<td><a href=\"mailto:marie.linkova@pedf.cuni.cz\">marie.linkova@pedf.cuni.cz<\/a><\/td>\n<td>221 900 219<\/td>\n<td>\n<p>\u00fater\u00fd:<\/p>\n<p>14:00 &#8211; 15:00<\/p>\n<p>dle dohody mailem<\/p>\n<\/td>\n<\/tr>\n<tr style=\"border-top: 2px solid #000000\">\n<td>Mgr. Petr M\u00e1cha<\/td>\n<td>228<\/td>\n<td>petr.macha@pedf.cuni.cz<\/td>\n<td>221 900 219<\/td>\n<td>\n<p>pond\u011bl\u00ed:<\/p>\n<p>14:30 &#8211; 15:30<\/p>\n<\/td>\n<\/tr>\n<tr style=\"border-top: 2px solid #000000\">\n<td>\u00a0<\/td>\n<td>\u00a0<\/td>\n<td>\u00a0<\/td>\n<td>\u00a0<\/td>\n<td>\n<div>\u00a0<\/div>\n<\/td>\n<\/tr>\n<tr style=\"border-top: 2px solid #000000\">\n<td>Mgr. Roman Musil<\/td>\n<td>\u00a0<\/td>\n<td><a href=\"mailto:dranrom@gmail.com\">dranrom@gmail.com<\/a><\/td>\n<td>\u00a0<\/td>\n<td>dle dohody mailem<strong><br \/><\/strong><\/td>\n<\/tr>\n<tr style=\"border-top: 2px solid #000000\">\n<td>PhDr. Ond\u0159ej Papajoanu, Ph.D.<\/td>\n<td>221<\/td>\n<td><a href=\"mailto:ondrej.papajoanu@pedf.cuni.cz\">ondrej.papajoanu@pedf.cuni.cz<\/a><\/td>\n<td>221 900 120<\/td>\n<td>\n<p>dle dohody mailem<\/p>\n<\/td>\n<\/tr>\n<tr style=\"border-top: 2px solid #000000\">\n<td>doc. PhDr. Ji\u0159\u00ed Prokop, Ph.D.<\/td>\n<td>220<\/td>\n<td><a href=\"mailto:jiri.prokop@pedf.cuni.cz\">jiri.prokop@pedf.cuni.cz<\/a><\/td>\n<td>221 900 107<\/td>\n<td>\n<p>dle dohody mailem<\/p>\n<\/td>\n<\/tr>\n<tr style=\"border-top: 2px solid #000000\">\n<td>PhDr. Magdalena Richterov\u00e1, Ph.D.<\/td>\n<td>220<\/td>\n<td><a href=\"mailto:magdalena.richterova@pedf.cuni.cz\">magdalena.richterova@pedf.cuni.cz<\/a><\/td>\n<td>221 900 107<\/td>\n<td>\n<p>st\u0159eda:<\/p>\n<p>14:15 &#8211; 15:15<\/p>\n<p>po p\u0159edchoz\u00ed domluv\u011b mailem<\/p>\n<\/td>\n<\/tr>\n<tr style=\"border-top: 2px solid #000000\">\n<td>PhDr. Ivo Sy\u0159i\u0161t\u011b, Ph.D.<\/td>\n<td>220<\/td>\n<td><a href=\"mailto:ivo.syriste@pedf.cuni.cz\">ivo.syriste@pedf.cuni.cz<\/a><\/td>\n<td>221 900 107<\/td>\n<td>dle dohody emailem<\/td>\n<\/tr>\n<tr style=\"border-top: 2px solid #000000\">\n<td>PhDr. Jaroslav \u0160aroch, Ph.D.<\/td>\n<td>228<\/td>\n<td><a href=\"mailto:jaroslav.saroch@pedf.cuni.cz\">jaroslav.saroch@pedf.cuni.cz<\/a><\/td>\n<td>221 900 219<\/td>\n<td>\n<p>pond\u011bl\u00ed:<\/p>\n<p>9:45 &#8211; 10:45<\/p>\n<\/td>\n<\/tr>\n<tr style=\"border-top: 2px solid #000000\">\n<td>PhDr. Alena Thorovsk\u00e1<\/td>\n<td>221<\/td>\n<td><a href=\"mailto:alena.thorovska@pedf.cuni.cz\">alena.thorovska@pedf.cuni.cz<\/a><\/td>\n<td>221 900 219<\/td>\n<td>\n<p>\u00fater\u00fd:<\/p>\n<p>11:20 &#8211; 12:00<\/p>\n<p>po p\u0159edchoz\u00ed domluv\u011b mailem<\/p>\n<\/td>\n<\/tr>\n<tr style=\"border-top: 2px solid #000000\">\n<td>Ing. Alena V\u00e1chov\u00e1, Ph.D.<\/td>\n<td>228<\/td>\n<td><a href=\"mailto:alena.vachova@pedf.cuni.cz\">alena.vachova@pedf.cuni.cz<\/a><\/td>\n<td>\u00a0<\/td>\n<td>\n<div class=\"x_elementToProof\" data-olk-copy-source=\"MessageBody\">24.2. 2026\u201331.3. 2026 \u00fater\u00fd 11,15-12,15<\/div>\n<div class=\"x_elementToProof\">10.4. 2026 11,30-12,30<\/div>\n<div class=\"x_elementToProof\">17.4. 2026 11,45-12,45<\/div>\n<div class=\"x_elementToProof\">22.4. 2026 10,00-11,00<\/div>\n<div class=\"x_elementToProof\">28.4. 2026-12.5. 2026 \u00fater\u00fd 11,15-12,15.<\/div>\n<\/td>\n<\/tr>\n<tr style=\"border-top: 2px solid #000000\">\n<td>prof. RNDr. PhDr. Hana Vo\u0148kov\u00e1, Ph.D. et Ph.D.<\/td>\n<td>222<\/td>\n<td><a href=\"mailto:hana.vonkova@pedf.cuni.cz\">hana.vonkova@pedf.cuni.cz<\/a><\/td>\n<td>221 900 120<\/td>\n<td>\n<p>p\u00e1tek:<\/p>\n<p>11:00 &#8211; 12:00<\/p>\n<\/td>\n<\/tr>\n<tr style=\"border-top: 2px solid #000000\">\n<td>Mgr. Zbyn\u011bk Zicha, Ph.D.<\/td>\n<td>221<\/td>\n<td><a href=\"mailto:zbynek.zicha@pedf.cuni.cz\">zbynek.zicha@pedf.cuni.cz<\/a><\/td>\n<td>221900219<\/td>\n<td>\n<p>st\u0159eda:<\/p>\n<p>15:00 &#8211; 16:00<\/p>\n<\/td>\n<\/tr>\n<tr style=\"border-top: 2px solid #000000\">\n<td>PhDr. Michal Zv\u00edrotsk\u00fd, Ph.D.<\/td>\n<td>228<\/td>\n<td><a href=\"mailto:michal.zvirotsky@pedf.cuni.cz\">michal.zvirotsky@pedf.cuni.cz<\/a><\/td>\n<td><span style=\"text-decoration: underline\">221 900 219<\/span><\/td>\n<td>\n<div class=\"x_elementToProof\"><a href=\"https:\/\/pedf.cuni.cz\/PEDF-242.html\"> https:\/\/pedf.cuni.cz\/PEDF-242.html<\/a><\/div>\n<\/td>\n<\/tr>\n<\/tbody>\n<\/table>\n\n","protected":false},"excerpt":{"rendered":"<p>Pros\u00edme sledujte zm\u011bny a vzkazy student\u016fm na webu nebo na n\u00e1st\u011bnk\u00e1ch p\u0159\u00edslu\u0161n\u00fdch vyu\u010duj\u00edc\u00edch! Jm\u00e9no \u010d\u00edslo dve\u0159\u00ed mail telefon konzulta\u010dn\u00ed hodiny prof. PaedDr. Stanislav Bendl, Ph.D. 219 stanislav.bendl@pedf.cuni.cz 221 900 188 \u00a0konzulta\u010dn\u00ed hodiny se konaj\u00ed po p\u0159edchoz\u00ed domluv\u011b online formou v aplikaci ZOOM PhDr. Veronika Bla\u017ekov\u00e1, Ph.D. 222 veronika.blazkova@pedf.cuni.cz 221 900 188 st\u0159eda: 13:00 &#8211; 14:00 [&hellip;]<\/p>\n","protected":false},"author":35,"featured_media":0,"parent":0,"menu_order":0,"comment_status":"closed","ping_status":"closed","template":"","meta":{"footnotes":""},"class_list":["post-83","page","type-page","status-publish","hentry"],"_links":{"self":[{"href":"https:\/\/pages.pedf.cuni.cz\/kpg\/wp-json\/wp\/v2\/pages\/83","targetHints":{"allow":["GET"]}}],"collection":[{"href":"https:\/\/pages.pedf.cuni.cz\/kpg\/wp-json\/wp\/v2\/pages"}],"about":[{"href":"https:\/\/pages.pedf.cuni.cz\/kpg\/wp-json\/wp\/v2\/types\/page"}],"author":[{"embeddable":true,"href":"https:\/\/pages.pedf.cuni.cz\/kpg\/wp-json\/wp\/v2\/users\/35"}],"replies":[{"embeddable":true,"href":"https:\/\/pages.pedf.cuni.cz\/kpg\/wp-json\/wp\/v2\/comments?post=83"}],"version-history":[{"count":8,"href":"https:\/\/pages.pedf.cuni.cz\/kpg\/wp-json\/wp\/v2\/pages\/83\/revisions"}],"predecessor-version":[{"id":7661,"href":"https:\/\/pages.pedf.cuni.cz\/kpg\/wp-json\/wp\/v2\/pages\/83\/revisions\/7661"}],"wp:attachment":[{"href":"https:\/\/pages.pedf.cuni.cz\/kpg\/wp-json\/wp\/v2\/media?parent=83"}],"curies":[{"name":"wp","href":"https:\/\/api.w.org\/{rel}","templated":true}]}}