{"id":86,"date":"2012-09-06T15:56:09","date_gmt":"2012-09-06T15:56:09","guid":{"rendered":"http:\/\/zeldar.thosting.cz\/wp-test\/?page_id=86"},"modified":"2023-04-02T16:12:08","modified_gmt":"2023-04-02T14:12:08","slug":"kontakt","status":"publish","type":"page","link":"https:\/\/pages.pedf.cuni.cz\/kpg\/kontakt\/","title":{"rendered":"Kontakt"},"content":{"rendered":"<table style=\"width: 732px;height: 356px\">\n<tbody>\n<tr>\n<td><strong>Adresa:<\/strong><\/td>\n<td>Univerzita Karlova, Pedagogick\u00e1 fakulta<br \/>\nkatedra pedagogiky<br \/>\nMagdal\u00e9ny Rettigov\u00e9 4, 116 39, Praha 1<br \/>\n<a href=\"http:\/\/mapy.cz\/#mm=ZP@sa=s@st=s@ssq=Rettigov%C3%A9%204%2C%20praha@sss=1@ssp=133067090_135920340_133078066_135930220@x=133072592@y=135926096@z=16\" target=\"_blank\" rel=\"noopener noreferrer\">Pedagogick\u00e1 fakulta na webu mapy.cz<\/a><\/td>\n<\/tr>\n<tr>\n<td><strong>Telefon:<\/strong><\/td>\n<td>221 900\u00a0189<\/td>\n<\/tr>\n<tr>\n<td><strong>Fax:<\/strong><\/td>\n<td>221 900 188<\/td>\n<\/tr>\n<tr>\n<td><strong>E-Mail:<\/strong><\/td>\n<td>alena.bendlova@pedf.cuni.cz<\/td>\n<\/tr>\n<tr>\n<td><strong>URL:<\/strong><\/td>\n<td><a href=\"http:\/\/userweb.pedf.cuni.cz\/kped\/\">www.pedf.cuni.cz\/kped\/<\/a><\/td>\n<\/tr>\n<\/tbody>\n<\/table>\n<div>\n<h3>Sekretari\u00e1t<\/h3>\n<div>\n<table style=\"width: 727px;height: 334px\">\n<tbody>\n<tr>\n<td style=\"text-align: center\"><strong>\u00da\u0159edn\u00ed hodiny:<\/strong><\/td>\n<td><\/td>\n<\/tr>\n<tr>\n<td>pond\u011bl\u00ed &#8211; \u010dtvrtek<\/td>\n<td>9,00-12,00 hod.<br \/>\na<br \/>\n13,00-15,00 hod.<\/td>\n<\/tr>\n<tr>\n<td>p\u00e1tek<\/td>\n<td>9,00-12,00 hod.<\/td>\n<\/tr>\n<tr>\n<td style=\"text-align: left\"><strong>M\u00edstnost:<\/strong><\/td>\n<td>2. patro 219<\/td>\n<\/tr>\n<tr>\n<td><strong>Organiza\u010dn\u00ed pracovnice:<\/strong><\/td>\n<td>p. Alena Bendlov\u00e1<\/td>\n<\/tr>\n<\/tbody>\n<\/table>\n<h3>Pracovn\u00edci katedry<\/h3>\n<table style=\"width: 545px;height: 97px\">\n<tbody>\n<tr>\n<td>Kontakty na pracovn\u00edky katedry pedagogiky v sekci <a href=\"https:\/\/pages.pedf.cuni.cz\/kpg\/lide\/\">Pracovn\u00edci<\/a>.<strong><br \/>\n<\/strong><\/td>\n<\/tr>\n<\/tbody>\n<\/table>\n<\/div>\n<\/div>\n","protected":false},"excerpt":{"rendered":"<p>Adresa: Univerzita Karlova, Pedagogick\u00e1 fakulta katedra pedagogiky Magdal\u00e9ny Rettigov\u00e9 4, 116 39, Praha 1 Pedagogick\u00e1 fakulta na webu mapy.cz Telefon: 221 900\u00a0189 Fax: 221 900 188 E-Mail: alena.bendlova@pedf.cuni.cz URL: www.pedf.cuni.cz\/kped\/ Sekretari\u00e1t \u00da\u0159edn\u00ed hodiny: pond\u011bl\u00ed &#8211; \u010dtvrtek 9,00-12,00 hod. a 13,00-15,00 hod. p\u00e1tek 9,00-12,00 hod. M\u00edstnost: 2. patro 219 Organiza\u010dn\u00ed pracovnice: p. Alena Bendlov\u00e1 Pracovn\u00edci katedry [&hellip;]<\/p>\n","protected":false},"author":35,"featured_media":0,"parent":0,"menu_order":0,"comment_status":"closed","ping_status":"open","template":"","meta":{"footnotes":""},"class_list":["post-86","page","type-page","status-publish","hentry"],"_links":{"self":[{"href":"https:\/\/pages.pedf.cuni.cz\/kpg\/wp-json\/wp\/v2\/pages\/86","targetHints":{"allow":["GET"]}}],"collection":[{"href":"https:\/\/pages.pedf.cuni.cz\/kpg\/wp-json\/wp\/v2\/pages"}],"about":[{"href":"https:\/\/pages.pedf.cuni.cz\/kpg\/wp-json\/wp\/v2\/types\/page"}],"author":[{"embeddable":true,"href":"https:\/\/pages.pedf.cuni.cz\/kpg\/wp-json\/wp\/v2\/users\/35"}],"replies":[{"embeddable":true,"href":"https:\/\/pages.pedf.cuni.cz\/kpg\/wp-json\/wp\/v2\/comments?post=86"}],"version-history":[{"count":6,"href":"https:\/\/pages.pedf.cuni.cz\/kpg\/wp-json\/wp\/v2\/pages\/86\/revisions"}],"predecessor-version":[{"id":6588,"href":"https:\/\/pages.pedf.cuni.cz\/kpg\/wp-json\/wp\/v2\/pages\/86\/revisions\/6588"}],"wp:attachment":[{"href":"https:\/\/pages.pedf.cuni.cz\/kpg\/wp-json\/wp\/v2\/media?parent=86"}],"curies":[{"name":"wp","href":"https:\/\/api.w.org\/{rel}","templated":true}]}}