{"id":1039,"date":"2021-02-02T22:23:28","date_gmt":"2021-02-02T21:23:28","guid":{"rendered":"http:\/\/pages.pedf.cuni.cz\/ksppg\/?page_id=1039"},"modified":"2021-02-09T01:41:16","modified_gmt":"2021-02-09T00:41:16","slug":"studentska-oborova-rada","status":"publish","type":"page","link":"https:\/\/pages.pedf.cuni.cz\/ksppg\/studentska-oborova-rada","title":{"rendered":"Studentsk\u00e1 oborov\u00e1 rada"},"content":{"rendered":"<p><span style=\"color: #339966\"><strong>Studentskou oborovou radu Speci\u00e1ln\u00ed pedagogiky <\/strong><\/span>(ve spolupr\u00e1ci se SOR u\u010ditelstv\u00ed M\u0160) zaji\u0161\u0165uje studentsk\u00fd spolek<b> <a href=\"http:\/\/pedagogickyspolekemil.cz\/\" target=\"_blank\" rel=\"noopener noreferrer\"><span style=\"color: #339966\">EMIL<\/span><\/a><\/b><\/p>\n<p><strong><span style=\"color: #339966\">Z\u00e1stupci za speci\u00e1ln\u00ed pedagogiku<\/span><\/strong>:<br \/>\nBarbora Kamienov\u00e1 (SPPG) &#8211;<a href=\"kamienova.b@seznam.cz\"> kamienova.b@seznam.cz<\/a><br \/>\nAnna Zalab\u00e1kov\u00e1 (SPPG) &#8211; <a class=\"link3\" href=\"mailto:zalabakova.anna@gmail.com\">zalabakova.anna@gmail.com<\/a><\/p>\n<ul>\n<li style=\"text-align: justify\">Studentsk\u00e9 oborov\u00e9 rady se z\u0159izuj\u00ed za \u00fa\u010delem zastupov\u00e1n\u00ed z\u00e1jm\u016f student\u016f dan\u00e9ho studijn\u00edho oboru tak, aby se zv\u00fd\u0161il pod\u00edl student\u016f na zkvalit\u0148ov\u00e1n\u00ed organizace, pr\u016fb\u011bhu v\u00fduky a o\u017eivov\u00e1n\u00ed ve\u0159ejn\u00e9ho prostoru fakulty o kulturn\u00ed a jin\u00e9 akce.<\/li>\n<li style=\"text-align: justify\">Rada se vyjad\u0159uje k pr\u016fb\u011bhu v\u00fduky na sv\u00e9 kated\u0159e a tlumo\u010d\u00ed dotazy, n\u00e1vrhy, podn\u011bty a p\u0159ipom\u00ednky student\u016f. Pom\u00e1h\u00e1 student\u016fm prvn\u00edho ro\u010dn\u00edku s orientac\u00ed v prost\u0159ed\u00ed fakulty a organizuje adapta\u010dn\u00ed kurzy.<\/li>\n<li style=\"text-align: justify\">Rada je povinna h\u00e1jit z\u00e1jmy student\u016f dan\u00e9ho oboru a \u00fa\u010dastnit se spole\u010dn\u00fdch setk\u00e1n\u00ed oborov\u00fdch rad a studijn\u00edch prod\u011bkanek. Rada m\u00e1 pr\u00e1vo na jedn\u00e1n\u00ed s veden\u00edm katedry nejm\u00e9n\u011b jednou za semestr \u2013 v\u00edce viz <a href=\"http:\/\/wwwmod.pedf.cuni.cz\/udeska\/files\/opatreni_dekana\/opad_sor_spolky_final_31.8.2020.pdf\">Opat\u0159en\u00ed d\u011bkana 29\/2020 Pravidla z\u0159izov\u00e1n\u00ed a jedn\u00e1n\u00ed studentsk\u00fdch oborov\u00fdch rad a neform\u00e1ln\u00edch studentsk\u00fdch spolk\u016f<\/a> a <a href=\"http:\/\/wwwmod.pedf.cuni.cz\/udeska\/files\/opatreni_dekana\/priloha_1_ustanoveni_sor.pdf\" target=\"_blank\" rel=\"noopener noreferrer\">p\u0159\u00edloha k tomuto opat\u0159en\u00ed<\/a><\/li>\n<\/ul>\n","protected":false},"excerpt":{"rendered":"<p>Studentskou oborovou radu Speci\u00e1ln\u00ed pedagogiky (ve spolupr\u00e1ci se SOR u\u010ditelstv\u00ed M\u0160) zaji\u0161\u0165uje studentsk\u00fd spolek EMIL Z\u00e1stupci za speci\u00e1ln\u00ed pedagogiku: Barbora Kamienov\u00e1 (SPPG) &#8211; kamienova.b@seznam.cz Anna Zalab\u00e1kov\u00e1 (SPPG) &#8211; zalabakova.anna@gmail.com Studentsk\u00e9&#8230; <\/p>\n","protected":false},"author":465,"featured_media":0,"parent":0,"menu_order":0,"comment_status":"closed","ping_status":"closed","template":"","meta":{"footnotes":""},"class_list":["post-1039","page","type-page","status-publish","hentry"],"_links":{"self":[{"href":"https:\/\/pages.pedf.cuni.cz\/ksppg\/wp-json\/wp\/v2\/pages\/1039","targetHints":{"allow":["GET"]}}],"collection":[{"href":"https:\/\/pages.pedf.cuni.cz\/ksppg\/wp-json\/wp\/v2\/pages"}],"about":[{"href":"https:\/\/pages.pedf.cuni.cz\/ksppg\/wp-json\/wp\/v2\/types\/page"}],"author":[{"embeddable":true,"href":"https:\/\/pages.pedf.cuni.cz\/ksppg\/wp-json\/wp\/v2\/users\/465"}],"replies":[{"embeddable":true,"href":"https:\/\/pages.pedf.cuni.cz\/ksppg\/wp-json\/wp\/v2\/comments?post=1039"}],"version-history":[{"count":5,"href":"https:\/\/pages.pedf.cuni.cz\/ksppg\/wp-json\/wp\/v2\/pages\/1039\/revisions"}],"predecessor-version":[{"id":1571,"href":"https:\/\/pages.pedf.cuni.cz\/ksppg\/wp-json\/wp\/v2\/pages\/1039\/revisions\/1571"}],"wp:attachment":[{"href":"https:\/\/pages.pedf.cuni.cz\/ksppg\/wp-json\/wp\/v2\/media?parent=1039"}],"curies":[{"name":"wp","href":"https:\/\/api.w.org\/{rel}","templated":true}]}}