{"id":1047,"date":"2021-02-02T22:34:06","date_gmt":"2021-02-02T21:34:06","guid":{"rendered":"http:\/\/pages.pedf.cuni.cz\/ksppg\/?page_id=1047"},"modified":"2021-02-02T22:34:06","modified_gmt":"2021-02-02T21:34:06","slug":"sis","status":"publish","type":"page","link":"https:\/\/pages.pedf.cuni.cz\/ksppg\/sis","title":{"rendered":"SIS"},"content":{"rendered":"<p><a href=\"https:\/\/is.cuni.cz\/studium\/index.php?sso_id=bd42d8bcfdf79af22d92b51dab9f1915\"><img loading=\"lazy\" decoding=\"async\" class=\"alignnone size-full wp-image-1045\" src=\"https:\/\/pages.pedf.cuni.cz\/ksppg\/files\/2021\/02\/SIS.png\" alt=\"\" width=\"270\" height=\"47\" \/><\/a><\/p>\n<p>Webov\u00e9 str\u00e1nky &#8211; <a href=\"https:\/\/is.cuni.cz\/studium\/index.php?sso_id=bd42d8bcfdf79af22d92b51dab9f1915\"><span style=\"color: #800000\"><strong>Studijn\u00ed informa\u010dn\u00ed syst\u00e9m<\/strong><\/span><\/a><\/p>\n","protected":false},"excerpt":{"rendered":"<p>Webov\u00e9 str\u00e1nky &#8211; Studijn\u00ed informa\u010dn\u00ed syst\u00e9m<\/p>\n","protected":false},"author":465,"featured_media":0,"parent":0,"menu_order":0,"comment_status":"closed","ping_status":"closed","template":"","meta":{"footnotes":""},"class_list":["post-1047","page","type-page","status-publish","hentry"],"_links":{"self":[{"href":"https:\/\/pages.pedf.cuni.cz\/ksppg\/wp-json\/wp\/v2\/pages\/1047","targetHints":{"allow":["GET"]}}],"collection":[{"href":"https:\/\/pages.pedf.cuni.cz\/ksppg\/wp-json\/wp\/v2\/pages"}],"about":[{"href":"https:\/\/pages.pedf.cuni.cz\/ksppg\/wp-json\/wp\/v2\/types\/page"}],"author":[{"embeddable":true,"href":"https:\/\/pages.pedf.cuni.cz\/ksppg\/wp-json\/wp\/v2\/users\/465"}],"replies":[{"embeddable":true,"href":"https:\/\/pages.pedf.cuni.cz\/ksppg\/wp-json\/wp\/v2\/comments?post=1047"}],"version-history":[{"count":1,"href":"https:\/\/pages.pedf.cuni.cz\/ksppg\/wp-json\/wp\/v2\/pages\/1047\/revisions"}],"predecessor-version":[{"id":1048,"href":"https:\/\/pages.pedf.cuni.cz\/ksppg\/wp-json\/wp\/v2\/pages\/1047\/revisions\/1048"}],"wp:attachment":[{"href":"https:\/\/pages.pedf.cuni.cz\/ksppg\/wp-json\/wp\/v2\/media?parent=1047"}],"curies":[{"name":"wp","href":"https:\/\/api.w.org\/{rel}","templated":true}]}}