{"id":120,"date":"2015-03-18T10:41:09","date_gmt":"2015-03-18T10:41:09","guid":{"rendered":"http:\/\/pages.pedf.cuni.cz\/ksppg\/?page_id=120"},"modified":"2025-01-24T12:16:06","modified_gmt":"2025-01-24T11:16:06","slug":"bakalarske-studium-2","status":"publish","type":"page","link":"https:\/\/pages.pedf.cuni.cz\/ksppg\/bakalarske-studium-2","title":{"rendered":"Bakal\u00e1\u0159sk\u00e9 studium"},"content":{"rendered":"<p><span style=\"color: #003300\"><strong>Bakal\u00e1\u0159sk\u00e9 studium \u2013 studijn\u00ed programy<\/strong><\/span><\/p>\n<p><em>pln\u00fd pl\u00e1n (jednooborov\u00e9 studijn\u00ed programy)<br \/>\n<\/em><\/p>\n<ul>\n<li><strong>Speci\u00e1ln\u00ed pedagogika<\/strong><\/li>\n<li><strong>Speci\u00e1ln\u00ed pedagogika\/Logopedie<\/strong><\/li>\n<\/ul>\n<p><em>sdru\u017een\u00e9 studium (dvouoborov\u00e9 studijn\u00ed programy)<br \/>\n<\/em><\/p>\n<ul>\n<li><strong>\u010cesk\u00fd jazyk se zam\u011b\u0159en\u00edm na vzd\u011bl\u00e1v\u00e1n\u00ed se sdru\u017een\u00fdm studiem Speci\u00e1ln\u00ed pedagogika se zam\u011b\u0159en\u00edm na vzd\u011bl\u00e1v\u00e1n\u00ed &#8211; dvouoborov\u00e9 studium<\/strong><\/li>\n<li><strong>V\u00fdtvarn\u00e1 v\u00fdchova se zam\u011b\u0159en\u00edm na vzd\u011bl\u00e1v\u00e1n\u00ed se sdru\u017een\u00fdm studiem Speci\u00e1ln\u00ed pedagogika se zam\u011b\u0159en\u00edm na vzd\u011bl\u00e1v\u00e1n\u00ed &#8211; dvouoborov\u00e9 studium<\/strong><\/li>\n<\/ul>\n<p style=\"text-align: justify\"><span style=\"color: #800000\"><strong>Podrobn\u011bj\u0161\u00ed informace &#8211; pln\u00fd pl\u00e1n (j<\/strong><\/span><span style=\"color: #800000\"><strong>ednooborov\u00fd studijn\u00ed program)<\/strong><\/span><br \/>\n<strong>Studijn\u00ed program: <span style=\"color: #003300\">Speci\u00e1ln\u00ed pedagogika<\/span><\/strong><br \/>\n<strong>Forma:<\/strong> prezen\u010dn\u00ed, kombinovan\u00e1<br \/>\n<strong>Charakteristika programu\/oboru<\/strong><br \/>\nSpeci\u00e1ln\u00ed pedagogika\u00a0 je zam\u011b\u0159ena na problematiku v\u00fdchovy a vzd\u011bl\u00e1v\u00e1n\u00ed osob s r\u016fzn\u00fdmi druhy a typy znev\u00fdhodn\u011bn\u00ed ve sv\u011bt\u011b sou\u010dasn\u00fdch edukativn\u00edch trend\u016f. Obor je zam\u011b\u0159en na podporu a rozvoj komunika\u010dn\u00edch strategi\u00ed a aktivaci osob se zdravotn\u00edm posti\u017een\u00edm a soci\u00e1ln\u00edm znev\u00fdhodn\u011bn\u00edm.<\/p>\n<p style=\"text-align: justify\"><strong>Uplatn\u011bn\u00ed absolvent\u016f<\/strong><br \/>\nStudium poskytuje p\u0159\u00edpravu pro pr\u00e1ci projektov\u00e9ho mana\u017eera, osobn\u00edho asistenta, vychovatele, asistenta pedagoga ve \u0161kolsk\u00fdch za\u0159\u00edzen\u00edch, v domovech pro osoby se zdravotn\u00edm posti\u017een\u00edm, v domovech pro seniory, ve \u0161kolsk\u00fdch za\u0159\u00edzen\u00edch pro v\u00fdkon \u00fastavn\u00ed v\u00fdchovy nebo ochrann\u00e9 v\u00fdchovy, v d\u011btsk\u00fdch domovech, v za\u0159\u00edzen\u00edch pro l\u00e9\u010dbu z\u00e1vislost\u00ed, v org\u00e1nech \u00fazemn\u00edch resp. obecn\u00edch samospr\u00e1v, ve \u0161kolsk\u00fdch za\u0159\u00edzen\u00edch nebo v za\u0159\u00edzen\u00edch soci\u00e1ln\u00edch slu\u017eeb, v nadac\u00edch, v nevl\u00e1dn\u00edch organizac\u00edch a na \u00fa\u0159adech pr\u00e1ce.<\/p>\n<p style=\"text-align: justify\"><strong>P\u0159ij\u00edmac\u00ed \u0159\u00edzen\u00ed<\/strong><br \/>\nP\u0159ij\u00edmac\u00ed zkou\u0161ka je jednokolov\u00e1.<br \/>\nP\u00edsemn\u00fd test: Jde o test st\u0159edo\u0161kolsk\u00fdch znalost\u00ed z\u00a0oblast\u00ed relevantn\u00edch pro studium speci\u00e1ln\u00ed pedagogiky (biologie \u010dlov\u011bka, humanitn\u00ed v\u011bdy). Test se skl\u00e1d\u00e1 ze 40 ot\u00e1zek, trv\u00e1 20 minut, maxim\u00e1ln\u00ed mo\u017en\u00fd po\u010det z\u00edskan\u00fdch bod\u016f je 40. Test slou\u017e\u00ed k prov\u011b\u0159en\u00ed znalost\u00ed nutn\u00fdch pro pochopen\u00ed biologick\u00e9 podstaty zdravotn\u00edho posti\u017een\u00ed a soci\u00e1ln\u00edho kontextu \u017eivota \u010dlov\u011bka se znev\u00fdhodn\u011bn\u00edm. N\u00e1ro\u010dnost znalostn\u00edho testu vych\u00e1z\u00ed z u\u010debn\u00edch osnov v\u00fdukov\u00fdch p\u0159edm\u011bt\u016f \u00a0Biologie pro \u010dty\u0159let\u00e1 gymn\u00e1zia a Z\u00e1klady spole\u010densk\u00fdch v\u011bd pro st\u0159edn\u00ed \u0161koly. Test je p\u0159ipravov\u00e1n Katedrou speci\u00e1ln\u00ed pedagogiky PedF UK.\u00a0Test trv\u00e1 20 min.Test je shodn\u00fd s\u00a0testem pro programy Speci\u00e1ln\u00ed pedagogika se zam\u011b\u0159en\u00edm na vzd\u011bl\u00e1v\u00e1n\u00ed a Speci\u00e1ln\u00ed pedagogika\/Logopedie.<br \/>\n<strong>Dal\u0161\u00ed informace najdete <a href=\"https:\/\/pedf.cuni.cz\/PEDF-932.html\">zde<\/a><\/strong><\/p>\n<p style=\"text-align: justify\"><strong>Studijn\u00ed progrm: <span style=\"color: #003300\">Speci\u00e1ln\u00ed pedagogika\/Logopedie<\/span><\/strong><br \/>\n<strong>Forma:<\/strong> prezen\u010dn\u00ed<br \/>\n<strong>Charakteristika programu\/oboru<\/strong><\/p>\n<p style=\"text-align: justify\"><em>P\u0159edpokladem studijn\u00edho programu je adekv\u00e1tn\u00ed (nenaru\u0161en\u00e1) komunika\u010dn\u00ed schopnost.<\/em><br \/>\nC\u00edlem studijn\u00edho programu Speci\u00e1ln\u00ed pedagogika\/Logopedie je p\u0159ipravit odborn\u00edky k aplikaci postup\u016f u\u017e\u00edvan\u00fdch k depist\u00e1\u017ei d\u011bt\u00ed s rizikem naru\u0161en\u00e9 komunika\u010dn\u00ed schopnosti a sluchov\u00e9ho posti\u017een\u00ed a aplikaci stimulace \u0159e\u010dov\u00e9ho a jazykov\u00e9ho v\u00fdvoje d\u011bt\u00ed a \u017e\u00e1k\u016f s d\u016frazem na prevenci sekund\u00e1rn\u00edch d\u016fsledk\u016f a na z\u00e1klad\u011b toho p\u0159ipravit speci\u00e1ln\u00ed pedagogy pro speci\u00e1ln\u011b pedagogickou \u010dinnost ve t\u0159\u00edd\u00e1ch z\u0159\u00edzen\u00fdch pro \u017e\u00e1ky podle \u00a7 16 odst.9, v z\u00e1kladn\u00edch \u0161kol\u00e1ch, v z\u00e1kladn\u00edch \u0161kol\u00e1ch speci\u00e1ln\u00edch, z\u00e1kladn\u00edch \u0161kol\u00e1ch logopedick\u00fdch a z\u00e1kladn\u00edch \u0161kol\u00e1ch pro sluchov\u011b posti\u017een\u00e9 na pozici asistenta pedagoga, v mate\u0159sk\u00fdch \u0161kol\u00e1ch, v mate\u0159sk\u00fdch \u0161kol\u00e1ch pro d\u011bti s ment\u00e1ln\u00edm, t\u011blesn\u00fdm, zrakov\u00fdm nebo sluchov\u00fdm posti\u017een\u00edm, z\u00e1va\u017en\u00fdmi vadami \u0159e\u010di, z\u00e1va\u017en\u00fdmi v\u00fdvojov\u00fdmi poruchami u\u010den\u00ed, z\u00e1va\u017en\u00fdmi v\u00fdvojov\u00fdmi poruchami chov\u00e1n\u00ed, soub\u011b\u017en\u00fdm posti\u017een\u00edm v\u00edce vadami nebo autismem. Studijn\u00ed program Speci\u00e1ln\u00ed pedagogika\/Logopedie je odborn\u011b zam\u011b\u0159en v souladu se sou\u010dasn\u00fdm pojet\u00edm v\u00fdchovy a vzd\u011bl\u00e1v\u00e1n\u00ed d\u011bt\u00ed a \u017e\u00e1k\u016f se speci\u00e1ln\u00edmi vzd\u011bl\u00e1vac\u00edmi pot\u0159ebami na oblast inkluzivn\u00edho p\u0159\u00edstupu, a to v komplexn\u00edm mezioborov\u00e9m pojet\u00ed.<\/p>\n<p style=\"text-align: justify\"><strong>Uplatn\u011bn\u00ed absolvent\u016f<\/strong><br \/>\nAbsolvent bakal\u00e1\u0159sk\u00e9ho studijn\u00edho programu po \u00fasp\u011b\u0161n\u00e9m ukon\u010den\u00ed studia disponuje v\u0161eobecn\u00fdmi, odborn\u00fdmi dovednostmi. Uplatn\u011bn\u00ed absolventa bakal\u00e1\u0159sk\u00e9ho studijn\u00edho programu Logopedie se p\u0159edpokl\u00e1d\u00e1 v asistentsk\u00fdch pracovn\u00edch pozic\u00edch ve \u0161kolstv\u00ed, zdravotnictv\u00ed a v resortu ministerstva pr\u00e1ce a soci\u00e1ln\u00edch v\u011bc\u00ed, na kter\u00fdch jsou v osobn\u00edm kontaktu s d\u011btmi a \u017e\u00e1ky s NKS a SP. Absolvent je p\u0159ipraven na komunikaci a spolupr\u00e1ci s rodi\u010di d\u011bt\u00ed a \u017e\u00e1k\u016f a pedagogy speci\u00e1ln\u00edch i b\u011b\u017en\u00fdch \u0161kol.<br \/>\nKvalifika\u010dn\u00ed p\u0159ipravenost a m\u00edra profesn\u00ed adaptability na podm\u00ednky a po\u017eadavky praxe: z\u00edsk\u00e1n\u00ed kompetenc\u00ed k edukaci d\u011bt\u00ed\/\u017e\u00e1k\u016f se speci\u00e1ln\u00edmi vzd\u011bl\u00e1vac\u00edmi pot\u0159ebami v souladu se z\u00e1konem \u010d. 379\/2015 Sb., kter\u00fd je novelou z\u00e1kona \u010d. 563\/2004 Sb., o pedagogick\u00fdch pracovn\u00edc\u00edch.<\/p>\n<p style=\"text-align: justify\"><strong>P\u0159ij\u00edmac\u00ed \u0159\u00edzen\u00ed<\/strong><br \/>\nP\u0159ij\u00edmac\u00ed zkou\u0161ka je jednokolov\u00e1.<br \/>\nP\u00edsemn\u00fd test: Jde o test st\u0159edo\u0161kolsk\u00fdch znalost\u00ed z oblast\u00ed relevantn\u00edch pro studium speci\u00e1ln\u00ed pedagogiky (biologie \u010dlov\u011bka, humanitn\u00ed v\u011bdy). Test se skl\u00e1d\u00e1 ze 40 ot\u00e1zek, trv\u00e1 20 minut, maxim\u00e1ln\u00ed mo\u017en\u00fd po\u010det z\u00edskan\u00fdch bod\u016f je 40. Test slou\u017e\u00ed k prov\u011b\u0159en\u00ed znalost\u00ed nutn\u00fdch pro pochopen\u00ed biologick\u00e9 podstaty zdravotn\u00edho posti\u017een\u00ed a soci\u00e1ln\u00edho kontextu \u017eivota \u010dlov\u011bka se znev\u00fdhodn\u011bn\u00edm. N\u00e1ro\u010dnost znalostn\u00edho testu vych\u00e1z\u00ed z u\u010debn\u00edch osnov v\u00fdukov\u00fdch p\u0159edm\u011bt\u016f \u00a0Biologie pro \u010dty\u0159let\u00e1 gymn\u00e1zia a Z\u00e1klady spole\u010densk\u00fdch v\u011bd pro st\u0159edn\u00ed \u0161koly. Test je p\u0159ipravov\u00e1n Katedrou speci\u00e1ln\u00ed pedagogiky PedF UK. Test trv\u00e1 20 min. Test je shodn\u00fd s testem pro programy Speci\u00e1ln\u00ed pedagogika se zam\u011b\u0159en\u00edm na vzd\u011bl\u00e1v\u00e1n\u00ed a Speci\u00e1ln\u00ed pedagogika.<br \/>\n<strong>Dal\u0161\u00ed informace najdete <a href=\"https:\/\/is.cuni.cz\/studium\/prijimacky\/index.php?do=detail_obor&amp;id_obor=24577\">zde<\/a><\/strong><\/p>\n<p><span style=\"color: #800000\"><strong>Podrobn\u011bj\u0161\u00ed informace &#8211; sdru\u017een\u00e9 studium (dvouoborov\u00e9 studijn\u00ed programy)<\/strong><\/span><br \/>\n<span style=\"color: #003300\"><strong>\u010cesk\u00fd jazyk se zam\u011b\u0159en\u00edm na vzd\u011bl\u00e1v\u00e1n\u00ed se sdru\u017een\u00fdm studiem Speci\u00e1ln\u00ed pedagogika se zam\u011b\u0159en\u00edm na vzd\u011bl\u00e1v\u00e1n\u00ed<\/strong><\/span><br \/>\n<strong>Podrobn\u011bj\u0161\u00ed informace najdete <a href=\"https:\/\/is.cuni.cz\/studium\/prijimacky\/index.php?do=detail_obor&amp;id_obor=24499\">zde<\/a><\/strong> (prezen\u010dn\u00ed studium)<\/p>\n<p><span style=\"color: #003300\"><strong>V\u00fdtvarn\u00e1 v\u00fdchova se zam\u011b\u0159en\u00edm na vzd\u011bl\u00e1v\u00e1n\u00ed se sdru\u017een\u00fdm studiem Speci\u00e1ln\u00ed pedagogika se zam\u011b\u0159en\u00edm na vzd\u011bl\u00e1v\u00e1n\u00ed<\/strong><\/span><br \/>\n<strong>Podrobn\u011bj\u0161\u00ed informace najdete <a href=\"https:\/\/is.cuni.cz\/studium\/prijimacky\/index.php?do=detail_obor&amp;id_obor=24500\">zde<\/a><\/strong> (prezen\u010dn\u00ed studium)<\/p>\n<p><strong><span style=\"color: #800000\">Katedra se d\u00e1le pod\u00edl\u00ed na v\u00fduce ve studijn\u00edm programu<\/span> <\/strong><br \/>\n<span style=\"color: #003300\"><strong>Psychologie s roz\u0161\u00ed\u0159en\u00edm o speci\u00e1ln\u00ed pedagogiku<\/strong><\/span><br \/>\n(prim\u00e1rn\u011b ov\u0161em tento obor spad\u00e1 pod katedru psychologie)<br \/>\n<strong>Podrobn\u011bj\u0161\u00ed informace <a href=\"https:\/\/is.cuni.cz\/studium\/prijimacky\/index.php?do=detail_obor&amp;id_obor=24412\">zde<\/a><\/strong><\/p>\n","protected":false},"excerpt":{"rendered":"<p>Bakal\u00e1\u0159sk\u00e9 studium \u2013 studijn\u00ed programy pln\u00fd pl\u00e1n (jednooborov\u00e9 studijn\u00ed programy) Speci\u00e1ln\u00ed pedagogika Speci\u00e1ln\u00ed pedagogika\/Logopedie sdru\u017een\u00e9 studium (dvouoborov\u00e9 studijn\u00ed programy) \u010cesk\u00fd jazyk se zam\u011b\u0159en\u00edm na vzd\u011bl\u00e1v\u00e1n\u00ed se sdru\u017een\u00fdm studiem Speci\u00e1ln\u00ed pedagogika&#8230; <\/p>\n","protected":false},"author":126,"featured_media":1069,"parent":0,"menu_order":0,"comment_status":"closed","ping_status":"closed","template":"","meta":{"footnotes":""},"class_list":["post-120","page","type-page","status-publish","has-post-thumbnail","hentry"],"_links":{"self":[{"href":"https:\/\/pages.pedf.cuni.cz\/ksppg\/wp-json\/wp\/v2\/pages\/120","targetHints":{"allow":["GET"]}}],"collection":[{"href":"https:\/\/pages.pedf.cuni.cz\/ksppg\/wp-json\/wp\/v2\/pages"}],"about":[{"href":"https:\/\/pages.pedf.cuni.cz\/ksppg\/wp-json\/wp\/v2\/types\/page"}],"author":[{"embeddable":true,"href":"https:\/\/pages.pedf.cuni.cz\/ksppg\/wp-json\/wp\/v2\/users\/126"}],"replies":[{"embeddable":true,"href":"https:\/\/pages.pedf.cuni.cz\/ksppg\/wp-json\/wp\/v2\/comments?post=120"}],"version-history":[{"count":23,"href":"https:\/\/pages.pedf.cuni.cz\/ksppg\/wp-json\/wp\/v2\/pages\/120\/revisions"}],"predecessor-version":[{"id":3822,"href":"https:\/\/pages.pedf.cuni.cz\/ksppg\/wp-json\/wp\/v2\/pages\/120\/revisions\/3822"}],"wp:featuredmedia":[{"embeddable":true,"href":"https:\/\/pages.pedf.cuni.cz\/ksppg\/wp-json\/wp\/v2\/media\/1069"}],"wp:attachment":[{"href":"https:\/\/pages.pedf.cuni.cz\/ksppg\/wp-json\/wp\/v2\/media?parent=120"}],"curies":[{"name":"wp","href":"https:\/\/api.w.org\/{rel}","templated":true}]}}