{"id":122,"date":"2015-03-18T10:46:17","date_gmt":"2015-03-18T10:46:17","guid":{"rendered":"http:\/\/pages.pedf.cuni.cz\/ksppg\/?page_id=122"},"modified":"2025-01-24T12:16:51","modified_gmt":"2025-01-24T11:16:51","slug":"navazujici-magisterske-studium-2","status":"publish","type":"page","link":"https:\/\/pages.pedf.cuni.cz\/ksppg\/navazujici-magisterske-studium-2","title":{"rendered":"Navazuj\u00edc\u00ed magistersk\u00e9 studium"},"content":{"rendered":"<p><span style=\"color: #003300\"><strong>Navazuj\u00edc\u00ed magistersk\u00e9 studium<\/strong> \u2013 studijn\u00ed programy<\/span><\/p>\n<p><em>pln\u00fd pl\u00e1n (jednooborov\u00e9 studijn\u00ed programy)<\/em><\/p>\n<ul>\n<li><strong>Speci\u00e1ln\u00ed pedagogika<\/strong><\/li>\n<li><strong>Logopedie<\/strong><\/li>\n<\/ul>\n<p><em>sdru\u017een\u00e9 studium (dvouoborov\u00e9 studijn\u00ed programy)<br \/>\n<\/em><\/p>\n<ul>\n<li><strong>U\u010ditelstv\u00ed \u010desk\u00e9ho jazyka pro 2. stupe\u0148 z\u00e1kladn\u00ed \u0161koly a st\u0159edn\u00ed \u0161koly se sdru\u017een\u00fdm studiem Speci\u00e1ln\u00ed pedagogika pro u\u010ditele 2. stupn\u011b z\u00e1kladn\u00edch \u0161kol a st\u0159edn\u00ed \u0161koly<\/strong><\/li>\n<li><strong>U\u010ditelstv\u00ed v\u00fdchovy ke zdrav\u00ed pro 2. stupe\u0148 z\u00e1kladn\u00ed \u0161koly a st\u0159edn\u00ed \u0161koly se sdru\u017een\u00fdm studiem Speci\u00e1ln\u00ed pedagogika pro u\u010ditele 2. stupn\u011b z\u00e1kladn\u00edch \u0161kol a st\u0159edn\u00ed \u0161koly<\/strong><\/li>\n<\/ul>\n<p style=\"text-align: justify\"><strong><span style=\"color: #800000\">Podrobn\u011bj\u0161\u00ed informace &#8211; pln\u00fd pl\u00e1n<em> (jednooborov\u00e9 studijn\u00ed programy)<\/em><\/span><\/strong><br \/>\n<strong>Studijn\u00ed program: <span style=\"color: #003300\">Speci\u00e1ln\u00ed pedagogika<\/span><\/strong><br \/>\n<strong>Forma:<\/strong> prezen\u010dn\u00ed, kombinovan\u00e1<br \/>\n<strong>Charakteristika programu\/oboru<\/strong><br \/>\nStudium navazuje na bakal\u00e1\u0159sk\u00fd studijn\u00ed program Speci\u00e1ln\u00ed pedagogika.<br \/>\nProgram je zam\u011b\u0159en na speci\u00e1ln\u00ed pedagogiku v jednotliv\u00fdch obdob\u00edch \u017eivota \u010dlov\u011bka se zdravotn\u00edm posti\u017een\u00edm nebo soci\u00e1ln\u00edm znev\u00fdhodn\u011bn\u00edm. \u00a0C\u00edlem studijn\u00edho programu je p\u0159ipravit odborn\u00edky \u2013 speci\u00e1ln\u00ed pedagogy s \u0161irok\u00fdm spole\u010denskov\u011bdn\u00edm rozhledem zam\u011b\u0159en\u00fdm na pedagogicko &#8211; psychologick\u00e9 discipl\u00edny, konkr\u00e9tn\u011b pro speci\u00e1ln\u011b pedagogickou \u010dinnost ve \u0161kol\u00e1ch z\u0159\u00edzen\u00fdch podle \u00a748 \u0161kolsk\u00e9ho z\u00e1kona (\u010d. 561\/2004 Sb.) a pro poradensk\u00e1 za\u0159\u00edzen\u00ed na pozici speci\u00e1ln\u00edho pedagoga \u2013 magistra. Studijn\u00ed program je odborn\u011b zam\u011b\u0159en na vzd\u011bl\u00e1v\u00e1n\u00ed odborn\u00edk\u016f (speci\u00e1ln\u00edch pedagog\u016f) p\u0159ipraven\u00fdch k\u00a0aplikaci diagnostick\u00fdch a vzd\u011bl\u00e1vac\u00edch metod ve \u0161kol\u00e1ch a z\u0159izovan\u00fdch dle \u00a748 \u0160Z. Sou\u010dasn\u011b \u00a0k aktiviza\u010dn\u00edm \u010dinnostem zam\u011b\u0159en\u00fdch na osoby se znev\u00fdhodn\u011bn\u00edm s d\u016frazem na prevenci sekund\u00e1rn\u00edch d\u016fsledk\u016f. S ohledem na metodick\u00fd pokyn M\u0160MT \u201eR\u00e1mcov\u00e9 po\u017eadavky na studijn\u00ed programy\u201c mus\u00ed b\u00fdt uchaze\u010d absolventem bakal\u00e1\u0159sk\u00e9ho studia Speci\u00e1ln\u00ed pedagogiky, jeho\u017e absolvov\u00e1n\u00edm se z\u00edsk\u00e1v\u00e1 odborn\u00e1 kvalifikace k v\u00fdkonu regulovan\u00fdch povol\u00e1n\u00ed pedagogick\u00fdch pracovn\u00edk\u016f.<br \/>\nStudijn\u00ed program respektuje vyv\u00e1\u017eenost oborov\u00e9, pedagogick\u00e9 a pedagogicko-psychologick\u00e9 slo\u017eky p\u0159\u00edpravy dle standard\u016f p\u0159\u00edpravy speci\u00e1ln\u00edho pedagoga, jak je definuje M\u0160MT. Pedagogicko-psychologick\u00e1 p\u0159\u00edprava zahrnuje p\u0159edm\u011bty pedagogiky, psychologie a speci\u00e1ln\u00ed pedagogiky, v\u010detn\u011b pedagogicko-psychologick\u00e9 praxe. Sou\u010d\u00e1st\u00ed\u00a0 je zpracov\u00e1n\u00ed diplomov\u00e9 pr\u00e1ce.<\/p>\n<p style=\"text-align: justify\"><strong>Uplatn\u011bn\u00ed absolvent\u016f<\/strong><br \/>\nAbsolvent navazuj\u00edc\u00edho magistersk\u00e9ho programu zvl\u00e1d\u00e1 v oblasti specializovan\u00e9 odbornosti z\u00e1kladn\u00ed teorii i praxi, b\u011b\u017en\u00e9 i alternativn\u00ed zp\u016fsoby v\u00fdchovy a vzd\u011bl\u00e1v\u00e1n\u00ed jedinc\u016f se zdravotn\u00edm i soci\u00e1ln\u00edm znev\u00fdhodn\u011bn\u00edm. M\u00e1 poznatky ze speci\u00e1ln\u011b pedagogick\u00e9 diagnostiky a komplexn\u00ed rehabilitace. S diagnostickou \u010dinnost\u00ed souvis\u00ed p\u0159ipravenost absolventa na v\u010dasnou intervenci, pou\u017eit\u00ed konkr\u00e9tn\u00edch metod a technik, kter\u00e9 pomohou posti\u017een\u00e9mu jedinci odstra\u0148ovat \u010di zm\u00edr\u0148ovat jeho specifick\u00e9 probl\u00e9my. Absolventi uplatn\u00ed svou kvalifikaci ve \u0161kol\u00e1ch z\u0159izovan\u00fdch dle \u00a748 \u0160kolsk\u00e9ho z\u00e1kona, ve \u0161koln\u00edch poradensk\u00fdch pracovi\u0161t\u00edch a \u0161kolsk\u00fdch poradensk\u00fdch za\u0159\u00edzen\u00edch, v za\u0159\u00edzen\u00edch pro osoby se zdravotn\u00edm posti\u017een\u00edm, v domovech pro seniory, v za\u0159\u00edzen\u00edch institucion\u00e1ln\u00ed p\u00e9\u010de o d\u011bti, v nevl\u00e1dn\u00edch organizac\u00edch, v nadac\u00edch a na \u00fa\u0159adech pr\u00e1ce apod. Sou\u010dasn\u011b m\u016f\u017ee absolvent v p\u0159\u00edpad\u011b z\u00e1jmu pokra\u010dovat v dal\u0161\u00edm vzd\u011bl\u00e1v\u00e1n\u00ed v r\u00e1mci doktorsk\u00e9ho studia.<\/p>\n<p style=\"text-align: justify\"><strong>P\u0159ij\u00edmac\u00ed \u0159\u00edzen\u00ed<\/strong><br \/>\nP\u00edsemn\u00fd test ze speci\u00e1ln\u00ed pedagogiky v rozsahu v\u011bdomost\u00ed bakal\u00e1\u0159sk\u00e9ho studijn\u00edho programu Speci\u00e1ln\u00ed pedagogika, oboru Speci\u00e1ln\u00ed pedagogika na PedF UK. Maxim\u00e1ln\u00ed po\u010det bod\u016f z testu 30. D\u00e9lka testu 15 &#8211; 20 minut, p\u0159esn\u00fd \u010dasov\u00fd limit bude ozn\u00e1men p\u0159ed zah\u00e1jen\u00edm kon\u00e1n\u00ed testu.<br \/>\n<strong>Dal\u0161\u00ed informace najdete <a href=\"https:\/\/pedf.cuni.cz\/PEDF-1118.html\">zde<\/a><\/strong><\/p>\n<p style=\"text-align: justify\"><strong><span style=\"color: #003300\">Studijn\u00ed progrm: Logopedie<\/span><\/strong><br \/>\n<strong>Forma:<\/strong> prezen\u010dn\u00ed<br \/>\n<strong>Charakteristika programu\/oboru<\/strong><\/p>\n<p style=\"text-align: justify\"><em>P\u0159edpokladem studijn\u00edho programu je adekv\u00e1tn\u00ed (nenaru\u0161en\u00e1) komunika\u010dn\u00ed schopnost.<\/em><br \/>\nC\u00edlem studijn\u00edho programu je p\u0159ipravit odborn\u00edky v oboru logopedie a surdopedie s \u0161irok\u00fdm spole\u010denskov\u011bdn\u00edm rozhledem zam\u011b\u0159en\u00fdm na pedagogicko-psychologick\u00e9 discipl\u00edny, konkr\u00e9tn\u011b odborn\u011b erudovan\u00fdch pro logopedickou a surdopedickou \u010dinnost ve \u0161kol\u00e1ch z\u0159\u00edzen\u00fdch podle \u00a748 \u0160Z a pro poradensk\u00e1 za\u0159\u00edzen\u00ed na pozici logopeda \u2013 magistra. Studijn\u00ed program je odborn\u011b zam\u011b\u0159en na logopedickou a surdopedickou intervenci poskytovanou osob\u00e1m s naru\u0161enou komunika\u010dn\u00ed schopnost\u00ed a se sluchov\u00fdm posti\u017een\u00edm v rovin\u011b diagnostiky, poradenstv\u00ed, terapie a prevence. Studium p\u0159in\u00e1\u0161\u00ed poznatky pro obdob\u00ed ran\u00e9ho, p\u0159ed\u0161koln\u00edho, \u0161koln\u00edho a dosp\u011bl\u00e9ho v\u011bku v oblasti vzd\u011bl\u00e1vac\u00ed, zdravotn\u00ed, pracovn\u00ed i soci\u00e1ln\u00ed sf\u00e9ry. Sou\u010d\u00e1st\u00ed studia je i sezn\u00e1men\u00ed s komunika\u010dn\u00edmi syst\u00e9my u\u017e\u00edvan\u00fdmi osobami se sluchov\u00fdm posti\u017een\u00edm.<\/p>\n<p style=\"text-align: justify\"><strong>Uplatn\u011bn\u00ed absolvent\u016f<\/strong><br \/>\nAbsolvent magistersk\u00e9ho studijn\u00edho programu Logopedie po \u00fasp\u011b\u0161n\u00e9m ukon\u010den\u00ed studia disponuje v\u0161eobecn\u00fdmi, odborn\u00fdmi dovednostmi. Uplatn\u011bn\u00ed absolvent\u016f se p\u0159edpokl\u00e1d\u00e1 v pracovn\u00edch poradensk\u00fdch pozic\u00edch, ve kter\u00fdch budou v osobn\u00edm kontaktu s d\u011btmi, \u017e\u00e1ky, studenty, dosp\u011bl\u00fdmi osobami a osobami ve st\u00e1\u0159\u00ed s naru\u0161enou komunika\u010dn\u00ed schopnost\u00ed a sluchov\u00fdm posti\u017een\u00edm. Budou prov\u00e1d\u011bt speci\u00e1ln\u011bpedagogickou diagnostiku, navrhovat a konstruovat individu\u00e1ln\u00ed pl\u00e1ny. V\u00e9st intervence a speci\u00e1ln\u011bpedagogick\u00e9 poradenstv\u00ed, jednat a kooperovat s odborn\u00edky na mezioborov\u00e9 \u00farovni. Budou p\u0159ipraveni na komunikaci a spolupr\u00e1ci s rodi\u010di d\u011bt\u00ed a \u017e\u00e1k\u016f a pedagogy speci\u00e1ln\u00edch i b\u011b\u017en\u00fdch \u0161kol.<br \/>\nKvalifika\u010dn\u00ed p\u0159ipravenost a m\u00edru profesn\u00ed adaptability na podm\u00ednky a po\u017eadavky praxe: Z\u00edsk\u00e1n\u00ed kompetenc\u00ed k edukaci d\u011bt\u00ed\/\u017e\u00e1k\u016f se speci\u00e1ln\u00edmi vzd\u011bl\u00e1vac\u00edmi pot\u0159ebami v souladu se z\u00e1konem \u010d. 379\/2015 Sb., kter\u00fd je novelou z\u00e1kona \u010d. 563\/2004 Sb., o pedagogick\u00fdch pracovn\u00edc\u00edch. Z\u00edsk\u00e1n\u00ed kompetenc\u00ed ke speci\u00e1ln\u011bpedagogick\u00e9 \u010dinnosti v za\u0159\u00edzen\u00edch, kter\u00e9 prov\u00e1d\u011bj\u00ed pedagogicko-psychologick\u00e9 poradensk\u00e9 slu\u017eby pro d\u011bti a \u017e\u00e1ky se speci\u00e1ln\u00edmi vzd\u011bl\u00e1vac\u00edmi pot\u0159ebami v souladu se z\u00e1konem \u010d. 379\/2015 Sb., novela \u0161kolsk\u00e9ho z\u00e1kona \u010d. 563\/2004 Sb. o pedagogick\u00fdch pracovn\u00edc\u00edch. Z\u00edsk\u00e1n\u00ed kompetenc\u00ed ve zdravotnictv\u00ed v souladu se z\u00e1konem \u010d. 96\/2004 Sb., o nel\u00e9ka\u0159sk\u00fdch zdravotnick\u00fdch profes\u00edch a aktualizovanou vyhl\u00e1\u0161kou \u010d. 55\/2011 Sb., o \u010dinnostech zdravotnick\u00fdch pracovn\u00edk\u016f ve zn\u011bn\u00ed pozd\u011bj\u0161\u00edch p\u0159edpis\u016f.<\/p>\n<p style=\"text-align: justify\"><strong>P\u0159ij\u00edmac\u00ed \u0159\u00edzen\u00ed<\/strong><br \/>\nP\u00edsemn\u00fd test z logopedie a surdopedie v rozsahu v\u011bdomost\u00ed bakal\u00e1\u0159sk\u00e9ho studijn\u00edho programu Speci\u00e1ln\u00ed pedagogiky. Maxim\u00e1ln\u00ed po\u010det bod\u016f z testu 30.<br \/>\n<strong>Dal\u0161\u00ed informace najdete <a href=\"https:\/\/is.cuni.cz\/studium\/prijimacky\/index.php?do=detail_obor&amp;id_obor=24421\">zde<\/a><\/strong><\/p>\n<p><strong><span style=\"color: #800000\">Podrobn\u011bj\u0161\u00ed informace &#8211; sdru\u017een\u00e9 studium<em> (dvouoborov\u00e9 studijn\u00ed programy)<\/em><\/span><\/strong><br \/>\n<span style=\"color: #003300\"><strong>U\u010ditelstv\u00ed \u010desk\u00e9ho jazyka pro 2. stupe\u0148 z\u00e1kladn\u00ed \u0161koly a st\u0159edn\u00ed \u0161koly se sdru\u017een\u00fdm studiem Speci\u00e1ln\u00ed pedagogika pro u\u010ditele 2. stupn\u011b z\u00e1kladn\u00edch \u0161kol a st\u0159edn\u00ed \u0161koly<\/strong><\/span><br \/>\n<strong>Podrobn\u00e9 informace najdete <a href=\"https:\/\/is.cuni.cz\/studium\/prijimacky\/index.php?do=detail_obor&amp;id_obor=24377\">zde<\/a><\/strong> (prezen\u010dn\u00ed studium)<br \/>\n<strong>Podrobn\u00e9 informace najdete <a href=\"https:\/\/is.cuni.cz\/studium\/prijimacky\/index.php?do=detail_obor&amp;id_obor=24387\">zde<\/a><\/strong> (kombinovan\u00e9 studium)<\/p>\n<p><span style=\"color: #003300\"><strong>U\u010ditelstv\u00ed v\u00fdchovy ke zdrav\u00ed pro 2. stupe\u0148 z\u00e1kladn\u00ed \u0161koly a st\u0159edn\u00ed \u0161koly se sdru\u017een\u00fdm studiem Speci\u00e1ln\u00ed pedagogika pro u\u010ditele 2. stupn\u011b z\u00e1kladn\u00edch \u0161kol a st\u0159edn\u00ed \u0161koly &#8211; dvouoborov\u00e9 studium<\/strong><\/span><br \/>\n<strong><span style=\"color: #003300\">Podrobn\u00e9 informace najdete <a href=\"https:\/\/is.cuni.cz\/studium\/prijimacky\/index.php?do=detail_obor&amp;id_obor=25070\">zde<\/a><\/span><\/strong> (kombinovan\u00e9 studium)<\/p>\n","protected":false},"excerpt":{"rendered":"<p>Navazuj\u00edc\u00ed magistersk\u00e9 studium \u2013 studijn\u00ed programy pln\u00fd pl\u00e1n (jednooborov\u00e9 studijn\u00ed programy) Speci\u00e1ln\u00ed pedagogika Logopedie sdru\u017een\u00e9 studium (dvouoborov\u00e9 studijn\u00ed programy) U\u010ditelstv\u00ed \u010desk\u00e9ho jazyka pro 2. stupe\u0148 z\u00e1kladn\u00ed \u0161koly a st\u0159edn\u00ed \u0161koly&#8230; <\/p>\n","protected":false},"author":126,"featured_media":1074,"parent":0,"menu_order":0,"comment_status":"closed","ping_status":"closed","template":"","meta":{"footnotes":""},"class_list":["post-122","page","type-page","status-publish","has-post-thumbnail","hentry"],"_links":{"self":[{"href":"https:\/\/pages.pedf.cuni.cz\/ksppg\/wp-json\/wp\/v2\/pages\/122","targetHints":{"allow":["GET"]}}],"collection":[{"href":"https:\/\/pages.pedf.cuni.cz\/ksppg\/wp-json\/wp\/v2\/pages"}],"about":[{"href":"https:\/\/pages.pedf.cuni.cz\/ksppg\/wp-json\/wp\/v2\/types\/page"}],"author":[{"embeddable":true,"href":"https:\/\/pages.pedf.cuni.cz\/ksppg\/wp-json\/wp\/v2\/users\/126"}],"replies":[{"embeddable":true,"href":"https:\/\/pages.pedf.cuni.cz\/ksppg\/wp-json\/wp\/v2\/comments?post=122"}],"version-history":[{"count":11,"href":"https:\/\/pages.pedf.cuni.cz\/ksppg\/wp-json\/wp\/v2\/pages\/122\/revisions"}],"predecessor-version":[{"id":3823,"href":"https:\/\/pages.pedf.cuni.cz\/ksppg\/wp-json\/wp\/v2\/pages\/122\/revisions\/3823"}],"wp:featuredmedia":[{"embeddable":true,"href":"https:\/\/pages.pedf.cuni.cz\/ksppg\/wp-json\/wp\/v2\/media\/1074"}],"wp:attachment":[{"href":"https:\/\/pages.pedf.cuni.cz\/ksppg\/wp-json\/wp\/v2\/media?parent=122"}],"curies":[{"name":"wp","href":"https:\/\/api.w.org\/{rel}","templated":true}]}}