{"id":162,"date":"2015-03-18T12:15:02","date_gmt":"2015-03-18T12:15:02","guid":{"rendered":"http:\/\/pages.pedf.cuni.cz\/ksppg\/?page_id=162"},"modified":"2021-05-27T12:39:48","modified_gmt":"2021-05-27T10:39:48","slug":"szz-bakalarske","status":"publish","type":"page","link":"https:\/\/pages.pedf.cuni.cz\/ksppg\/szz-bakalarske","title":{"rendered":"SZZ &#8211; bakal\u00e1\u0159sk\u00e9"},"content":{"rendered":"<h3><span style=\"color: #333300\"><strong>Studijn\u00ed program B7506: Speci\u00e1ln\u00ed pedagogika<\/strong><br \/>\n<strong>Studijn\u00ed obor 7506R002: Speci\u00e1ln\u00ed pedagogika<\/strong><\/span><\/h3>\n<p style=\"text-align: justify\"><span style=\"color: #333333\"><em><strong>Upozorn\u011bn\u00ed<\/strong> pro studenty bakal\u00e1\u0159sk\u00e9ho studijn\u00edho programu B 7506 Speci\u00e1ln\u00ed pedagogika:<br \/>\nPro variantu A SZZ se m\u011bn\u00ed n\u00e1zev \u010d\u00e1st\u00ed Speci\u00e1ln\u00ed pedagogika znev\u00fdhodn\u011bn\u00e9ho \u010dlov\u011bka s \u0159e\u010dov\u00fdm posti\u017een\u00edm na \u010d\u00e1st SZZ Logopedie a Speci\u00e1ln\u00ed pedagogika znev\u00fdhodn\u011bn\u00e9ho \u010dlov\u011bka se sluchov\u00fdm posti\u017een\u00edm na \u010d\u00e1st SZZ Surdopedie. Obsah a zn\u011bn\u00ed ot\u00e1zek z\u016fst\u00e1v\u00e1 beze zm\u011bny. Tato zm\u011bna je v platnosti od roku 2021.<br \/>\n<\/em><\/span><\/p>\n<p><span style=\"color: #333333\"><strong>1. \u010d\u00e1st <\/strong>&#8211;\u00a0 Speci\u00e1ln\u00ed pedagogika (OSZB041)<\/span><br \/>\n<span style=\"color: #333333\"><strong>2.<\/strong><strong> \u010d\u00e1st<\/strong> &#8211; dle zvolen\u00e9 varianty A-E<\/span><br \/>\n<span style=\"color: #333333\"><strong>3. \u010d\u00e1st<\/strong>\u00a0 &#8211; dle zvolen\u00e9 varianty A-E<\/span><\/p>\n<p><span style=\"color: #333333\"><em><strong>Varianty:<\/strong><\/em><\/span><br \/>\n<span style=\"text-decoration: underline;color: #333333\">Varianta A:<\/span><br \/>\n<span style=\"color: #333333\">2. \u010d\u00e1st: Surdopedie (OSZB070)<\/span><br \/>\n<span style=\"color: #333333\">3. \u010d\u00e1st: Logopedie (OSZB071)<br \/>\n<\/span><\/p>\n<p><span style=\"text-decoration: underline;color: #333333\">Varianta B:<\/span><br \/>\n<span style=\"color: #333333\">2. \u010d\u00e1st: Speci\u00e1ln\u00ed pedagogika znev\u00fdhodn\u011bn\u00e9ho \u010dlov\u011bka s ment\u00e1ln\u00edm posti\u017een\u00edm (OSZB036)<\/span><br \/>\n<span style=\"color: #333333\">3. \u010d\u00e1st: Speci\u00e1ln\u00ed pedagogika znev\u00fdhodn\u011bn\u00e9ho \u010dlov\u011bka s kombinovan\u00fdm posti\u017een\u00edm (OSZB040)<br \/>\n<\/span><\/p>\n<p><span style=\"text-decoration: underline;color: #333333\">Varianta C:<\/span><br \/>\n<span style=\"color: #333333\">2. \u010d\u00e1st: Speci\u00e1ln\u00ed pedagogika znev\u00fdhodn\u011bn\u00e9ho \u010dlov\u011bka s t\u011blesn\u00fdm posti\u017een\u00edm (OSZB037)<\/span><br \/>\n<span style=\"color: #333333\">3. \u010d\u00e1st: Speci\u00e1ln\u00ed pedagogika znev\u00fdhodn\u011bn\u00e9ho \u010dlov\u011bka s kombinovan\u00fdm posti\u017een\u00edm (OSZB040)<br \/>\n<\/span><\/p>\n<p><span style=\"text-decoration: underline;color: #333333\">Varianta D:<\/span><br \/>\n<span style=\"color: #333333\">2. \u010d\u00e1st: Speci\u00e1ln\u00ed pedagogika znev\u00fdhodn\u011bn\u00e9ho \u010dlov\u011bka se zrakov\u00fdm posti\u017een\u00edm (OSZB038)<\/span><br \/>\n<span style=\"color: #333333\">3. \u010d\u00e1st: Speci\u00e1ln\u00ed pedagogika znev\u00fdhodn\u011bn\u00e9ho \u010dlov\u011bka s kombinovan\u00fdm posti\u017een\u00edm (OSZB040)<br \/>\n<\/span><\/p>\n<p><span style=\"text-decoration: underline;color: #333333\">Varianta E:<\/span><br \/>\n<span style=\"color: #333333\">2. \u010d\u00e1st: Speci\u00e1ln\u00ed pedagogika znev\u00fdhodn\u011bn\u00e9ho \u010dlov\u011bka s poruchami chov\u00e1n\u00ed (OSZB039)<\/span><br \/>\n<span style=\"color: #333333\">3. \u010d\u00e1st: Speci\u00e1ln\u00ed pedagogika znev\u00fdhodn\u011bn\u00e9ho \u010dlov\u011bka s ment\u00e1ln\u00edm posti\u017een\u00edm (OSZB036)<\/span><\/p>\n<p><span style=\"color: #333333\"><strong> 4. \u010d\u00e1st: <\/strong> &#8211; obhajoba bakal\u00e1\u0159sk\u00e9 pr\u00e1ce<\/span><\/p>\n<h3><span style=\"color: #333300\"><strong>Studijn\u00ed program B7507: Specializace v pedagogice<\/strong><br \/>\n<span style=\"color: #333300\"><strong>Studijn\u00ed obor 7506R028: Speci\u00e1ln\u00ed pedagogika se zam\u011b\u0159en\u00edm na vzd\u011bl\u00e1v\u00e1n\u00ed<\/strong><br \/>\n<\/span><\/span><\/h3>\n<p><span style=\"color: #333333\"><strong>1. \u010d\u00e1st:<\/strong>\u00a0Speci\u00e1ln\u00ed pedagogika<br \/>\n<strong>2. <\/strong><strong>\u010d\u00e1st:<\/strong> \u2013 <b>student si vol\u00ed pouze <strong>jednu \u010d\u00e1st<\/strong><\/b><strong> z\u00a0nab\u00eddky:<\/strong><br \/>\nSpeci\u00e1ln\u00ed pedagogika znev\u00fdhodn\u011bn\u00e9ho \u010dlov\u011bka se sluchov\u00fdm posti\u017een\u00edm (OSZB034)<br \/>\nSpeci\u00e1ln\u00ed pedagogika znev\u00fdhodn\u011bn\u00e9ho \u010dlov\u011bka s \u0159e\u010dov\u00fdm posti\u017een\u00edm (OSZB035)<br \/>\nSpeci\u00e1ln\u00ed pedagogika znev\u00fdhodn\u011bn\u00e9ho \u010dlov\u011bka s ment\u00e1ln\u00edm posti\u017een\u00edm (OSZB036)<br \/>\nSpeci\u00e1ln\u00ed pedagogika znev\u00fdhodn\u011bn\u00e9ho \u010dlov\u011bka s t\u011blesn\u00fdm posti\u017een\u00edm (OSZB037)<br \/>\nSpeci\u00e1ln\u00ed pedagogika znev\u00fdhodn\u011bn\u00e9ho \u010dlov\u011bka se zrakov\u00fdm posti\u017een\u00edm (OSZB038)<br \/>\nSpeci\u00e1ln\u00ed pedagogika znev\u00fdhodn\u011bn\u00e9ho \u010dlov\u011bka s poruchami chov\u00e1n\u00ed (OSZB039)<br \/>\n<\/span><\/p>\n<h3><span style=\"color: #333300\"><strong>Studijn\u00ed program B7701: Psychologie<\/strong><\/span><br \/>\n<span style=\"color: #333300\">obor: Psychologie a speci\u00e1ln\u00ed pedagogika<\/span><\/h3>\n<p><span style=\"color: #333333\"><b>1. \u010d\u00e1st: &#8211; <\/b>Speci\u00e1ln\u00ed pedagogika (OSZB041)<\/span><br \/>\n<span style=\"color: #333333\"><b>2. \u010d\u00e1st: \u2013 student si vol\u00ed pouze <\/b><strong><b>jednu \u010d\u00e1st<\/b> z\u00a0nab\u00eddky:<\/strong><\/span><br \/>\n<span style=\"color: #333333\">Speci\u00e1ln\u00ed pedagogika znev\u00fdhodn\u011bn\u00e9ho \u010dlov\u011bka se sluchov\u00fdm posti\u017een\u00edm (OSZB034) <\/span><br \/>\n<span style=\"color: #333333\">Speci\u00e1ln\u00ed pedagogika znev\u00fdhodn\u011bn\u00e9ho \u010dlov\u011bka s \u0159e\u010dov\u00fdm posti\u017een\u00edm (OSZB035)<\/span><br \/>\n<span style=\"color: #333333\">Speci\u00e1ln\u00ed pedagogika znev\u00fdhodn\u011bn\u00e9ho \u010dlov\u011bka s ment\u00e1ln\u00edm posti\u017een\u00edm (OSZB036)<\/span><br \/>\n<span style=\"color: #333333\">Speci\u00e1ln\u00ed pedagogika znev\u00fdhodn\u011bn\u00e9ho \u010dlov\u011bka s t\u011blesn\u00fdm posti\u017een\u00edm (OSZB037)<\/span><br \/>\n<span style=\"color: #333333\">Speci\u00e1ln\u00ed pedagogika znev\u00fdhodn\u011bn\u00e9ho \u010dlov\u011bka se zrakov\u00fdm posti\u017een\u00edm (OSZB038)<\/span><br \/>\n<span style=\"color: #333333\">Speci\u00e1ln\u00ed pedagogika znev\u00fdhodn\u011bn\u00e9ho \u010dlov\u011bka s poruchami chov\u00e1n\u00ed (OSZB039)<\/span><br \/>\n<span style=\"color: #333333\">Speci\u00e1ln\u00ed pedagogika znev\u00fdhodn\u011bn\u00e9ho \u010dlov\u011bka s kombinovan\u00fdm posti\u017een\u00edm (OSZB040)<br \/>\n<\/span><\/p>\n<p><span style=\"color: #800000\"><strong>Okruhy ke sta\u017een\u00ed:<\/strong><\/span><br \/>\n<a href=\"https:\/\/pages.pedf.cuni.cz\/ksppg\/files\/2021\/03\/Bc_Specialni-pedagogika.pdf\">Speci\u00e1ln\u00ed pedagogika<\/a><br \/>\n<a href=\"https:\/\/pages.pedf.cuni.cz\/ksppg\/files\/2021\/03\/Bc_Specialni-pedagogika-znevyhodneneho-cloveka-s-mentalnim-postizenim.pdf\">Speci\u00e1ln\u00ed pedagogika znev\u00fdhodn\u011bn\u00e9ho \u010dlov\u011bka s ment\u00e1ln\u00edm posti\u017een\u00edm<\/a><br \/>\n<a href=\"https:\/\/pages.pedf.cuni.cz\/ksppg\/files\/2021\/03\/Bc_Specialni-pedagogika-znevyhodneneho-cloveka-s-telesnym-postizenim.pdf\">Speci\u00e1ln\u00ed pedagogika znev\u00fdhodn\u011bn\u00e9ho \u010dlov\u011bka s t\u011blesn\u00fdm posti\u017een\u00edm<\/a><br \/>\n<a href=\"https:\/\/pages.pedf.cuni.cz\/ksppg\/files\/2021\/03\/Bc_Sppg-znevyhodneneho-cloveka-se-zrakovym-postizenym.pdf\">Speci\u00e1ln\u00ed pedagogika znev\u00fdhodn\u011bn\u00e9ho \u010dlov\u011bka se zrakov\u00fdm posti\u017een\u00edm<\/a><br \/>\n<a href=\"https:\/\/pages.pedf.cuni.cz\/ksppg\/files\/2021\/03\/Bc_Specialni-pedagogika-znevyhodneneho-cloveka-s-poruchami-chovani.pdf\">Speci\u00e1ln\u00ed pedagogika znev\u00fdhodn\u011bn\u00e9ho \u010dlov\u011bka s poruchami chov\u00e1n\u00ed<\/a><br \/>\n<a href=\"https:\/\/pages.pedf.cuni.cz\/ksppg\/files\/2021\/03\/Bc_Specialni-pedagogika-znevyhodneneho-cloveka-s-kombinovanym-postizenim.pdf\">Speci\u00e1ln\u00ed pedagogika znev\u00fdhodn\u011bn\u00e9ho \u010dlov\u011bka s kombinovan\u00fdm posti\u017een\u00edm<\/a><br \/>\n<a href=\"https:\/\/pages.pedf.cuni.cz\/ksppg\/files\/2021\/03\/Bc_Specialni-pedagogika-znevyhodneneho-cloveka-se-sluchovym-postizenim.pdf\">Speci\u00e1ln\u00ed pedagogika znev\u00fdhodn\u011bn\u00e9ho \u010dlov\u011bka se sluchov\u00fdm posti\u017een\u00edm<\/a><br \/>\n<a href=\"https:\/\/pages.pedf.cuni.cz\/ksppg\/files\/2021\/03\/Bc_Specialni-pedagogika-znevyhodneneho-cloveka-s-recovym-postizenim.pdf\">Speci\u00e1ln\u00ed pedagogika znev\u00fdhodn\u011bn\u00e9ho \u010dlov\u011bka s \u0159e\u010dov\u00fdm posti\u017een\u00edm<\/a><br \/>\n<a href=\"https:\/\/pages.pedf.cuni.cz\/ksppg\/files\/2021\/05\/Bc_Logopedie_.pdf\">Logopedie<\/a><br \/>\n<a href=\"https:\/\/pages.pedf.cuni.cz\/ksppg\/files\/2021\/03\/Bc_Surdopedie.pdf\">Surdopedie<\/a><\/p>\n","protected":false},"excerpt":{"rendered":"<p>Studijn\u00ed program B7506: Speci\u00e1ln\u00ed pedagogika Studijn\u00ed obor 7506R002: Speci\u00e1ln\u00ed pedagogika Upozorn\u011bn\u00ed pro studenty bakal\u00e1\u0159sk\u00e9ho studijn\u00edho programu B 7506 Speci\u00e1ln\u00ed pedagogika: Pro variantu A SZZ se m\u011bn\u00ed n\u00e1zev \u010d\u00e1st\u00ed Speci\u00e1ln\u00ed pedagogika&#8230; <\/p>\n","protected":false},"author":126,"featured_media":0,"parent":0,"menu_order":0,"comment_status":"closed","ping_status":"closed","template":"","meta":{"footnotes":""},"class_list":["post-162","page","type-page","status-publish","hentry"],"_links":{"self":[{"href":"https:\/\/pages.pedf.cuni.cz\/ksppg\/wp-json\/wp\/v2\/pages\/162","targetHints":{"allow":["GET"]}}],"collection":[{"href":"https:\/\/pages.pedf.cuni.cz\/ksppg\/wp-json\/wp\/v2\/pages"}],"about":[{"href":"https:\/\/pages.pedf.cuni.cz\/ksppg\/wp-json\/wp\/v2\/types\/page"}],"author":[{"embeddable":true,"href":"https:\/\/pages.pedf.cuni.cz\/ksppg\/wp-json\/wp\/v2\/users\/126"}],"replies":[{"embeddable":true,"href":"https:\/\/pages.pedf.cuni.cz\/ksppg\/wp-json\/wp\/v2\/comments?post=162"}],"version-history":[{"count":44,"href":"https:\/\/pages.pedf.cuni.cz\/ksppg\/wp-json\/wp\/v2\/pages\/162\/revisions"}],"predecessor-version":[{"id":1930,"href":"https:\/\/pages.pedf.cuni.cz\/ksppg\/wp-json\/wp\/v2\/pages\/162\/revisions\/1930"}],"wp:attachment":[{"href":"https:\/\/pages.pedf.cuni.cz\/ksppg\/wp-json\/wp\/v2\/media?parent=162"}],"curies":[{"name":"wp","href":"https:\/\/api.w.org\/{rel}","templated":true}]}}