{"id":1639,"date":"2021-02-25T08:06:00","date_gmt":"2021-02-25T07:06:00","guid":{"rendered":"http:\/\/pages.pedf.cuni.cz\/ksppg\/?page_id=1639"},"modified":"2026-03-09T19:20:38","modified_gmt":"2026-03-09T18:20:38","slug":"aktuality_2","status":"publish","type":"page","link":"https:\/\/pages.pedf.cuni.cz\/ksppg\/aktuality_2","title":{"rendered":"D\u011btsk\u00e1 paliativn\u00ed p\u00e9\u010de"},"content":{"rendered":"<p class=\"isSelectedEnd\"><strong>Na kated\u0159e speci\u00e1ln\u00ed pedagogiky byla zah\u00e1jena v\u00fduka nov\u00e9ho p\u0159edm\u011btu D\u011btsk\u00e1 paliativn\u00ed p\u00e9\u010de<\/strong><\/p>\n<p class=\"isSelectedEnd\">Katedra speci\u00e1ln\u00ed pedagogiky ve spolupr\u00e1ci s Katedrou psychologie PedF UK v tomto semestru \u00fasp\u011b\u0161n\u011b zah\u00e1jila v\u00fduku nov\u00e9ho p\u0159edm\u011btu <strong>D\u011btsk\u00e1 paliativn\u00ed p\u00e9\u010de<\/strong>, kter\u00fd je ur\u010den student\u016fm navazuj\u00edc\u00edho magistersk\u00e9ho studia obor\u016f <strong>Speci\u00e1ln\u00ed pedagogika<\/strong> a <strong>Psychologie<\/strong>.<\/p>\n<p class=\"isSelectedEnd\">V pr\u016fb\u011bhu semestru \u010dek\u00e1 studenty celkem <strong>11 tematick\u00fdch blok\u016f<\/strong>, kter\u00e9 postupn\u011b p\u0159edstavuj\u00ed r\u016fzn\u00e9 oblasti d\u011btsk\u00e9 paliativn\u00ed p\u00e9\u010de \u2013 od z\u00e1kladn\u00edch princip\u016f p\u00e9\u010de a\u017e po psychosoci\u00e1ln\u00ed podporu rodiny, mezioborovou spolupr\u00e1ci \u010di etick\u00e9 ot\u00e1zky spojen\u00e9 s touto p\u00e9\u010d\u00ed.<\/p>\n<p class=\"isSelectedEnd\">Na v\u00fduce se pod\u00edlej\u00ed <strong>odborn\u00edci z praxe ve spolupr\u00e1ci s akademick\u00fdmi pracovn\u00edky<\/strong>, kte\u0159\u00ed jsou zapojeni do realizace projektu. Studenti tak maj\u00ed mo\u017enost setkat se s aktu\u00e1ln\u00edmi zku\u0161enostmi z klinick\u00e9 i poradensk\u00e9 praxe a diskutovat konkr\u00e9tn\u00ed situace, s nimi\u017e se mohou ve sv\u00e9 budouc\u00ed profesi setkat.<\/p>\n<p>P\u0159edm\u011bt vznikl v r\u00e1mci projektu <strong>\u201eImplementace t\u00e9matu d\u011btsk\u00e9 paliativn\u00ed p\u00e9\u010de do v\u00fduky neu\u010ditelsk\u00fdch obor\u016f na Pedagogick\u00e9 fakult\u011b Univerzity Karlovy\u201c<\/strong>, kter\u00fd je podpo\u0159en <strong>Nadac\u00ed rodiny Vl\u010dkov\u00fdch<\/strong>.<\/p>\n<p><a href=\"https:\/\/pages.pedf.cuni.cz\/ksppg\/files\/2026\/03\/647911282_122282410064159962_1656219313859523874_n.jpg\"><img loading=\"lazy\" decoding=\"async\" class=\"alignnone wp-image-4200 size-large\" src=\"https:\/\/pages.pedf.cuni.cz\/ksppg\/files\/2026\/03\/647911282_122282410064159962_1656219313859523874_n-1024x768.jpg\" alt=\"\" width=\"780\" height=\"585\" srcset=\"https:\/\/pages.pedf.cuni.cz\/ksppg\/files\/2026\/03\/647911282_122282410064159962_1656219313859523874_n-1024x768.jpg 1024w, https:\/\/pages.pedf.cuni.cz\/ksppg\/files\/2026\/03\/647911282_122282410064159962_1656219313859523874_n-300x225.jpg 300w, https:\/\/pages.pedf.cuni.cz\/ksppg\/files\/2026\/03\/647911282_122282410064159962_1656219313859523874_n-768x576.jpg 768w, https:\/\/pages.pedf.cuni.cz\/ksppg\/files\/2026\/03\/647911282_122282410064159962_1656219313859523874_n-1536x1152.jpg 1536w, https:\/\/pages.pedf.cuni.cz\/ksppg\/files\/2026\/03\/647911282_122282410064159962_1656219313859523874_n-240x180.jpg 240w, https:\/\/pages.pedf.cuni.cz\/ksppg\/files\/2026\/03\/647911282_122282410064159962_1656219313859523874_n.jpg 2048w\" sizes=\"auto, (max-width: 780px) 100vw, 780px\" \/><\/a><\/p>\n","protected":false},"excerpt":{"rendered":"<p>Na kated\u0159e speci\u00e1ln\u00ed pedagogiky byla zah\u00e1jena v\u00fduka nov\u00e9ho p\u0159edm\u011btu D\u011btsk\u00e1 paliativn\u00ed p\u00e9\u010de Katedra speci\u00e1ln\u00ed pedagogiky ve spolupr\u00e1ci s Katedrou psychologie PedF UK v tomto semestru \u00fasp\u011b\u0161n\u011b zah\u00e1jila v\u00fduku nov\u00e9ho p\u0159edm\u011btu&#8230; <\/p>\n","protected":false},"author":465,"featured_media":4201,"parent":0,"menu_order":0,"comment_status":"closed","ping_status":"closed","template":"","meta":{"footnotes":""},"class_list":["post-1639","page","type-page","status-publish","has-post-thumbnail","hentry"],"_links":{"self":[{"href":"https:\/\/pages.pedf.cuni.cz\/ksppg\/wp-json\/wp\/v2\/pages\/1639","targetHints":{"allow":["GET"]}}],"collection":[{"href":"https:\/\/pages.pedf.cuni.cz\/ksppg\/wp-json\/wp\/v2\/pages"}],"about":[{"href":"https:\/\/pages.pedf.cuni.cz\/ksppg\/wp-json\/wp\/v2\/types\/page"}],"author":[{"embeddable":true,"href":"https:\/\/pages.pedf.cuni.cz\/ksppg\/wp-json\/wp\/v2\/users\/465"}],"replies":[{"embeddable":true,"href":"https:\/\/pages.pedf.cuni.cz\/ksppg\/wp-json\/wp\/v2\/comments?post=1639"}],"version-history":[{"count":8,"href":"https:\/\/pages.pedf.cuni.cz\/ksppg\/wp-json\/wp\/v2\/pages\/1639\/revisions"}],"predecessor-version":[{"id":4206,"href":"https:\/\/pages.pedf.cuni.cz\/ksppg\/wp-json\/wp\/v2\/pages\/1639\/revisions\/4206"}],"wp:featuredmedia":[{"embeddable":true,"href":"https:\/\/pages.pedf.cuni.cz\/ksppg\/wp-json\/wp\/v2\/media\/4201"}],"wp:attachment":[{"href":"https:\/\/pages.pedf.cuni.cz\/ksppg\/wp-json\/wp\/v2\/media?parent=1639"}],"curies":[{"name":"wp","href":"https:\/\/api.w.org\/{rel}","templated":true}]}}