{"id":1830,"date":"2021-04-19T14:34:36","date_gmt":"2021-04-19T12:34:36","guid":{"rendered":"http:\/\/pages.pedf.cuni.cz\/ksppg\/?page_id=1830"},"modified":"2025-02-25T13:28:18","modified_gmt":"2025-02-25T12:28:18","slug":"doktorska-konference","status":"publish","type":"page","link":"https:\/\/pages.pedf.cuni.cz\/ksppg\/doktorska-konference","title":{"rendered":"Z\u00e1v\u011bre\u010dn\u00e9 zkou\u0161ky"},"content":{"rendered":"<p>V\u00e1\u017een\u00e9 studentky, v\u00e1\u017een\u00ed studenti,<\/p>\n<p>zde naleznete aktu\u00e1ln\u00ed harmonogram Z\u00e1v\u011bre\u010dn\u00fdch zkou\u0161ek konan\u00fdch v r\u00e1mci studia k roz\u0161\u00ed\u0159en\u00ed odborn\u00e9 kvalifikace zam\u011b\u0159en\u00e9 na speci\u00e1ln\u011b pedagogickou, v\u00fdchovnou a vzd\u011bl\u00e1vac\u00ed \u010dinnost ve \u0161kol\u00e1ch a t\u0159\u00edd\u00e1ch z\u0159\u00edzen\u00fdch pro d\u011bti, \u017e\u00e1ky a studenty se speci\u00e1ln\u00edmi vzd\u011bl\u00e1vac\u00edmi pot\u0159ebami (11443). V p\u0159\u00edpad\u011b dotaz\u016f se obracejte na prof. Barto\u0148ovou (<a href=\"mailto:miroslava.bartonova@pedf.cuni.cz\">miroslava.bartonova<\/a><span class=\"adr\"><a class=\"rcmContactAddress\" href=\"mailto:miroslava.bartonova@pedf.cuni.cz\">@pedf.cuni.cz<\/a>).<\/span><\/p>\n<ul>\n<li><strong>Harmonogram Z\u00e1v\u011bre\u010dn\u00fdch zkou\u0161ek pro roz\u0161i\u0159uj\u00edc\u00ed studium ke sta\u017een\u00ed &#8211; <\/strong>bude dopln\u011bn<\/li>\n<li><strong>Harmonogram Z\u00e1v\u011bre\u010dn\u00fdch zkou\u0161ek pro dopl\u0148uj\u00edc\u00ed pedagogick\u00e9 studium ke sta\u017een\u00ed<\/strong><span style=\"color: #339966\"><span style=\"color: #333333\"> &#8211; bude dopln\u011bn<\/span><\/span><\/li>\n<\/ul>\n<table style=\"border-color: #227039\">\n<tbody>\n<tr>\n<td><span style=\"color: #008000\"><strong>Z\u00e1v\u011bre\u010dn\u00e9 zkou\u0161ky pro C\u017dV:<br \/>\n<\/strong><\/span><\/p>\n<p>Bude up\u0159esn\u011bno&#8230;<\/td>\n<\/tr>\n<\/tbody>\n<\/table>\n<p><em>V\u0161em studuj\u00edc\u00edm p\u0159ejeme \u00fasp\u011b\u0161n\u00e9 slo\u017een\u00ed zkou\u0161ek.<\/em><\/p>\n<p>&nbsp;<\/p>\n<p>&nbsp;<\/p>\n<p>&nbsp;<\/p>\n","protected":false},"excerpt":{"rendered":"<p>V\u00e1\u017een\u00e9 studentky, v\u00e1\u017een\u00ed studenti, zde naleznete aktu\u00e1ln\u00ed harmonogram Z\u00e1v\u011bre\u010dn\u00fdch zkou\u0161ek konan\u00fdch v r\u00e1mci studia k roz\u0161\u00ed\u0159en\u00ed odborn\u00e9 kvalifikace zam\u011b\u0159en\u00e9 na speci\u00e1ln\u011b pedagogickou, v\u00fdchovnou a vzd\u011bl\u00e1vac\u00ed \u010dinnost ve \u0161kol\u00e1ch a t\u0159\u00edd\u00e1ch&#8230; <\/p>\n","protected":false},"author":465,"featured_media":2331,"parent":0,"menu_order":0,"comment_status":"closed","ping_status":"closed","template":"","meta":{"footnotes":""},"class_list":["post-1830","page","type-page","status-publish","has-post-thumbnail","hentry"],"_links":{"self":[{"href":"https:\/\/pages.pedf.cuni.cz\/ksppg\/wp-json\/wp\/v2\/pages\/1830","targetHints":{"allow":["GET"]}}],"collection":[{"href":"https:\/\/pages.pedf.cuni.cz\/ksppg\/wp-json\/wp\/v2\/pages"}],"about":[{"href":"https:\/\/pages.pedf.cuni.cz\/ksppg\/wp-json\/wp\/v2\/types\/page"}],"author":[{"embeddable":true,"href":"https:\/\/pages.pedf.cuni.cz\/ksppg\/wp-json\/wp\/v2\/users\/465"}],"replies":[{"embeddable":true,"href":"https:\/\/pages.pedf.cuni.cz\/ksppg\/wp-json\/wp\/v2\/comments?post=1830"}],"version-history":[{"count":67,"href":"https:\/\/pages.pedf.cuni.cz\/ksppg\/wp-json\/wp\/v2\/pages\/1830\/revisions"}],"predecessor-version":[{"id":3880,"href":"https:\/\/pages.pedf.cuni.cz\/ksppg\/wp-json\/wp\/v2\/pages\/1830\/revisions\/3880"}],"wp:featuredmedia":[{"embeddable":true,"href":"https:\/\/pages.pedf.cuni.cz\/ksppg\/wp-json\/wp\/v2\/media\/2331"}],"wp:attachment":[{"href":"https:\/\/pages.pedf.cuni.cz\/ksppg\/wp-json\/wp\/v2\/media?parent=1830"}],"curies":[{"name":"wp","href":"https:\/\/api.w.org\/{rel}","templated":true}]}}