{"id":2115,"date":"2021-10-05T13:47:28","date_gmt":"2021-10-05T11:47:28","guid":{"rendered":"http:\/\/pages.pedf.cuni.cz\/ksppg\/?page_id=2115"},"modified":"2021-10-18T09:22:57","modified_gmt":"2021-10-18T07:22:57","slug":"casopis","status":"publish","type":"page","link":"https:\/\/pages.pedf.cuni.cz\/ksppg\/casopis","title":{"rendered":"\u010casopis Speci\u00e1ln\u00ed pedagogika"},"content":{"rendered":"<p><span style=\"color: #003300\"><strong>\u010casopis speci\u00e1ln\u00ed pedagogika<\/strong><\/span><\/p>\n<p><em>\u010casopis pro teorii a praxi speci\u00e1ln\u00ed pedagogiky.<\/em><\/p>\n<p>\u010casopis <span style=\"color: #800000\"><strong><a style=\"color: #800000\" href=\"https:\/\/pages.pedf.cuni.cz\/specpeda\/\">Speci\u00e1ln\u00ed pedagogika<\/a> <\/strong><\/span>vyd\u00e1v\u00e1 Pedagogick\u00e1 fakulta univerzity v Praze ve spolupr\u00e1ci s katedrou speci\u00e1ln\u00ed pedagogiky. Zpravidla vych\u00e1zej\u00ed 4 \u010d\u00edsla v roce.<\/p>\n<p>\u010casopis <em>Speci\u00e1ln\u00ed pedagogika<\/em> p\u0159ij\u00edm\u00e1 k publikov\u00e1n\u00ed stati, v\u00fdzkumn\u00e1 sd\u011blen\u00ed, p\u0159ehledov\u00e9 studie, diskusn\u00ed p\u0159\u00edsp\u011bvky, informace z\u00a0praxe, zpr\u00e1vy a recenze.<\/p>\n<p>V\u00edce naleznete na webov\u00fdch str\u00e1nk\u00e1ch \u010dasopisu <span style=\"color: #003300\"><strong><a style=\"color: #003300\" href=\"https:\/\/pages.pedf.cuni.cz\/specpeda\/\">zde<\/a><\/strong><\/span><\/p>\n<p>&nbsp;<\/p>\n","protected":false},"excerpt":{"rendered":"<p>\u010casopis speci\u00e1ln\u00ed pedagogika \u010casopis pro teorii a praxi speci\u00e1ln\u00ed pedagogiky. \u010casopis Speci\u00e1ln\u00ed pedagogika vyd\u00e1v\u00e1 Pedagogick\u00e1 fakulta univerzity v Praze ve spolupr\u00e1ci s katedrou speci\u00e1ln\u00ed pedagogiky. Zpravidla vych\u00e1zej\u00ed 4 \u010d\u00edsla v&#8230; <\/p>\n","protected":false},"author":465,"featured_media":2119,"parent":0,"menu_order":0,"comment_status":"closed","ping_status":"closed","template":"","meta":{"footnotes":""},"class_list":["post-2115","page","type-page","status-publish","has-post-thumbnail","hentry"],"_links":{"self":[{"href":"https:\/\/pages.pedf.cuni.cz\/ksppg\/wp-json\/wp\/v2\/pages\/2115","targetHints":{"allow":["GET"]}}],"collection":[{"href":"https:\/\/pages.pedf.cuni.cz\/ksppg\/wp-json\/wp\/v2\/pages"}],"about":[{"href":"https:\/\/pages.pedf.cuni.cz\/ksppg\/wp-json\/wp\/v2\/types\/page"}],"author":[{"embeddable":true,"href":"https:\/\/pages.pedf.cuni.cz\/ksppg\/wp-json\/wp\/v2\/users\/465"}],"replies":[{"embeddable":true,"href":"https:\/\/pages.pedf.cuni.cz\/ksppg\/wp-json\/wp\/v2\/comments?post=2115"}],"version-history":[{"count":5,"href":"https:\/\/pages.pedf.cuni.cz\/ksppg\/wp-json\/wp\/v2\/pages\/2115\/revisions"}],"predecessor-version":[{"id":2191,"href":"https:\/\/pages.pedf.cuni.cz\/ksppg\/wp-json\/wp\/v2\/pages\/2115\/revisions\/2191"}],"wp:featuredmedia":[{"embeddable":true,"href":"https:\/\/pages.pedf.cuni.cz\/ksppg\/wp-json\/wp\/v2\/media\/2119"}],"wp:attachment":[{"href":"https:\/\/pages.pedf.cuni.cz\/ksppg\/wp-json\/wp\/v2\/media?parent=2115"}],"curies":[{"name":"wp","href":"https:\/\/api.w.org\/{rel}","templated":true}]}}