{"id":2335,"date":"2022-01-05T11:01:35","date_gmt":"2022-01-05T10:01:35","guid":{"rendered":"https:\/\/pages.pedf.cuni.cz\/ksppg\/?page_id=2335"},"modified":"2026-01-15T08:42:01","modified_gmt":"2026-01-15T07:42:01","slug":"aktuality_1","status":"publish","type":"page","link":"https:\/\/pages.pedf.cuni.cz\/ksppg\/aktuality_1","title":{"rendered":"P\u0159ij\u00edmac\u00ed \u0159\u00edzen\u00ed"},"content":{"rendered":"<p><strong>P\u0159ij\u00edmac\u00ed \u0159\u00edzen\u00ed do bakal\u00e1\u0159sk\u00e9ho studia \u2013 dopl\u0148uj\u00edc\u00ed informace pro uchaze\u010de<\/strong><\/p>\n<p>N\u00e1sleduj\u00edc\u00ed informace se t\u00fdk\u00e1 pouze uchaze\u010d\u016f, kte\u0159\u00ed se v\u00a0tomto roce (2026) hl\u00e1s\u00ed do bakal\u00e1\u0159sk\u00e9ho studia obor\u016f \u201eSpeci\u00e1ln\u00ed pedagogika\u201c a \u201eSpeci\u00e1ln\u00ed pedagogika\/Logopedie\u201c (tj. net\u00fdk\u00e1 se uchaze\u010d\u016f hl\u00e1s\u00edc\u00edch se do oboru \u201eSpeci\u00e1ln\u00ed pedagogika se zam\u011b\u0159en\u00edm na vzd\u011bl\u00e1v\u00e1n\u00ed\u201c, ve kter\u00e9m je p\u0159ij\u00edmac\u00ed \u0159\u00edzen\u00ed jen jednokolov\u00e9).<\/p>\n<p>V\u00a0bakal\u00e1\u0159sk\u00e9m studiu\u00a0obor\u016f \u201e<a href=\"https:\/\/is.cuni.cz\/studium\/prijimacky\/index.php?do=detail_obor&amp;id_obor=34671\">Speci\u00e1ln\u00ed pedagogika<\/a>\u201c a \u201e<a href=\"https:\/\/is.cuni.cz\/studium\/prijimacky\/index.php?do=detail_obor&amp;id_obor=34673\">Speci\u00e1ln\u00ed pedagogika\/Logopedie<\/a>\u201c je p\u0159ij\u00edmac\u00ed \u0159\u00edzen\u00ed v\u00a0souladu se zve\u0159ejn\u011bn\u00fdm popisem dvoukolov\u00e9. Do druh\u00e9ho kola postupuje sto uchaze\u010d\u016f, kte\u0159\u00ed z\u00edskali nejv\u00edce bod\u016f v\u00a0kole prvn\u00edm. <strong>V\u00a0cel\u00e9m p\u0159ij\u00edmac\u00edm \u0159\u00edzen\u00ed se pak body za ob\u011b kola s\u010d\u00edtaj\u00ed<\/strong> \u2013 v n\u00e1vaznosti na v\u00fdsledky druh\u00e9ho kola tedy budou p\u0159ijati ti uchaze\u010di, kte\u0159\u00ed dos\u00e1hnou nejvy\u0161\u0161\u00edho po\u010dtu bod\u016f v sou\u010dtu za ob\u011b kola p\u0159ij\u00edmac\u00edho \u0159\u00edzen\u00ed.<\/p>\n","protected":false},"excerpt":{"rendered":"<p>P\u0159ij\u00edmac\u00ed \u0159\u00edzen\u00ed do bakal\u00e1\u0159sk\u00e9ho studia \u2013 dopl\u0148uj\u00edc\u00ed informace pro uchaze\u010de N\u00e1sleduj\u00edc\u00ed informace se t\u00fdk\u00e1 pouze uchaze\u010d\u016f, kte\u0159\u00ed se v\u00a0tomto roce (2026) hl\u00e1s\u00ed do bakal\u00e1\u0159sk\u00e9ho studia obor\u016f \u201eSpeci\u00e1ln\u00ed pedagogika\u201c a \u201eSpeci\u00e1ln\u00ed&#8230; <\/p>\n","protected":false},"author":465,"featured_media":4164,"parent":0,"menu_order":0,"comment_status":"closed","ping_status":"closed","template":"","meta":{"footnotes":""},"class_list":["post-2335","page","type-page","status-publish","has-post-thumbnail","hentry"],"_links":{"self":[{"href":"https:\/\/pages.pedf.cuni.cz\/ksppg\/wp-json\/wp\/v2\/pages\/2335","targetHints":{"allow":["GET"]}}],"collection":[{"href":"https:\/\/pages.pedf.cuni.cz\/ksppg\/wp-json\/wp\/v2\/pages"}],"about":[{"href":"https:\/\/pages.pedf.cuni.cz\/ksppg\/wp-json\/wp\/v2\/types\/page"}],"author":[{"embeddable":true,"href":"https:\/\/pages.pedf.cuni.cz\/ksppg\/wp-json\/wp\/v2\/users\/465"}],"replies":[{"embeddable":true,"href":"https:\/\/pages.pedf.cuni.cz\/ksppg\/wp-json\/wp\/v2\/comments?post=2335"}],"version-history":[{"count":121,"href":"https:\/\/pages.pedf.cuni.cz\/ksppg\/wp-json\/wp\/v2\/pages\/2335\/revisions"}],"predecessor-version":[{"id":4165,"href":"https:\/\/pages.pedf.cuni.cz\/ksppg\/wp-json\/wp\/v2\/pages\/2335\/revisions\/4165"}],"wp:featuredmedia":[{"embeddable":true,"href":"https:\/\/pages.pedf.cuni.cz\/ksppg\/wp-json\/wp\/v2\/media\/4164"}],"wp:attachment":[{"href":"https:\/\/pages.pedf.cuni.cz\/ksppg\/wp-json\/wp\/v2\/media?parent=2335"}],"curies":[{"name":"wp","href":"https:\/\/api.w.org\/{rel}","templated":true}]}}