{"id":2348,"date":"2022-01-10T11:56:01","date_gmt":"2022-01-10T10:56:01","guid":{"rendered":"https:\/\/pages.pedf.cuni.cz\/ksppg\/?page_id=2348"},"modified":"2022-01-23T11:36:02","modified_gmt":"2022-01-23T10:36:02","slug":"specialni-pedagogika-bc","status":"publish","type":"page","link":"https:\/\/pages.pedf.cuni.cz\/ksppg\/specialni-pedagogika-bc","title":{"rendered":"Praxe  &#8211; Speci\u00e1ln\u00ed pedagogika (Bc.)"},"content":{"rendered":"<p><span style=\"color: #008000\"><strong>Speci\u00e1ln\u00ed pedagogika (Bc.)<\/strong><\/span><br \/>\n<strong>1. ro\u010dn\u00edk (1\/ZS) &#8211; Oborov\u00e1 praxe I<\/strong> (<a href=\"https:\/\/is.cuni.cz\/studium\/predmety\/index.php?do=predmet&amp;kod=OPBS3S106A&amp;dlpar=YToxOntzOjg6InByZWRtZXR5IjthOjE6e3M6Mzoic2tyIjtzOjQ6IjIwMjEiO319\">OPBS3S106A<\/a>)<br \/>\nPraxe prob\u00edh\u00e1 v n\u00e1sleduj\u00edc\u00edch instituc\u00edch &#8211; <span style=\"color: #003300\"><a style=\"color: #003300\" href=\"https:\/\/pages.pedf.cuni.cz\/ksppg\/praxe-specialni-pedagogika-bc-zarizeni-1-rocnik\"><strong><span style=\"color: #008000\">seznam za\u0159\u00edzen\u00ed.<\/span><\/strong><\/a><\/span><\/p>\n<p><strong>2. ro\u010dn\u00edk (2\/ZS) &#8211; Oborov\u00e1 praxe II<\/strong> (<a href=\"https:\/\/is.cuni.cz\/studium\/predmety\/index.php?do=predmet&amp;kod=OPBS3S118A&amp;dlpar=YToxOntzOjg6InByZWRtZXR5IjthOjE6e3M6Mzoic2tyIjtzOjQ6IjIwMjEiO319\">OPBS3S118A<\/a>)<br \/>\nPraxe prob\u00edh\u00e1 v n\u00e1sleduj\u00edc\u00edch instituc\u00edch &#8211; <strong><span style=\"color: #008000\"><a style=\"color: #008000\" href=\"https:\/\/pages.pedf.cuni.cz\/ksppg\/praxe-specialni-pedagogika-bc-zarizeni-2-rocnik\">seznam za\u0159\u00edzen\u00ed.<\/a><\/span><\/strong><\/p>\n<p><strong>3. ro\u010dn\u00edk (3\/ZS) &#8211; Oborov\u00e1 praxe III<\/strong> (<a href=\"https:\/\/is.cuni.cz\/studium\/predmety\/index.php?id=acf5ab46660673da7c2c76dc985fd6fe&amp;tid=2&amp;do=predmet&amp;kod=OPBS3S126A\">OPBS3S126A<\/a>)<br \/>\nPraxe prob\u00edh\u00e1 v n\u00e1sleduj\u00edc\u00edch instituc\u00edch &#8211; <a href=\"https:\/\/pages.pedf.cuni.cz\/ksppg\/praxe-specialni-pedagogika-bc-zarizeni-3-rocnik\"><span style=\"color: #008000\"><strong>seznam za\u0159\u00edzen\u00ed<\/strong><\/span><\/a><\/p>\n<p>&nbsp;<\/p>\n","protected":false},"excerpt":{"rendered":"<p>Speci\u00e1ln\u00ed pedagogika (Bc.) 1. ro\u010dn\u00edk (1\/ZS) &#8211; Oborov\u00e1 praxe I (OPBS3S106A) Praxe prob\u00edh\u00e1 v n\u00e1sleduj\u00edc\u00edch instituc\u00edch &#8211; seznam za\u0159\u00edzen\u00ed. 2. ro\u010dn\u00edk (2\/ZS) &#8211; Oborov\u00e1 praxe II (OPBS3S118A) Praxe prob\u00edh\u00e1 v&#8230; <\/p>\n","protected":false},"author":465,"featured_media":0,"parent":0,"menu_order":0,"comment_status":"closed","ping_status":"closed","template":"","meta":{"footnotes":""},"class_list":["post-2348","page","type-page","status-publish","hentry"],"_links":{"self":[{"href":"https:\/\/pages.pedf.cuni.cz\/ksppg\/wp-json\/wp\/v2\/pages\/2348","targetHints":{"allow":["GET"]}}],"collection":[{"href":"https:\/\/pages.pedf.cuni.cz\/ksppg\/wp-json\/wp\/v2\/pages"}],"about":[{"href":"https:\/\/pages.pedf.cuni.cz\/ksppg\/wp-json\/wp\/v2\/types\/page"}],"author":[{"embeddable":true,"href":"https:\/\/pages.pedf.cuni.cz\/ksppg\/wp-json\/wp\/v2\/users\/465"}],"replies":[{"embeddable":true,"href":"https:\/\/pages.pedf.cuni.cz\/ksppg\/wp-json\/wp\/v2\/comments?post=2348"}],"version-history":[{"count":12,"href":"https:\/\/pages.pedf.cuni.cz\/ksppg\/wp-json\/wp\/v2\/pages\/2348\/revisions"}],"predecessor-version":[{"id":2451,"href":"https:\/\/pages.pedf.cuni.cz\/ksppg\/wp-json\/wp\/v2\/pages\/2348\/revisions\/2451"}],"wp:attachment":[{"href":"https:\/\/pages.pedf.cuni.cz\/ksppg\/wp-json\/wp\/v2\/media?parent=2348"}],"curies":[{"name":"wp","href":"https:\/\/api.w.org\/{rel}","templated":true}]}}