{"id":2351,"date":"2022-01-10T11:58:41","date_gmt":"2022-01-10T10:58:41","guid":{"rendered":"https:\/\/pages.pedf.cuni.cz\/ksppg\/?page_id=2351"},"modified":"2022-01-23T11:34:05","modified_gmt":"2022-01-23T10:34:05","slug":"2351-2","status":"publish","type":"page","link":"https:\/\/pages.pedf.cuni.cz\/ksppg\/2351-2","title":{"rendered":"Praxe &#8211; Speci\u00e1ln\u00ed pedagogika\/Logopedie (Bc.)"},"content":{"rendered":"<p><strong>Speci\u00e1ln\u00ed pedagogika\/Logopedie (Bc.)<\/strong><br \/>\n<strong>1. ro\u010dn\u00edk (1\/ZS) \u2013 Oborov\u00e1 praxe I<\/strong> (<a href=\"https:\/\/is.cuni.cz\/studium\/predmety\/redir.php?id=7ae609616f980255f85b92bbb609c32b&amp;tid=&amp;redir=predmet&amp;kod=OPBO1S106A&amp;skr=2021&amp;fak=11410\">OPBO1S106A<\/a>)<br \/>\nPraxe prob\u00edh\u00e1 v n\u00e1sleduj\u00edc\u00edch instituc\u00edch &#8211; <a href=\"https:\/\/pages.pedf.cuni.cz\/ksppg\/praxe-specialni-pedagogika-logopedie-bc-zarizeni-1-rocnik\"><span style=\"color: #008000\"><strong>seznam za\u0159\u00edzen\u00ed<\/strong><\/span><\/a>.<\/p>\n<p><strong>2. ro\u010dn\u00edk (2\/ZS) \u2013 Oborov\u00e1 praxe II<\/strong> (<a href=\"https:\/\/is.cuni.cz\/studium\/predmety\/redir.php?id=7ae609616f980255f85b92bbb609c32b&amp;tid=&amp;redir=predmet&amp;kod=OPBO1S118A&amp;skr=2021&amp;fak=11410\">OPBO1S118A<\/a>)<br \/>\nPraxe prob\u00edh\u00e1 v n\u00e1sleduj\u00edc\u00edch instituc\u00edch &#8211; <a href=\"https:\/\/pages.pedf.cuni.cz\/ksppg\/praxe-specialni-pedagogika-logopedie-bc-zarizeni-2-rocnik\"><span style=\"color: #008000\"><strong>seznam za\u0159\u00edzen\u00ed<\/strong><\/span><\/a>.<\/p>\n<p><strong>3. ro\u010dn\u00edk (3\/ZS) \u2013 Oborov\u00e1 praxe III<\/strong> (<a href=\"https:\/\/is.cuni.cz\/studium\/predmety\/index.php?do=predmet&amp;kod=OPBO1S126A&amp;dlpar=YToxOntzOjg6InByZWRtZXR5IjthOjE6e3M6Mzoic2tyIjtzOjQ6IjIwMjEiO319\">OPBO1S126A<\/a>)<br \/>\nPraxe prob\u00edh\u00e1 v n\u00e1sleduj\u00edc\u00edch instituc\u00edch &#8211; <a href=\"https:\/\/pages.pedf.cuni.cz\/ksppg\/praxe-specialni-pedagogika-logopedie-bc-zarizeni-3-rocnik\"><strong><span style=\"color: #008000\">seznam za\u0159\u00edzen\u00ed<\/span><\/strong><\/a>.<\/p>\n","protected":false},"excerpt":{"rendered":"<p>Speci\u00e1ln\u00ed pedagogika\/Logopedie (Bc.) 1. ro\u010dn\u00edk (1\/ZS) \u2013 Oborov\u00e1 praxe I (OPBO1S106A) Praxe prob\u00edh\u00e1 v n\u00e1sleduj\u00edc\u00edch instituc\u00edch &#8211; seznam za\u0159\u00edzen\u00ed. 2. ro\u010dn\u00edk (2\/ZS) \u2013 Oborov\u00e1 praxe II (OPBO1S118A) Praxe prob\u00edh\u00e1 v&#8230; <\/p>\n","protected":false},"author":465,"featured_media":0,"parent":0,"menu_order":0,"comment_status":"closed","ping_status":"closed","template":"","meta":{"footnotes":""},"class_list":["post-2351","page","type-page","status-publish","hentry"],"_links":{"self":[{"href":"https:\/\/pages.pedf.cuni.cz\/ksppg\/wp-json\/wp\/v2\/pages\/2351","targetHints":{"allow":["GET"]}}],"collection":[{"href":"https:\/\/pages.pedf.cuni.cz\/ksppg\/wp-json\/wp\/v2\/pages"}],"about":[{"href":"https:\/\/pages.pedf.cuni.cz\/ksppg\/wp-json\/wp\/v2\/types\/page"}],"author":[{"embeddable":true,"href":"https:\/\/pages.pedf.cuni.cz\/ksppg\/wp-json\/wp\/v2\/users\/465"}],"replies":[{"embeddable":true,"href":"https:\/\/pages.pedf.cuni.cz\/ksppg\/wp-json\/wp\/v2\/comments?post=2351"}],"version-history":[{"count":14,"href":"https:\/\/pages.pedf.cuni.cz\/ksppg\/wp-json\/wp\/v2\/pages\/2351\/revisions"}],"predecessor-version":[{"id":2448,"href":"https:\/\/pages.pedf.cuni.cz\/ksppg\/wp-json\/wp\/v2\/pages\/2351\/revisions\/2448"}],"wp:attachment":[{"href":"https:\/\/pages.pedf.cuni.cz\/ksppg\/wp-json\/wp\/v2\/media?parent=2351"}],"curies":[{"name":"wp","href":"https:\/\/api.w.org\/{rel}","templated":true}]}}