{"id":2362,"date":"2022-01-10T12:15:04","date_gmt":"2022-01-10T11:15:04","guid":{"rendered":"https:\/\/pages.pedf.cuni.cz\/ksppg\/?page_id=2362"},"modified":"2022-01-23T11:53:17","modified_gmt":"2022-01-23T10:53:17","slug":"logopedie-nmgr","status":"publish","type":"page","link":"https:\/\/pages.pedf.cuni.cz\/ksppg\/logopedie-nmgr","title":{"rendered":"Praxe &#8211; Logopedie (NMgr.)"},"content":{"rendered":"<div class=\"post-single clearfix\">\n<div class=\"post-single clearfix\">\n<p><span style=\"color: #008000\"><strong>Logopedie (NMgr.)<\/strong><\/span><br \/>\n<strong>1. ro\u010dn\u00edk (1\/ZS) \u2013 Oborov\u00e1 praxe I logopedick\u00e1<\/strong> (<a href=\"https:\/\/is.cuni.cz\/studium\/predmety\/index.php?do=predmet&amp;kod=OPNO1S107A&amp;dlpar=YToxOntzOjg6InByZWRtZXR5IjthOjE6e3M6Mzoic2tyIjtzOjQ6IjIwMjEiO319\">OPNO1S107A<\/a>)<br \/>\nPraxe prob\u00edh\u00e1 v n\u00e1sleduj\u00edc\u00edch instituc\u00edch \u2013 <strong><a href=\"https:\/\/pages.pedf.cuni.cz\/ksppg\/praxe-logopedie-nmgr-zarizeni-1-rocnik-1zs\"><span style=\"color: #008000\">seznam za\u0159\u00edzen\u00ed<\/span><\/a>.<\/strong><\/p>\n<p><strong>1. ro\u010dn\u00edk (1\/LS) \u2013 Oborov\u00e1 praxe II suropedick\u00e1<\/strong> (<a href=\"https:\/\/is.cuni.cz\/studium\/predmety\/index.php?do=predmet&amp;kod=OPNO1S114A&amp;dlpar=YToxOntzOjg6InByZWRtZXR5IjthOjE6e3M6Mzoic2tyIjtzOjQ6IjIwMjEiO319\">OPNO1S114A<\/a>)<br \/>\nPraxe prob\u00edh\u00e1 v n\u00e1sleduj\u00edc\u00edch instituc\u00edch \u2013 <strong><a href=\"https:\/\/pages.pedf.cuni.cz\/ksppg\/praxe-logopedie-nmgr-zarizeni-1-rocnik-1ls\"><span style=\"color: #008000\">seznam za\u0159\u00edzen\u00ed<\/span><\/a>.<\/strong><\/p>\n<p><strong>2. ro\u010dn\u00edk (2\/ZS) \u2013 Oborov\u00e1 praxe III logopedick\u00e1<\/strong> (<a href=\"https:\/\/is.cuni.cz\/studium\/predmety\/index.php?do=predmet&amp;kod=OPNO1S119A&amp;dlpar=YToxOntzOjg6InByZWRtZXR5IjthOjE6e3M6Mzoic2tyIjtzOjQ6IjIwMjEiO319\">OPNO1S119A<\/a>)<br \/>\nPraxe prob\u00edh\u00e1 v n\u00e1sleduj\u00edc\u00edch instituc\u00edch \u2013 <strong><a href=\"https:\/\/pages.pedf.cuni.cz\/ksppg\/2476-2\"><span style=\"color: #008000\">seznam za\u0159\u00edzen\u00ed<\/span><\/a>.<\/strong><\/p>\n<p><strong>2. ro\u010dn\u00edk (2\/LS) \u2013 Oborov\u00e1 praxe souvisl\u00e1<\/strong> (<a href=\"https:\/\/is.cuni.cz\/studium\/predmety\/redir.php?id=6f2c6f14858f4d0ae62b25b7b3220e1f&amp;tid=&amp;redir=predmet&amp;kod=OPNO1S120A&amp;skr=2021&amp;fak=11410\">OPNO1S120A<\/a>)<br \/>\nPraxe prob\u00edh\u00e1 v n\u00e1sleduj\u00edc\u00edch instituc\u00edch \u2013 <strong><a href=\"https:\/\/pages.pedf.cuni.cz\/ksppg\/wp-admin\/post.php?post=2480&amp;action=edit\"><span style=\"color: #008000\">seznam za\u0159\u00edzen\u00ed<\/span><\/a>.<\/strong><\/p>\n<\/div>\n<\/div>\n","protected":false},"excerpt":{"rendered":"<p>Logopedie (NMgr.) 1. ro\u010dn\u00edk (1\/ZS) \u2013 Oborov\u00e1 praxe I logopedick\u00e1 (OPNO1S107A) Praxe prob\u00edh\u00e1 v n\u00e1sleduj\u00edc\u00edch instituc\u00edch \u2013 seznam za\u0159\u00edzen\u00ed. 1. ro\u010dn\u00edk (1\/LS) \u2013 Oborov\u00e1 praxe II suropedick\u00e1 (OPNO1S114A) Praxe prob\u00edh\u00e1&#8230; <\/p>\n","protected":false},"author":465,"featured_media":0,"parent":0,"menu_order":0,"comment_status":"closed","ping_status":"closed","template":"","meta":{"footnotes":""},"class_list":["post-2362","page","type-page","status-publish","hentry"],"_links":{"self":[{"href":"https:\/\/pages.pedf.cuni.cz\/ksppg\/wp-json\/wp\/v2\/pages\/2362","targetHints":{"allow":["GET"]}}],"collection":[{"href":"https:\/\/pages.pedf.cuni.cz\/ksppg\/wp-json\/wp\/v2\/pages"}],"about":[{"href":"https:\/\/pages.pedf.cuni.cz\/ksppg\/wp-json\/wp\/v2\/types\/page"}],"author":[{"embeddable":true,"href":"https:\/\/pages.pedf.cuni.cz\/ksppg\/wp-json\/wp\/v2\/users\/465"}],"replies":[{"embeddable":true,"href":"https:\/\/pages.pedf.cuni.cz\/ksppg\/wp-json\/wp\/v2\/comments?post=2362"}],"version-history":[{"count":9,"href":"https:\/\/pages.pedf.cuni.cz\/ksppg\/wp-json\/wp\/v2\/pages\/2362\/revisions"}],"predecessor-version":[{"id":2482,"href":"https:\/\/pages.pedf.cuni.cz\/ksppg\/wp-json\/wp\/v2\/pages\/2362\/revisions\/2482"}],"wp:attachment":[{"href":"https:\/\/pages.pedf.cuni.cz\/ksppg\/wp-json\/wp\/v2\/media?parent=2362"}],"curies":[{"name":"wp","href":"https:\/\/api.w.org\/{rel}","templated":true}]}}