{"id":24,"date":"2015-03-09T12:56:24","date_gmt":"2015-03-09T12:56:24","guid":{"rendered":"http:\/\/pages.pedf.cuni.cz\/ksppg\/?page_id=24"},"modified":"2026-03-05T07:10:05","modified_gmt":"2026-03-05T06:10:05","slug":"erasmus","status":"publish","type":"page","link":"https:\/\/pages.pedf.cuni.cz\/ksppg\/erasmus","title":{"rendered":"Erasmus+ UK"},"content":{"rendered":"<div class=\"overflowHidden\">\n<p align=\"left\">Pod\u00e1v\u00e1n\u00ed p\u0159ihl\u00e1\u0161ek na studijn\u00ed pobyty a st\u00e1\u017ee prov\u00e1d\u00ed studenti a doktorandi online prost\u0159ednictv\u00edm registrace ve webov\u00e9 aplikaci UK um\u00edst\u011bn\u00e9 na adrese <strong><a href=\"https:\/\/is.cuni.cz\/webapps\"><span style=\"color: #008000\">zde<\/span><\/a><\/strong><\/p>\n<\/div>\n<div class=\"overflowHidden\">\n<p><span style=\"color: #008000\"><strong>Term\u00edn v\u00fdb\u011brov\u00e9ho \u0159\u00edzen\u00ed je stanoven na 9. 3. 2026 ve 13:00 a prob\u011bhne na Kated\u0159e speci\u00e1ln\u00ed pedagogiky: \u00a0v Jungmannova 32.<\/strong><\/span><\/p>\n<p>&nbsp;<\/p>\n<\/div>\n","protected":false},"excerpt":{"rendered":"<p>Pod\u00e1v\u00e1n\u00ed p\u0159ihl\u00e1\u0161ek na studijn\u00ed pobyty a st\u00e1\u017ee prov\u00e1d\u00ed studenti a doktorandi online prost\u0159ednictv\u00edm registrace ve webov\u00e9 aplikaci UK um\u00edst\u011bn\u00e9 na adrese zde Term\u00edn v\u00fdb\u011brov\u00e9ho \u0159\u00edzen\u00ed je stanoven na 9. 3&#8230;. <\/p>\n","protected":false},"author":126,"featured_media":0,"parent":0,"menu_order":0,"comment_status":"closed","ping_status":"closed","template":"","meta":{"footnotes":""},"class_list":["post-24","page","type-page","status-publish","hentry"],"_links":{"self":[{"href":"https:\/\/pages.pedf.cuni.cz\/ksppg\/wp-json\/wp\/v2\/pages\/24","targetHints":{"allow":["GET"]}}],"collection":[{"href":"https:\/\/pages.pedf.cuni.cz\/ksppg\/wp-json\/wp\/v2\/pages"}],"about":[{"href":"https:\/\/pages.pedf.cuni.cz\/ksppg\/wp-json\/wp\/v2\/types\/page"}],"author":[{"embeddable":true,"href":"https:\/\/pages.pedf.cuni.cz\/ksppg\/wp-json\/wp\/v2\/users\/126"}],"replies":[{"embeddable":true,"href":"https:\/\/pages.pedf.cuni.cz\/ksppg\/wp-json\/wp\/v2\/comments?post=24"}],"version-history":[{"count":8,"href":"https:\/\/pages.pedf.cuni.cz\/ksppg\/wp-json\/wp\/v2\/pages\/24\/revisions"}],"predecessor-version":[{"id":4193,"href":"https:\/\/pages.pedf.cuni.cz\/ksppg\/wp-json\/wp\/v2\/pages\/24\/revisions\/4193"}],"wp:attachment":[{"href":"https:\/\/pages.pedf.cuni.cz\/ksppg\/wp-json\/wp\/v2\/media?parent=24"}],"curies":[{"name":"wp","href":"https:\/\/api.w.org\/{rel}","templated":true}]}}