{"id":60,"date":"2015-03-09T17:58:16","date_gmt":"2015-03-09T17:58:16","guid":{"rendered":"http:\/\/pages.pedf.cuni.cz\/ksppg\/?page_id=60"},"modified":"2015-04-10T09:42:17","modified_gmt":"2015-04-10T09:42:17","slug":"pracovnici","status":"publish","type":"page","link":"https:\/\/pages.pedf.cuni.cz\/ksppg\/pracovnici","title":{"rendered":"Pracovn\u00edci"},"content":{"rendered":"\n<table id=\"tablepress-4\" class=\"tablepress tablepress-id-4\">\n<thead>\n<tr class=\"row-1\">\n\t<th class=\"column-1\">Sekretari\u00e1t<\/th><td class=\"column-2\"><\/td>\n<\/tr>\n<\/thead>\n<tbody class=\"row-striping row-hover\">\n<tr class=\"row-2\">\n\t<td class=\"column-1\"><strong>Blanka Fi\u0161erov\u00e1<\/strong><br \/>\nblanka.fiserova@pedf.cuni.cz<\/td><td class=\"column-2\">[R] - 448<br \/>\n221 900 279<\/td>\n<\/tr>\n<\/tbody>\n<\/table>\n<!-- #tablepress-4 from cache -->\n\n<table id=\"tablepress-3\" class=\"tablepress tablepress-id-3\">\n<thead>\n<tr class=\"row-1\">\n\t<th class=\"column-1\">Veden\u00ed katedry<\/th><td class=\"column-2\"><\/td>\n<\/tr>\n<\/thead>\n<tbody class=\"row-striping row-hover\">\n<tr class=\"row-2\">\n\t<td class=\"column-1\"><strong>doc. PhDr. Lea Kv\u011bto\u0148ov\u00e1, Ph.D.<\/strong><br \/>\nVedouc\u00ed katedry, Kontaktn\u00ed osoba pro studenty se speci\u00e1ln\u00edmi pot\u0159ebami<br \/>\nlea.kvetonova@pedf.cuni.cz<\/td><td class=\"column-2\">[R] - 453<br \/>\n221 900 246 <\/td>\n<\/tr>\n<tr class=\"row-3\">\n\t<td class=\"column-1\"><strong>doc. PaedDr. Vanda H\u00e1jkov\u00e1, Ph.D. <\/strong><br \/>\nZ\u00e1stupce vedouc\u00ed katedry pro prezen\u010dn\u00ed studium<br \/>\nvanda.hajkova@pedf.cuni.cz <\/td><td class=\"column-2\">[R] - 455<br \/>\n221 900 270 <\/td>\n<\/tr>\n<tr class=\"row-4\">\n\t<td class=\"column-1\"><strong>doc. PhDr. Kate\u0159ina H\u00e1dkov\u00e1, Ph.D. <\/strong><br \/>\nZ\u00e1stupce vedouc\u00ed katedry pro kombinovan\u00e9 studium<br \/>\nkaterina.hadkova@pedf.cuni.cz <\/td><td class=\"column-2\">[R] - 455<br \/>\n221 900 270 <\/td>\n<\/tr>\n<tr class=\"row-5\">\n\t<td class=\"column-1\"><strong>doc. PhDr. Monika Mu\u017e\u00e1kov\u00e1, Ph.D.<\/strong><br \/>\nTajemn\u00edk katedry<br \/>\nmonika.muzakova@pedf.cuni.cz<\/td><td class=\"column-2\">[R] - 405<\/td>\n<\/tr>\n<\/tbody>\n<\/table>\n<!-- #tablepress-3 from cache -->\n\n<table id=\"tablepress-1\" class=\"tablepress tablepress-id-1\">\n<thead>\n<tr class=\"row-1\">\n\t<th class=\"column-1\">Akademi\u010dt\u00ed pracovn\u00edci<\/th><td class=\"column-2\"><\/td>\n<\/tr>\n<\/thead>\n<tbody class=\"row-hover\">\n<tr class=\"row-2\">\n\t<td class=\"column-1\"><strong>prof. PaedDr. Miroslava Barto\u0148ov\u00e1, Ph.D.<\/strong><br \/>\nmiroslava.bartonova@pedf.cuni.cz<\/td><td class=\"column-2\">[R] - 405<br \/>\n221 900 331<\/td>\n<\/tr>\n<tr class=\"row-3\">\n\t<td class=\"column-1\"><strong>Mgr. Jana Bernoldov\u00e1, Ph.D.<\/strong><br \/>\njana.bernoldova@pedf.cuni.cz<\/td><td class=\"column-2\">[R] - 402<br \/>\n221 900 126 <\/td>\n<\/tr>\n<tr class=\"row-4\">\n\t<td class=\"column-1\"><strong>PhDr. Lenka Felcmanov\u00e1 , Ph.D.<\/strong><br \/>\nlenka.felcmanova@pedf.cuni.cz<\/td><td class=\"column-2\">[R] - 455<br \/>\n221 900 270 <\/td>\n<\/tr>\n<tr class=\"row-5\">\n\t<td class=\"column-1\"><strong>Mgr. Ing. Jana Horynov\u00e1, Ph.D.<\/strong><br \/>\njana.horynova@pedf.cuni.cz<\/td><td class=\"column-2\">[R] - 402<br \/>\n221 900 285<\/td>\n<\/tr>\n<tr class=\"row-6\">\n\t<td class=\"column-1\"><strong>PhDr. Monika Kadrno\u017ekov\u00e1, Ph.D.<\/strong><br \/>\nmonika.kadrnozkova@pedf.cuni.cz<\/td><td class=\"column-2\">[R] - 458<br \/>\n777 983 385<\/td>\n<\/tr>\n<tr class=\"row-7\">\n\t<td class=\"column-1\"><strong>doc. PaedDr.  Ji\u0159ina Klenkov\u00e1, Ph.D.<\/strong><br \/>\njirina.klenkova@pedf.cuni.cz<\/td><td class=\"column-2\">[R] - 453<br \/>\n221 900 246 <\/td>\n<\/tr>\n<tr class=\"row-8\">\n\t<td class=\"column-1\"><strong>Mgr. Marie Komorn\u00e1, Ph.D.<\/strong><br \/>\nmarie.komorna@pedf.cuni.cz<\/td><td class=\"column-2\">[R] - 405<br \/>\n221 900 331<\/td>\n<\/tr>\n<tr class=\"row-9\">\n\t<td class=\"column-1\"><strong>Mgr. Zuzana Korandov\u00e1<\/strong><br \/>\nzuzana.korandova@pedf.cuni.cz<\/td><td class=\"column-2\">[R] - 402<br \/>\n221 900 285<\/td>\n<\/tr>\n<tr class=\"row-10\">\n\t<td class=\"column-1\"><strong>PhDr. Miroslava Kotvov\u00e1, Ph.D.<\/strong><br \/>\nmiroslava.kotvova@pedf.cuni.cz<\/td><td class=\"column-2\">[R] - 458<br \/>\n221 900 276 <\/td>\n<\/tr>\n<tr class=\"row-11\">\n\t<td class=\"column-1\"><strong>PaedDr. Eva Mar\u00e1dov\u00e1, CSc.<\/strong><br \/>\neva.maradova@pedf.cuni.cz<\/td><td class=\"column-2\">[R] - 459<br \/>\n221 900 126 <\/td>\n<\/tr>\n<tr class=\"row-12\">\n\t<td class=\"column-1\"><strong>Mgr. Barbora Mare\u0161ov\u00e1<\/strong><br \/>\nbarbora.maresova@pedf.cuni.cz<\/td><td class=\"column-2\">[R] - 402<br \/>\n221 900 126 <\/td>\n<\/tr>\n<tr class=\"row-13\">\n\t<td class=\"column-1\"><strong>doc. PhDr. Zbyn\u011bk N\u011bmec, Ph.D.<\/strong><br \/>\nzbynek.nemec@pedf.cuni.cz<\/td><td class=\"column-2\">[R] - 402<\/td>\n<\/tr>\n<tr class=\"row-14\">\n\t<td class=\"column-1\"><strong>prof. PhDr. Jan \u0160i\u0161ka, Ph.D.<\/strong><br \/>\njan.siska@pedf.cuni.cz<\/td><td class=\"column-2\">[R] - 459<br \/>\n21 900 126 <\/td>\n<\/tr>\n<tr class=\"row-15\">\n\t<td class=\"column-1\"><strong>PhDr. Pavl\u00edna \u0160umn\u00edkov\u00e1, Ph.D.<\/strong><br \/>\npavlina.sumnikova@pedf.cuni.cz<\/td><td class=\"column-2\">[R] - 457<br \/>\n221 900 274 <\/td>\n<\/tr>\n<tr class=\"row-16\">\n\t<td class=\"column-1\"><strong>PhDr. PaedDr. Ing. Jan Tirp\u00e1k, Ph.D., MBA<\/strong><br \/>\njan.tirpak@pedf.cuni.cz<\/td><td class=\"column-2\">[R] - 458<\/td>\n<\/tr>\n<tr class=\"row-17\">\n\t<td class=\"column-1\"><strong>Mgr. Barbara Vale\u0161ov\u00e1 Malecov\u00e1, Ph.D.<\/strong><br \/>\nbarbara.valesovamalecova@pedf.cuni.cz<\/td><td class=\"column-2\">[R] - 402<br \/>\n221 900 126 <\/td>\n<\/tr>\n<tr class=\"row-18\">\n\t<td class=\"column-1\"><strong>PaedDr. Jaroslava Zemkov\u00e1, Ph.D.<\/strong><br \/>\njaroslava.zemkova@pedf.cuni.cz<\/td><td class=\"column-2\">[R] - 457<br \/>\n221 900 274 <\/td>\n<\/tr>\n<tr class=\"row-19\">\n\t<td class=\"column-1\"><strong>Mgr. Marija Zuli\u0107, Ph.D.<\/strong><br \/>\nmaria.zulic@pedf.cuni.cz<\/td><td class=\"column-2\">[R] - 402<br \/>\n221 900 285<\/td>\n<\/tr>\n<\/tbody>\n<\/table>\n<!-- #tablepress-1 from cache -->\n<p>&nbsp;<\/p>\n","protected":false},"excerpt":{"rendered":"<p>&nbsp;<\/p>\n","protected":false},"author":126,"featured_media":0,"parent":0,"menu_order":0,"comment_status":"closed","ping_status":"closed","template":"","meta":{"footnotes":""},"class_list":["post-60","page","type-page","status-publish","hentry"],"_links":{"self":[{"href":"https:\/\/pages.pedf.cuni.cz\/ksppg\/wp-json\/wp\/v2\/pages\/60","targetHints":{"allow":["GET"]}}],"collection":[{"href":"https:\/\/pages.pedf.cuni.cz\/ksppg\/wp-json\/wp\/v2\/pages"}],"about":[{"href":"https:\/\/pages.pedf.cuni.cz\/ksppg\/wp-json\/wp\/v2\/types\/page"}],"author":[{"embeddable":true,"href":"https:\/\/pages.pedf.cuni.cz\/ksppg\/wp-json\/wp\/v2\/users\/126"}],"replies":[{"embeddable":true,"href":"https:\/\/pages.pedf.cuni.cz\/ksppg\/wp-json\/wp\/v2\/comments?post=60"}],"version-history":[{"count":0,"href":"https:\/\/pages.pedf.cuni.cz\/ksppg\/wp-json\/wp\/v2\/pages\/60\/revisions"}],"wp:attachment":[{"href":"https:\/\/pages.pedf.cuni.cz\/ksppg\/wp-json\/wp\/v2\/media?parent=60"}],"curies":[{"name":"wp","href":"https:\/\/api.w.org\/{rel}","templated":true}]}}