{"id":62,"date":"2015-03-09T17:58:41","date_gmt":"2015-03-09T17:58:41","guid":{"rendered":"http:\/\/pages.pedf.cuni.cz\/ksppg\/?page_id=62"},"modified":"2024-03-29T20:15:18","modified_gmt":"2024-03-29T19:15:18","slug":"kontakt","status":"publish","type":"page","link":"https:\/\/pages.pedf.cuni.cz\/ksppg\/kontakt","title":{"rendered":"Kontakty"},"content":{"rendered":"<p class=\"hlavicka\">\n<table id=\"tablepress-4\" class=\"tablepress tablepress-id-4\">\n<thead>\n<tr class=\"row-1\">\n\t<th class=\"column-1\">Sekretari\u00e1t<\/th><td class=\"column-2\"><\/td>\n<\/tr>\n<\/thead>\n<tbody class=\"row-striping row-hover\">\n<tr class=\"row-2\">\n\t<td class=\"column-1\"><strong>Blanka Fi\u0161erov\u00e1<\/strong><br \/>\nblanka.fiserova@pedf.cuni.cz<\/td><td class=\"column-2\">[R] - 448<br \/>\n221 900 279<\/td>\n<\/tr>\n<\/tbody>\n<\/table>\n<!-- #tablepress-4 from cache --><\/p>\n<p class=\"hlavicka\">\n<table id=\"tablepress-3\" class=\"tablepress tablepress-id-3\">\n<thead>\n<tr class=\"row-1\">\n\t<th class=\"column-1\">Veden\u00ed katedry<\/th><td class=\"column-2\"><\/td>\n<\/tr>\n<\/thead>\n<tbody class=\"row-striping row-hover\">\n<tr class=\"row-2\">\n\t<td class=\"column-1\"><strong>doc. PhDr. Lea Kv\u011bto\u0148ov\u00e1, Ph.D.<\/strong><br \/>\nVedouc\u00ed katedry, Kontaktn\u00ed osoba pro studenty se speci\u00e1ln\u00edmi pot\u0159ebami<br \/>\nlea.kvetonova@pedf.cuni.cz<\/td><td class=\"column-2\">[R] - 453<br \/>\n221 900 246 <\/td>\n<\/tr>\n<tr class=\"row-3\">\n\t<td class=\"column-1\"><strong>doc. PaedDr. Vanda H\u00e1jkov\u00e1, Ph.D. <\/strong><br \/>\nZ\u00e1stupce vedouc\u00ed katedry pro prezen\u010dn\u00ed studium<br \/>\nvanda.hajkova@pedf.cuni.cz <\/td><td class=\"column-2\">[R] - 455<br \/>\n221 900 270 <\/td>\n<\/tr>\n<tr class=\"row-4\">\n\t<td class=\"column-1\"><strong>doc. PhDr. Kate\u0159ina H\u00e1dkov\u00e1, Ph.D. <\/strong><br \/>\nZ\u00e1stupce vedouc\u00ed katedry pro kombinovan\u00e9 studium<br \/>\nkaterina.hadkova@pedf.cuni.cz <\/td><td class=\"column-2\">[R] - 455<br \/>\n221 900 270 <\/td>\n<\/tr>\n<tr class=\"row-5\">\n\t<td class=\"column-1\"><strong>doc. PhDr. Monika Mu\u017e\u00e1kov\u00e1, Ph.D.<\/strong><br \/>\nTajemn\u00edk katedry<br \/>\nmonika.muzakova@pedf.cuni.cz<\/td><td class=\"column-2\">[R] - 405<\/td>\n<\/tr>\n<\/tbody>\n<\/table>\n<!-- #tablepress-3 from cache --><\/p>\n<p class=\"hlavicka\">\n<table id=\"tablepress-1\" class=\"tablepress tablepress-id-1\">\n<thead>\n<tr class=\"row-1\">\n\t<th class=\"column-1\">Akademi\u010dt\u00ed pracovn\u00edci<\/th><td class=\"column-2\"><\/td>\n<\/tr>\n<\/thead>\n<tbody class=\"row-hover\">\n<tr class=\"row-2\">\n\t<td class=\"column-1\"><strong>prof. PaedDr. Miroslava Barto\u0148ov\u00e1, Ph.D.<\/strong><br \/>\nmiroslava.bartonova@pedf.cuni.cz<\/td><td class=\"column-2\">[R] - 405<br \/>\n221 900 331<\/td>\n<\/tr>\n<tr class=\"row-3\">\n\t<td class=\"column-1\"><strong>Mgr. Jana Bernoldov\u00e1, Ph.D.<\/strong><br \/>\njana.bernoldova@pedf.cuni.cz<\/td><td class=\"column-2\">[R] - 402<br \/>\n221 900 126 <\/td>\n<\/tr>\n<tr class=\"row-4\">\n\t<td class=\"column-1\"><strong>PhDr. Lenka Felcmanov\u00e1 , Ph.D.<\/strong><br \/>\nlenka.felcmanova@pedf.cuni.cz<\/td><td class=\"column-2\">[R] - 455<br \/>\n221 900 270 <\/td>\n<\/tr>\n<tr class=\"row-5\">\n\t<td class=\"column-1\"><strong>Mgr. Ing. Jana Horynov\u00e1, Ph.D.<\/strong><br \/>\njana.horynova@pedf.cuni.cz<\/td><td class=\"column-2\">[R] - 402<br \/>\n221 900 285<\/td>\n<\/tr>\n<tr class=\"row-6\">\n\t<td class=\"column-1\"><strong>PhDr. Monika Kadrno\u017ekov\u00e1, Ph.D.<\/strong><br \/>\nmonika.kadrnozkova@pedf.cuni.cz<\/td><td class=\"column-2\">[R] - 458<br \/>\n777 983 385<\/td>\n<\/tr>\n<tr class=\"row-7\">\n\t<td class=\"column-1\"><strong>doc. PaedDr.  Ji\u0159ina Klenkov\u00e1, Ph.D.<\/strong><br \/>\njirina.klenkova@pedf.cuni.cz<\/td><td class=\"column-2\">[R] - 453<br \/>\n221 900 246 <\/td>\n<\/tr>\n<tr class=\"row-8\">\n\t<td class=\"column-1\"><strong>Mgr. Marie Komorn\u00e1, Ph.D.<\/strong><br \/>\nmarie.komorna@pedf.cuni.cz<\/td><td class=\"column-2\">[R] - 405<br \/>\n221 900 331<\/td>\n<\/tr>\n<tr class=\"row-9\">\n\t<td class=\"column-1\"><strong>Mgr. Zuzana Korandov\u00e1<\/strong><br \/>\nzuzana.korandova@pedf.cuni.cz<\/td><td class=\"column-2\">[R] - 402<br \/>\n221 900 285<\/td>\n<\/tr>\n<tr class=\"row-10\">\n\t<td class=\"column-1\"><strong>PhDr. Miroslava Kotvov\u00e1, Ph.D.<\/strong><br \/>\nmiroslava.kotvova@pedf.cuni.cz<\/td><td class=\"column-2\">[R] - 458<br \/>\n221 900 276 <\/td>\n<\/tr>\n<tr class=\"row-11\">\n\t<td class=\"column-1\"><strong>PaedDr. Eva Mar\u00e1dov\u00e1, CSc.<\/strong><br \/>\neva.maradova@pedf.cuni.cz<\/td><td class=\"column-2\">[R] - 459<br \/>\n221 900 126 <\/td>\n<\/tr>\n<tr class=\"row-12\">\n\t<td class=\"column-1\"><strong>Mgr. Barbora Mare\u0161ov\u00e1<\/strong><br \/>\nbarbora.maresova@pedf.cuni.cz<\/td><td class=\"column-2\">[R] - 402<br \/>\n221 900 126 <\/td>\n<\/tr>\n<tr class=\"row-13\">\n\t<td class=\"column-1\"><strong>doc. PhDr. Zbyn\u011bk N\u011bmec, Ph.D.<\/strong><br \/>\nzbynek.nemec@pedf.cuni.cz<\/td><td class=\"column-2\">[R] - 402<\/td>\n<\/tr>\n<tr class=\"row-14\">\n\t<td class=\"column-1\"><strong>prof. PhDr. Jan \u0160i\u0161ka, Ph.D.<\/strong><br \/>\njan.siska@pedf.cuni.cz<\/td><td class=\"column-2\">[R] - 459<br \/>\n21 900 126 <\/td>\n<\/tr>\n<tr class=\"row-15\">\n\t<td class=\"column-1\"><strong>PhDr. Pavl\u00edna \u0160umn\u00edkov\u00e1, Ph.D.<\/strong><br \/>\npavlina.sumnikova@pedf.cuni.cz<\/td><td class=\"column-2\">[R] - 457<br \/>\n221 900 274 <\/td>\n<\/tr>\n<tr class=\"row-16\">\n\t<td class=\"column-1\"><strong>PhDr. PaedDr. Ing. Jan Tirp\u00e1k, Ph.D., MBA<\/strong><br \/>\njan.tirpak@pedf.cuni.cz<\/td><td class=\"column-2\">[R] - 458<\/td>\n<\/tr>\n<tr class=\"row-17\">\n\t<td class=\"column-1\"><strong>Mgr. Barbara Vale\u0161ov\u00e1 Malecov\u00e1, Ph.D.<\/strong><br \/>\nbarbara.valesovamalecova@pedf.cuni.cz<\/td><td class=\"column-2\">[R] - 402<br \/>\n221 900 126 <\/td>\n<\/tr>\n<tr class=\"row-18\">\n\t<td class=\"column-1\"><strong>PaedDr. Jaroslava Zemkov\u00e1, Ph.D.<\/strong><br \/>\njaroslava.zemkova@pedf.cuni.cz<\/td><td class=\"column-2\">[R] - 457<br \/>\n221 900 274 <\/td>\n<\/tr>\n<tr class=\"row-19\">\n\t<td class=\"column-1\"><strong>Mgr. Marija Zuli\u0107, Ph.D.<\/strong><br \/>\nmaria.zulic@pedf.cuni.cz<\/td><td class=\"column-2\">[R] - 402<br \/>\n221 900 285<\/td>\n<\/tr>\n<\/tbody>\n<\/table>\n<!-- #tablepress-1 from cache --><\/p>\n\n<table id=\"tablepress-9\" class=\"tablepress tablepress-id-9\">\n<thead>\n<tr class=\"row-1\">\n\t<th class=\"column-1\">Extern\u00ed pracovn\u00edci<\/th><td class=\"column-2\"><\/td>\n<\/tr>\n<\/thead>\n<tbody class=\"row-hover\">\n<tr class=\"row-2\">\n\t<td class=\"column-1\"><strong>MUDr. Jan Byd\u017eovsk\u00fd<\/strong><br \/>\njan.bydzovsky@lf1.cuni.cz <\/td><td class=\"column-2\">1. l\u00e9ka\u0159sk\u00e1 fakulta UK<br \/>\nO\u010dn\u00ed klinika 1. LF UK a VFN<\/td>\n<\/tr>\n<tr class=\"row-3\">\n\t<td class=\"column-1\"><strong>PhDr. Zden\u011bk \u010cerm\u00e1k<\/strong><br \/>\nzdenek.cermak@upce.cz <\/td><td class=\"column-2\">Univerzita Pardubice<br \/>\nFakulta zdravotnick\u00fdch studi\u00ed<\/td>\n<\/tr>\n<tr class=\"row-4\">\n\t<td class=\"column-1\"><strong>MUDr. Libor \u010cern\u00fd, Ph.D.<\/strong><br \/>\nlibor.cerny@lf1.cuni.cz  <\/td><td class=\"column-2\">1. l\u00e9ka\u0159sk\u00e1 fakulta UK<br \/>\nFoniatrick\u00e1 klinika 1. LF UK a VFN<\/td>\n<\/tr>\n<tr class=\"row-5\">\n\t<td class=\"column-1\"><strong>doc. PaedDr. Petr Franiok, Ph.D.<\/strong><br \/>\npetr.franiok@osu.cz<\/td><td class=\"column-2\">Ostravsk\u00e1 univerzita<br \/>\nPedagogick\u00e1 fakulta<br \/>\nKatedra speci\u00e1ln\u00ed pedagogiky <\/td>\n<\/tr>\n<tr class=\"row-6\">\n\t<td class=\"column-1\"><strong>doc. MUDr. Iva Holmerov\u00e1, Ph.D.<\/strong><br \/>\niva.holmerova@lf3.cuni.cz<br \/>\niva.holmerova@gerontocentrum.cz<\/td><td class=\"column-2\">3. l\u00e9ka\u0159sk\u00e1 fakulta UK<br \/>\nIntern\u00ed klinika 3. LF UK a FNKV<br \/>\nFakulta humanitn\u00edch studi\u00ed UK<\/td>\n<\/tr>\n<tr class=\"row-7\">\n\t<td class=\"column-1\"><strong>doc. MUDr. Petr Kachl\u00edk, Ph.D.<\/strong><br \/>\nkachlik@ped.muni.cz<\/td><td class=\"column-2\">Masarykova univerzita<br \/>\nPedagogick\u00e1 fakulta<\/td>\n<\/tr>\n<tr class=\"row-8\">\n\t<td class=\"column-1\"><strong>doc. MUDr. Jakub Kautzner, Ph.D.<\/strong><br \/>\njakub.kautzner@lfmotol.cuni.cz <\/td><td class=\"column-2\">2. l\u00e9ka\u0159sk\u00e1 fakulta UK<br \/>\nKlinika d\u011btsk\u00e9 a dosp\u011bl\u00e9 ortopedie a traumatologie<\/td>\n<\/tr>\n<tr class=\"row-9\">\n\t<td class=\"column-1\"><strong>prof. PaedDr. Pavel Kol\u00e1\u0159, Ph.D.<\/strong><br \/>\npavel.kolar@lfmotol.cuni.cz<\/td><td class=\"column-2\">2. l\u00e9ka\u0159sk\u00e1 fakulta UK<br \/>\nKlinika rehabilitace a t\u011blov\u00fdchovn\u00e9ho l\u00e9ka\u0159stv\u00ed<\/td>\n<\/tr>\n<tr class=\"row-10\">\n\t<td class=\"column-1\"><strong>doc. Mgr. Ji\u0159\u00ed Langer, Ph.D.<\/strong><br \/>\njiri.langer@upol.cz<\/td><td class=\"column-2\">Univerzita Palack\u00e9ho v Olomouci<br \/>\nPedagogick\u00e1 fakulta<br \/>\n\u00dastav speci\u00e1ln\u011bpedagogick\u00fdch studi\u00ed<br \/>\n<\/td>\n<\/tr>\n<tr class=\"row-11\">\n\t<td class=\"column-1\"><strong>Mgr. Kl\u00e1ra Maratov\u00e1, Ph.D.<\/strong><br \/>\nklara.maratova@lfmotol.cuni.cz<\/td><td class=\"column-2\">2. l\u00e9ka\u0159sk\u00e1 fakulta UK<br \/>\nPediatrick\u00e1 klinika<\/td>\n<\/tr>\n<tr class=\"row-12\">\n\t<td class=\"column-1\"><strong>MUDr. Luk\u00e1\u0161 Martinkovi\u010d<\/strong><br \/>\nlukas.martinkovic@lfmotol.cuni.cz<\/td><td class=\"column-2\">2. l\u00e9ka\u0159sk\u00e1 fakulta UK<br \/>\nNeurologick\u00e1 klinika <\/td>\n<\/tr>\n<tr class=\"row-13\">\n\t<td class=\"column-1\"><strong>prof. PhDr. Iva Strnadov\u00e1, Ph.D.<\/strong><\/td><td class=\"column-2\">University of New South Wales Sydney - Austr\u00e1lie<\/td>\n<\/tr>\n<tr class=\"row-14\">\n\t<td class=\"column-1\"><strong>PaedDr. Ing. Jan Tirp\u00e1k<\/strong><br \/>\njantirpak@seznam.cz<\/td><td class=\"column-2\">Univerzita J. E. Purkyn\u011b v \u00dast\u00ed nad Labem<br \/>\nPedagogick\u00e1 fakulta<\/td>\n<\/tr>\n<tr class=\"row-15\">\n\t<td class=\"column-1\"><strong>prof. PhDr. Marie V\u00edtkov\u00e1, CSc.<\/strong><br \/>\nvitkova@ped.muni.cz<\/td><td class=\"column-2\">Masarykova univerzita<br \/>\nPedagogick\u00e1 fakulta<br \/>\n<\/td>\n<\/tr>\n<tr class=\"row-16\">\n\t<td class=\"column-1\"><strong>doc. PhDr. Tibor Vojtko, Ph.D.<\/strong><br \/>\ntibor.vojtko@ff.cuni.cz<\/td><td class=\"column-2\">Univerzita Karlova<br \/>\nFilozofick\u00e1 fakulta<br \/>\n<\/td>\n<\/tr>\n<\/tbody>\n<\/table>\n<!-- #tablepress-9 from cache -->\n\n<table id=\"tablepress-8\" class=\"tablepress tablepress-id-8\">\n<thead>\n<tr class=\"row-1\">\n\t<th class=\"column-1\">Intern\u00ed doktorandi<\/th><td class=\"column-2\"><\/td>\n<\/tr>\n<\/thead>\n<tbody class=\"row-striping row-hover\">\n<tr class=\"row-2\">\n\t<td class=\"column-1\">PhDr. Alois Dan\u011bk, Ph.D.<\/td><td class=\"column-2\"><\/td>\n<\/tr>\n<tr class=\"row-3\">\n\t<td class=\"column-1\">Mgr. Petra H\u00e1jkov\u00e1, DiS.<\/td><td class=\"column-2\"><\/td>\n<\/tr>\n<tr class=\"row-4\">\n\t<td class=\"column-1\">Mgr. Veronika Kocourov\u00e1, MBA<\/td><td class=\"column-2\"><\/td>\n<\/tr>\n<tr class=\"row-5\">\n\t<td class=\"column-1\">Mgr. Zuzana Korandov\u00e1<\/td><td class=\"column-2\"><\/td>\n<\/tr>\n<tr class=\"row-6\">\n\t<td class=\"column-1\">Mgr. Anna Kub\u00ed\u010dkov\u00e1<\/td><td class=\"column-2\"><\/td>\n<\/tr>\n<tr class=\"row-7\">\n\t<td class=\"column-1\">Mgr. Barbora Mare\u0161ov\u00e1<\/td><td class=\"column-2\"><\/td>\n<\/tr>\n<tr class=\"row-8\">\n\t<td class=\"column-1\">Mgr. Nat\u00e1lie Maurerov\u00e1<\/td><td class=\"column-2\"><\/td>\n<\/tr>\n<tr class=\"row-9\">\n\t<td class=\"column-1\">Mgr. Tereza Moravov\u00e1<\/td><td class=\"column-2\"><\/td>\n<\/tr>\n<tr class=\"row-10\">\n\t<td class=\"column-1\">Bc. \u0160t\u011bp\u00e1nka Nerglov\u00e1 <\/td><td class=\"column-2\"><\/td>\n<\/tr>\n<tr class=\"row-11\">\n\t<td class=\"column-1\">Mgr. Olina Posp\u00ed\u0161ilov\u00e1<\/td><td class=\"column-2\"><\/td>\n<\/tr>\n<tr class=\"row-12\">\n\t<td class=\"column-1\">Mgr. Karol\u00edna Rybkov\u00e1<\/td><td class=\"column-2\"><\/td>\n<\/tr>\n<tr class=\"row-13\">\n\t<td class=\"column-1\">Mgr. Wanda Tureckiov\u00e1 <\/td><td class=\"column-2\"><\/td>\n<\/tr>\n<tr class=\"row-14\">\n\t<td class=\"column-1\">Hana Zakou\u0159ilov\u00e1, MBA<\/td><td class=\"column-2\"><\/td>\n<\/tr>\n<\/tbody>\n<\/table>\n<!-- #tablepress-8 from cache -->\n\n<table id=\"tablepress-11\" class=\"tablepress tablepress-id-11\">\n<thead>\n<tr class=\"row-1\">\n\t<th class=\"column-1\">Extern\u00ed doktorandi<\/th><td class=\"column-2\"><\/td>\n<\/tr>\n<\/thead>\n<tbody class=\"row-striping row-hover\">\n<tr class=\"row-2\">\n\t<td class=\"column-1\">Mgr. V\u00e1clava Klimtov\u00e1<\/td><td class=\"column-2\"><\/td>\n<\/tr>\n<tr class=\"row-3\">\n\t<td class=\"column-1\">Monika Schieberov\u00e1<\/td><td class=\"column-2\"><\/td>\n<\/tr>\n<tr class=\"row-4\">\n\t<td class=\"column-1\">Ing. Oto Svoboda<\/td><td class=\"column-2\"><\/td>\n<\/tr>\n<tr class=\"row-5\">\n\t<td class=\"column-1\">MUDr. Helena \u0160trofov\u00e1<\/td><td class=\"column-2\"><\/td>\n<\/tr>\n<tr class=\"row-6\">\n\t<td class=\"column-1\">PhDr. PaedDr. Ing. Jan Tirp\u00e1k, Ph.D., MBA<\/td><td class=\"column-2\"><\/td>\n<\/tr>\n<\/tbody>\n<\/table>\n<!-- #tablepress-11 from cache -->\n<p>&nbsp;<\/p>\n<p class=\"hlavicka\">\n","protected":false},"excerpt":{"rendered":"<p>&nbsp;<\/p>\n","protected":false},"author":126,"featured_media":0,"parent":0,"menu_order":0,"comment_status":"closed","ping_status":"closed","template":"","meta":{"footnotes":""},"class_list":["post-62","page","type-page","status-publish","hentry"],"_links":{"self":[{"href":"https:\/\/pages.pedf.cuni.cz\/ksppg\/wp-json\/wp\/v2\/pages\/62","targetHints":{"allow":["GET"]}}],"collection":[{"href":"https:\/\/pages.pedf.cuni.cz\/ksppg\/wp-json\/wp\/v2\/pages"}],"about":[{"href":"https:\/\/pages.pedf.cuni.cz\/ksppg\/wp-json\/wp\/v2\/types\/page"}],"author":[{"embeddable":true,"href":"https:\/\/pages.pedf.cuni.cz\/ksppg\/wp-json\/wp\/v2\/users\/126"}],"replies":[{"embeddable":true,"href":"https:\/\/pages.pedf.cuni.cz\/ksppg\/wp-json\/wp\/v2\/comments?post=62"}],"version-history":[{"count":10,"href":"https:\/\/pages.pedf.cuni.cz\/ksppg\/wp-json\/wp\/v2\/pages\/62\/revisions"}],"predecessor-version":[{"id":3500,"href":"https:\/\/pages.pedf.cuni.cz\/ksppg\/wp-json\/wp\/v2\/pages\/62\/revisions\/3500"}],"wp:attachment":[{"href":"https:\/\/pages.pedf.cuni.cz\/ksppg\/wp-json\/wp\/v2\/media?parent=62"}],"curies":[{"name":"wp","href":"https:\/\/api.w.org\/{rel}","templated":true}]}}